{"id":64,"date":"2020-02-14T15:57:06","date_gmt":"2020-02-14T14:57:06","guid":{"rendered":"http:\/\/knjiznice.nsk.hr\/vela-luka\/?page_id=64"},"modified":"2026-02-23T10:36:08","modified_gmt":"2026-02-23T09:36:08","slug":"kontakr","status":"publish","type":"page","link":"https:\/\/knjiznice.nsk.hr\/vela-luka\/kontakr\/","title":{"rendered":"Kontakt"},"content":{"rendered":"<p>Narodna knji\u017enica \u201e\u0160ime Vu\u010deti\u0107\u201c<br \/>\nUlica 26 2<br \/>\n20270 Vela Luka<br \/>\nTelefon 020\/813-001<br \/>\nE-mail: <a href=\"mailto:nksimevucetic@velaluka.hr\">nksimevucetic@velaluka.hr<\/a><br \/>\nFacebook: <a href=\"https:\/\/www.facebook.com\/nk.sime.vucetic\/\" data-saferedirecturl=\"https:\/\/www.google.com\/url?q=https:\/\/www.facebook.com\/nk.sime.vucetic\/&amp;source=gmail&amp;ust=1582027782204000&amp;usg=AFQjCNHXRKMWWGjyvMOBOEFJoqCAj4S8SA\">https:\/\/www.facebook.com\/nk.sime.vucetic\/<\/a><\/p>\n<p>Ravnateljica: Anita Kosovi\u0107, mag. bibl.<\/p>\n<div role=\"form\" class=\"wpcf7\" id=\"wpcf7-f68-o1\" lang=\"hr\" dir=\"ltr\">\n<div class=\"screen-reader-response\"><p role=\"status\" aria-live=\"polite\" aria-atomic=\"true\"><\/p> <ul><\/ul><\/div>\n<form action=\"\/vela-luka\/wp-json\/wp\/v2\/pages\/64#wpcf7-f68-o1\" method=\"post\" class=\"wpcf7-form init\" novalidate=\"novalidate\" data-status=\"init\">\n<div style=\"display: none;\">\n<input type=\"hidden\" name=\"_wpcf7\" value=\"68\" \/>\n<input type=\"hidden\" name=\"_wpcf7_version\" value=\"5.4.1\" \/>\n<input type=\"hidden\" name=\"_wpcf7_locale\" value=\"hr\" \/>\n<input type=\"hidden\" name=\"_wpcf7_unit_tag\" value=\"wpcf7-f68-o1\" \/>\n<input type=\"hidden\" name=\"_wpcf7_container_post\" value=\"0\" \/>\n<input type=\"hidden\" name=\"_wpcf7_posted_data_hash\" value=\"\" \/>\n<\/div>\n<p><label> Va\u0161e ime (obavezno)<br \/>\n    <span class=\"wpcf7-form-control-wrap your-name\"><input type=\"text\" name=\"your-name\" value=\"\" size=\"40\" class=\"wpcf7-form-control wpcf7-text wpcf7-validates-as-required\" aria-required=\"true\" aria-invalid=\"false\" \/><\/span> <\/label><\/p>\n<p><label> Va\u0161a e-po\u0161ta (obavezno)<br \/>\n    <span class=\"wpcf7-form-control-wrap your-email\"><input type=\"email\" name=\"your-email\" value=\"\" size=\"40\" class=\"wpcf7-form-control wpcf7-text wpcf7-email wpcf7-validates-as-required wpcf7-validates-as-email\" aria-required=\"true\" aria-invalid=\"false\" \/><\/span> <\/label><\/p>\n<p><label> Predmet<br \/>\n    <span class=\"wpcf7-form-control-wrap your-subject\"><input type=\"text\" name=\"your-subject\" value=\"\" size=\"40\" class=\"wpcf7-form-control wpcf7-text\" aria-invalid=\"false\" \/><\/span> <\/label><\/p>\n<p><label> Va\u0161a poruka<br \/>\n    <span class=\"wpcf7-form-control-wrap your-message\"><textarea name=\"your-message\" cols=\"40\" rows=\"10\" class=\"wpcf7-form-control wpcf7-textarea\" aria-invalid=\"false\"><\/textarea><\/span> <\/label><\/p>\n<p><input type=\"submit\" value=\"Po\u0161alji\" class=\"wpcf7-form-control wpcf7-submit\" \/><\/p>\n<div class=\"wpcf7-response-output\" aria-hidden=\"true\"><\/div><\/form><\/div>\n","protected":false},"excerpt":{"rendered":"<p>Narodna knji\u017enica \u201e\u0160ime Vu\u010deti\u0107\u201c Ulica 26 2 20270 Vela Luka Telefon 020\/813-001 E-mail: nksimevucetic@velaluka.hr Facebook: https:\/\/www.facebook.com\/nk.sime.vucetic\/ Ravnateljica: Anita Kosovi\u0107, mag. bibl.<\/p>\n","protected":false},"author":108,"featured_media":0,"parent":0,"menu_order":0,"comment_status":"closed","ping_status":"closed","template":"","meta":{"ngg_post_thumbnail":0},"yoast_head":"<!-- This site is optimized with the Yoast SEO plugin v16.4 - https:\/\/yoast.com\/wordpress\/plugins\/seo\/ -->\n<meta name=\"robots\" content=\"index, follow, max-snippet:-1, max-image-preview:large, max-video-preview:-1\" \/>\n<link rel=\"canonical\" href=\"https:\/\/knjiznice.nsk.hr\/vela-luka\/kontakr\/\" \/>\n<meta property=\"og:locale\" content=\"hr_HR\" \/>\n<meta property=\"og:type\" content=\"article\" \/>\n<meta property=\"og:title\" content=\"Kontakt - Narodna knji\u017enica &quot;\u0160ime Vu\u010deti\u0107&quot;\" \/>\n<meta property=\"og:description\" content=\"Narodna knji\u017enica \u201e\u0160ime Vu\u010deti\u0107\u201c Ulica 26 2 20270 Vela Luka Telefon 020\/813-001 E-mail: nksimevucetic@velaluka.hr Facebook: https:\/\/www.facebook.com\/nk.sime.vucetic\/ Ravnateljica: Anita Kosovi\u0107, mag. bibl.\" \/>\n<meta property=\"og:url\" content=\"https:\/\/knjiznice.nsk.hr\/vela-luka\/kontakr\/\" \/>\n<meta property=\"og:site_name\" content=\"Narodna knji\u017enica &quot;\u0160ime Vu\u010deti\u0107&quot;\" \/>\n<meta property=\"article:modified_time\" content=\"2026-02-23T09:36:08+00:00\" \/>\n<meta name=\"twitter:card\" content=\"summary_large_image\" \/>\n<meta name=\"twitter:label1\" content=\"Procijenjeno vrijeme \u010ditanja\" \/>\n\t<meta name=\"twitter:data1\" content=\"1 minuta\" \/>\n<script type=\"application\/ld+json\" class=\"yoast-schema-graph\">{\"@context\":\"https:\/\/schema.org\",\"@graph\":[{\"@type\":\"WebSite\",\"@id\":\"https:\/\/knjiznice.nsk.hr\/vela-luka\/#website\",\"url\":\"https:\/\/knjiznice.nsk.hr\/vela-luka\/\",\"name\":\"Narodna knji\\u017enica \\\"\\u0160ime Vu\\u010deti\\u0107\\\"\",\"description\":\"\",\"potentialAction\":[{\"@type\":\"SearchAction\",\"target\":\"https:\/\/knjiznice.nsk.hr\/vela-luka\/?s={search_term_string}\",\"query-input\":\"required name=search_term_string\"}],\"inLanguage\":\"hr\"},{\"@type\":\"WebPage\",\"@id\":\"https:\/\/knjiznice.nsk.hr\/vela-luka\/kontakr\/#webpage\",\"url\":\"https:\/\/knjiznice.nsk.hr\/vela-luka\/kontakr\/\",\"name\":\"Kontakt - Narodna knji\\u017enica \\\"\\u0160ime Vu\\u010deti\\u0107\\\"\",\"isPartOf\":{\"@id\":\"https:\/\/knjiznice.nsk.hr\/vela-luka\/#website\"},\"datePublished\":\"2020-02-14T14:57:06+00:00\",\"dateModified\":\"2026-02-23T09:36:08+00:00\",\"breadcrumb\":{\"@id\":\"https:\/\/knjiznice.nsk.hr\/vela-luka\/kontakr\/#breadcrumb\"},\"inLanguage\":\"hr\",\"potentialAction\":[{\"@type\":\"ReadAction\",\"target\":[\"https:\/\/knjiznice.nsk.hr\/vela-luka\/kontakr\/\"]}]},{\"@type\":\"BreadcrumbList\",\"@id\":\"https:\/\/knjiznice.nsk.hr\/vela-luka\/kontakr\/#breadcrumb\",\"itemListElement\":[{\"@type\":\"ListItem\",\"position\":1,\"item\":{\"@type\":\"WebPage\",\"@id\":\"https:\/\/knjiznice.nsk.hr\/vela-luka\/\",\"url\":\"https:\/\/knjiznice.nsk.hr\/vela-luka\/\",\"name\":\"Po\\u010detna stranica\"}},{\"@type\":\"ListItem\",\"position\":2,\"item\":{\"@id\":\"https:\/\/knjiznice.nsk.hr\/vela-luka\/kontakr\/#webpage\"}}]}]}<\/script>\n<!-- \/ Yoast SEO plugin. -->","_links":{"self":[{"href":"https:\/\/knjiznice.nsk.hr\/vela-luka\/wp-json\/wp\/v2\/pages\/64"}],"collection":[{"href":"https:\/\/knjiznice.nsk.hr\/vela-luka\/wp-json\/wp\/v2\/pages"}],"about":[{"href":"https:\/\/knjiznice.nsk.hr\/vela-luka\/wp-json\/wp\/v2\/types\/page"}],"author":[{"embeddable":true,"href":"https:\/\/knjiznice.nsk.hr\/vela-luka\/wp-json\/wp\/v2\/users\/108"}],"replies":[{"embeddable":true,"href":"https:\/\/knjiznice.nsk.hr\/vela-luka\/wp-json\/wp\/v2\/comments?post=64"}],"version-history":[{"count":10,"href":"https:\/\/knjiznice.nsk.hr\/vela-luka\/wp-json\/wp\/v2\/pages\/64\/revisions"}],"predecessor-version":[{"id":443,"href":"https:\/\/knjiznice.nsk.hr\/vela-luka\/wp-json\/wp\/v2\/pages\/64\/revisions\/443"}],"wp:attachment":[{"href":"https:\/\/knjiznice.nsk.hr\/vela-luka\/wp-json\/wp\/v2\/media?parent=64"}],"curies":[{"name":"wp","href":"https:\/\/api.w.org\/{rel}","templated":true}]}}