{"id":31,"date":"2020-02-14T15:30:50","date_gmt":"2020-02-14T14:30:50","guid":{"rendered":"http:\/\/knjiznice.nsk.hr\/vela-luka\/?page_id=31"},"modified":"2020-02-14T15:45:32","modified_gmt":"2020-02-14T14:45:32","slug":"galerija","status":"publish","type":"page","link":"https:\/\/knjiznice.nsk.hr\/vela-luka\/galerija\/","title":{"rendered":"Galerija"},"content":{"rendered":"<!-- default-view.php -->\n<div\n\tclass=\"ngg-galleryoverview default-view \"\n\tid=\"ngg-gallery-33245cef03aac5b02637e09687ac0232-1\">\n\n\t\t<!-- Thumbnails -->\n\t\t\t\t<div id=\"ngg-image-0\" class=\"ngg-gallery-thumbnail-box \" >\n\t\t\t\t        <div class=\"ngg-gallery-thumbnail\">\n            <a href=\"https:\/\/knjiznice.nsk.hr\/vela-luka\/wp-content\/uploads\/sites\/114\/nggallery\/knjiznica\/P1030832-min.JPG\"\n               title=\"\"\n               data-src=\"https:\/\/knjiznice.nsk.hr\/vela-luka\/wp-content\/uploads\/sites\/114\/nggallery\/knjiznica\/P1030832-min.JPG\"\n               data-thumbnail=\"https:\/\/knjiznice.nsk.hr\/vela-luka\/wp-content\/uploads\/sites\/114\/nggallery\/knjiznica\/thumbs\/thumbs_P1030832-min.JPG\"\n               data-image-id=\"1\"\n               data-title=\"Knji\u017enica\"\n               data-description=\"\"\n               data-image-slug=\"p1030832-min\"\n               class=\"ngg-simplelightbox\" rel=\"33245cef03aac5b02637e09687ac0232\">\n                <img\n                    title=\"Knji\u017enica\"\n                    alt=\"Knji\u017enica\"\n                    src=\"https:\/\/knjiznice.nsk.hr\/vela-luka\/wp-content\/uploads\/sites\/114\/nggallery\/knjiznica\/thumbs\/thumbs_P1030832-min.JPG\"\n                    width=\"240\"\n                    height=\"160\"\n                    style=\"max-width:100%;\"\n                \/>\n            <\/a>\n        <\/div>\n\t\t\t\t\t\t\t<\/div> \n\t\t\t\n\t\t\t\t<div id=\"ngg-image-1\" class=\"ngg-gallery-thumbnail-box \" >\n\t\t\t\t        <div class=\"ngg-gallery-thumbnail\">\n            <a href=\"https:\/\/knjiznice.nsk.hr\/vela-luka\/wp-content\/uploads\/sites\/114\/nggallery\/knjiznica\/P1030841-min.JPG\"\n               title=\"\"\n               data-src=\"https:\/\/knjiznice.nsk.hr\/vela-luka\/wp-content\/uploads\/sites\/114\/nggallery\/knjiznica\/P1030841-min.JPG\"\n               data-thumbnail=\"https:\/\/knjiznice.nsk.hr\/vela-luka\/wp-content\/uploads\/sites\/114\/nggallery\/knjiznica\/thumbs\/thumbs_P1030841-min.JPG\"\n               data-image-id=\"2\"\n               data-title=\"Kutak za djecu\"\n               data-description=\"\"\n               data-image-slug=\"p1030841-min\"\n               class=\"ngg-simplelightbox\" rel=\"33245cef03aac5b02637e09687ac0232\">\n                <img\n                    title=\"Kutak za djecu\"\n                    alt=\"Kutak za djecu\"\n                    src=\"https:\/\/knjiznice.nsk.hr\/vela-luka\/wp-content\/uploads\/sites\/114\/nggallery\/knjiznica\/thumbs\/thumbs_P1030841-min.JPG\"\n                    width=\"240\"\n                    height=\"160\"\n                    style=\"max-width:100%;\"\n                \/>\n            <\/a>\n        <\/div>\n\t\t\t\t\t\t\t<\/div> \n\t\t\t\n\t\t\t\t<div id=\"ngg-image-2\" class=\"ngg-gallery-thumbnail-box \" >\n\t\t\t\t        <div class=\"ngg-gallery-thumbnail\">\n            <a href=\"https:\/\/knjiznice.nsk.hr\/vela-luka\/wp-content\/uploads\/sites\/114\/nggallery\/knjiznica\/P1030845-min.JPG\"\n               title=\"\"\n               data-src=\"https:\/\/knjiznice.nsk.hr\/vela-luka\/wp-content\/uploads\/sites\/114\/nggallery\/knjiznica\/P1030845-min.JPG\"\n               data-thumbnail=\"https:\/\/knjiznice.nsk.hr\/vela-luka\/wp-content\/uploads\/sites\/114\/nggallery\/knjiznica\/thumbs\/thumbs_P1030845-min.JPG\"\n               data-image-id=\"3\"\n               data-title=\"Knjige za djecu\"\n               data-description=\"\"\n               data-image-slug=\"p1030845-min\"\n               class=\"ngg-simplelightbox\" rel=\"33245cef03aac5b02637e09687ac0232\">\n                <img\n                    title=\"Knjige za djecu\"\n                    alt=\"Knjige za djecu\"\n                    src=\"https:\/\/knjiznice.nsk.hr\/vela-luka\/wp-content\/uploads\/sites\/114\/nggallery\/knjiznica\/thumbs\/thumbs_P1030845-min.JPG\"\n                    width=\"240\"\n                    height=\"160\"\n                    style=\"max-width:100%;\"\n                \/>\n            <\/a>\n        <\/div>\n\t\t\t\t\t\t\t<\/div> \n\t\t\t\n\t\t\t\t<div id=\"ngg-image-3\" class=\"ngg-gallery-thumbnail-box \" >\n\t\t\t\t        <div class=\"ngg-gallery-thumbnail\">\n            <a href=\"https:\/\/knjiznice.nsk.hr\/vela-luka\/wp-content\/uploads\/sites\/114\/nggallery\/knjiznica\/P1030846-min.JPG\"\n               title=\"\"\n               data-src=\"https:\/\/knjiznice.nsk.hr\/vela-luka\/wp-content\/uploads\/sites\/114\/nggallery\/knjiznica\/P1030846-min.JPG\"\n               data-thumbnail=\"https:\/\/knjiznice.nsk.hr\/vela-luka\/wp-content\/uploads\/sites\/114\/nggallery\/knjiznica\/thumbs\/thumbs_P1030846-min.JPG\"\n               data-image-id=\"4\"\n               data-title=\"Radionice\"\n               data-description=\"\"\n               data-image-slug=\"p1030846-min\"\n               class=\"ngg-simplelightbox\" rel=\"33245cef03aac5b02637e09687ac0232\">\n                <img\n                    title=\"Radionice\"\n                    alt=\"Radionice\"\n                    src=\"https:\/\/knjiznice.nsk.hr\/vela-luka\/wp-content\/uploads\/sites\/114\/nggallery\/knjiznica\/thumbs\/thumbs_P1030846-min.JPG\"\n                    width=\"240\"\n                    height=\"160\"\n                    style=\"max-width:100%;\"\n                \/>\n            <\/a>\n        <\/div>\n\t\t\t\t\t\t\t<\/div> \n\t\t\t\n\t\t\t\t<div id=\"ngg-image-4\" class=\"ngg-gallery-thumbnail-box \" >\n\t\t\t\t        <div class=\"ngg-gallery-thumbnail\">\n            <a href=\"https:\/\/knjiznice.nsk.hr\/vela-luka\/wp-content\/uploads\/sites\/114\/nggallery\/knjiznica\/P1030860-min.JPG\"\n               title=\"\"\n               data-src=\"https:\/\/knjiznice.nsk.hr\/vela-luka\/wp-content\/uploads\/sites\/114\/nggallery\/knjiznica\/P1030860-min.JPG\"\n               data-thumbnail=\"https:\/\/knjiznice.nsk.hr\/vela-luka\/wp-content\/uploads\/sites\/114\/nggallery\/knjiznica\/thumbs\/thumbs_P1030860-min.JPG\"\n               data-image-id=\"5\"\n               data-title=\"Knji\u017enica\"\n               data-description=\"\"\n               data-image-slug=\"p1030860-min\"\n               class=\"ngg-simplelightbox\" rel=\"33245cef03aac5b02637e09687ac0232\">\n                <img\n                    title=\"Knji\u017enica\"\n                    alt=\"Knji\u017enica\"\n                    src=\"https:\/\/knjiznice.nsk.hr\/vela-luka\/wp-content\/uploads\/sites\/114\/nggallery\/knjiznica\/thumbs\/thumbs_P1030860-min.JPG\"\n                    width=\"240\"\n                    height=\"160\"\n                    style=\"max-width:100%;\"\n                \/>\n            <\/a>\n        <\/div>\n\t\t\t\t\t\t\t<\/div> \n\t\t\t\n\t\t\t\t<div id=\"ngg-image-5\" class=\"ngg-gallery-thumbnail-box \" >\n\t\t\t\t        <div class=\"ngg-gallery-thumbnail\">\n            <a href=\"https:\/\/knjiznice.nsk.hr\/vela-luka\/wp-content\/uploads\/sites\/114\/nggallery\/knjiznica\/P1030862-min.JPG\"\n               title=\"\"\n               data-src=\"https:\/\/knjiznice.nsk.hr\/vela-luka\/wp-content\/uploads\/sites\/114\/nggallery\/knjiznica\/P1030862-min.JPG\"\n               data-thumbnail=\"https:\/\/knjiznice.nsk.hr\/vela-luka\/wp-content\/uploads\/sites\/114\/nggallery\/knjiznica\/thumbs\/thumbs_P1030862-min.JPG\"\n               data-image-id=\"6\"\n               data-title=\"Knji\u017enica\"\n               data-description=\"\"\n               data-image-slug=\"p1030862-min\"\n               class=\"ngg-simplelightbox\" rel=\"33245cef03aac5b02637e09687ac0232\">\n                <img\n                    title=\"Knji\u017enica\"\n                    alt=\"Knji\u017enica\"\n                    src=\"https:\/\/knjiznice.nsk.hr\/vela-luka\/wp-content\/uploads\/sites\/114\/nggallery\/knjiznica\/thumbs\/thumbs_P1030862-min.JPG\"\n                    width=\"240\"\n                    height=\"160\"\n                    style=\"max-width:100%;\"\n                \/>\n            <\/a>\n        <\/div>\n\t\t\t\t\t\t\t<\/div> \n\t\t\t\n\t\t\t\t<div id=\"ngg-image-6\" class=\"ngg-gallery-thumbnail-box \" >\n\t\t\t\t        <div class=\"ngg-gallery-thumbnail\">\n            <a href=\"https:\/\/knjiznice.nsk.hr\/vela-luka\/wp-content\/uploads\/sites\/114\/nggallery\/knjiznica\/P1030871-min.JPG\"\n               title=\"\"\n               data-src=\"https:\/\/knjiznice.nsk.hr\/vela-luka\/wp-content\/uploads\/sites\/114\/nggallery\/knjiznica\/P1030871-min.JPG\"\n               data-thumbnail=\"https:\/\/knjiznice.nsk.hr\/vela-luka\/wp-content\/uploads\/sites\/114\/nggallery\/knjiznica\/thumbs\/thumbs_P1030871-min.JPG\"\n               data-image-id=\"7\"\n               data-title=\"Knji\u017enica\"\n               data-description=\"\"\n               data-image-slug=\"p1030871-min\"\n               class=\"ngg-simplelightbox\" rel=\"33245cef03aac5b02637e09687ac0232\">\n                <img\n                    title=\"Knji\u017enica\"\n                    alt=\"Knji\u017enica\"\n                    src=\"https:\/\/knjiznice.nsk.hr\/vela-luka\/wp-content\/uploads\/sites\/114\/nggallery\/knjiznica\/thumbs\/thumbs_P1030871-min.JPG\"\n                    width=\"240\"\n                    height=\"160\"\n                    style=\"max-width:100%;\"\n                \/>\n            <\/a>\n        <\/div>\n\t\t\t\t\t\t\t<\/div> \n\t\t\t\n\t\t\t\t<div id=\"ngg-image-7\" class=\"ngg-gallery-thumbnail-box \" >\n\t\t\t\t        <div class=\"ngg-gallery-thumbnail\">\n            <a href=\"https:\/\/knjiznice.nsk.hr\/vela-luka\/wp-content\/uploads\/sites\/114\/nggallery\/knjiznica\/PC072069-min.JPG\"\n               title=\"\"\n               data-src=\"https:\/\/knjiznice.nsk.hr\/vela-luka\/wp-content\/uploads\/sites\/114\/nggallery\/knjiznica\/PC072069-min.JPG\"\n               data-thumbnail=\"https:\/\/knjiznice.nsk.hr\/vela-luka\/wp-content\/uploads\/sites\/114\/nggallery\/knjiznica\/thumbs\/thumbs_PC072069-min.JPG\"\n               data-image-id=\"8\"\n               data-title=\"Knji\u017enica\"\n               data-description=\"\"\n               data-image-slug=\"pc072069-min\"\n               class=\"ngg-simplelightbox\" rel=\"33245cef03aac5b02637e09687ac0232\">\n                <img\n                    title=\"Knji\u017enica\"\n                    alt=\"Knji\u017enica\"\n                    src=\"https:\/\/knjiznice.nsk.hr\/vela-luka\/wp-content\/uploads\/sites\/114\/nggallery\/knjiznica\/thumbs\/thumbs_PC072069-min.JPG\"\n                    width=\"240\"\n                    height=\"160\"\n                    style=\"max-width:100%;\"\n                \/>\n            <\/a>\n        <\/div>\n\t\t\t\t\t\t\t<\/div> \n\t\t\t\n\t\n\t<br style=\"clear: both\" \/>\n\n\t\n\t\t<!-- Pagination -->\n\t<div class='ngg-clear'><\/div>\t<\/div>\n\n","protected":false},"excerpt":{"rendered":"","protected":false},"author":108,"featured_media":0,"parent":0,"menu_order":0,"comment_status":"closed","ping_status":"closed","template":"","meta":{"ngg_post_thumbnail":0},"yoast_head":"<!-- This site is optimized with the Yoast SEO plugin v16.4 - https:\/\/yoast.com\/wordpress\/plugins\/seo\/ -->\n<meta name=\"robots\" content=\"index, follow, max-snippet:-1, max-image-preview:large, max-video-preview:-1\" \/>\n<link rel=\"canonical\" href=\"http:\/\/knjiznice.nsk.hr\/vela-luka\/galerija\/\" \/>\n<meta property=\"og:locale\" content=\"hr_HR\" \/>\n<meta property=\"og:type\" content=\"article\" \/>\n<meta property=\"og:title\" content=\"Galerija - Narodna knji\u017enica &quot;\u0160ime Vu\u010deti\u0107&quot;\" \/>\n<meta property=\"og:url\" content=\"http:\/\/knjiznice.nsk.hr\/vela-luka\/galerija\/\" \/>\n<meta property=\"og:site_name\" content=\"Narodna knji\u017enica &quot;\u0160ime Vu\u010deti\u0107&quot;\" \/>\n<meta property=\"article:modified_time\" content=\"2020-02-14T14:45:32+00:00\" \/>\n<meta name=\"twitter:card\" content=\"summary_large_image\" \/>\n<script type=\"application\/ld+json\" class=\"yoast-schema-graph\">{\"@context\":\"https:\/\/schema.org\",\"@graph\":[{\"@type\":\"WebSite\",\"@id\":\"https:\/\/knjiznice.nsk.hr\/vela-luka\/#website\",\"url\":\"https:\/\/knjiznice.nsk.hr\/vela-luka\/\",\"name\":\"Narodna knji\\u017enica \\\"\\u0160ime Vu\\u010deti\\u0107\\\"\",\"description\":\"\",\"potentialAction\":[{\"@type\":\"SearchAction\",\"target\":\"https:\/\/knjiznice.nsk.hr\/vela-luka\/?s={search_term_string}\",\"query-input\":\"required name=search_term_string\"}],\"inLanguage\":\"hr\"},{\"@type\":\"WebPage\",\"@id\":\"http:\/\/knjiznice.nsk.hr\/vela-luka\/galerija\/#webpage\",\"url\":\"http:\/\/knjiznice.nsk.hr\/vela-luka\/galerija\/\",\"name\":\"Galerija - Narodna knji\\u017enica \\\"\\u0160ime Vu\\u010deti\\u0107\\\"\",\"isPartOf\":{\"@id\":\"https:\/\/knjiznice.nsk.hr\/vela-luka\/#website\"},\"datePublished\":\"2020-02-14T14:30:50+00:00\",\"dateModified\":\"2020-02-14T14:45:32+00:00\",\"breadcrumb\":{\"@id\":\"http:\/\/knjiznice.nsk.hr\/vela-luka\/galerija\/#breadcrumb\"},\"inLanguage\":\"hr\",\"potentialAction\":[{\"@type\":\"ReadAction\",\"target\":[\"http:\/\/knjiznice.nsk.hr\/vela-luka\/galerija\/\"]}]},{\"@type\":\"BreadcrumbList\",\"@id\":\"http:\/\/knjiznice.nsk.hr\/vela-luka\/galerija\/#breadcrumb\",\"itemListElement\":[{\"@type\":\"ListItem\",\"position\":1,\"item\":{\"@type\":\"WebPage\",\"@id\":\"https:\/\/knjiznice.nsk.hr\/vela-luka\/\",\"url\":\"https:\/\/knjiznice.nsk.hr\/vela-luka\/\",\"name\":\"Po\\u010detna stranica\"}},{\"@type\":\"ListItem\",\"position\":2,\"item\":{\"@id\":\"http:\/\/knjiznice.nsk.hr\/vela-luka\/galerija\/#webpage\"}}]}]}<\/script>\n<!-- \/ Yoast SEO plugin. -->","_links":{"self":[{"href":"https:\/\/knjiznice.nsk.hr\/vela-luka\/wp-json\/wp\/v2\/pages\/31"}],"collection":[{"href":"https:\/\/knjiznice.nsk.hr\/vela-luka\/wp-json\/wp\/v2\/pages"}],"about":[{"href":"https:\/\/knjiznice.nsk.hr\/vela-luka\/wp-json\/wp\/v2\/types\/page"}],"author":[{"embeddable":true,"href":"https:\/\/knjiznice.nsk.hr\/vela-luka\/wp-json\/wp\/v2\/users\/108"}],"replies":[{"embeddable":true,"href":"https:\/\/knjiznice.nsk.hr\/vela-luka\/wp-json\/wp\/v2\/comments?post=31"}],"version-history":[{"count":2,"href":"https:\/\/knjiznice.nsk.hr\/vela-luka\/wp-json\/wp\/v2\/pages\/31\/revisions"}],"predecessor-version":[{"id":55,"href":"https:\/\/knjiznice.nsk.hr\/vela-luka\/wp-json\/wp\/v2\/pages\/31\/revisions\/55"}],"wp:attachment":[{"href":"https:\/\/knjiznice.nsk.hr\/vela-luka\/wp-json\/wp\/v2\/media?parent=31"}],"curies":[{"name":"wp","href":"https:\/\/api.w.org\/{rel}","templated":true}]}}