{"id":29,"date":"2020-02-14T15:30:38","date_gmt":"2020-02-14T14:30:38","guid":{"rendered":"http:\/\/knjiznice.nsk.hr\/vela-luka\/?page_id=29"},"modified":"2020-02-14T15:55:43","modified_gmt":"2020-02-14T14:55:43","slug":"katalog","status":"publish","type":"page","link":"https:\/\/knjiznice.nsk.hr\/vela-luka\/katalog\/","title":{"rendered":"Katalog"},"content":{"rendered":"<p>Katalog knji\u017enice dostupan je na: <a href=\"https:\/\/library.foi.hr\/lib\/index.php?B=27\">Katalog Narodne knji\u017enice &#8220;\u0160ime Vu\u010deti\u0107&#8221;<\/a><\/p>\n","protected":false},"excerpt":{"rendered":"<p>Katalog knji\u017enice dostupan je na: Katalog Narodne knji\u017enice &#8220;\u0160ime Vu\u010deti\u0107&#8221;<\/p>\n","protected":false},"author":108,"featured_media":0,"parent":0,"menu_order":0,"comment_status":"closed","ping_status":"closed","template":"","meta":{"ngg_post_thumbnail":0},"yoast_head":"<!-- This site is optimized with the Yoast SEO plugin v16.4 - https:\/\/yoast.com\/wordpress\/plugins\/seo\/ -->\n<meta name=\"robots\" content=\"index, follow, max-snippet:-1, max-image-preview:large, max-video-preview:-1\" \/>\n<link rel=\"canonical\" href=\"http:\/\/knjiznice.nsk.hr\/vela-luka\/katalog\/\" \/>\n<meta property=\"og:locale\" content=\"hr_HR\" \/>\n<meta property=\"og:type\" content=\"article\" \/>\n<meta property=\"og:title\" content=\"Katalog - Narodna knji\u017enica &quot;\u0160ime Vu\u010deti\u0107&quot;\" \/>\n<meta property=\"og:description\" content=\"Katalog knji\u017enice dostupan je na: Katalog Narodne knji\u017enice &#8220;\u0160ime Vu\u010deti\u0107&#8221;\" \/>\n<meta property=\"og:url\" content=\"http:\/\/knjiznice.nsk.hr\/vela-luka\/katalog\/\" \/>\n<meta property=\"og:site_name\" content=\"Narodna knji\u017enica &quot;\u0160ime Vu\u010deti\u0107&quot;\" \/>\n<meta property=\"article:modified_time\" content=\"2020-02-14T14:55:43+00:00\" \/>\n<meta name=\"twitter:card\" content=\"summary_large_image\" \/>\n<script type=\"application\/ld+json\" class=\"yoast-schema-graph\">{\"@context\":\"https:\/\/schema.org\",\"@graph\":[{\"@type\":\"WebSite\",\"@id\":\"https:\/\/knjiznice.nsk.hr\/vela-luka\/#website\",\"url\":\"https:\/\/knjiznice.nsk.hr\/vela-luka\/\",\"name\":\"Narodna knji\\u017enica \\\"\\u0160ime Vu\\u010deti\\u0107\\\"\",\"description\":\"\",\"potentialAction\":[{\"@type\":\"SearchAction\",\"target\":\"https:\/\/knjiznice.nsk.hr\/vela-luka\/?s={search_term_string}\",\"query-input\":\"required name=search_term_string\"}],\"inLanguage\":\"hr\"},{\"@type\":\"WebPage\",\"@id\":\"http:\/\/knjiznice.nsk.hr\/vela-luka\/katalog\/#webpage\",\"url\":\"http:\/\/knjiznice.nsk.hr\/vela-luka\/katalog\/\",\"name\":\"Katalog - Narodna knji\\u017enica \\\"\\u0160ime Vu\\u010deti\\u0107\\\"\",\"isPartOf\":{\"@id\":\"https:\/\/knjiznice.nsk.hr\/vela-luka\/#website\"},\"datePublished\":\"2020-02-14T14:30:38+00:00\",\"dateModified\":\"2020-02-14T14:55:43+00:00\",\"breadcrumb\":{\"@id\":\"http:\/\/knjiznice.nsk.hr\/vela-luka\/katalog\/#breadcrumb\"},\"inLanguage\":\"hr\",\"potentialAction\":[{\"@type\":\"ReadAction\",\"target\":[\"http:\/\/knjiznice.nsk.hr\/vela-luka\/katalog\/\"]}]},{\"@type\":\"BreadcrumbList\",\"@id\":\"http:\/\/knjiznice.nsk.hr\/vela-luka\/katalog\/#breadcrumb\",\"itemListElement\":[{\"@type\":\"ListItem\",\"position\":1,\"item\":{\"@type\":\"WebPage\",\"@id\":\"https:\/\/knjiznice.nsk.hr\/vela-luka\/\",\"url\":\"https:\/\/knjiznice.nsk.hr\/vela-luka\/\",\"name\":\"Po\\u010detna stranica\"}},{\"@type\":\"ListItem\",\"position\":2,\"item\":{\"@id\":\"http:\/\/knjiznice.nsk.hr\/vela-luka\/katalog\/#webpage\"}}]}]}<\/script>\n<!-- \/ Yoast SEO plugin. -->","_links":{"self":[{"href":"https:\/\/knjiznice.nsk.hr\/vela-luka\/wp-json\/wp\/v2\/pages\/29"}],"collection":[{"href":"https:\/\/knjiznice.nsk.hr\/vela-luka\/wp-json\/wp\/v2\/pages"}],"about":[{"href":"https:\/\/knjiznice.nsk.hr\/vela-luka\/wp-json\/wp\/v2\/types\/page"}],"author":[{"embeddable":true,"href":"https:\/\/knjiznice.nsk.hr\/vela-luka\/wp-json\/wp\/v2\/users\/108"}],"replies":[{"embeddable":true,"href":"https:\/\/knjiznice.nsk.hr\/vela-luka\/wp-json\/wp\/v2\/comments?post=29"}],"version-history":[{"count":4,"href":"https:\/\/knjiznice.nsk.hr\/vela-luka\/wp-json\/wp\/v2\/pages\/29\/revisions"}],"predecessor-version":[{"id":63,"href":"https:\/\/knjiznice.nsk.hr\/vela-luka\/wp-json\/wp\/v2\/pages\/29\/revisions\/63"}],"wp:attachment":[{"href":"https:\/\/knjiznice.nsk.hr\/vela-luka\/wp-json\/wp\/v2\/media?parent=29"}],"curies":[{"name":"wp","href":"https:\/\/api.w.org\/{rel}","templated":true}]}}