{"id":25,"date":"2020-02-14T15:30:15","date_gmt":"2020-02-14T14:30:15","guid":{"rendered":"http:\/\/knjiznice.nsk.hr\/vela-luka\/?page_id=25"},"modified":"2026-01-05T08:49:32","modified_gmt":"2026-01-05T07:49:32","slug":"radno-vrijeme","status":"publish","type":"page","link":"https:\/\/knjiznice.nsk.hr\/vela-luka\/radno-vrijeme\/","title":{"rendered":"Radno vrijeme"},"content":{"rendered":"<p>RADNO VRIJEME KNJI\u017dNICE S KORISNICIMA<\/p>\n<p>&nbsp;<\/p>\n<p>PONEDJELJAK&nbsp;&nbsp;&nbsp;&nbsp;&nbsp; 8:00 &#8211; 16:00 h<\/p>\n<p>SRIJEDA &nbsp;&nbsp;&nbsp;&nbsp;&nbsp;&nbsp;&nbsp;&nbsp;&nbsp;&nbsp;&nbsp;&nbsp;&nbsp;&nbsp; 8:00 &#8211; 16:00 h<\/p>\n<p>PETAK &nbsp;&nbsp;&nbsp;&nbsp;&nbsp;&nbsp;&nbsp;&nbsp;&nbsp;&nbsp;&nbsp;&nbsp;&nbsp;&nbsp;&nbsp;&nbsp;&nbsp;&nbsp; 8:00 &#8211; 16:00 h<\/p>\n<p>&nbsp;&nbsp;&nbsp;&nbsp;&nbsp;&nbsp;&nbsp;&nbsp; PAUZA&nbsp; 10:30 &#8211; 11:00 h&nbsp;&nbsp;&nbsp;<\/p>\n<p>&nbsp;<\/p>\n<p>UTORAK&nbsp; &nbsp; &nbsp; &nbsp; &nbsp; &nbsp; &nbsp; &nbsp; 8:00 &#8211; 20:00 h<\/p>\n<p>\u010cETVRTAK&nbsp; &nbsp; &nbsp; &nbsp; &nbsp; &nbsp; 8:00 &#8211; 20:00 h<\/p>\n<p>&nbsp;&nbsp;&nbsp;&nbsp;&nbsp;&nbsp;&nbsp;&nbsp;&nbsp; PAUZA&nbsp; 16:00 &#8211; 16:30 h&nbsp;&nbsp;&nbsp;&nbsp;&nbsp;&nbsp;&nbsp;&nbsp;&nbsp;<\/p>\n","protected":false},"excerpt":{"rendered":"<p>RADNO VRIJEME KNJI\u017dNICE S KORISNICIMA &nbsp; PONEDJELJAK&nbsp;&nbsp;&nbsp;&nbsp;&nbsp; 8:00 &#8211; 16:00 h SRIJEDA &nbsp;&nbsp;&nbsp;&nbsp;&nbsp;&nbsp;&nbsp;&nbsp;&nbsp;&nbsp;&nbsp;&nbsp;&nbsp;&nbsp; 8:00 &#8211; 16:00 h PETAK &nbsp;&nbsp;&nbsp;&nbsp;&nbsp;&nbsp;&nbsp;&nbsp;&nbsp;&nbsp;&nbsp;&nbsp;&nbsp;&nbsp;&nbsp;&nbsp;&nbsp;&nbsp; 8:00 &#8211; 16:00 h &nbsp;&nbsp;&nbsp;&nbsp;&nbsp;&nbsp;&nbsp;&nbsp; PAUZA&nbsp; 10:30 &#8211; 11:00 h&nbsp;&nbsp;&nbsp; &nbsp; [&hellip;]<\/p>\n","protected":false},"author":108,"featured_media":0,"parent":0,"menu_order":0,"comment_status":"closed","ping_status":"closed","template":"","meta":{"ngg_post_thumbnail":0},"yoast_head":"<!-- This site is optimized with the Yoast SEO plugin v16.4 - https:\/\/yoast.com\/wordpress\/plugins\/seo\/ -->\n<meta name=\"robots\" content=\"index, follow, max-snippet:-1, max-image-preview:large, max-video-preview:-1\" \/>\n<link rel=\"canonical\" href=\"https:\/\/knjiznice.nsk.hr\/vela-luka\/radno-vrijeme\/\" \/>\n<meta property=\"og:locale\" content=\"hr_HR\" \/>\n<meta property=\"og:type\" content=\"article\" \/>\n<meta property=\"og:title\" content=\"Radno vrijeme - Narodna knji\u017enica &quot;\u0160ime Vu\u010deti\u0107&quot;\" \/>\n<meta property=\"og:description\" content=\"RADNO VRIJEME KNJI\u017dNICE S KORISNICIMA &nbsp; PONEDJELJAK&nbsp;&nbsp;&nbsp;&nbsp;&nbsp; 8:00 &#8211; 16:00 h SRIJEDA &nbsp;&nbsp;&nbsp;&nbsp;&nbsp;&nbsp;&nbsp;&nbsp;&nbsp;&nbsp;&nbsp;&nbsp;&nbsp;&nbsp; 8:00 &#8211; 16:00 h PETAK &nbsp;&nbsp;&nbsp;&nbsp;&nbsp;&nbsp;&nbsp;&nbsp;&nbsp;&nbsp;&nbsp;&nbsp;&nbsp;&nbsp;&nbsp;&nbsp;&nbsp;&nbsp; 8:00 &#8211; 16:00 h &nbsp;&nbsp;&nbsp;&nbsp;&nbsp;&nbsp;&nbsp;&nbsp; PAUZA&nbsp; 10:30 &#8211; 11:00 h&nbsp;&nbsp;&nbsp; &nbsp; [&hellip;]\" \/>\n<meta property=\"og:url\" content=\"https:\/\/knjiznice.nsk.hr\/vela-luka\/radno-vrijeme\/\" \/>\n<meta property=\"og:site_name\" content=\"Narodna knji\u017enica &quot;\u0160ime Vu\u010deti\u0107&quot;\" \/>\n<meta property=\"article:modified_time\" content=\"2026-01-05T07:49:32+00:00\" \/>\n<meta name=\"twitter:card\" content=\"summary_large_image\" \/>\n<meta name=\"twitter:label1\" content=\"Procijenjeno vrijeme \u010ditanja\" \/>\n\t<meta name=\"twitter:data1\" content=\"1 minuta\" \/>\n<script type=\"application\/ld+json\" class=\"yoast-schema-graph\">{\"@context\":\"https:\/\/schema.org\",\"@graph\":[{\"@type\":\"WebSite\",\"@id\":\"https:\/\/knjiznice.nsk.hr\/vela-luka\/#website\",\"url\":\"https:\/\/knjiznice.nsk.hr\/vela-luka\/\",\"name\":\"Narodna knji\\u017enica \\\"\\u0160ime Vu\\u010deti\\u0107\\\"\",\"description\":\"\",\"potentialAction\":[{\"@type\":\"SearchAction\",\"target\":\"https:\/\/knjiznice.nsk.hr\/vela-luka\/?s={search_term_string}\",\"query-input\":\"required name=search_term_string\"}],\"inLanguage\":\"hr\"},{\"@type\":\"WebPage\",\"@id\":\"https:\/\/knjiznice.nsk.hr\/vela-luka\/radno-vrijeme\/#webpage\",\"url\":\"https:\/\/knjiznice.nsk.hr\/vela-luka\/radno-vrijeme\/\",\"name\":\"Radno vrijeme - Narodna knji\\u017enica \\\"\\u0160ime Vu\\u010deti\\u0107\\\"\",\"isPartOf\":{\"@id\":\"https:\/\/knjiznice.nsk.hr\/vela-luka\/#website\"},\"datePublished\":\"2020-02-14T14:30:15+00:00\",\"dateModified\":\"2026-01-05T07:49:32+00:00\",\"breadcrumb\":{\"@id\":\"https:\/\/knjiznice.nsk.hr\/vela-luka\/radno-vrijeme\/#breadcrumb\"},\"inLanguage\":\"hr\",\"potentialAction\":[{\"@type\":\"ReadAction\",\"target\":[\"https:\/\/knjiznice.nsk.hr\/vela-luka\/radno-vrijeme\/\"]}]},{\"@type\":\"BreadcrumbList\",\"@id\":\"https:\/\/knjiznice.nsk.hr\/vela-luka\/radno-vrijeme\/#breadcrumb\",\"itemListElement\":[{\"@type\":\"ListItem\",\"position\":1,\"item\":{\"@type\":\"WebPage\",\"@id\":\"https:\/\/knjiznice.nsk.hr\/vela-luka\/\",\"url\":\"https:\/\/knjiznice.nsk.hr\/vela-luka\/\",\"name\":\"Po\\u010detna stranica\"}},{\"@type\":\"ListItem\",\"position\":2,\"item\":{\"@id\":\"https:\/\/knjiznice.nsk.hr\/vela-luka\/radno-vrijeme\/#webpage\"}}]}]}<\/script>\n<!-- \/ Yoast SEO plugin. -->","_links":{"self":[{"href":"https:\/\/knjiznice.nsk.hr\/vela-luka\/wp-json\/wp\/v2\/pages\/25"}],"collection":[{"href":"https:\/\/knjiznice.nsk.hr\/vela-luka\/wp-json\/wp\/v2\/pages"}],"about":[{"href":"https:\/\/knjiznice.nsk.hr\/vela-luka\/wp-json\/wp\/v2\/types\/page"}],"author":[{"embeddable":true,"href":"https:\/\/knjiznice.nsk.hr\/vela-luka\/wp-json\/wp\/v2\/users\/108"}],"replies":[{"embeddable":true,"href":"https:\/\/knjiznice.nsk.hr\/vela-luka\/wp-json\/wp\/v2\/comments?post=25"}],"version-history":[{"count":11,"href":"https:\/\/knjiznice.nsk.hr\/vela-luka\/wp-json\/wp\/v2\/pages\/25\/revisions"}],"predecessor-version":[{"id":412,"href":"https:\/\/knjiznice.nsk.hr\/vela-luka\/wp-json\/wp\/v2\/pages\/25\/revisions\/412"}],"wp:attachment":[{"href":"https:\/\/knjiznice.nsk.hr\/vela-luka\/wp-json\/wp\/v2\/media?parent=25"}],"curies":[{"name":"wp","href":"https:\/\/api.w.org\/{rel}","templated":true}]}}