{"id":237,"date":"2023-01-31T14:33:11","date_gmt":"2023-01-31T13:33:11","guid":{"rendered":"http:\/\/knjiznice.nsk.hr\/vela-luka\/?page_id=237"},"modified":"2026-01-05T08:51:01","modified_gmt":"2026-01-05T07:51:01","slug":"cjenik-usluga","status":"publish","type":"page","link":"https:\/\/knjiznice.nsk.hr\/vela-luka\/cjenik-usluga\/","title":{"rendered":"CJENIK USLUGA"},"content":{"rendered":"<p><strong>PRAVILA POSUDBE I KORI\u0160TENJA USLUGA KNJI\u017dNICE<\/strong><\/p>\n<p>&nbsp;<\/p>\n<p>Usluge knji\u017enice mogu koristiti samo \u010dlanovi knji\u017enice.<\/p>\n<p>Istodobno se mo\u017ee posuditi najvi\u0161e 3 knjige.<\/p>\n<p>Knjige se posu\u0111uju na rok od 21 dan, nakon \u010dega se zadu\u017eenje mo\u017ee produ\u017eiti samo jednom.<\/p>\n<p>LEKTIRA&nbsp; se ne produ\u017euje!<\/p>\n<p>Nakon isteka roka zadu\u017eenja pla\u0107a se zakasnina.<\/p>\n<p>O\u0161te\u0107ena ili izgubljena&nbsp; gra\u0111a nadokna\u0111uje se zamjenom za istovrsnu gra\u0111u ili nov\u010danom nadoknadom.<\/p>\n<p>Referentna gra\u0111a i gra\u0111a Zavi\u010dajne zbirke ne posu\u0111uju se izvan knji\u017enice.<\/p>\n<p>&nbsp;<\/p>\n<p><strong>CJENIK USLUGA<\/strong><\/p>\n<p>&nbsp;<\/p>\n<p><strong>\u010clanarina<\/strong><\/p>\n<p>&nbsp;<\/p>\n<p>Odrasli&nbsp; &nbsp; &nbsp; &nbsp; &nbsp; &nbsp; &nbsp; &nbsp; &nbsp; &nbsp; &nbsp; &nbsp; &nbsp; &nbsp; &nbsp; &nbsp; &nbsp; &nbsp; &nbsp; &nbsp; &nbsp; &nbsp; &nbsp;10 \u20ac<\/p>\n<p>U\u010denici, studenti&nbsp; &nbsp; &nbsp; &nbsp; &nbsp; &nbsp; &nbsp; &nbsp; &nbsp; &nbsp; &nbsp; &nbsp; &nbsp; &nbsp; 9 \u20ac<\/p>\n<p>Umirovljenici i nezaposleni&nbsp; &nbsp; &nbsp; &nbsp; &nbsp; 7 \u20ac<\/p>\n<p>Turisti\u010dka (do 3 mjeseca)&nbsp; &nbsp; &nbsp; &nbsp; &nbsp; &nbsp; &nbsp; 7 \u20ac<\/p>\n<p>Djeca do polaska u \u0161kolu imaju pravo na besplatno u\u010dlanjenje.<\/p>\n<p>Ako knjige posu\u0111uje dvoje ili troje \u010dlanova iste obitelji onda se za drugog i tre\u0107eg korisnika nadopla\u0107uje upisnina od 2 \u20ac.<\/p>\n<p>&nbsp;<\/p>\n<p><strong>Zakasnina<\/strong><\/p>\n<p><strong>&nbsp;<\/strong><\/p>\n<p>Za knjige zadr\u017eane vi\u0161e od 21 dan pla\u0107a se 0,10 \u20ac po danu i po knjizi.<\/p>\n<p>Maksimalni iznos zakasnine iznosi 20 \u20ac.<\/p>\n<p>&nbsp;<\/p>\n<p><strong>Ostale usluge<\/strong><\/p>\n<p>&nbsp;<\/p>\n<p>Rezervacija knjige&nbsp;&nbsp;&nbsp; &nbsp;&nbsp;&nbsp;&nbsp;&nbsp;&nbsp;&nbsp;&nbsp;&nbsp;&nbsp;&nbsp;&nbsp;&nbsp;&nbsp;&nbsp;&nbsp;&nbsp;&nbsp;&nbsp;&nbsp;&nbsp;&nbsp;&nbsp;&nbsp;&nbsp;&nbsp;&nbsp;&nbsp;&nbsp;&nbsp;&nbsp;&nbsp;&nbsp;&nbsp;&nbsp;&nbsp;&nbsp;&nbsp;&nbsp;&nbsp;&nbsp;&nbsp;&nbsp;&nbsp;&nbsp;&nbsp;&nbsp;&nbsp;&nbsp;&nbsp;&nbsp;&nbsp;1 \u20ac<\/p>\n<p>Me\u0111uknji\u017eni\u010dna posudba po knjizi&nbsp;&nbsp;&nbsp;&nbsp;&nbsp;&nbsp;&nbsp;&nbsp;&nbsp;&nbsp;&nbsp;&nbsp;&nbsp;&nbsp;&nbsp;&nbsp;&nbsp;&nbsp;&nbsp;&nbsp;&nbsp;&nbsp;&nbsp;&nbsp; &nbsp;&nbsp;3 \u20ac<\/p>\n<p>Plastificiranje format A4&nbsp;&nbsp; &nbsp;&nbsp;&nbsp;&nbsp;&nbsp;&nbsp;&nbsp;&nbsp;&nbsp;&nbsp;&nbsp;&nbsp;&nbsp;&nbsp;&nbsp;&nbsp;&nbsp;&nbsp;&nbsp;&nbsp;&nbsp;&nbsp;&nbsp;&nbsp;&nbsp;&nbsp;&nbsp;&nbsp;&nbsp;&nbsp;&nbsp;&nbsp;&nbsp;&nbsp;&nbsp;&nbsp;&nbsp;&nbsp;&nbsp;&nbsp;&nbsp;&nbsp;&nbsp;1&nbsp; \u20ac&nbsp;<\/p>\n<p>Spiralno uvezivanje&nbsp;&nbsp; &nbsp;&nbsp;&nbsp;&nbsp;&nbsp;&nbsp;&nbsp;&nbsp;&nbsp;&nbsp;&nbsp;&nbsp;&nbsp;&nbsp;&nbsp;&nbsp;&nbsp;&nbsp;&nbsp;&nbsp;&nbsp;&nbsp;&nbsp;&nbsp;&nbsp;&nbsp;&nbsp;&nbsp;&nbsp;&nbsp;&nbsp;&nbsp;&nbsp;&nbsp;&nbsp;&nbsp;&nbsp;&nbsp;&nbsp;&nbsp;&nbsp;&nbsp;&nbsp;&nbsp;&nbsp;&nbsp;&nbsp;&nbsp;&nbsp;&nbsp;&nbsp;&nbsp;3 \u20ac<\/p>\n<p>&nbsp;<\/p>\n<p>Ovaj Cjenik primjenjuje se i stupa na snagu 01.01.2026. g.<\/p>\n","protected":false},"excerpt":{"rendered":"<p>PRAVILA POSUDBE I KORI\u0160TENJA USLUGA KNJI\u017dNICE &nbsp; Usluge knji\u017enice mogu koristiti samo \u010dlanovi knji\u017enice. Istodobno se mo\u017ee posuditi najvi\u0161e 3 knjige. Knjige se posu\u0111uju na rok od 21 dan, nakon [&hellip;]<\/p>\n","protected":false},"author":108,"featured_media":0,"parent":0,"menu_order":0,"comment_status":"closed","ping_status":"closed","template":"","meta":{"ngg_post_thumbnail":0},"yoast_head":"<!-- This site is optimized with the Yoast SEO plugin v16.4 - https:\/\/yoast.com\/wordpress\/plugins\/seo\/ -->\n<meta name=\"robots\" content=\"index, follow, max-snippet:-1, max-image-preview:large, max-video-preview:-1\" \/>\n<link rel=\"canonical\" href=\"http:\/\/knjiznice.nsk.hr\/vela-luka\/cjenik-usluga\/\" \/>\n<meta property=\"og:locale\" content=\"hr_HR\" \/>\n<meta property=\"og:type\" content=\"article\" \/>\n<meta property=\"og:title\" content=\"CJENIK USLUGA - Narodna knji\u017enica &quot;\u0160ime Vu\u010deti\u0107&quot;\" \/>\n<meta property=\"og:description\" content=\"PRAVILA POSUDBE I KORI\u0160TENJA USLUGA KNJI\u017dNICE &nbsp; Usluge knji\u017enice mogu koristiti samo \u010dlanovi knji\u017enice. Istodobno se mo\u017ee posuditi najvi\u0161e 3 knjige. Knjige se posu\u0111uju na rok od 21 dan, nakon [&hellip;]\" \/>\n<meta property=\"og:url\" content=\"http:\/\/knjiznice.nsk.hr\/vela-luka\/cjenik-usluga\/\" \/>\n<meta property=\"og:site_name\" content=\"Narodna knji\u017enica &quot;\u0160ime Vu\u010deti\u0107&quot;\" \/>\n<meta property=\"article:modified_time\" content=\"2026-01-05T07:51:01+00:00\" \/>\n<meta name=\"twitter:card\" content=\"summary_large_image\" \/>\n<meta name=\"twitter:label1\" content=\"Procijenjeno vrijeme \u010ditanja\" \/>\n\t<meta name=\"twitter:data1\" content=\"2 minute\" \/>\n<script type=\"application\/ld+json\" class=\"yoast-schema-graph\">{\"@context\":\"https:\/\/schema.org\",\"@graph\":[{\"@type\":\"WebSite\",\"@id\":\"https:\/\/knjiznice.nsk.hr\/vela-luka\/#website\",\"url\":\"https:\/\/knjiznice.nsk.hr\/vela-luka\/\",\"name\":\"Narodna knji\\u017enica \\\"\\u0160ime Vu\\u010deti\\u0107\\\"\",\"description\":\"\",\"potentialAction\":[{\"@type\":\"SearchAction\",\"target\":\"https:\/\/knjiznice.nsk.hr\/vela-luka\/?s={search_term_string}\",\"query-input\":\"required name=search_term_string\"}],\"inLanguage\":\"hr\"},{\"@type\":\"WebPage\",\"@id\":\"http:\/\/knjiznice.nsk.hr\/vela-luka\/cjenik-usluga\/#webpage\",\"url\":\"http:\/\/knjiznice.nsk.hr\/vela-luka\/cjenik-usluga\/\",\"name\":\"CJENIK USLUGA - Narodna knji\\u017enica \\\"\\u0160ime Vu\\u010deti\\u0107\\\"\",\"isPartOf\":{\"@id\":\"https:\/\/knjiznice.nsk.hr\/vela-luka\/#website\"},\"datePublished\":\"2023-01-31T13:33:11+00:00\",\"dateModified\":\"2026-01-05T07:51:01+00:00\",\"breadcrumb\":{\"@id\":\"http:\/\/knjiznice.nsk.hr\/vela-luka\/cjenik-usluga\/#breadcrumb\"},\"inLanguage\":\"hr\",\"potentialAction\":[{\"@type\":\"ReadAction\",\"target\":[\"http:\/\/knjiznice.nsk.hr\/vela-luka\/cjenik-usluga\/\"]}]},{\"@type\":\"BreadcrumbList\",\"@id\":\"http:\/\/knjiznice.nsk.hr\/vela-luka\/cjenik-usluga\/#breadcrumb\",\"itemListElement\":[{\"@type\":\"ListItem\",\"position\":1,\"item\":{\"@type\":\"WebPage\",\"@id\":\"https:\/\/knjiznice.nsk.hr\/vela-luka\/\",\"url\":\"https:\/\/knjiznice.nsk.hr\/vela-luka\/\",\"name\":\"Po\\u010detna stranica\"}},{\"@type\":\"ListItem\",\"position\":2,\"item\":{\"@id\":\"http:\/\/knjiznice.nsk.hr\/vela-luka\/cjenik-usluga\/#webpage\"}}]}]}<\/script>\n<!-- \/ Yoast SEO plugin. -->","_links":{"self":[{"href":"https:\/\/knjiznice.nsk.hr\/vela-luka\/wp-json\/wp\/v2\/pages\/237"}],"collection":[{"href":"https:\/\/knjiznice.nsk.hr\/vela-luka\/wp-json\/wp\/v2\/pages"}],"about":[{"href":"https:\/\/knjiznice.nsk.hr\/vela-luka\/wp-json\/wp\/v2\/types\/page"}],"author":[{"embeddable":true,"href":"https:\/\/knjiznice.nsk.hr\/vela-luka\/wp-json\/wp\/v2\/users\/108"}],"replies":[{"embeddable":true,"href":"https:\/\/knjiznice.nsk.hr\/vela-luka\/wp-json\/wp\/v2\/comments?post=237"}],"version-history":[{"count":3,"href":"https:\/\/knjiznice.nsk.hr\/vela-luka\/wp-json\/wp\/v2\/pages\/237\/revisions"}],"predecessor-version":[{"id":413,"href":"https:\/\/knjiznice.nsk.hr\/vela-luka\/wp-json\/wp\/v2\/pages\/237\/revisions\/413"}],"wp:attachment":[{"href":"https:\/\/knjiznice.nsk.hr\/vela-luka\/wp-json\/wp\/v2\/media?parent=237"}],"curies":[{"name":"wp","href":"https:\/\/api.w.org\/{rel}","templated":true}]}}