{"id":23,"date":"2020-02-14T15:29:57","date_gmt":"2020-02-14T14:29:57","guid":{"rendered":"http:\/\/knjiznice.nsk.hr\/vela-luka\/?page_id=23"},"modified":"2020-02-14T20:37:09","modified_gmt":"2020-02-14T19:37:09","slug":"o-nama","status":"publish","type":"page","link":"https:\/\/knjiznice.nsk.hr\/vela-luka\/o-nama\/","title":{"rendered":"O nama"},"content":{"rendered":"<p><strong>Povijest knji\u017enice<\/strong><\/p>\n<p>Iako, formalno tek od 1944. g. mo\u017eemo govoriti o postojanju knji\u017enice u Veloj Luci, mora se naglasiti kako je ona slijedila tradiciju \u010ditaonica s kraja 19. i prve polovice 20. st. Tako je ve\u0107 1894. g., u razdoblju sna\u017enog gospodarskog i dru\u0161tvenog razvoja ovog malog mjesta na zapadnom dijelu otoka Kor\u010dule, a u sklopu njegovih naraslih kulturnih potreba, utemeljena \u010ditaonica dru\u0161tva \u201eHrvatski napredak\u201c. Slijedile su: \u201ePu\u010dka \u0161tionica\u201c (1908.), a u me\u0111uratnom razdoblju i \u201eJugoslavenska \u010ditaonica\u201c te \u201eSelja\u010dka sloga\u201c, odra\u017eavaju\u0107i onda\u0161nji politi\u010dki trenutak.<\/p>\n<p>Nakon oslobo\u0111enja mjesta, zaklju\u010dkom op\u0107inskog Narodnooslobodila\u010dkog odbora pokrenut je u studenom 1944. g. rad \u201e\u010citaonice Jedinstvene narodnooslobodila\u010dke fronte\u201c s knji\u017enicom i radio-aparatom. Izvje\u0161taj s kraja 1945. g. pokazuje da postoji prili\u010dan broj novina, ali i malo \u201edobrih\u201c knjiga s napomenom da \u201enovine i knjige narod malo \u010dita\u201c. Prerastanjem \u201e&#8217;Narodnog fronta\u201c&#8217; u \u201eSocijalisti\u010dki savez radnog naroda\u201c po\u010detkom pedesetih, mijenja se naziv (\u201eKnji\u017enica i \u010ditaonica SSRN\u201c), ali i na\u010din vo\u0111enja knji\u017enice. 1952. g.zapo\u010dinje zna\u010dajnije objedinjavanje razasutog knji\u017enog fonda, a uvode se i knjige inventara, u kojima se uspostavlja i provizorna klasifikacija \u2013 A. marksisti\u010dko-politi\u010dka (prevladava), B. nau\u010dno-popularna literatura i C. beletristika (lijepe knji\u017eevnosti), \u010diji se inventari vode odvojeno.<\/p>\n<p>Odziv \u010ditatelja je sve ve\u0107i, a u knji\u017enici je honorarno zaposlen jedan djelatnik. Od utemeljenja \u201eNarodnog sveu\u010dili\u0161ta\u201c 1961.g., knji\u017enica djeluje u sklopu njegovog \u201eCentra za op\u0107e i stru\u010dno obrazovanje\u201c pod nazivom \u201eKnji\u017enica i \u010ditaonica Narodnog sveu\u010dili\u0161ta\u201c. \u0160ezdesetih je \u010ditaonica svakodnevno otvorena, a snabdjevena je \u201epotrebnim brojem\u201c listova i \u010dasopisa, dok knji\u017enica radi povremeno poslije podne. Sedamdesetih nastaje op\u0107i pad interesa za posu\u0111ivanjem i \u010ditanjem, pa i mjesne vlasti vode sve manju brigu. \u010citaonica se ukida, a knji\u017enica djeluje u neadekvatnom i nefunkcionalnom prostoru. U<\/p>\n<p>kidanjem Narodnog sveu\u010dili\u0161ta 1975. g, knji\u017enica se ponovno vra\u0107a u okrilje mjesne konferencije SSRNH kao dio novoformiranog \u201eCentra za kulturu\u201c. Adaptacijom stare pala\u010de Franulovi\u0107 Repak 1981. g, u \u010dijem sklopu knji\u017enica djeluje i danas, osigurao se primjereni prostor i za \u010ditaonicu. Od 1981. g, nakon kompletne reinventarizacije, zapo\u010delo je katalogiziranje prema normativima UDK sustava, a od 1994. podaci se ra\u010dunalno obra\u0111uju. Od 2009. g. knji\u017enica djeluje kako samostalna ustanova i nosi ime akademika \u0160ime Vu\u010deti\u0107a, ro\u0111enog Velolu\u010danina.<\/p>\n","protected":false},"excerpt":{"rendered":"<p>Povijest knji\u017enice Iako, formalno tek od 1944. g. mo\u017eemo govoriti o postojanju knji\u017enice u Veloj Luci, mora se naglasiti kako je ona slijedila tradiciju \u010ditaonica s kraja 19. i prve [&hellip;]<\/p>\n","protected":false},"author":108,"featured_media":0,"parent":0,"menu_order":0,"comment_status":"closed","ping_status":"closed","template":"","meta":{"ngg_post_thumbnail":0},"yoast_head":"<!-- This site is optimized with the Yoast SEO plugin v16.4 - https:\/\/yoast.com\/wordpress\/plugins\/seo\/ -->\n<meta name=\"robots\" content=\"index, follow, max-snippet:-1, max-image-preview:large, max-video-preview:-1\" \/>\n<link rel=\"canonical\" href=\"http:\/\/knjiznice.nsk.hr\/vela-luka\/o-nama\/\" \/>\n<meta property=\"og:locale\" content=\"hr_HR\" \/>\n<meta property=\"og:type\" content=\"article\" \/>\n<meta property=\"og:title\" content=\"O nama - Narodna knji\u017enica &quot;\u0160ime Vu\u010deti\u0107&quot;\" \/>\n<meta property=\"og:description\" content=\"Povijest knji\u017enice Iako, formalno tek od 1944. g. mo\u017eemo govoriti o postojanju knji\u017enice u Veloj Luci, mora se naglasiti kako je ona slijedila tradiciju \u010ditaonica s kraja 19. i prve [&hellip;]\" \/>\n<meta property=\"og:url\" content=\"http:\/\/knjiznice.nsk.hr\/vela-luka\/o-nama\/\" \/>\n<meta property=\"og:site_name\" content=\"Narodna knji\u017enica &quot;\u0160ime Vu\u010deti\u0107&quot;\" \/>\n<meta property=\"article:modified_time\" content=\"2020-02-14T19:37:09+00:00\" \/>\n<meta name=\"twitter:card\" content=\"summary_large_image\" \/>\n<meta name=\"twitter:label1\" content=\"Procijenjeno vrijeme \u010ditanja\" \/>\n\t<meta name=\"twitter:data1\" content=\"2 minute\" \/>\n<script type=\"application\/ld+json\" class=\"yoast-schema-graph\">{\"@context\":\"https:\/\/schema.org\",\"@graph\":[{\"@type\":\"WebSite\",\"@id\":\"https:\/\/knjiznice.nsk.hr\/vela-luka\/#website\",\"url\":\"https:\/\/knjiznice.nsk.hr\/vela-luka\/\",\"name\":\"Narodna knji\\u017enica \\\"\\u0160ime Vu\\u010deti\\u0107\\\"\",\"description\":\"\",\"potentialAction\":[{\"@type\":\"SearchAction\",\"target\":\"https:\/\/knjiznice.nsk.hr\/vela-luka\/?s={search_term_string}\",\"query-input\":\"required name=search_term_string\"}],\"inLanguage\":\"hr\"},{\"@type\":\"WebPage\",\"@id\":\"http:\/\/knjiznice.nsk.hr\/vela-luka\/o-nama\/#webpage\",\"url\":\"http:\/\/knjiznice.nsk.hr\/vela-luka\/o-nama\/\",\"name\":\"O nama - Narodna knji\\u017enica \\\"\\u0160ime Vu\\u010deti\\u0107\\\"\",\"isPartOf\":{\"@id\":\"https:\/\/knjiznice.nsk.hr\/vela-luka\/#website\"},\"datePublished\":\"2020-02-14T14:29:57+00:00\",\"dateModified\":\"2020-02-14T19:37:09+00:00\",\"breadcrumb\":{\"@id\":\"http:\/\/knjiznice.nsk.hr\/vela-luka\/o-nama\/#breadcrumb\"},\"inLanguage\":\"hr\",\"potentialAction\":[{\"@type\":\"ReadAction\",\"target\":[\"http:\/\/knjiznice.nsk.hr\/vela-luka\/o-nama\/\"]}]},{\"@type\":\"BreadcrumbList\",\"@id\":\"http:\/\/knjiznice.nsk.hr\/vela-luka\/o-nama\/#breadcrumb\",\"itemListElement\":[{\"@type\":\"ListItem\",\"position\":1,\"item\":{\"@type\":\"WebPage\",\"@id\":\"https:\/\/knjiznice.nsk.hr\/vela-luka\/\",\"url\":\"https:\/\/knjiznice.nsk.hr\/vela-luka\/\",\"name\":\"Po\\u010detna stranica\"}},{\"@type\":\"ListItem\",\"position\":2,\"item\":{\"@id\":\"http:\/\/knjiznice.nsk.hr\/vela-luka\/o-nama\/#webpage\"}}]}]}<\/script>\n<!-- \/ Yoast SEO plugin. -->","_links":{"self":[{"href":"https:\/\/knjiznice.nsk.hr\/vela-luka\/wp-json\/wp\/v2\/pages\/23"}],"collection":[{"href":"https:\/\/knjiznice.nsk.hr\/vela-luka\/wp-json\/wp\/v2\/pages"}],"about":[{"href":"https:\/\/knjiznice.nsk.hr\/vela-luka\/wp-json\/wp\/v2\/types\/page"}],"author":[{"embeddable":true,"href":"https:\/\/knjiznice.nsk.hr\/vela-luka\/wp-json\/wp\/v2\/users\/108"}],"replies":[{"embeddable":true,"href":"https:\/\/knjiznice.nsk.hr\/vela-luka\/wp-json\/wp\/v2\/comments?post=23"}],"version-history":[{"count":5,"href":"https:\/\/knjiznice.nsk.hr\/vela-luka\/wp-json\/wp\/v2\/pages\/23\/revisions"}],"predecessor-version":[{"id":127,"href":"https:\/\/knjiznice.nsk.hr\/vela-luka\/wp-json\/wp\/v2\/pages\/23\/revisions\/127"}],"wp:attachment":[{"href":"https:\/\/knjiznice.nsk.hr\/vela-luka\/wp-json\/wp\/v2\/media?parent=23"}],"curies":[{"name":"wp","href":"https:\/\/api.w.org\/{rel}","templated":true}]}}