{"id":21,"date":"2020-02-14T15:29:44","date_gmt":"2020-02-14T14:29:44","guid":{"rendered":"http:\/\/knjiznice.nsk.hr\/vela-luka\/?page_id=21"},"modified":"2023-02-01T08:57:30","modified_gmt":"2023-02-01T07:57:30","slug":"novosti","status":"publish","type":"page","link":"https:\/\/knjiznice.nsk.hr\/vela-luka\/novosti\/","title":{"rendered":"Novosti"},"content":{"rendered":"<p>1. velja\u010de obilje\u017eava se svjetski dan \u010ditanja naglas.<br \/>\n\u010citanje naglas razvija vje\u0161tinu slu\u0161anja, oboga\u0107uje rje\u010dnik, razvija razumijevanje za dru\u0161tvene probleme i \u010dimbenik je budu\u0107eg uspje\u0161nog razvoja djeteta.<br \/>\n\u010citajmo djeci naglas gdje god i kad god stignemo \u010dime podr\u017eavamo i nacionalnu kampanju \u201c\u010citaj mi!\u201d.<br \/>\nSvjetski dan \u010ditanja naglas bi trebao pokazati svijetu kako pravo na \u010ditanje i pisanje pripada svima. Djeca i odrasli \u0161irom svijeta, slave\u0107i mo\u0107 rije\u010di kreiraju dru\u0161tvo koje \u0107e omogu\u0107iti svakom, ba\u0161 svakom djetetu pravo na obrazovanje te pristup knjigama i tehnologiji.<br \/>\nNarodna knji\u017enica \u201e\u0160ime Vu\u010deti\u0107\u201c omogu\u0107uje besplatnu \u010dlanarinu za svu djecu od ro\u0111enja do prvog razreda osnovne \u0161kole.<br \/>\nPozivamo sve roditelje da u\u010dlane svoje dijete u knji\u017enicu te im omogu\u0107e ljep\u0161e odrastanje uz dobru knjigu.<br \/>\nS rado\u0161\u0107u vas o\u010dekujemo!<\/p>\n","protected":false},"excerpt":{"rendered":"<p>1. velja\u010de obilje\u017eava se svjetski dan \u010ditanja naglas. \u010citanje naglas razvija vje\u0161tinu slu\u0161anja, oboga\u0107uje rje\u010dnik, razvija razumijevanje za dru\u0161tvene probleme i \u010dimbenik je budu\u0107eg uspje\u0161nog razvoja djeteta. \u010citajmo djeci naglas [&hellip;]<\/p>\n","protected":false},"author":108,"featured_media":226,"parent":0,"menu_order":0,"comment_status":"closed","ping_status":"closed","template":"","meta":{"ngg_post_thumbnail":0},"yoast_head":"<!-- This site is optimized with the Yoast SEO plugin v16.4 - https:\/\/yoast.com\/wordpress\/plugins\/seo\/ -->\n<meta name=\"robots\" content=\"index, follow, max-snippet:-1, max-image-preview:large, max-video-preview:-1\" \/>\n<link rel=\"canonical\" href=\"http:\/\/knjiznice.nsk.hr\/vela-luka\/novosti\/\" \/>\n<meta property=\"og:locale\" content=\"hr_HR\" \/>\n<meta property=\"og:type\" content=\"article\" \/>\n<meta property=\"og:title\" content=\"Novosti - Narodna knji\u017enica &quot;\u0160ime Vu\u010deti\u0107&quot;\" \/>\n<meta property=\"og:description\" content=\"1. velja\u010de obilje\u017eava se svjetski dan \u010ditanja naglas. \u010citanje naglas razvija vje\u0161tinu slu\u0161anja, oboga\u0107uje rje\u010dnik, razvija razumijevanje za dru\u0161tvene probleme i \u010dimbenik je budu\u0107eg uspje\u0161nog razvoja djeteta. \u010citajmo djeci naglas [&hellip;]\" \/>\n<meta property=\"og:url\" content=\"http:\/\/knjiznice.nsk.hr\/vela-luka\/novosti\/\" \/>\n<meta property=\"og:site_name\" content=\"Narodna knji\u017enica &quot;\u0160ime Vu\u010deti\u0107&quot;\" \/>\n<meta property=\"article:modified_time\" content=\"2023-02-01T07:57:30+00:00\" \/>\n<meta property=\"og:image\" content=\"http:\/\/knjiznice.nsk.hr\/vela-luka\/wp-content\/uploads\/sites\/114\/2023\/01\/Childrens-Book-Day.png\" \/>\n\t<meta property=\"og:image:width\" content=\"940\" \/>\n\t<meta property=\"og:image:height\" content=\"788\" \/>\n<meta name=\"twitter:card\" content=\"summary_large_image\" \/>\n<meta name=\"twitter:label1\" content=\"Procijenjeno vrijeme \u010ditanja\" \/>\n\t<meta name=\"twitter:data1\" content=\"1 minuta\" \/>\n<script type=\"application\/ld+json\" class=\"yoast-schema-graph\">{\"@context\":\"https:\/\/schema.org\",\"@graph\":[{\"@type\":\"WebSite\",\"@id\":\"https:\/\/knjiznice.nsk.hr\/vela-luka\/#website\",\"url\":\"https:\/\/knjiznice.nsk.hr\/vela-luka\/\",\"name\":\"Narodna knji\\u017enica \\\"\\u0160ime Vu\\u010deti\\u0107\\\"\",\"description\":\"\",\"potentialAction\":[{\"@type\":\"SearchAction\",\"target\":\"https:\/\/knjiznice.nsk.hr\/vela-luka\/?s={search_term_string}\",\"query-input\":\"required name=search_term_string\"}],\"inLanguage\":\"hr\"},{\"@type\":\"ImageObject\",\"@id\":\"http:\/\/knjiznice.nsk.hr\/vela-luka\/novosti\/#primaryimage\",\"inLanguage\":\"hr\",\"url\":\"https:\/\/knjiznice.nsk.hr\/vela-luka\/wp-content\/uploads\/sites\/114\/2023\/01\/Childrens-Book-Day.png\",\"contentUrl\":\"https:\/\/knjiznice.nsk.hr\/vela-luka\/wp-content\/uploads\/sites\/114\/2023\/01\/Childrens-Book-Day.png\",\"width\":940,\"height\":788},{\"@type\":\"WebPage\",\"@id\":\"http:\/\/knjiznice.nsk.hr\/vela-luka\/novosti\/#webpage\",\"url\":\"http:\/\/knjiznice.nsk.hr\/vela-luka\/novosti\/\",\"name\":\"Novosti - Narodna knji\\u017enica \\\"\\u0160ime Vu\\u010deti\\u0107\\\"\",\"isPartOf\":{\"@id\":\"https:\/\/knjiznice.nsk.hr\/vela-luka\/#website\"},\"primaryImageOfPage\":{\"@id\":\"http:\/\/knjiznice.nsk.hr\/vela-luka\/novosti\/#primaryimage\"},\"datePublished\":\"2020-02-14T14:29:44+00:00\",\"dateModified\":\"2023-02-01T07:57:30+00:00\",\"breadcrumb\":{\"@id\":\"http:\/\/knjiznice.nsk.hr\/vela-luka\/novosti\/#breadcrumb\"},\"inLanguage\":\"hr\",\"potentialAction\":[{\"@type\":\"ReadAction\",\"target\":[\"http:\/\/knjiznice.nsk.hr\/vela-luka\/novosti\/\"]}]},{\"@type\":\"BreadcrumbList\",\"@id\":\"http:\/\/knjiznice.nsk.hr\/vela-luka\/novosti\/#breadcrumb\",\"itemListElement\":[{\"@type\":\"ListItem\",\"position\":1,\"item\":{\"@type\":\"WebPage\",\"@id\":\"https:\/\/knjiznice.nsk.hr\/vela-luka\/\",\"url\":\"https:\/\/knjiznice.nsk.hr\/vela-luka\/\",\"name\":\"Po\\u010detna stranica\"}},{\"@type\":\"ListItem\",\"position\":2,\"item\":{\"@id\":\"http:\/\/knjiznice.nsk.hr\/vela-luka\/novosti\/#webpage\"}}]}]}<\/script>\n<!-- \/ Yoast SEO plugin. -->","_links":{"self":[{"href":"https:\/\/knjiznice.nsk.hr\/vela-luka\/wp-json\/wp\/v2\/pages\/21"}],"collection":[{"href":"https:\/\/knjiznice.nsk.hr\/vela-luka\/wp-json\/wp\/v2\/pages"}],"about":[{"href":"https:\/\/knjiznice.nsk.hr\/vela-luka\/wp-json\/wp\/v2\/types\/page"}],"author":[{"embeddable":true,"href":"https:\/\/knjiznice.nsk.hr\/vela-luka\/wp-json\/wp\/v2\/users\/108"}],"replies":[{"embeddable":true,"href":"https:\/\/knjiznice.nsk.hr\/vela-luka\/wp-json\/wp\/v2\/comments?post=21"}],"version-history":[{"count":3,"href":"https:\/\/knjiznice.nsk.hr\/vela-luka\/wp-json\/wp\/v2\/pages\/21\/revisions"}],"predecessor-version":[{"id":241,"href":"https:\/\/knjiznice.nsk.hr\/vela-luka\/wp-json\/wp\/v2\/pages\/21\/revisions\/241"}],"wp:featuredmedia":[{"embeddable":true,"href":"https:\/\/knjiznice.nsk.hr\/vela-luka\/wp-json\/wp\/v2\/media\/226"}],"wp:attachment":[{"href":"https:\/\/knjiznice.nsk.hr\/vela-luka\/wp-json\/wp\/v2\/media?parent=21"}],"curies":[{"name":"wp","href":"https:\/\/api.w.org\/{rel}","templated":true}]}}