{"id":803,"date":"2021-07-26T08:49:55","date_gmt":"2021-07-26T08:49:55","guid":{"rendered":"http:\/\/knjiznice.nsk.hr\/ston\/?page_id=803"},"modified":"2022-08-03T08:32:30","modified_gmt":"2022-08-03T08:32:30","slug":"preporuke-knjiga-za-citanje","status":"publish","type":"page","link":"https:\/\/knjiznice.nsk.hr\/ston\/preporuke-knjiga-za-citanje\/","title":{"rendered":"PREPORUKE KNJIGA ZA \u010cITANJE"},"content":{"rendered":"<h3>&nbsp;<\/h3>\n<h2><em><strong>ODRASLI<\/strong><\/em><\/h2>\n<ul>\n<li><a href=\"http:\/\/knjiznice.nsk.hr\/ston\/putujmo-citajuci\/\">Putujmo \u010ditaju\u0107i<\/a><\/li>\n<li><a href=\"http:\/\/knjiznice.nsk.hr\/ston\/stoner-john-williams\/\">Stoner &#8211; John Williams<\/a><\/li>\n<li><a href=\"http:\/\/knjiznice.nsk.hr\/ston\/oprosti-ida-hegazi-hoyer\/\">Oprosti &#8211; Ida Hegazi Hoyer<\/a><\/li>\n<li><a href=\"http:\/\/knjiznice.nsk.hr\/ston\/vjernost-marco-missiroli\/\">Vjernost &#8211; Marco Missiroli<\/a><\/li>\n<li><a href=\"http:\/\/knjiznice.nsk.hr\/ston\/djecak-krtica-lisica-i-konj-charlie-mackesy\/\">Dje\u010dak, krtica, lisica i konj &#8211; Charlie Mackesy&nbsp; &nbsp;<\/a><\/li>\n<li>&nbsp;<\/li>\n<\/ul>\n<h2><em><strong>DJECA<\/strong><\/em><\/h2>\n<ul>\n<li><a href=\"http:\/\/knjiznice.nsk.hr\/ston\/o-biljkama-i-zivotinjama\/\">O biljkama i \u017eivotinjama<\/a>&nbsp;<\/li>\n<li><a href=\"http:\/\/knjiznice.nsk.hr\/ston\/orion-i-mrak-emma-yarlett\/\">Orion i MRAK &#8211; Emma Yarlett<\/a><\/li>\n<li><a href=\"http:\/\/knjiznice.nsk.hr\/ston\/jura-i-kuckalo-protiv-dosade-roman-simic\/\">Jura i kuckalo protiv dosade &#8211; Roman Simi\u0107<\/a><\/li>\n<li><a href=\"http:\/\/knjiznice.nsk.hr\/ston\/djecak-koji-je-poplavio-svijet-snjezana-babic-visnjic\/\">Dje\u010dak koji je poplavio svijet &#8211; Snje\u017eana Babi\u0107 Vi\u0161nji\u0107<\/a><\/li>\n<li><a href=\"http:\/\/knjiznice.nsk.hr\/ston\/misini-novi-prijatelji-tom-percival\/\">Mi\u0161ini novi prijatelji &#8211; Tom Percival<\/a><\/li>\n<li><a href=\"http:\/\/knjiznice.nsk.hr\/ston\/medo-klavir-i-koncert-malene-medvjedice-david-litchfielda\/\">Medo, klavir i koncert malene medvjedice &#8211; David Litchfielda<\/a><\/li>\n<li><a href=\"http:\/\/knjiznice.nsk.hr\/ston\/ako-dodes-na-zemlju-sophie-blackall\/\">Ako do\u0111e\u0161 na zemlju &#8211;&nbsp; Sophie Blackall<\/a><\/li>\n<\/ul>\n","protected":false},"excerpt":{"rendered":"<p>&nbsp; ODRASLI Putujmo \u010ditaju\u0107i Stoner &#8211; John Williams Oprosti &#8211; Ida Hegazi Hoyer Vjernost &#8211; Marco Missiroli Dje\u010dak, krtica, lisica i konj &#8211; Charlie Mackesy&nbsp; &nbsp; &nbsp; DJECA O biljkama i \u017eivotinjama&nbsp; Orion i MRAK &#8211; Emma Yarlett Jura i kuckalo protiv dosade &#8211; Roman Simi\u0107 Dje\u010dak koji je poplavio svijet &#8211; Snje\u017eana Babi\u0107 Vi\u0161nji\u0107 [&hellip;]<\/p>\n","protected":false},"author":55,"featured_media":0,"parent":0,"menu_order":0,"comment_status":"closed","ping_status":"closed","template":"","meta":{"ngg_post_thumbnail":0},"yoast_head":"<!-- This site is optimized with the Yoast SEO plugin v16.4 - https:\/\/yoast.com\/wordpress\/plugins\/seo\/ -->\n<meta name=\"robots\" content=\"index, follow, max-snippet:-1, max-image-preview:large, max-video-preview:-1\" \/>\n<link rel=\"canonical\" href=\"https:\/\/knjiznice.nsk.hr\/ston\/preporuke-knjiga-za-citanje\/\" \/>\n<meta property=\"og:locale\" content=\"hr_HR\" \/>\n<meta property=\"og:type\" content=\"article\" \/>\n<meta property=\"og:title\" content=\"PREPORUKE KNJIGA ZA \u010cITANJE &ndash; Narodna knji\u017enica Ston\" \/>\n<meta property=\"og:description\" content=\"&nbsp; ODRASLI Putujmo \u010ditaju\u0107i Stoner &#8211; John Williams Oprosti &#8211; Ida Hegazi Hoyer Vjernost &#8211; Marco Missiroli Dje\u010dak, krtica, lisica i konj &#8211; Charlie Mackesy&nbsp; &nbsp; &nbsp; DJECA O biljkama i \u017eivotinjama&nbsp; Orion i MRAK &#8211; Emma Yarlett Jura i kuckalo protiv dosade &#8211; Roman Simi\u0107 Dje\u010dak koji je poplavio svijet &#8211; Snje\u017eana Babi\u0107 Vi\u0161nji\u0107 [&hellip;]\" \/>\n<meta property=\"og:url\" content=\"https:\/\/knjiznice.nsk.hr\/ston\/preporuke-knjiga-za-citanje\/\" \/>\n<meta property=\"og:site_name\" content=\"Narodna knji\u017enica Ston\" \/>\n<meta property=\"article:modified_time\" content=\"2022-08-03T08:32:30+00:00\" \/>\n<meta name=\"twitter:label1\" content=\"Procijenjeno vrijeme \u010ditanja\" \/>\n\t<meta name=\"twitter:data1\" content=\"1 minuta\" \/>\n<script type=\"application\/ld+json\" class=\"yoast-schema-graph\">{\"@context\":\"https:\/\/schema.org\",\"@graph\":[{\"@type\":\"WebSite\",\"@id\":\"https:\/\/knjiznice.nsk.hr\/ston\/#website\",\"url\":\"https:\/\/knjiznice.nsk.hr\/ston\/\",\"name\":\"Narodna knji\\u017enica Ston\",\"description\":\"\",\"potentialAction\":[{\"@type\":\"SearchAction\",\"target\":\"https:\/\/knjiznice.nsk.hr\/ston\/?s={search_term_string}\",\"query-input\":\"required name=search_term_string\"}],\"inLanguage\":\"hr\"},{\"@type\":\"WebPage\",\"@id\":\"https:\/\/knjiznice.nsk.hr\/ston\/preporuke-knjiga-za-citanje\/#webpage\",\"url\":\"https:\/\/knjiznice.nsk.hr\/ston\/preporuke-knjiga-za-citanje\/\",\"name\":\"PREPORUKE KNJIGA ZA \\u010cITANJE &ndash; Narodna knji\\u017enica Ston\",\"isPartOf\":{\"@id\":\"https:\/\/knjiznice.nsk.hr\/ston\/#website\"},\"datePublished\":\"2021-07-26T08:49:55+00:00\",\"dateModified\":\"2022-08-03T08:32:30+00:00\",\"breadcrumb\":{\"@id\":\"https:\/\/knjiznice.nsk.hr\/ston\/preporuke-knjiga-za-citanje\/#breadcrumb\"},\"inLanguage\":\"hr\",\"potentialAction\":[{\"@type\":\"ReadAction\",\"target\":[\"https:\/\/knjiznice.nsk.hr\/ston\/preporuke-knjiga-za-citanje\/\"]}]},{\"@type\":\"BreadcrumbList\",\"@id\":\"https:\/\/knjiznice.nsk.hr\/ston\/preporuke-knjiga-za-citanje\/#breadcrumb\",\"itemListElement\":[{\"@type\":\"ListItem\",\"position\":1,\"item\":{\"@type\":\"WebPage\",\"@id\":\"https:\/\/knjiznice.nsk.hr\/ston\/\",\"url\":\"https:\/\/knjiznice.nsk.hr\/ston\/\",\"name\":\"Po\\u010detna stranica\"}},{\"@type\":\"ListItem\",\"position\":2,\"item\":{\"@id\":\"https:\/\/knjiznice.nsk.hr\/ston\/preporuke-knjiga-za-citanje\/#webpage\"}}]}]}<\/script>\n<!-- \/ Yoast SEO plugin. -->","_links":{"self":[{"href":"https:\/\/knjiznice.nsk.hr\/ston\/wp-json\/wp\/v2\/pages\/803"}],"collection":[{"href":"https:\/\/knjiznice.nsk.hr\/ston\/wp-json\/wp\/v2\/pages"}],"about":[{"href":"https:\/\/knjiznice.nsk.hr\/ston\/wp-json\/wp\/v2\/types\/page"}],"author":[{"embeddable":true,"href":"https:\/\/knjiznice.nsk.hr\/ston\/wp-json\/wp\/v2\/users\/55"}],"replies":[{"embeddable":true,"href":"https:\/\/knjiznice.nsk.hr\/ston\/wp-json\/wp\/v2\/comments?post=803"}],"version-history":[{"count":9,"href":"https:\/\/knjiznice.nsk.hr\/ston\/wp-json\/wp\/v2\/pages\/803\/revisions"}],"predecessor-version":[{"id":1440,"href":"https:\/\/knjiznice.nsk.hr\/ston\/wp-json\/wp\/v2\/pages\/803\/revisions\/1440"}],"wp:attachment":[{"href":"https:\/\/knjiznice.nsk.hr\/ston\/wp-json\/wp\/v2\/media?parent=803"}],"curies":[{"name":"wp","href":"https:\/\/api.w.org\/{rel}","templated":true}]}}