{"id":79,"date":"2020-09-10T08:39:27","date_gmt":"2020-09-10T08:39:27","guid":{"rendered":"http:\/\/knjiznice.nsk.hr\/ston\/?page_id=79"},"modified":"2020-09-11T11:28:33","modified_gmt":"2020-09-11T11:28:33","slug":"o-knjiznici","status":"publish","type":"page","link":"https:\/\/knjiznice.nsk.hr\/ston\/o-knjiznici\/","title":{"rendered":"O knji\u017enici"},"content":{"rendered":"<p>Hrvatska \u010ditaonica u Stonu osnovana je 1895. godine i ta godina uzima se kao vrijeme po\u010detka knji\u017eni\u010dne djelatnosti u Stonu koja je ostala kontinuirana do danas.<\/p>\n<p>Nekoliko godina kasnije, to\u010dnije 1905. zajedni\u010dkom akcijom gra\u0111ana izgra\u0111ena je zgrada za smje\u0161taj kulturnih i prosvjetnih dru\u0161tava koja tada djeluju u Stonu pa su tako i \u010ditaonica i knji\u017enica dobila svoje posebno mjesto. 1946. godine Knji\u017enica je preseljena u nove prostore Kne\u017eevog dvora koji je tada bio Dom kulture i tamo djeluje sve do potresa 1996. godine. Zbog razornog potresa koji je o\u0161tetio dotada\u0161nje prostore knji\u017enice knji\u017eni\u010dni fond je naredne dvije godine bio smje\u0161ten u O\u0160 Ston. Uslijed takvih doga\u0111aja Grad Zagreb je financirao izgradnju nove zgrade za knji\u017enicu i vrti\u0107 koja je sve\u010dano otvorena 1998. Od tada do 2018. knji\u017enica je djelovala u sastavu Op\u0107ine Ston te se nazivala Mjesna knji\u017enica. Odlukom Trgova\u010dkog suda u Splitu knji\u017enica je postala samostalna ustanova pod nazivom Narodna knji\u017enica Ston te je upisana u sudski registar 19. o\u017eujka 2018.<\/p>\n<p>Knji\u017enica uz osnovnu djelatnost nastoji organizirati razli\u010dite kulturne aktivnosti poput edukativnih predavanja, predstavljanja knjiga, raznih izlo\u017ebi ,a posebnu pozornost pridaje aktivnostima vezanim uz djecu i mlade.<\/p>\n<p>Knji\u017eni\u010dni fond obuhva\u0107a referentnu i zavi\u010dajnu zbirku, multimedijski odjel, odjel za djecu i odrasle. Preko 21 000 svezaka koje knji\u017enica ima obuhva\u0107aju razli\u010dite interesne zone njenih korisnika.<\/p>\n<p>&nbsp;<\/p>\n","protected":false},"excerpt":{"rendered":"<p>Hrvatska \u010ditaonica u Stonu osnovana je 1895. godine i ta godina uzima se kao vrijeme po\u010detka knji\u017eni\u010dne djelatnosti u Stonu koja je ostala kontinuirana do danas. Nekoliko godina kasnije, to\u010dnije 1905. zajedni\u010dkom akcijom gra\u0111ana izgra\u0111ena je zgrada za smje\u0161taj kulturnih i prosvjetnih dru\u0161tava koja tada djeluju u Stonu pa su tako i \u010ditaonica i knji\u017enica [&hellip;]<\/p>\n","protected":false},"author":55,"featured_media":0,"parent":0,"menu_order":0,"comment_status":"closed","ping_status":"closed","template":"","meta":{"ngg_post_thumbnail":0},"yoast_head":"<!-- This site is optimized with the Yoast SEO plugin v16.4 - https:\/\/yoast.com\/wordpress\/plugins\/seo\/ -->\n<meta name=\"robots\" content=\"index, follow, max-snippet:-1, max-image-preview:large, max-video-preview:-1\" \/>\n<link rel=\"canonical\" href=\"http:\/\/knjiznice.nsk.hr\/ston\/o-knjiznici\/\" \/>\n<meta property=\"og:locale\" content=\"hr_HR\" \/>\n<meta property=\"og:type\" content=\"article\" \/>\n<meta property=\"og:title\" content=\"O knji\u017enici &ndash; Narodna knji\u017enica Ston\" \/>\n<meta property=\"og:description\" content=\"Hrvatska \u010ditaonica u Stonu osnovana je 1895. godine i ta godina uzima se kao vrijeme po\u010detka knji\u017eni\u010dne djelatnosti u Stonu koja je ostala kontinuirana do danas. Nekoliko godina kasnije, to\u010dnije 1905. zajedni\u010dkom akcijom gra\u0111ana izgra\u0111ena je zgrada za smje\u0161taj kulturnih i prosvjetnih dru\u0161tava koja tada djeluju u Stonu pa su tako i \u010ditaonica i knji\u017enica [&hellip;]\" \/>\n<meta property=\"og:url\" content=\"http:\/\/knjiznice.nsk.hr\/ston\/o-knjiznici\/\" \/>\n<meta property=\"og:site_name\" content=\"Narodna knji\u017enica Ston\" \/>\n<meta property=\"article:modified_time\" content=\"2020-09-11T11:28:33+00:00\" \/>\n<meta name=\"twitter:label1\" content=\"Procijenjeno vrijeme \u010ditanja\" \/>\n\t<meta name=\"twitter:data1\" content=\"1 minuta\" \/>\n<script type=\"application\/ld+json\" class=\"yoast-schema-graph\">{\"@context\":\"https:\/\/schema.org\",\"@graph\":[{\"@type\":\"WebSite\",\"@id\":\"https:\/\/knjiznice.nsk.hr\/ston\/#website\",\"url\":\"https:\/\/knjiznice.nsk.hr\/ston\/\",\"name\":\"Narodna knji\\u017enica Ston\",\"description\":\"\",\"potentialAction\":[{\"@type\":\"SearchAction\",\"target\":\"https:\/\/knjiznice.nsk.hr\/ston\/?s={search_term_string}\",\"query-input\":\"required name=search_term_string\"}],\"inLanguage\":\"hr\"},{\"@type\":\"WebPage\",\"@id\":\"http:\/\/knjiznice.nsk.hr\/ston\/o-knjiznici\/#webpage\",\"url\":\"http:\/\/knjiznice.nsk.hr\/ston\/o-knjiznici\/\",\"name\":\"O knji\\u017enici &ndash; Narodna knji\\u017enica Ston\",\"isPartOf\":{\"@id\":\"https:\/\/knjiznice.nsk.hr\/ston\/#website\"},\"datePublished\":\"2020-09-10T08:39:27+00:00\",\"dateModified\":\"2020-09-11T11:28:33+00:00\",\"breadcrumb\":{\"@id\":\"http:\/\/knjiznice.nsk.hr\/ston\/o-knjiznici\/#breadcrumb\"},\"inLanguage\":\"hr\",\"potentialAction\":[{\"@type\":\"ReadAction\",\"target\":[\"http:\/\/knjiznice.nsk.hr\/ston\/o-knjiznici\/\"]}]},{\"@type\":\"BreadcrumbList\",\"@id\":\"http:\/\/knjiznice.nsk.hr\/ston\/o-knjiznici\/#breadcrumb\",\"itemListElement\":[{\"@type\":\"ListItem\",\"position\":1,\"item\":{\"@type\":\"WebPage\",\"@id\":\"https:\/\/knjiznice.nsk.hr\/ston\/\",\"url\":\"https:\/\/knjiznice.nsk.hr\/ston\/\",\"name\":\"Po\\u010detna stranica\"}},{\"@type\":\"ListItem\",\"position\":2,\"item\":{\"@id\":\"http:\/\/knjiznice.nsk.hr\/ston\/o-knjiznici\/#webpage\"}}]}]}<\/script>\n<!-- \/ Yoast SEO plugin. -->","_links":{"self":[{"href":"https:\/\/knjiznice.nsk.hr\/ston\/wp-json\/wp\/v2\/pages\/79"}],"collection":[{"href":"https:\/\/knjiznice.nsk.hr\/ston\/wp-json\/wp\/v2\/pages"}],"about":[{"href":"https:\/\/knjiznice.nsk.hr\/ston\/wp-json\/wp\/v2\/types\/page"}],"author":[{"embeddable":true,"href":"https:\/\/knjiznice.nsk.hr\/ston\/wp-json\/wp\/v2\/users\/55"}],"replies":[{"embeddable":true,"href":"https:\/\/knjiznice.nsk.hr\/ston\/wp-json\/wp\/v2\/comments?post=79"}],"version-history":[{"count":3,"href":"https:\/\/knjiznice.nsk.hr\/ston\/wp-json\/wp\/v2\/pages\/79\/revisions"}],"predecessor-version":[{"id":153,"href":"https:\/\/knjiznice.nsk.hr\/ston\/wp-json\/wp\/v2\/pages\/79\/revisions\/153"}],"wp:attachment":[{"href":"https:\/\/knjiznice.nsk.hr\/ston\/wp-json\/wp\/v2\/media?parent=79"}],"curies":[{"name":"wp","href":"https:\/\/api.w.org\/{rel}","templated":true}]}}