{"id":4476,"date":"2026-04-08T07:03:16","date_gmt":"2026-04-08T07:03:16","guid":{"rendered":"https:\/\/knjiznice.nsk.hr\/ston\/?page_id=4476"},"modified":"2026-04-08T07:03:16","modified_gmt":"2026-04-08T07:03:16","slug":"financijski-izvjestaj-za-2026-godinu","status":"publish","type":"page","link":"https:\/\/knjiznice.nsk.hr\/ston\/financijski-izvjestaj-za-2026-godinu\/","title":{"rendered":"Financijski izvje\u0161taj za 2026. godinu"},"content":{"rendered":"<p><a href=\"http:\/\/knjiznice.nsk.hr\/ston\/wp-content\/uploads\/sites\/12\/2026\/04\/Obrasci_financijskih_izvjestaja-NK-STON-01-03.26.-1.pdf\">Financijski izvje\u0161taj za I-III 2026.&nbsp;<\/a><\/p>\n<p><a href=\"http:\/\/knjiznice.nsk.hr\/ston\/wp-content\/uploads\/sites\/12\/2026\/04\/potpisana-referentna_20260407_0001.pdf\">&nbsp;Referentna stranica za I-III 2026.<\/a><\/p>\n<p><a href=\"http:\/\/knjiznice.nsk.hr\/ston\/wp-content\/uploads\/sites\/12\/2026\/04\/Biljeske-uz-financijske-izvjestaje-razine-21-za-I-III-2026.docx\">Bilje\u0161ke uz financijske izvje\u0161taje&nbsp; za I &#8211; III 2026.<\/a><\/p>\n<p><a href=\"http:\/\/knjiznice.nsk.hr\/ston\/wp-content\/uploads\/sites\/12\/2026\/04\/Potvrda-5-1.pdf\">Potvrda o u\u010ditanom financijskom izvje\u0161\u0107u I-III 2026.<\/a><\/p>\n<p>&nbsp;<\/p>\n","protected":false},"excerpt":{"rendered":"<p>Financijski izvje\u0161taj za I-III 2026.&nbsp; &nbsp;Referentna stranica za I-III 2026. Bilje\u0161ke uz financijske izvje\u0161taje&nbsp; za I &#8211; III 2026. Potvrda o u\u010ditanom financijskom izvje\u0161\u0107u I-III 2026. &nbsp;<\/p>\n","protected":false},"author":55,"featured_media":0,"parent":0,"menu_order":0,"comment_status":"closed","ping_status":"closed","template":"","meta":{"ngg_post_thumbnail":0},"yoast_head":"<!-- This site is optimized with the Yoast SEO plugin v16.4 - https:\/\/yoast.com\/wordpress\/plugins\/seo\/ -->\n<meta name=\"robots\" content=\"index, follow, max-snippet:-1, max-image-preview:large, max-video-preview:-1\" \/>\n<link rel=\"canonical\" href=\"https:\/\/knjiznice.nsk.hr\/ston\/financijski-izvjestaj-za-2026-godinu\/\" \/>\n<meta property=\"og:locale\" content=\"hr_HR\" \/>\n<meta property=\"og:type\" content=\"article\" \/>\n<meta property=\"og:title\" content=\"Financijski izvje\u0161taj za 2026. godinu &ndash; Narodna knji\u017enica Ston\" \/>\n<meta property=\"og:description\" content=\"Financijski izvje\u0161taj za I-III 2026.&nbsp; &nbsp;Referentna stranica za I-III 2026. Bilje\u0161ke uz financijske izvje\u0161taje&nbsp; za I &#8211; III 2026. Potvrda o u\u010ditanom financijskom izvje\u0161\u0107u I-III 2026. &nbsp;\" \/>\n<meta property=\"og:url\" content=\"https:\/\/knjiznice.nsk.hr\/ston\/financijski-izvjestaj-za-2026-godinu\/\" \/>\n<meta property=\"og:site_name\" content=\"Narodna knji\u017enica Ston\" \/>\n<meta name=\"twitter:label1\" content=\"Procijenjeno vrijeme \u010ditanja\" \/>\n\t<meta name=\"twitter:data1\" content=\"1 minuta\" \/>\n<script type=\"application\/ld+json\" class=\"yoast-schema-graph\">{\"@context\":\"https:\/\/schema.org\",\"@graph\":[{\"@type\":\"WebSite\",\"@id\":\"http:\/\/knjiznice.nsk.hr\/ston\/#website\",\"url\":\"http:\/\/knjiznice.nsk.hr\/ston\/\",\"name\":\"Narodna knji\\u017enica Ston\",\"description\":\"\",\"potentialAction\":[{\"@type\":\"SearchAction\",\"target\":\"http:\/\/knjiznice.nsk.hr\/ston\/?s={search_term_string}\",\"query-input\":\"required name=search_term_string\"}],\"inLanguage\":\"hr\"},{\"@type\":\"WebPage\",\"@id\":\"https:\/\/knjiznice.nsk.hr\/ston\/financijski-izvjestaj-za-2026-godinu\/#webpage\",\"url\":\"https:\/\/knjiznice.nsk.hr\/ston\/financijski-izvjestaj-za-2026-godinu\/\",\"name\":\"Financijski izvje\\u0161taj za 2026. godinu &ndash; Narodna knji\\u017enica Ston\",\"isPartOf\":{\"@id\":\"http:\/\/knjiznice.nsk.hr\/ston\/#website\"},\"datePublished\":\"2026-04-08T07:03:16+00:00\",\"dateModified\":\"2026-04-08T07:03:16+00:00\",\"breadcrumb\":{\"@id\":\"https:\/\/knjiznice.nsk.hr\/ston\/financijski-izvjestaj-za-2026-godinu\/#breadcrumb\"},\"inLanguage\":\"hr\",\"potentialAction\":[{\"@type\":\"ReadAction\",\"target\":[\"https:\/\/knjiznice.nsk.hr\/ston\/financijski-izvjestaj-za-2026-godinu\/\"]}]},{\"@type\":\"BreadcrumbList\",\"@id\":\"https:\/\/knjiznice.nsk.hr\/ston\/financijski-izvjestaj-za-2026-godinu\/#breadcrumb\",\"itemListElement\":[{\"@type\":\"ListItem\",\"position\":1,\"item\":{\"@type\":\"WebPage\",\"@id\":\"http:\/\/knjiznice.nsk.hr\/ston\/\",\"url\":\"http:\/\/knjiznice.nsk.hr\/ston\/\",\"name\":\"Po\\u010detna stranica\"}},{\"@type\":\"ListItem\",\"position\":2,\"item\":{\"@id\":\"https:\/\/knjiznice.nsk.hr\/ston\/financijski-izvjestaj-za-2026-godinu\/#webpage\"}}]}]}<\/script>\n<!-- \/ Yoast SEO plugin. -->","_links":{"self":[{"href":"https:\/\/knjiznice.nsk.hr\/ston\/wp-json\/wp\/v2\/pages\/4476"}],"collection":[{"href":"https:\/\/knjiznice.nsk.hr\/ston\/wp-json\/wp\/v2\/pages"}],"about":[{"href":"https:\/\/knjiznice.nsk.hr\/ston\/wp-json\/wp\/v2\/types\/page"}],"author":[{"embeddable":true,"href":"https:\/\/knjiznice.nsk.hr\/ston\/wp-json\/wp\/v2\/users\/55"}],"replies":[{"embeddable":true,"href":"https:\/\/knjiznice.nsk.hr\/ston\/wp-json\/wp\/v2\/comments?post=4476"}],"version-history":[{"count":1,"href":"https:\/\/knjiznice.nsk.hr\/ston\/wp-json\/wp\/v2\/pages\/4476\/revisions"}],"predecessor-version":[{"id":4481,"href":"https:\/\/knjiznice.nsk.hr\/ston\/wp-json\/wp\/v2\/pages\/4476\/revisions\/4481"}],"wp:attachment":[{"href":"https:\/\/knjiznice.nsk.hr\/ston\/wp-json\/wp\/v2\/media?parent=4476"}],"curies":[{"name":"wp","href":"https:\/\/api.w.org\/{rel}","templated":true}]}}