{"id":1412,"date":"2022-08-03T08:03:55","date_gmt":"2022-08-03T08:03:55","guid":{"rendered":"http:\/\/knjiznice.nsk.hr\/ston\/?page_id=1412"},"modified":"2024-01-22T09:57:19","modified_gmt":"2024-01-22T09:57:19","slug":"dokumenti-i-izvjescaa","status":"publish","type":"page","link":"https:\/\/knjiznice.nsk.hr\/ston\/dokumenti-i-izvjescaa\/","title":{"rendered":"Dokumenti i izvje\u0161\u0107a"},"content":{"rendered":"<ul>\n<li><a href=\"http:\/\/knjiznice.nsk.hr\/ston\/financijski-izvjestaji-i-planovi\/\">Financijski izvje\u0161taji i planovi<\/a><\/li>\n<li><a href=\"http:\/\/knjiznice.nsk.hr\/ston\/izvjesca-o-provedbi-zakona-o-pravu-na-pristup-informacijama\/\">Izvje\u0161\u0107a o provedbi Zakona o pravu na pristup informacijama<\/a><\/li>\n<li><a href=\"http:\/\/knjiznice.nsk.hr\/ston\/izvjesca-o-radu\/\">Izvje\u0161\u0107a o radu<\/a><\/li>\n<li><a href=\"http:\/\/knjiznice.nsk.hr\/ston\/plan-nabave\/\">Plan nabave<\/a><\/li>\n<li><a href=\"http:\/\/knjiznice.nsk.hr\/ston\/1908-2\/\">Natje\u010daji<\/a><\/li>\n<\/ul>\n","protected":false},"excerpt":{"rendered":"<p>Financijski izvje\u0161taji i planovi Izvje\u0161\u0107a o provedbi Zakona o pravu na pristup informacijama Izvje\u0161\u0107a o radu Plan nabave Natje\u010daji<\/p>\n","protected":false},"author":55,"featured_media":0,"parent":0,"menu_order":0,"comment_status":"closed","ping_status":"closed","template":"","meta":{"ngg_post_thumbnail":0},"yoast_head":"<!-- This site is optimized with the Yoast SEO plugin v16.4 - https:\/\/yoast.com\/wordpress\/plugins\/seo\/ -->\n<meta name=\"robots\" content=\"index, follow, max-snippet:-1, max-image-preview:large, max-video-preview:-1\" \/>\n<link rel=\"canonical\" href=\"http:\/\/knjiznice.nsk.hr\/ston\/dokumenti-i-izvjescaa\/\" \/>\n<meta property=\"og:locale\" content=\"hr_HR\" \/>\n<meta property=\"og:type\" content=\"article\" \/>\n<meta property=\"og:title\" content=\"Dokumenti i izvje\u0161\u0107a &ndash; Narodna knji\u017enica Ston\" \/>\n<meta property=\"og:description\" content=\"Financijski izvje\u0161taji i planovi Izvje\u0161\u0107a o provedbi Zakona o pravu na pristup informacijama Izvje\u0161\u0107a o radu Plan nabave Natje\u010daji\" \/>\n<meta property=\"og:url\" content=\"http:\/\/knjiznice.nsk.hr\/ston\/dokumenti-i-izvjescaa\/\" \/>\n<meta property=\"og:site_name\" content=\"Narodna knji\u017enica Ston\" \/>\n<meta property=\"article:modified_time\" content=\"2024-01-22T09:57:19+00:00\" \/>\n<meta name=\"twitter:label1\" content=\"Procijenjeno vrijeme \u010ditanja\" \/>\n\t<meta name=\"twitter:data1\" content=\"1 minuta\" \/>\n<script type=\"application\/ld+json\" class=\"yoast-schema-graph\">{\"@context\":\"https:\/\/schema.org\",\"@graph\":[{\"@type\":\"WebSite\",\"@id\":\"https:\/\/knjiznice.nsk.hr\/ston\/#website\",\"url\":\"https:\/\/knjiznice.nsk.hr\/ston\/\",\"name\":\"Narodna knji\\u017enica Ston\",\"description\":\"\",\"potentialAction\":[{\"@type\":\"SearchAction\",\"target\":\"https:\/\/knjiznice.nsk.hr\/ston\/?s={search_term_string}\",\"query-input\":\"required name=search_term_string\"}],\"inLanguage\":\"hr\"},{\"@type\":\"WebPage\",\"@id\":\"http:\/\/knjiznice.nsk.hr\/ston\/dokumenti-i-izvjescaa\/#webpage\",\"url\":\"http:\/\/knjiznice.nsk.hr\/ston\/dokumenti-i-izvjescaa\/\",\"name\":\"Dokumenti i izvje\\u0161\\u0107a &ndash; Narodna knji\\u017enica Ston\",\"isPartOf\":{\"@id\":\"https:\/\/knjiznice.nsk.hr\/ston\/#website\"},\"datePublished\":\"2022-08-03T08:03:55+00:00\",\"dateModified\":\"2024-01-22T09:57:19+00:00\",\"breadcrumb\":{\"@id\":\"http:\/\/knjiznice.nsk.hr\/ston\/dokumenti-i-izvjescaa\/#breadcrumb\"},\"inLanguage\":\"hr\",\"potentialAction\":[{\"@type\":\"ReadAction\",\"target\":[\"http:\/\/knjiznice.nsk.hr\/ston\/dokumenti-i-izvjescaa\/\"]}]},{\"@type\":\"BreadcrumbList\",\"@id\":\"http:\/\/knjiznice.nsk.hr\/ston\/dokumenti-i-izvjescaa\/#breadcrumb\",\"itemListElement\":[{\"@type\":\"ListItem\",\"position\":1,\"item\":{\"@type\":\"WebPage\",\"@id\":\"https:\/\/knjiznice.nsk.hr\/ston\/\",\"url\":\"https:\/\/knjiznice.nsk.hr\/ston\/\",\"name\":\"Po\\u010detna stranica\"}},{\"@type\":\"ListItem\",\"position\":2,\"item\":{\"@id\":\"http:\/\/knjiznice.nsk.hr\/ston\/dokumenti-i-izvjescaa\/#webpage\"}}]}]}<\/script>\n<!-- \/ Yoast SEO plugin. -->","_links":{"self":[{"href":"https:\/\/knjiznice.nsk.hr\/ston\/wp-json\/wp\/v2\/pages\/1412"}],"collection":[{"href":"https:\/\/knjiznice.nsk.hr\/ston\/wp-json\/wp\/v2\/pages"}],"about":[{"href":"https:\/\/knjiznice.nsk.hr\/ston\/wp-json\/wp\/v2\/types\/page"}],"author":[{"embeddable":true,"href":"https:\/\/knjiznice.nsk.hr\/ston\/wp-json\/wp\/v2\/users\/55"}],"replies":[{"embeddable":true,"href":"https:\/\/knjiznice.nsk.hr\/ston\/wp-json\/wp\/v2\/comments?post=1412"}],"version-history":[{"count":11,"href":"https:\/\/knjiznice.nsk.hr\/ston\/wp-json\/wp\/v2\/pages\/1412\/revisions"}],"predecessor-version":[{"id":2945,"href":"https:\/\/knjiznice.nsk.hr\/ston\/wp-json\/wp\/v2\/pages\/1412\/revisions\/2945"}],"wp:attachment":[{"href":"https:\/\/knjiznice.nsk.hr\/ston\/wp-json\/wp\/v2\/media?parent=1412"}],"curies":[{"name":"wp","href":"https:\/\/api.w.org\/{rel}","templated":true}]}}