{"id":831,"date":"2016-10-11T13:09:05","date_gmt":"2016-10-11T13:09:05","guid":{"rendered":"http:\/\/knjiznice.nsk.hr\/senj\/?page_id=831"},"modified":"2019-05-03T07:39:41","modified_gmt":"2019-05-03T07:39:41","slug":"izjava-o-nepostojanju-sukoba-interesa","status":"publish","type":"page","link":"https:\/\/knjiznice.nsk.hr\/senj\/izjava-o-nepostojanju-sukoba-interesa\/","title":{"rendered":"Izjava o nepostojanju sukoba interesa"},"content":{"rendered":"<p><a href=\"http:\/\/knjiznice.nsk.hr\/senj\/wp-content\/uploads\/sites\/60\/2019\/05\/IMG_20190503_092430_resized_20190503_092441850.jpg\"><img loading=\"lazy\" src=\"http:\/\/knjiznice.nsk.hr\/senj\/wp-content\/uploads\/sites\/60\/2019\/05\/IMG_20190503_092430_resized_20190503_092441850-215x300.jpg\" alt=\"\" width=\"215\" height=\"300\" class=\"alignnone size-medium wp-image-1968\" srcset=\"https:\/\/knjiznice.nsk.hr\/senj\/wp-content\/uploads\/sites\/60\/2019\/05\/IMG_20190503_092430_resized_20190503_092441850-215x300.jpg 215w, https:\/\/knjiznice.nsk.hr\/senj\/wp-content\/uploads\/sites\/60\/2019\/05\/IMG_20190503_092430_resized_20190503_092441850-768x1072.jpg 768w, https:\/\/knjiznice.nsk.hr\/senj\/wp-content\/uploads\/sites\/60\/2019\/05\/IMG_20190503_092430_resized_20190503_092441850-733x1024.jpg 733w, https:\/\/knjiznice.nsk.hr\/senj\/wp-content\/uploads\/sites\/60\/2019\/05\/IMG_20190503_092430_resized_20190503_092441850-600x838.jpg 600w, https:\/\/knjiznice.nsk.hr\/senj\/wp-content\/uploads\/sites\/60\/2019\/05\/IMG_20190503_092430_resized_20190503_092441850.jpg 997w\" sizes=\"(max-width: 215px) 100vw, 215px\" \/><\/a><\/p>\n<p>IZJAVA O NEPOSTOJANJU SUKOBA INTERESA NA TEMELJU \u010cLANKA 80. ZAKONA O JAVNOJ NABAVI (\u201eNARODNE NOVINE\u201c BR.120\/16)<br \/>\nRavnateljice Gradske knji\u017enice Senj <\/p>\n<p>kojom ja, ANA PRPI\u0106 ROGI\u0106  na du\u017enosti ravnateljice Gradske knji\u017enice Senj<br \/>\nizjavljujem da kao privatna osoba<br \/>\n1.\tIstovremeno s obna\u0161anjem du\u017enosti<br \/>\n&#8211;\tne obavljam upravlja\u010dke poslove u gospodarskim subjektima<br \/>\nte da sa mnom povezane osobe (srodnici po krvi u prvoj liniji, srodnici u pobo\u010dnoj liniji do \u010detvrtog stupnja, srodnici po tazbini do drugog stupnja, bra\u010dni ili izvanbra\u010dni drug bez obzira da li je brak prestao, posvojitelj ili posvojenik) kao privatne osobe<br \/>\n&#8211;\tne obavljaju upravlja\u010de poslove u  gospodarskim subjektima<\/p>\n<p>2.<br \/>\n      &#8211;       nisam vlasnik poslovnog udjela, dionica odnosno drugih prava na temelju kojih bi sudjelovala u upravljanju odnosno kapitalu gospodarskih subjekata s vi\u0161e od 0,5%<\/p>\n<p>te da sa mnom povezane osobe (srodnici po krvi u prvoj liniji, srodnici u pobo\u010dnoj liniji do \u010detvrtog stupnja, srodnici po tazbini do drugog stupnja, bra\u010dni ili izvanbra\u010dni drug bez obzira da li je brak prestao, posvojitelj ili posvojenik) kao privatne osobe<br \/>\n&#8211;\tnisu vlasnici poslovnog udjela, dionica odnosno drugih prava na temelju kojih bi sudjelovao u upravljanju odnosno kapitalu gospodarskih subjekata s vi\u0161e od 0,5%<br \/>\nstoga<br \/>\nne postoje gospodarski subjekti s kojima Gradska knji\u017enica Senj ne smije sklapati ugovore o javnoj nabavi (u svojstvu ponuditelja, \u010dlana zajednice ponuditelja ili podugovaratelja odabranom ponuditelju).<br \/>\n\tSlijedom navedenog, a radi postupanja sukladno \u010dlanku 80. stavku 2. Zakona o javnoj nabavi, ova Izjava se objavljuje na internetskim stranicama Gradske knji\u017enice Senj, a ista \u0107e u slu\u010daju promjene biti a\u017eurirana bez odlaganja. <\/p>\n<p>                                                                                                                          RAVNATELJICA<br \/>\n\t\t\t\t\t\t\t\t       Ana Prpi\u0107 Rogi\u0107, prof. i dipl. bibl.<br \/>\nUrbroj: 2125-21\/19<br \/>\nSenj , 2. svibnja 2019.<\/p>\n","protected":false},"excerpt":{"rendered":"<p>IZJAVA O NEPOSTOJANJU SUKOBA INTERESA NA TEMELJU \u010cLANKA 80. ZAKONA O JAVNOJ NABAVI (\u201eNARODNE NOVINE\u201c BR.120\/16) Ravnateljice Gradske knji\u017enice Senj kojom ja, ANA PRPI\u0106 ROGI\u0106 na du\u017enosti ravnateljice Gradske knji\u017enice Senj izjavljujem da kao privatna osoba 1. Istovremeno s obna\u0161anjem du\u017enosti &#8211; ne obavljam upravlja\u010dke poslove u gospodarskim subjektima te da sa mnom povezane osobe [&hellip;]<\/p>\n","protected":false},"author":58,"featured_media":1968,"parent":0,"menu_order":0,"comment_status":"closed","ping_status":"closed","template":"","meta":{"ngg_post_thumbnail":0},"yoast_head":"<!-- This site is optimized with the Yoast SEO plugin v16.4 - https:\/\/yoast.com\/wordpress\/plugins\/seo\/ -->\n<meta name=\"robots\" content=\"index, follow, max-snippet:-1, max-image-preview:large, max-video-preview:-1\" \/>\n<link rel=\"canonical\" href=\"http:\/\/knjiznice.nsk.hr\/senj\/izjava-o-nepostojanju-sukoba-interesa\/\" \/>\n<meta property=\"og:locale\" content=\"hr_HR\" \/>\n<meta property=\"og:type\" content=\"article\" \/>\n<meta property=\"og:title\" content=\"Izjava o nepostojanju sukoba interesa - Gradska knji\u017enica Senj\" \/>\n<meta property=\"og:description\" content=\"IZJAVA O NEPOSTOJANJU SUKOBA INTERESA NA TEMELJU \u010cLANKA 80. ZAKONA O JAVNOJ NABAVI (\u201eNARODNE NOVINE\u201c BR.120\/16) Ravnateljice Gradske knji\u017enice Senj kojom ja, ANA PRPI\u0106 ROGI\u0106 na du\u017enosti ravnateljice Gradske knji\u017enice Senj izjavljujem da kao privatna osoba 1. Istovremeno s obna\u0161anjem du\u017enosti &#8211; ne obavljam upravlja\u010dke poslove u gospodarskim subjektima te da sa mnom povezane osobe [&hellip;]\" \/>\n<meta property=\"og:url\" content=\"http:\/\/knjiznice.nsk.hr\/senj\/izjava-o-nepostojanju-sukoba-interesa\/\" \/>\n<meta property=\"og:site_name\" content=\"Gradska knji\u017enica Senj\" \/>\n<meta property=\"article:publisher\" content=\"http:\/\/facebook.com\/Gradska-knji%c5%benica-SENJ\" \/>\n<meta property=\"article:modified_time\" content=\"2019-05-03T07:39:41+00:00\" \/>\n<meta property=\"og:image\" content=\"http:\/\/knjiznice.nsk.hr\/senj\/wp-content\/uploads\/sites\/60\/2019\/05\/IMG_20190503_092430_resized_20190503_092441850.jpg\" \/>\n\t<meta property=\"og:image:width\" content=\"997\" \/>\n\t<meta property=\"og:image:height\" content=\"1392\" \/>\n<meta name=\"twitter:label1\" content=\"Procijenjeno vrijeme \u010ditanja\" \/>\n\t<meta name=\"twitter:data1\" content=\"1 minuta\" \/>\n<script type=\"application\/ld+json\" class=\"yoast-schema-graph\">{\"@context\":\"https:\/\/schema.org\",\"@graph\":[{\"@type\":\"WebSite\",\"@id\":\"https:\/\/knjiznice.nsk.hr\/senj\/#website\",\"url\":\"https:\/\/knjiznice.nsk.hr\/senj\/\",\"name\":\"Gradska knji\\u017enica Senj\",\"description\":\"S vama od 1835. godine\",\"potentialAction\":[{\"@type\":\"SearchAction\",\"target\":\"https:\/\/knjiznice.nsk.hr\/senj\/?s={search_term_string}\",\"query-input\":\"required name=search_term_string\"}],\"inLanguage\":\"hr\"},{\"@type\":\"ImageObject\",\"@id\":\"http:\/\/knjiznice.nsk.hr\/senj\/izjava-o-nepostojanju-sukoba-interesa\/#primaryimage\",\"inLanguage\":\"hr\",\"url\":\"https:\/\/knjiznice.nsk.hr\/senj\/wp-content\/uploads\/sites\/60\/2019\/05\/IMG_20190503_092430_resized_20190503_092441850.jpg\",\"contentUrl\":\"https:\/\/knjiznice.nsk.hr\/senj\/wp-content\/uploads\/sites\/60\/2019\/05\/IMG_20190503_092430_resized_20190503_092441850.jpg\",\"width\":997,\"height\":1392},{\"@type\":\"WebPage\",\"@id\":\"http:\/\/knjiznice.nsk.hr\/senj\/izjava-o-nepostojanju-sukoba-interesa\/#webpage\",\"url\":\"http:\/\/knjiznice.nsk.hr\/senj\/izjava-o-nepostojanju-sukoba-interesa\/\",\"name\":\"Izjava o nepostojanju sukoba interesa - Gradska knji\\u017enica Senj\",\"isPartOf\":{\"@id\":\"https:\/\/knjiznice.nsk.hr\/senj\/#website\"},\"primaryImageOfPage\":{\"@id\":\"http:\/\/knjiznice.nsk.hr\/senj\/izjava-o-nepostojanju-sukoba-interesa\/#primaryimage\"},\"datePublished\":\"2016-10-11T13:09:05+00:00\",\"dateModified\":\"2019-05-03T07:39:41+00:00\",\"breadcrumb\":{\"@id\":\"http:\/\/knjiznice.nsk.hr\/senj\/izjava-o-nepostojanju-sukoba-interesa\/#breadcrumb\"},\"inLanguage\":\"hr\",\"potentialAction\":[{\"@type\":\"ReadAction\",\"target\":[\"http:\/\/knjiznice.nsk.hr\/senj\/izjava-o-nepostojanju-sukoba-interesa\/\"]}]},{\"@type\":\"BreadcrumbList\",\"@id\":\"http:\/\/knjiznice.nsk.hr\/senj\/izjava-o-nepostojanju-sukoba-interesa\/#breadcrumb\",\"itemListElement\":[{\"@type\":\"ListItem\",\"position\":1,\"item\":{\"@type\":\"WebPage\",\"@id\":\"https:\/\/knjiznice.nsk.hr\/senj\/\",\"url\":\"https:\/\/knjiznice.nsk.hr\/senj\/\",\"name\":\"Po\\u010detna stranica\"}},{\"@type\":\"ListItem\",\"position\":2,\"item\":{\"@id\":\"http:\/\/knjiznice.nsk.hr\/senj\/izjava-o-nepostojanju-sukoba-interesa\/#webpage\"}}]}]}<\/script>\n<!-- \/ Yoast SEO plugin. -->","_links":{"self":[{"href":"https:\/\/knjiznice.nsk.hr\/senj\/wp-json\/wp\/v2\/pages\/831"}],"collection":[{"href":"https:\/\/knjiznice.nsk.hr\/senj\/wp-json\/wp\/v2\/pages"}],"about":[{"href":"https:\/\/knjiznice.nsk.hr\/senj\/wp-json\/wp\/v2\/types\/page"}],"author":[{"embeddable":true,"href":"https:\/\/knjiznice.nsk.hr\/senj\/wp-json\/wp\/v2\/users\/58"}],"replies":[{"embeddable":true,"href":"https:\/\/knjiznice.nsk.hr\/senj\/wp-json\/wp\/v2\/comments?post=831"}],"version-history":[{"count":6,"href":"https:\/\/knjiznice.nsk.hr\/senj\/wp-json\/wp\/v2\/pages\/831\/revisions"}],"predecessor-version":[{"id":1969,"href":"https:\/\/knjiznice.nsk.hr\/senj\/wp-json\/wp\/v2\/pages\/831\/revisions\/1969"}],"wp:featuredmedia":[{"embeddable":true,"href":"https:\/\/knjiznice.nsk.hr\/senj\/wp-json\/wp\/v2\/media\/1968"}],"wp:attachment":[{"href":"https:\/\/knjiznice.nsk.hr\/senj\/wp-json\/wp\/v2\/media?parent=831"}],"curies":[{"name":"wp","href":"https:\/\/api.w.org\/{rel}","templated":true}]}}