{"id":827,"date":"2016-10-11T13:10:04","date_gmt":"2016-10-11T13:10:04","guid":{"rendered":"http:\/\/knjiznice.nsk.hr\/senj\/?page_id=827"},"modified":"2021-02-10T08:25:16","modified_gmt":"2021-02-10T08:25:16","slug":"pravilnik-o-provedbi-postupka-nabave-bagatelne-vrijednosti","status":"publish","type":"page","link":"https:\/\/knjiznice.nsk.hr\/senj\/pravilnik-o-provedbi-postupka-nabave-bagatelne-vrijednosti\/","title":{"rendered":"PRAVILNIK O PROVEDBI POSTUPAKA JEDNOSTAVNE NABAVE"},"content":{"rendered":"<p>Na temelju \u010dlanka 15. Zakona o javnoj nabavi (\u201eNarodne novine\u201c broj 120\/16) i \u010dlanka 15.<br \/>\nStatuta Gradske knji\u017enice Senj, a uz prethodnu suglasnost Gradona\u010delnika Grada Senja (KLASA: 612-04\/20-01\/06, URBROJ: 2125-03\/02-21-02)  ravnateljica dana 10.velja\u010de 2021.g donosi<\/p>\n<p>PRAVILNIK O PROVEDBI POSTUPAKA JEDNOSTAVNE NABAVE<br \/>\nU GRADSKOJ KNJI\u017dNICI SENJ<\/p>\n<p>I. OP\u0106E ODREDBE<br \/>\n\u010clanak 1.<br \/>\nU svrhu po\u0161tivanja osnovnih na\u010dela javne nabave te zakonitog, namjenskog i svrhovitog<br \/>\ntro\u0161enja prora\u010dunskih sredstava, ovim se Pravilnikom ure\u0111uje postupak koji prethodi stvaranju<br \/>\nugovornog odnosa za nabavu robe, radova i usluga, procijenjene vrijednosti do 200.000,00 kuna<br \/>\nza nabavu roba i usluga, odnosno 500.000,00 kuna za nabavu radova (u daljnjem tekstu:<br \/>\njednostavna nabava) za koje sukladno odredbama Zakona o javnoj nabavi ne postoji obveza<br \/>\nprovedbe postupaka javne nabave.<br \/>\nU provedbi postupaka nabave robe, radova i usluga osim ovog Pravilnika, obvezno je<br \/>\nprimjenjivati i druge va\u017ee\u0107e zakonske i podzakonske akte, kao i interne akte, a koji se odnose na<br \/>\npojedini predmet nabave u smislu posebnih zakona (npr. Zakon o obveznim odnosima, Zakon o<br \/>\nprostornom ure\u0111enju i gradnji i dr.).<\/p>\n<p>II. SPRJE\u010cAVANJE SUKOBA INTERESA<br \/>\n\u010clanak 2.<br \/>\nO sukobu interesa na odgovaraju\u0107i se na\u010din primjenjuju odredbe Zakona o javnoj nabavi.<\/p>\n<p>III. POKRETANJE I PRIPREMA POSTUPKA JEDNOSTAVNE NABAVE<br \/>\n\u010clanak 3.<br \/>\nPripremu i provedbu postupaka jednostavne nabave vrijednosti jednake ili ve\u0107e od<br \/>\n70.000,00 kuna provode ovla\u0161teni predstavnici naru\u010ditelja koje imenuje ravnateljica internom<br \/>\nodlukom, te odre\u0111uje njihove obveze i ovlasti u postupku jednostavne nabave.<br \/>\nOvla\u0161teni predstavnici naru\u010ditelja mogu biti i druge osobe, ako imaju utjecaj na<br \/>\nodlu\u010divanje i\/ili druge radnje u vezi s pojedinim postupkom jednostavne nabave. Obveze i<br \/>\novlasti ovla\u0161tenih predstavnika naru\u010ditelja su:<br \/>\npriprema postupka jednostavne nabave: dogovor uvjeta vezanih uz predmet nabave,<br \/>\npotrebnog sadr\u017eaja dokumentacije za prikupljanje ponuda, tehni\u010dkih specifikacija,<br \/>\nponudbenih tro\u0161kovnika i ostalih dokumenata vezanih uz predmetnu nabavu,<br \/>\nprovedba postupka jednostavne nabave: slanje Poziva na dostavu ponuda gospodarskim<br \/>\nsubjektima na dokaziv na\u010din, slanje i objava Poziva na dostavu ponuda na web stranici<br \/>\nnaru\u010ditelja, otvaranje pristiglih ponuda, sastavljanje zapisnika o otvaranju, pregledu i<br \/>\nocjena ponuda, rangiranje ponuda sukladno kriteriju za odabir ponuda, prijedlog za<br \/>\nodabir najpovoljnije ponude sukladno kriteriju za odabir i uvjetima propisanim<br \/>\ndokumentacijom\/uputama za prikupljanje ponuda ili poni\u0161tenje postupka.<br \/>\nU pripremi i provedbi postupka jednostavne nabave iznad 70.000,00 kuna moraju<br \/>\nsudjelovati najmanje 3 (tri) ovla\u0161tena predstavnika, od kojih 1 (jedan) mo\u017ee imati va\u017ee\u0107i<br \/>\ncertifikat iz podru\u010dja javne nabave.<br \/>\nPripremu i provedbu postupka jednostavne nabave vrijednosti jednake ili ve\u0107e od<br \/>\n20.000,00 kuna, a manje od 70.000,00 kuna provodi voditelj tehni\u010dke slu\u017ebe, prema Planu<br \/>\nnabave naru\u010ditelja.<br \/>\nPriprema i provedba postupka jednostavne nabave vrijednosti do 20.000,00 kuna<br \/>\nprovodi se sukladno \u010dlanku 6. ovog Pravilnika.<\/p>\n<p>\u010clanak 4.<br \/>\nJednostavna nabava vrijednosti jednake ili ve\u0107e od 20.000,00 kuna mora biti uskla\u0111ena s<br \/>\nPlanom nabave naru\u010ditelja.<br \/>\nJednostavna nabava vrijednosti jednake ili ve\u0107e od 70.000,00 kuna zapo\u010dinje danom<br \/>\nslanja Zahtjeva za pripremu i po\u010detak postupka jednostavne nabave i upu\u0107uje se ravnateljici.<\/p>\n<p>\u010clanak 5.<br \/>\nOdgovorna osoba naru\u010ditelja donosi Odluku o po\u010detku postupka jednostavne nabave<br \/>\nvrijednosti jednake ili ve\u0107e od 70.000,00 kuna, koja obavezno sadr\u017ei:<br \/>\n&#8211; naziv predmeta nabave,<br \/>\n&#8211; procijenjenu vrijednosti nabave,<br \/>\n&#8211; podatke o osobama koje provode postupak,<br \/>\na mo\u017ee sadr\u017eavati i podatke o ponuditeljima kojima \u0107e se uputiti poziv na dostavu ponude te<br \/>\nostale bitne podatke.<\/p>\n<p>IV. PROVEDBA POSTUPKA JEDNOSTAVNE NABAVE \u010cIJA JE PROCIJENJENA VRIJEDNOSTI<br \/>\nMANJA OD 20.000,00 KUNA<br \/>\n\u010clanak 6.<br \/>\nNabava radova, roba i usluga procijenjene vrijednosti manje od 20.000,00 kuna, provodi<br \/>\nse izdavanjem narud\u017ebenice ili zaklju\u010divanjem ugovora s jednim gospodarskim subjektom po<br \/>\nvlastitom izboru.<br \/>\nNarud\u017ebenica obavezno sadr\u017ei podatke o: izdavatelju narud\u017ebenice, vrsti<br \/>\nroba\/radova\/usluga koje se nabavljaju uz detaljnu specifikaciju jedinica mjere, koli\u010dina,<br \/>\njedini\u010dnih cijena te ukupnih cijena, roku i mjestu isporuke, na\u010dinu i roku pla\u0107anja, gospodarskom<br \/>\nsubjektu-dobavlja\u010du.<br \/>\nNarud\u017ebenicu potpisuje osoba koja je nabavu inicirala i ravnateljica koja odobrava<br \/>\nnabavu. Ugovor obavezno sadr\u017ei podatke o ugovornim stranama koje sklapaju ugovor, mjestu<br \/>\nsklapanja ugovora, predmetu ugovora, cijeni i ostalim bitnim sastojcima ugovora sukladno<br \/>\nZakonu o obveznim odnosima.<br \/>\nUgovor potpisuje ravnateljica.<\/p>\n<p>V. PROVEDBA POSTUPKA JEDNOSTAVNE NABAVE \u010cIJA JE<br \/>\nPROCIJENJENA VRIJEDNOST JEDNAKA ILI VE\u0106A OD 20.000,00 KUNA, A<br \/>\nMANJA OD 70.000,00 KUNA<br \/>\n\u010clanak 7.<br \/>\nNabavu radova, roba i usluga procijenjene vrijednosti jednake ili ve\u0107e od 20.000,00 kuna,<br \/>\na manja od 70.000,00 kuna, naru\u010ditelj provodi pozivom na dostavu ponuda od najmanje 3 (tri)<br \/>\ngospodarska subjekta po vlastitom izboru.<br \/>\nPoziv na dostavu ponuda upu\u0107uje se na na\u010din koji omogu\u0107uje dokazivanje da je isti<br \/>\nzaprimljen od strane gospodarskog subjekta (dostavnica, povratnica, izvje\u0161\u0107e o uspje\u0161nom<br \/>\nslanju telefaksom, potvrda e-mailom).<br \/>\nPoziv na dostavu ponuda mora sadr\u017eavati najmanje: naziv javnog naru\u010ditelja, opis<br \/>\npredmeta nabave, tro\u0161kovnik, procijenjenu vrijednost nabave, kriterij za odabir ponude, uvjete i<br \/>\nzahtjeve koje ponuditelji trebaju ispuniti (ako se tra\u017ei), rok za dostavu ponude i na\u010din<br \/>\ndostavljanja ponuda, kontakt osobu, broj telefona i adresu elektroni\u010dke po\u0161te.<br \/>\nRok za dostavu ponuda ne smije biti du\u017ei od 8 dana od dana upu\u0107ivanja poziva.<br \/>\nZa odabir ponude je dovoljna jedna (1) pristigla ponuda koja udovoljava svim tra\u017eenim<br \/>\nuvjetima naru\u010ditelja.<br \/>\nRadnik koji provodi postupak nabave daje prijedlog za odabir ravnateljici.<br \/>\nObavijest o odabiru ili ne odabiru ponude naru\u010ditelj je obvezan bez odgode istovremeno<br \/>\ndostaviti svakom ponuditelju na dokaziv na\u010din (dostavnica, povratnica, izvje\u0161\u0107e o uspje\u0161nom<br \/>\nslanju telefaksom, potvrda e-mailom) u primjerenom roku.<br \/>\nJednostavna nabava vrijednosti jednake ili ve\u0107e od 20.000,00 kuna, a manja od 70.000,00<br \/>\nkuna, provodi se izdavanjem narud\u017ebenice ili zaklju\u010divanjem ugovora s odabranim<br \/>\ngospodarskim subjektom.<br \/>\nNarud\u017ebenicu potpisuje osoba koja je nabavu inicirala i ravnateljica koja odobrava<br \/>\nnabavu. Ugovor potpisuje ravnateljica.<br \/>\nIznimno, ovisno o prirodi predmeta nabave i razini tr\u017ei\u0161nog natjecanja, poziv na dostavu<br \/>\nponuda mo\u017ee se uputiti najmanje 1 (jednom) gospodarskom subjektu, u slu\u010dajevima:<br \/>\n&#8211; kad to zahtijevaju tehni\u010dki ili umjetni\u010dki razlozi, kod za\u0161tite isklju\u010divih prava i na temelju<br \/>\nisklju\u010divih prava na temelju posebnih Zakona i dr. propisa,<br \/>\n&#8211; kod hotelskih i restoranskih usluga, odvjetni\u010dkih usluga, javnobilje\u017eni\u010dkih usluga,<br \/>\nzdravstvenih usluga, socijalnih usluga, usluga obrazovanja, konzultantskih usluga,<br \/>\nkonzervatorskih usluga, usluga vje\u0161taka, usluga teku\u0107eg odr\u017eavanja skloni\u0161ta kod kojih<br \/>\nje uvjet da ponuditelj posjeduje ovla\u0161tenje za obavljanje poslova,<br \/>\n&#8211; kada je to potrebno zbog obavljanja usluga ili radova na dovr\u0161enju zapo\u010detih, a<br \/>\npovezanih funkcionalnih ili prostornih cjelina,<br \/>\n&#8211; kao i u slu\u010daju provedbe nabave koja zahtijeva \u017eurnost te u ostalim slu\u010dajevima po<br \/>\nOdluci naru\u010ditelja.<\/p>\n<p>VI. PROVEDBA POSTUPKA JEDNOSTAVNE NABAVE \u010cIJA JE<br \/>\nPROCIJENJENA VRIJEDNOST JEDNAKA ILI VE\u0106A OD 70.000,00 KUNA, A<br \/>\nMANJA OD 200.000,00 (500.000,00) KUNA<br \/>\n\u010clanak 8.<br \/>\nKod postupaka jednostavne nabave vrijednosti jednake ili ve\u0107e od 70.000,00 kuna, a<br \/>\nmanje od 200.000,00 kuna za nabavu robu i usluga odnosno do 500.000,00 kuna za radove,<br \/>\nistodobno sa objavom poziva za dostavu ponuda na svojim internetskim stranicama naru\u010ditelj<br \/>\nmo\u017ee poslati i poziv na dostavu ponuda na adrese najmanje 3 (tri) gospodarska subjekta po<br \/>\nvlastitom izboru.<br \/>\nPoziv mora biti dostupan na internetskim stranicama najmanje 30 dana od dana njegove<br \/>\nobjave.<br \/>\nPoziv na dostavu ponuda upu\u0107uje se na na\u010din koji omogu\u0107uje dokazivanje da je isti<br \/>\nzaprimljen od strane gospodarskog subjekta (dostavnica, povratnica, izvje\u0161\u0107e o uspje\u0161nom<br \/>\nslanju telefaksom, potvrda e-mailom).<br \/>\nPoziv na dostavu ponuda mora sadr\u017eavati najmanje: naziv javnog naru\u010ditelja, opis<br \/>\npredmeta nabave i tro\u0161kovnik, procijenjenu vrijednost nabave, kriterij za odabir ponude, uvjete i<br \/>\nzahtjeve koje ponuditelji trebaju ispuniti (ako se tra\u017ei), rok za dostavu ponude (datum i<br \/>\nvrijeme), na\u010din dostavljanja ponuda, adresu na koje se ponude dostavljaju, internetsku adresu ili<br \/>\nadresu na kojoj se mo\u017ee preuzeti dodatna dokumentacija ako je potrebno, kontakt osobu, broj<br \/>\ntelefona i adresu elektroni\u010dke po\u0161te, datum objave poziva na internetskim stranicama. Rok za<br \/>\ndostavu ponuda ne smije biti du\u017ei od 15 dana od dana upu\u0107ivanja odnosno objavljivanja poziva<br \/>\nza dostavu ponuda.<br \/>\nZa odabir ponude je dovoljna jedna (1) pristigla ponuda koja udovoljava svim tra\u017eenim<br \/>\nuvjetima naru\u010ditelja.<br \/>\nIznimno, ovisno o prirodi predmeta nabave i razini tr\u017ei\u0161nog natjecanja, poziv na dostavu<br \/>\nponuda mo\u017ee se uputiti najmanje 1 (jednom) gospodarskom subjektu, u slu\u010dajevima:<br \/>\n&#8211; kad to zahtijevaju tehni\u010dki ili umjetni\u010dki razlozi, kod za\u0161tite isklju\u010divih prava i na temelju<br \/>\nisklju\u010divih prava na temelju posebnih Zakona i dr. propisa,<br \/>\n&#8211; kod hotelskih i restoranskih usluga, odvjetni\u010dkih usluga, javnobilje\u017eni\u010dkih usluga,<br \/>\nzdravstvenih usluga, socijalnih usluga, usluga obrazovanja, konzultantskih usluga,<br \/>\nkonzervatorskih usluga, usluga vje\u0161taka, usluga teku\u0107eg odr\u017eavanja skloni\u0161ta kod kojih<br \/>\nje uvjet da ponuditelj posjeduje ovla\u0161tenje za obavljanje poslova,<br \/>\n&#8211; kada je to potrebno zbog obavljanja usluga ili radova na dovr\u0161enju zapo\u010detih, a<br \/>\npovezanih funkcionalnih ili prostornih cjelina,<br \/>\n&#8211; kao i u slu\u010daju provedbe nabave koja zahtijeva \u017eurnost te u ostalim slu\u010dajevima po<br \/>\nOdluci naru\u010ditelja.<br \/>\nPoziv na dostavu ponuda koji se upu\u0107uje najmanje 1 (jednom) gospodarskom subjektu u<br \/>\niznimnim slu\u010dajevima iz prethodnog stavka ovog \u010dlanka ne objavljuje se na internetskim<br \/>\nstranicama naru\u010ditelja.<\/p>\n<p>VII. RAZLOZI ISKLJU\u010cENJA, KRITERIJI ZA ODABIR I JAMSTVA<br \/>\n\u010clanak 9.<br \/>\nZa jednostavne nabave vrijednosti jednake ili ve\u0107e od 20.000,00 kuna, Naru\u010ditelj mo\u017ee u<br \/>\npozivu za dostavu ponuda odrediti razloge isklju\u010denja i kriterije za odabir ponuditelja uz shodnu<br \/>\nprimjenu odredbi Zakona o javnoj nabavi, te u tom slu\u010daju svi dokumenti koje naru\u010ditelj tra\u017ei<br \/>\nponuditelji mogu dostaviti u neovjerenoj preslici.<br \/>\nNeovjerenom preslikom smatra se i neovjereni ispis elektroni\u010dke isprave.<\/p>\n<p>\u010clanak 10.<br \/>\nZa jednostavne nabave vrijednosti jednake ili ve\u0107e od 20.000,00 kuna, Naru\u010ditelj u<br \/>\npostupku nabave mo\u017ee od gospodarskih subjekata tra\u017eiti jamstvo za ozbiljnost ponude, jamstvo<br \/>\nza uredno ispunjenje ugovora, jamstvo za otklanjanje nedostataka u jamstvenom roku, jamstvo o<br \/>\nosiguranju za pokri\u0107e odgovornosti iz djelatnosti te jamstvo za povrat avansa na koje se na<br \/>\nodgovaraju\u0107i na\u010din primjenjuju odredbe Zakona o javnoj nabavi.<\/p>\n<p>VIII. ZAPRIMANJE, IZRADA I DOSTAVA PONUDA<\/p>\n<p>\u010clanak 11.<br \/>\nZa jednostavne nabave vrijednosti jednake ili ve\u0107e od 70.000,00 kuna na odredbe o<br \/>\nzaprimanju dostavljenih ponuda i na odredbe o sadr\u017eaju i na\u010dinu izrade te na\u010dinu dostave<br \/>\nponuda na odgovaraju\u0107i se na\u010din primjenjuju odredbe Zakona o javnoj nabavi.<br \/>\nZa jednostavne nabave vrijednosti do 70.000,00 kuna ponude se zaprimaju na dokaziv<br \/>\nna\u010din (email, fax, osobna dostava, po\u0161tom i sl.).<\/p>\n<p>IX. OTVARANJE, PREGLED I OCJENA PONUDA<\/p>\n<p>\u010clanak 12.<br \/>\nOtvaranje ponuda obavlja se kod svih postupaka jednostavne nabave vrijednosti jednake<br \/>\nili ve\u0107e 70.000,00 kuna. Otvaranje ponuda mo\u017ee biti javno.<br \/>\nKod postupaka jednostavne nabave vrijednosti iz stavka 1. ovog \u010dlanka najmanje 2 (dva)<br \/>\novla\u0161tena predstavnika naru\u010ditelja otvaraju ponude u roku od 3 (tri) dana od isteka roka za<br \/>\ndostavu ponuda i o tome sastavljaju zapisnik.<br \/>\nU slu\u010daju odbijanja ponuda odgovaraju\u0107e se primjenjuje odredbe Zakona o javnoj nabavi.<br \/>\nOvla\u0161teni predstavnici naru\u010ditelja pregledavaju i ocjenjuju ponude na temelju uvjeta i zahtjeva iz<br \/>\npoziva na dostavu ponuda.<br \/>\nU postupku pregleda i ocjene ponude mo\u017ee sudjelovati najmanje jedan ovla\u0161teni<br \/>\npredstavnik naru\u010ditelja koji posjeduje va\u017ee\u0107i certifikat u podru\u010dju javne nabave.<br \/>\nPostupak pregleda i ocjene ponuda obavljaju stru\u010dne osobe i \/ili stru\u010dne slu\u017ebe<br \/>\nnaru\u010ditelja, te ako je potrebno neovisne stru\u010dne osobe, te se o istome sastavlja zapisnik.<\/p>\n<p>X. KRITERIJ ZA ODABIR PONUDE<br \/>\n\u010clanak 13.<br \/>\nKriterij za odabir ponude je najni\u017ea cijena (do 30. lipnja 2017.), odnosno ekonomski<br \/>\nnajpovoljnija ponuda (od 1. srpnja 2017.). Ekonomski najpovoljnija ponuda utvr\u0111uje se na<br \/>\ntemelju cijene ili tro\u0161ka, primjenom pristupa isplativosti, kao \u0161to je tro\u0161ak \u017eivotnog vijeka te<br \/>\nmo\u017ee uklju\u010divati najbolji omjer izme\u0111u cijene i kvalitete, koji se ocjenjuje na temelju kriterija,<br \/>\nuklju\u010duju\u0107i kvalitativne, okoli\u0161ne ili dru\u0161tvene zna\u010dajke, povezanih s predmetom nabave. U<br \/>\nzapisniku o otvaranju, pregledu i ocjeni ponuda potrebno obrazlo\u017eiti izabranu ponudu.<\/p>\n<p>XI. ODABIR I PONI\u0160TENJE POSTUPKA<br \/>\n\u010clanak 14.<br \/>\nKod jednostavne nabave vrijednosti jednake ili ve\u0107e 70.000,00 kuna, Naru\u010ditelj na osnovi<br \/>\nrezultata pregleda i ocjene ponuda donosi Obavijest o odabiru najpovoljnije ponude koji se<br \/>\ntemelji na kriteriju za odabir ponude.<br \/>\nObavijest o odabiru najpovoljnije ponude obvezno sadr\u017ei:<br \/>\n1. podatke o naru\u010ditelju,<br \/>\n2. predmet nabave za koje se donosi obavijest,<br \/>\n3. naziv ponuditelja \u010dija je ponuda odabrana za sklapanje ugovora o nabavi,<br \/>\n4. razloge odbijanja ponuda,<br \/>\n5. datum dono\u0161enja i potpis odgovorne osobe.<br \/>\nObavijest o odabiru najpovoljnije ponude s preslikom zapisnika o otvaranju, pregledu i<br \/>\nocjeni ponuda naru\u010ditelj je obvezan bez odgode istovremeno dostaviti svakom ponuditelju na<br \/>\ndokaziv na\u010din (dostavnica, povratnica, izvje\u0161\u0107e o uspje\u0161nom slanju telefaksom, potvrda emailom,<br \/>\nobjavom na internetskim stranicama naru\u010ditelja).<br \/>\nRok za dono\u0161enje Obavijesti o odabiru najpovoljnije ponude iznosi 10 dana od isteka<br \/>\nroka za dostavu ponuda.<br \/>\nNaru\u010ditelj objavom obavijesti o odabiru najpovoljnije ponude odnosno njenom<br \/>\nizvr\u0161enom dostavom na dokaziv na\u010din stje\u010de uvjete za sklapanje ugovora o nabavi.<br \/>\n\u010clanak 15.<br \/>\nNaru\u010ditelj \u0107e poni\u0161titi postupak jednostavne nabave vrijednosti jednake ili ve\u0107e<br \/>\n70.000,00 kuna zbog razloga propisanih odredbama Zakona o javnoj nabavi.<br \/>\nAko postoje razlozi za poni\u0161tenje postupka jednostavne nabave, naru\u010ditelj bez odgode<br \/>\ndonosi Obavijest o poni\u0161tenju postupka jednostavne nabave.<br \/>\nU Obavijesti o poni\u0161tenju postupka jednostavne nabave, naru\u010ditelj navodi:<br \/>\n1. podatke o naru\u010ditelju,<br \/>\n2. predmet nabave,<br \/>\n3. obavijest o poni\u0161tenju,<br \/>\n4. obrazlo\u017eenje razloga poni\u0161tenja,<br \/>\n5. datum dono\u0161enja i potpis odgovorne osobe.<br \/>\nRok za dono\u0161enje Obavijesti o poni\u0161tenju postupka jednostavne nabave iznosi 10 dana<br \/>\nod isteka roka za dostavu ponuda.<br \/>\nObavijest o poni\u0161tenju postupka jednostavne nabave s preslikom zapisnika o otvaranju,<br \/>\npregledu i ocjeni ponuda naru\u010ditelj je obvezan bez odgode istovremeno dostaviti svakom<br \/>\nponuditelju na dokaziv na\u010din (dostavnica, povratnica, izvje\u0161\u0107e o uspje\u0161nom slanju telefaksom,<br \/>\npotvrda emailom, objavom na internetskim stranicama naru\u010ditelja).<\/p>\n<p>XII. PRIJELAZNE I ZAVR\u0160NE ODREDBE<br \/>\n\u010clanak 16.<br \/>\nOvaj Pravilnik stupa na snagu danom dono\u0161enja.<br \/>\nStupanjem na snagu ovoga Pravilnika prestaje vrijediti Pravilnik o provedbi postupka nabave bagatelne vrijednosti (urbroj-2125-39-3\/16, 27.svibnja 2016.g)<\/p>\n<p>Senj, 10.2.2021.<br \/>\nUrbroj: 2125-11-1\/21                                                                           <\/p>\n<p>                                                                                                                    ravnateljica Gradske knji\u017enice Senj<br \/>\nAna Prpi\u0107 Rogi\u0107, prof. i dipl. bibl.<\/p>\n","protected":false},"excerpt":{"rendered":"<p>Na temelju \u010dlanka 15. Zakona o javnoj nabavi (\u201eNarodne novine\u201c broj 120\/16) i \u010dlanka 15. Statuta Gradske knji\u017enice Senj, a uz prethodnu suglasnost Gradona\u010delnika Grada Senja (KLASA: 612-04\/20-01\/06, URBROJ: 2125-03\/02-21-02) ravnateljica dana 10.velja\u010de 2021.g donosi PRAVILNIK O PROVEDBI POSTUPAKA JEDNOSTAVNE NABAVE U GRADSKOJ KNJI\u017dNICI SENJ I. OP\u0106E ODREDBE \u010clanak 1. U svrhu po\u0161tivanja osnovnih na\u010dela [&hellip;]<\/p>\n","protected":false},"author":58,"featured_media":0,"parent":0,"menu_order":0,"comment_status":"closed","ping_status":"closed","template":"","meta":{"ngg_post_thumbnail":0},"yoast_head":"<!-- This site is optimized with the Yoast SEO plugin v16.4 - https:\/\/yoast.com\/wordpress\/plugins\/seo\/ -->\n<meta name=\"robots\" content=\"index, follow, max-snippet:-1, max-image-preview:large, max-video-preview:-1\" \/>\n<link rel=\"canonical\" href=\"https:\/\/knjiznice.nsk.hr\/senj\/pravilnik-o-provedbi-postupka-nabave-bagatelne-vrijednosti\/\" \/>\n<meta property=\"og:locale\" content=\"hr_HR\" \/>\n<meta property=\"og:type\" content=\"article\" \/>\n<meta property=\"og:title\" content=\"PRAVILNIK O PROVEDBI POSTUPAKA JEDNOSTAVNE NABAVE - Gradska knji\u017enica Senj\" \/>\n<meta property=\"og:description\" content=\"Na temelju \u010dlanka 15. Zakona o javnoj nabavi (\u201eNarodne novine\u201c broj 120\/16) i \u010dlanka 15. Statuta Gradske knji\u017enice Senj, a uz prethodnu suglasnost Gradona\u010delnika Grada Senja (KLASA: 612-04\/20-01\/06, URBROJ: 2125-03\/02-21-02) ravnateljica dana 10.velja\u010de 2021.g donosi PRAVILNIK O PROVEDBI POSTUPAKA JEDNOSTAVNE NABAVE U GRADSKOJ KNJI\u017dNICI SENJ I. OP\u0106E ODREDBE \u010clanak 1. U svrhu po\u0161tivanja osnovnih na\u010dela [&hellip;]\" \/>\n<meta property=\"og:url\" content=\"https:\/\/knjiznice.nsk.hr\/senj\/pravilnik-o-provedbi-postupka-nabave-bagatelne-vrijednosti\/\" \/>\n<meta property=\"og:site_name\" content=\"Gradska knji\u017enica Senj\" \/>\n<meta property=\"article:publisher\" content=\"http:\/\/facebook.com\/Gradska-knji%c5%benica-SENJ\" \/>\n<meta property=\"article:modified_time\" content=\"2021-02-10T08:25:16+00:00\" \/>\n<meta name=\"twitter:label1\" content=\"Procijenjeno vrijeme \u010ditanja\" \/>\n\t<meta name=\"twitter:data1\" content=\"12 minuta\" \/>\n<script type=\"application\/ld+json\" class=\"yoast-schema-graph\">{\"@context\":\"https:\/\/schema.org\",\"@graph\":[{\"@type\":\"WebSite\",\"@id\":\"http:\/\/knjiznice.nsk.hr\/senj\/#website\",\"url\":\"http:\/\/knjiznice.nsk.hr\/senj\/\",\"name\":\"Gradska knji\\u017enica Senj\",\"description\":\"S vama od 1835. godine\",\"potentialAction\":[{\"@type\":\"SearchAction\",\"target\":\"http:\/\/knjiznice.nsk.hr\/senj\/?s={search_term_string}\",\"query-input\":\"required name=search_term_string\"}],\"inLanguage\":\"hr\"},{\"@type\":\"WebPage\",\"@id\":\"https:\/\/knjiznice.nsk.hr\/senj\/pravilnik-o-provedbi-postupka-nabave-bagatelne-vrijednosti\/#webpage\",\"url\":\"https:\/\/knjiznice.nsk.hr\/senj\/pravilnik-o-provedbi-postupka-nabave-bagatelne-vrijednosti\/\",\"name\":\"PRAVILNIK O PROVEDBI POSTUPAKA JEDNOSTAVNE NABAVE - Gradska knji\\u017enica Senj\",\"isPartOf\":{\"@id\":\"http:\/\/knjiznice.nsk.hr\/senj\/#website\"},\"datePublished\":\"2016-10-11T13:10:04+00:00\",\"dateModified\":\"2021-02-10T08:25:16+00:00\",\"breadcrumb\":{\"@id\":\"https:\/\/knjiznice.nsk.hr\/senj\/pravilnik-o-provedbi-postupka-nabave-bagatelne-vrijednosti\/#breadcrumb\"},\"inLanguage\":\"hr\",\"potentialAction\":[{\"@type\":\"ReadAction\",\"target\":[\"https:\/\/knjiznice.nsk.hr\/senj\/pravilnik-o-provedbi-postupka-nabave-bagatelne-vrijednosti\/\"]}]},{\"@type\":\"BreadcrumbList\",\"@id\":\"https:\/\/knjiznice.nsk.hr\/senj\/pravilnik-o-provedbi-postupka-nabave-bagatelne-vrijednosti\/#breadcrumb\",\"itemListElement\":[{\"@type\":\"ListItem\",\"position\":1,\"item\":{\"@type\":\"WebPage\",\"@id\":\"http:\/\/knjiznice.nsk.hr\/senj\/\",\"url\":\"http:\/\/knjiznice.nsk.hr\/senj\/\",\"name\":\"Po\\u010detna stranica\"}},{\"@type\":\"ListItem\",\"position\":2,\"item\":{\"@id\":\"https:\/\/knjiznice.nsk.hr\/senj\/pravilnik-o-provedbi-postupka-nabave-bagatelne-vrijednosti\/#webpage\"}}]}]}<\/script>\n<!-- \/ Yoast SEO plugin. -->","_links":{"self":[{"href":"https:\/\/knjiznice.nsk.hr\/senj\/wp-json\/wp\/v2\/pages\/827"}],"collection":[{"href":"https:\/\/knjiznice.nsk.hr\/senj\/wp-json\/wp\/v2\/pages"}],"about":[{"href":"https:\/\/knjiznice.nsk.hr\/senj\/wp-json\/wp\/v2\/types\/page"}],"author":[{"embeddable":true,"href":"https:\/\/knjiznice.nsk.hr\/senj\/wp-json\/wp\/v2\/users\/58"}],"replies":[{"embeddable":true,"href":"https:\/\/knjiznice.nsk.hr\/senj\/wp-json\/wp\/v2\/comments?post=827"}],"version-history":[{"count":3,"href":"https:\/\/knjiznice.nsk.hr\/senj\/wp-json\/wp\/v2\/pages\/827\/revisions"}],"predecessor-version":[{"id":2259,"href":"https:\/\/knjiznice.nsk.hr\/senj\/wp-json\/wp\/v2\/pages\/827\/revisions\/2259"}],"wp:attachment":[{"href":"https:\/\/knjiznice.nsk.hr\/senj\/wp-json\/wp\/v2\/media?parent=827"}],"curies":[{"name":"wp","href":"https:\/\/api.w.org\/{rel}","templated":true}]}}