{"id":690,"date":"2016-05-26T05:29:27","date_gmt":"2016-05-26T05:29:27","guid":{"rendered":"http:\/\/knjiznice.nsk.hr\/senj\/?page_id=690"},"modified":"2016-05-26T05:29:27","modified_gmt":"2016-05-26T05:29:27","slug":"izvjesce-o-radu-i-financijsko-izvjesce-gradske-knjiznice-senj-za-2015-godinu-sazetak","status":"publish","type":"page","link":"https:\/\/knjiznice.nsk.hr\/senj\/izvjesce-o-radu-i-financijsko-izvjesce-gradske-knjiznice-senj-za-2015-godinu-sazetak\/","title":{"rendered":"IZVJE\u0160\u0106E O RADU I FINANCIJSKO IZVJE\u0160\u0106E GRADSKE KNJI\u017dNICE SENJ ZA 2015. GODINU-sa\u017eetak"},"content":{"rendered":"<p>&nbsp;<\/p>\n<p><strong><u>NABAVA i FOND<\/u><\/strong><\/p>\n<p>Nabava u Knji\u017enici obavlja se kontinuirano cijele godine. Knji\u017ena gra\u0111a nabavlja se kupnjom ,poklonom\u00a0 i otkupom Ministarstva kulture RH.<\/p>\n<p>Djelatnici knji\u017enice redovno prate novitete u izdava\u010dkoj produkciji putem kataloga izdava\u010da, interneta, tiska, medija, sajma knjiga pa korisnici u\u017eivaju u naslovima s vrhova ljestvica. Pri nabavi se vodi ra\u010duna o tra\u017eenosti, ali i o kvaliteti gra\u0111e.<\/p>\n<p>Lani je nabavljeno 1167 novih knjiga.<\/p>\n<p>Trenutni fond, na dan 31. 12. 2015. god. je 30 773 knjiga (zadovoljeni Standardi za knji\u017enice VI.tipa od 3 knjige po stanovniku). Od toga Ogranak knji\u017enice Sveti Juraj ima fond od 4 512 svezaka, a Krasno od 2 498 svezaka.<\/p>\n<p>-u 2015. smo nabavljali 5 dnevnih novina i 10 \u010dasopisa te 29 jedinica elektroni\u010dke gra\u0111e.<\/p>\n<p>-Od ove godine uvedena je redovita praksa objavljivanja nabavljenih prinova te mjese\u010dnih ljestvica \u010ditanosti (web, facebook i plakati) \u010dime je komunikacija knji\u017eni\u010dar-korisnik unaprije\u0111ena i ubrzana.<\/p>\n<p><strong><u>\u010cLANOVI<\/u><\/strong><\/p>\n<p>-broj \u010dlanova u 2015. je 637, od toga u Senju 525, Sv. Jurju 63 i u Krasnu 49 \u010dlanova.<\/p>\n<p>-u 2015. je kroz knji\u017enicu pro\u0161lo, \u0161to zbog posudbe, \u0161to zbog poho\u0111enja raznih doga\u0111aja preko 7 000 korisnika, a posu\u0111eno je oko 14 000 knjiga.<\/p>\n<p><strong><u>OBRADA GRA\u0110E <\/u><\/strong><\/p>\n<p>U 2015. godini postavili smo kao jedan od osnovnih zadataka rje\u0161iti dugogodi\u0161nji problem lo\u0161eg i zastarjelog knji\u017eni\u010dnog programa. Zahvaljuju\u0107i naporima Knji\u017enice te financijskoj podr\u0161ci \u017dupanije nakon dugih 20 godina Gradska knji\u017enica Senj pre\u0161la je u svibnju 2015. god. na rad u novom, suvremenom knji\u017eni\u010dnom programu Zaki \u0161to je uvelike unaprijedilo rad i poslovanje Knji\u017enice. Budu\u0107i da na knji\u017eni\u010dnom programu po\u010diva cjelokupno knji\u017eni\u010dno poslovanje, proces konverzije i prijelaza na novi program bio je izuzetno zahtjevan, no izvr\u0161en je kvalitetno te u najkra\u0107em mogu\u0107em roku.<\/p>\n<p>Zaki je izuzetno napredan i kvalitetan program pa je njegovo uvo\u0111enje donijelo i knji\u017eni\u010darima i korisnicima mnoge prednosti i pogodnosti kao \u0161to su br\u017ee i kvalitetnije pretra\u017eivanje baze, arhiva \u010ditanja za korisnike, br\u017ee poslovanje i obrada knjiga, bolje statistike, a ponosni smo da je lani za\u017eivjela i na\u0161a facebook i web stranica koju smo povezali s programom i tako osuvremenili rad i uslugu knji\u017enice. Naime, web stranica pru\u017ea sve vrste obavijesti o na\u0161oj knji\u017enici, a posebice nagla\u0161avamo da su na stranicu postavljeni korisni linkovi :<\/p>\n<p>-na Zakijev katalog Gradske knji\u017enice Senj preko kojega se mo\u017ee pretra\u017eivati fond Knji\u017enice i vidjeti posjeduje li Knji\u017enica knjigu koja korisnika zanima.<\/p>\n<p>-na facebook stranicu Gradske knji\u017enice Senj koja je, uz web stranicu, tako\u0111er va\u017ean izvor informacija o svim na\u0161im doga\u0111anjima, akcijama, novitetima i ostalim aktivnostima.<\/p>\n<p>Drugim rije\u010dima, od sada korisnici mogu pretra\u017eivati fond na\u0161e knji\u017enice iz vlastitog naslonja\u010da. Tako\u0111er, do svih informacija vezanih za knji\u017enicu mogu do\u0107i brzo i lako na internetu..klikom mi\u0161a.<\/p>\n<p>Web stranica uvedena je naporima Gradske knji\u017enice Senj uz minimalan tro\u0161ak. Naime, prijavili smo se za kori\u0161tenje besplatne web platforme Nacionalne i sveu\u010dili\u0161ne knji\u017enice Zagreb. Na taj na\u010din u\u0161tedili smo gradskom prora\u010dunu za 2015. godinu najmanje 20.000, 00 kuna koliko stoji izrada i odr\u017eavanje stranice. Prijavom na platformu, sami smo se educirali o kreiranju i postavljanju sadr\u017eaja na istu te i dalje sami radimo i odr\u017eavamo stranicu.<\/p>\n<p>Sami odr\u017eavamo i punimo sadr\u017eajima i facebook stranicu knji\u017enice koja je, uz web, tako\u0111er neophodan na\u010din dana\u0161njeg komuniciranja s korisnicima i odli\u010dan na\u010din da na\u0161u ustanovu u\u010dinimo \u0161to transparentnijom, dostupnijom i uo\u010dljivijom u na\u0161oj zajednici i \u0161ire.<\/p>\n<p>Uz to, u 2015. godini je u oba ogranka uvedena internetska mre\u017ea \u010dime je unaprije\u0111en rad kolege na terenu kao i kvaliteta usluge za korisnike. Sada i sredi\u0161njica i ogranci imaju pristup internetu.<\/p>\n<p><strong><u>PROSTOR<\/u><\/strong><\/p>\n<p>Sve donedavno Knji\u017enicu je mu\u010dio problem nedostatka skladi\u0161nog prostora \u0161to je uvelike ote\u017eavalo poslovanje. I taj problem je lani ve\u0107im dijelom rije\u0161en, tako\u0111er nakon vi\u0161e od 20 godina. Naime, po upra\u017enjenju prostora u neposrednoj blizini Knji\u017enice na Trgu Cilnica 12, obratili smo se Gradu sa zamolbom da nam ustupi doti\u010dni prostor za skladi\u0161te. Zahvaljujemo Gradona\u010delniku \u0161to nam je iza\u0161ao u susret te nam dodijelio navedeni prostor na kori\u0161tenje.<\/p>\n<p>No, prostor je pun vlage i zapu\u0161ten te neopremljen i time neprimjeren za skladi\u0161tenje knjiga pa smo u srpnju 2015. godine aplicirali na program Ministarstva kulture kojim bi nam MK financiralo radove sanacije, izolacije i opremanja prostora s 50.000,00 kuna, a Grad bi participirao u istome s 25.000,00 kuna. Budu\u0107i da smo pro\u0161li na natje\u010daju, ove \u0107emo godine zaokru\u017eiti rje\u0161enje ovog problema te preselili knjige previ\u0111ene za skladi\u0161tenje u novo skladi\u0161te. Dobivanjem skladi\u0161nog prostora Knji\u017enica \u0107e rije\u0161iti cijeli niz pote\u0161ko\u0107a kao \u0161to su pretrpanost polica, propadanje knjiga na dislociranim odlagali\u0161tima, ve\u0107i tro\u0161kovi popravka knjiga. Tako\u0111er, na\u0161e police \u0107e kona\u010dno <em>prodisati<\/em> jer \u0107emo dio gra\u0111e mo\u0107i skladi\u0161titi pa \u0107e i pristup korisnika gra\u0111i bili lak\u0161i i jednostavniji. Uz to, ubudu\u0107e \u0107e nam skladi\u0161te biti na dohvat ruke \u0161to uvelike racionalizira na\u0161e poslovanje i pobolj\u0161ava kvalitetu usluge.<\/p>\n<p>\u0160to se prostora knji\u017enice ti\u010de, zahvaljuju\u0107i zaposlenicima Javnih radova u Gradu Senju u 2015. godini Knji\u017enica temeljito za\u0161titila i premazala cjelokupnu stolariju koja je bila rasu\u0161ena i dotrajala.<\/p>\n<p><strong><u>KULTURNI PROGRAM<\/u><\/strong><\/p>\n<p>Uz redovitu knji\u017eni\u010dnu, informacijsku i obrazovnu djelatnost te ostale tehni\u010dke poslove, Knji\u017enica odr\u017eava kulturno i dru\u0161tvena doga\u0111anja kojima sudjeluje u kreiranju kulturne ponude u gradu. Sura\u0111ujemo sa svim ustanovama i udrugama u gradu i \u0161ire, a sve s naglaskom\u00a0 na promociju knji\u017enice i njene va\u017enosti u svakodnevnom \u017eivotu gra\u0111ana.<\/p>\n<p>Za svako doga\u0111anje radi se detaljna promid\u017eba, a kroz godinu u suradnji s Radio Senjom kreiramo i emisiju Knji\u017enica u eteru u kojoj Gradska knji\u017enica Senj obavje\u0161tava gra\u0111ane o svojim aktivnostima i novitetima te najavljuje predstoje\u0107a doga\u0111anja. U protekloj godini realizirali smo 5 takvih emisija, a planiramo s istom aktivnosti nastaviti u 2016. god.<\/p>\n<p>U 2015. godini imali smo rekordnih 46 doga\u0111aja-od toga 9 radionica, 4 predavanja, 11 progodnih obilje\u017eavanja, 11 izlo\u017ebi, 5 psiholo\u0161kih savjetovanja,\u00a0 4 promocije knjige te jednu humanitarnu akciju. Sudjelovali smo bogatim programom u Danu Grada, No\u0107i knjige, Mjesecu hrvatske knjige, a kod nas su gostovali djeca i u\u010denici svih uzrasta kako bismo im na njima razumljiv na\u010din predstavili i pribli\u017eili knji\u017enicu. Mnogo doga\u0111aja uvedeno je po prvi puta s ciljem da i dalje \u017eive,npr. Mesopusna izlo\u017eba, ljetne i zimske radionice za u\u010denike, kino jutra i kvizovi za djecu, Dru\u017eenja s poznatim knji\u017eevnicima, Dodjela nagrada naj\u010dita\u010dima, a neka su o\u017eivljena nakon duge stanke npr. Izlo\u017eba likovnih radova senjskih maturanata, dok su pojedini projekti u\u0161li u \u010detvrtu godinu odr\u017eavanja poput psiholo\u0161kih radionica u suradnji s Obiteljskim centrom. Istaknula bih i lani odr\u017eane me\u0111unarodne suradnje s Poljskom (Poljska ve\u010der) i BIH (Sudjelovanje u proslavi Kranj\u010devi\u0107evog ro\u0111endana u Tuzli). Izdvojili bismo i posebne doga\u0111aje-veliki znanstveni skup Kranj\u010devi\u0107ev spomen-dan koji su organizirali Knji\u017enica i Grad pod pokroviteljstvom HAZU-a te Ve\u010der s Ivanom\u00a0 B.Ma\u017eurani\u0107 gdje smo u suradnji s O\u0160 Senj vrlo uspje\u0161no zainteresirali u\u010denike za lik i djelo slavne knji\u017eevnice.<\/p>\n<p>Najvi\u0161e nas raduje dobra posje\u0107enost i zainteresiranost na\u0161ih sugra\u0111ana za doga\u0111anja u knji\u017enici jer u biti i sve to radimo zbog njih. Cilj nam je da gra\u0111ani svoju Knji\u017enicu do\u017eivljavaju kao ne samo mjesto gdje se posu\u0111uje knjiga, nego i kao mjesto susreta, dru\u017eenja, novih spoznaja i u\u010denja te zabave.<\/p>\n<p><strong><u>FINANCIJE <\/u><\/strong><\/p>\n<p>Pozitivno smo poslovali te sukladno planovima i zakonima, a godinu smo zaklju\u010dili \u00a0podmiriv\u0161i sve obaveze i ra\u010dune.<\/p>\n<p>Na\u0161i primici u 2015. godini bili su 556.718 kn, a rashodi 556.496 kn \u0161to zna\u010di da smo godinu zavr\u0161ili s vi\u0161kom prihoda nad rashodima od 222 kune.<\/p>\n<p><strong>Z<u>AKLJU\u010cAK<\/u><\/strong><\/p>\n<p>Iz izvje\u0161\u0107a je evidentan napredak i pobolj\u0161anje na mnogim poljima te rje\u0161avanje problema koji su dugi niz godina mu\u010dili Knji\u017enicu (nabavljen i osposobljen novi knji\u017eni\u010dni program Zaki, dobiven skladi\u0161ni prostor, uvedena internetska mre\u017ea u ogranke, uvedena facebook i web stranica Knji\u017enice, osvje\u017eena i preli\u010dena cjelokupna stolarija, uvedena redovita praksa objavljivanja nabavljenih prinova te mjese\u010dnih ljestvica \u010ditanosti, pove\u0107an broj osmi\u0161ljenih doga\u0111anja \u0161irokog spektra i za sve dobne skupine).<\/p>\n<p>U narednom periodu planiramo odr\u017eavati kvalitetu rada, poslovanja i usluga dr\u017ee\u0107i nivo koji smo postavili u 2015. godini. Uz to, u 2016. godini planiramo raditi na daljnjem usavr\u0161avanju i pobolj\u0161avnju nekih segmenata rada. Planiramo osvje\u017eiti ra\u010dunalnu i uredsku opremu, pohoditi ve\u0107i broj usavr\u0161avanja te finalizirati radove na skladi\u0161nom prostoru, a \u017eelja nam je u ve\u0107 bogat program doga\u0111anja uvrstiti i nekoliko novih koja \u0107e se referirati na kulturni turizam kako bismo te dvije bran\u0161e uklopili u pri\u010du zanimljivu turistima i doma\u0107im posjetiteljimna. Uz to, u suradnji s Klubom maturanata senjske gimnazije intenzivno radimo na projektu izdavanja knjige <em>Dru\u017eina ri\u0111okose Zore<\/em> kojom bismo skrenuli pozornost na Senj i njegovu bogatu kulturu i turizam. Sudjelujemo i u planiranju i osmi\u0161ljavanju projekta obnove i opremanja opo\u017earene zgrade u blizini Muzeja gdje \u0107e Knji\u017enica dati svoj obol kreiranjem velike zavi\u010dajne zbirke. U daljnjoj budu\u0107nosti planiramo daljnje \u0161irenje prostora Knji\u017enice jer je postoje\u0107i prostor premalen za sve ono \u0161to Gradska knji\u017enica Senj planira i nudi.<\/p>\n<p>Knji\u017enica ve\u0107 odavno nije mjesto gdje se mo\u017ee samo posuditi knjiga. Protekle godine knji\u017eni\u010dno osoblje trudilo se\u00a0 zadovoljiti zahtjeve zajednice za knji\u017eni\u010dnom gra\u0111om, kulturnim i edukacijskim sadr\u017eajima, za pristupom novim tehnologijama te za informacijskim opismenjavanjem .<\/p>\n<p>Obim\u00a0 fonda, broj korisnika, broj posu\u0111enih jedinica knji\u017ene i neknji\u017ene gra\u0111e, kao i velika posje\u0107enost u knji\u017enici govore o\u00a0 zadovoljnim\u00a0 korisnicima koji prepoznaju svoju knji\u017enicu kao va\u017ean kulturni centar u gradu pod Nehajem. Trudit \u0107emo se da tako bude i ubudu\u0107e. Hvala na\u0161im korisnicima na posjeti i \u0161to prepoznaju na\u0161 trud. Hvala Gradu, \u017dupaniji i Ministarstvu kulture na sredstvima i podr\u0161ci, a u 2016. godini su nadamo istome.<\/p>\n<p><u>\u00a0<\/u><\/p>\n<p><u>\u00a0<\/u><\/p>\n<p>&nbsp;<\/p>\n<p><u>\u00a0<\/u><\/p>\n","protected":false},"excerpt":{"rendered":"<p>&nbsp; NABAVA i FOND Nabava u Knji\u017enici obavlja se kontinuirano cijele godine. Knji\u017ena gra\u0111a nabavlja se kupnjom ,poklonom\u00a0 i otkupom Ministarstva kulture RH. Djelatnici knji\u017enice redovno prate novitete u izdava\u010dkoj produkciji putem kataloga izdava\u010da, interneta, tiska, medija, sajma knjiga pa korisnici u\u017eivaju u naslovima s vrhova ljestvica. Pri nabavi se vodi ra\u010duna o tra\u017eenosti, ali [&hellip;]<\/p>\n","protected":false},"author":58,"featured_media":0,"parent":0,"menu_order":0,"comment_status":"closed","ping_status":"closed","template":"","meta":{"ngg_post_thumbnail":0},"yoast_head":"<!-- This site is optimized with the Yoast SEO plugin v16.4 - https:\/\/yoast.com\/wordpress\/plugins\/seo\/ -->\n<meta name=\"robots\" content=\"index, follow, max-snippet:-1, max-image-preview:large, max-video-preview:-1\" \/>\n<link rel=\"canonical\" href=\"https:\/\/knjiznice.nsk.hr\/senj\/izvjesce-o-radu-i-financijsko-izvjesce-gradske-knjiznice-senj-za-2015-godinu-sazetak\/\" \/>\n<meta property=\"og:locale\" content=\"hr_HR\" \/>\n<meta property=\"og:type\" content=\"article\" \/>\n<meta property=\"og:title\" content=\"IZVJE\u0160\u0106E O RADU I FINANCIJSKO IZVJE\u0160\u0106E GRADSKE KNJI\u017dNICE SENJ ZA 2015. GODINU-sa\u017eetak - Gradska knji\u017enica Senj\" \/>\n<meta property=\"og:description\" content=\"&nbsp; NABAVA i FOND Nabava u Knji\u017enici obavlja se kontinuirano cijele godine. Knji\u017ena gra\u0111a nabavlja se kupnjom ,poklonom\u00a0 i otkupom Ministarstva kulture RH. Djelatnici knji\u017enice redovno prate novitete u izdava\u010dkoj produkciji putem kataloga izdava\u010da, interneta, tiska, medija, sajma knjiga pa korisnici u\u017eivaju u naslovima s vrhova ljestvica. Pri nabavi se vodi ra\u010duna o tra\u017eenosti, ali [&hellip;]\" \/>\n<meta property=\"og:url\" content=\"https:\/\/knjiznice.nsk.hr\/senj\/izvjesce-o-radu-i-financijsko-izvjesce-gradske-knjiznice-senj-za-2015-godinu-sazetak\/\" \/>\n<meta property=\"og:site_name\" content=\"Gradska knji\u017enica Senj\" \/>\n<meta property=\"article:publisher\" content=\"http:\/\/facebook.com\/Gradska-knji%c5%benica-SENJ\" \/>\n<meta name=\"twitter:label1\" content=\"Procijenjeno vrijeme \u010ditanja\" \/>\n\t<meta name=\"twitter:data1\" content=\"9 minuta\" \/>\n<script type=\"application\/ld+json\" class=\"yoast-schema-graph\">{\"@context\":\"https:\/\/schema.org\",\"@graph\":[{\"@type\":\"WebSite\",\"@id\":\"http:\/\/knjiznice.nsk.hr\/senj\/#website\",\"url\":\"http:\/\/knjiznice.nsk.hr\/senj\/\",\"name\":\"Gradska knji\\u017enica Senj\",\"description\":\"S vama od 1835. godine\",\"potentialAction\":[{\"@type\":\"SearchAction\",\"target\":\"http:\/\/knjiznice.nsk.hr\/senj\/?s={search_term_string}\",\"query-input\":\"required name=search_term_string\"}],\"inLanguage\":\"hr\"},{\"@type\":\"WebPage\",\"@id\":\"https:\/\/knjiznice.nsk.hr\/senj\/izvjesce-o-radu-i-financijsko-izvjesce-gradske-knjiznice-senj-za-2015-godinu-sazetak\/#webpage\",\"url\":\"https:\/\/knjiznice.nsk.hr\/senj\/izvjesce-o-radu-i-financijsko-izvjesce-gradske-knjiznice-senj-za-2015-godinu-sazetak\/\",\"name\":\"IZVJE\\u0160\\u0106E O RADU I FINANCIJSKO IZVJE\\u0160\\u0106E GRADSKE KNJI\\u017dNICE SENJ ZA 2015. GODINU-sa\\u017eetak - Gradska knji\\u017enica Senj\",\"isPartOf\":{\"@id\":\"http:\/\/knjiznice.nsk.hr\/senj\/#website\"},\"datePublished\":\"2016-05-26T05:29:27+00:00\",\"dateModified\":\"2016-05-26T05:29:27+00:00\",\"breadcrumb\":{\"@id\":\"https:\/\/knjiznice.nsk.hr\/senj\/izvjesce-o-radu-i-financijsko-izvjesce-gradske-knjiznice-senj-za-2015-godinu-sazetak\/#breadcrumb\"},\"inLanguage\":\"hr\",\"potentialAction\":[{\"@type\":\"ReadAction\",\"target\":[\"https:\/\/knjiznice.nsk.hr\/senj\/izvjesce-o-radu-i-financijsko-izvjesce-gradske-knjiznice-senj-za-2015-godinu-sazetak\/\"]}]},{\"@type\":\"BreadcrumbList\",\"@id\":\"https:\/\/knjiznice.nsk.hr\/senj\/izvjesce-o-radu-i-financijsko-izvjesce-gradske-knjiznice-senj-za-2015-godinu-sazetak\/#breadcrumb\",\"itemListElement\":[{\"@type\":\"ListItem\",\"position\":1,\"item\":{\"@type\":\"WebPage\",\"@id\":\"http:\/\/knjiznice.nsk.hr\/senj\/\",\"url\":\"http:\/\/knjiznice.nsk.hr\/senj\/\",\"name\":\"Po\\u010detna stranica\"}},{\"@type\":\"ListItem\",\"position\":2,\"item\":{\"@id\":\"https:\/\/knjiznice.nsk.hr\/senj\/izvjesce-o-radu-i-financijsko-izvjesce-gradske-knjiznice-senj-za-2015-godinu-sazetak\/#webpage\"}}]}]}<\/script>\n<!-- \/ Yoast SEO plugin. -->","_links":{"self":[{"href":"https:\/\/knjiznice.nsk.hr\/senj\/wp-json\/wp\/v2\/pages\/690"}],"collection":[{"href":"https:\/\/knjiznice.nsk.hr\/senj\/wp-json\/wp\/v2\/pages"}],"about":[{"href":"https:\/\/knjiznice.nsk.hr\/senj\/wp-json\/wp\/v2\/types\/page"}],"author":[{"embeddable":true,"href":"https:\/\/knjiznice.nsk.hr\/senj\/wp-json\/wp\/v2\/users\/58"}],"replies":[{"embeddable":true,"href":"https:\/\/knjiznice.nsk.hr\/senj\/wp-json\/wp\/v2\/comments?post=690"}],"version-history":[{"count":1,"href":"https:\/\/knjiznice.nsk.hr\/senj\/wp-json\/wp\/v2\/pages\/690\/revisions"}],"predecessor-version":[{"id":691,"href":"https:\/\/knjiznice.nsk.hr\/senj\/wp-json\/wp\/v2\/pages\/690\/revisions\/691"}],"wp:attachment":[{"href":"https:\/\/knjiznice.nsk.hr\/senj\/wp-json\/wp\/v2\/media?parent=690"}],"curies":[{"name":"wp","href":"https:\/\/api.w.org\/{rel}","templated":true}]}}