{"id":48,"date":"2015-04-16T07:41:28","date_gmt":"2015-04-16T07:41:28","guid":{"rendered":"http:\/\/knjiznice.nsk.hr\/senj\/?page_id=48"},"modified":"2018-12-10T20:27:37","modified_gmt":"2018-12-10T20:27:37","slug":"galerija","status":"publish","type":"page","link":"https:\/\/knjiznice.nsk.hr\/senj\/galerija\/","title":{"rendered":"Galerija"},"content":{"rendered":"<p>VI\u0160E GALERIJA MO\u017dETE PRONA\u0106I NA FACEBOOK STRANICAMA GRADSKE KNJI\u017dNICE SENJ<\/p>\n","protected":false},"excerpt":{"rendered":"<p>VI\u0160E GALERIJA MO\u017dETE PRONA\u0106I NA FACEBOOK STRANICAMA GRADSKE KNJI\u017dNICE SENJ<\/p>\n","protected":false},"author":58,"featured_media":0,"parent":0,"menu_order":0,"comment_status":"closed","ping_status":"closed","template":"","meta":{"ngg_post_thumbnail":0},"yoast_head":"<!-- This site is optimized with the Yoast SEO plugin v16.4 - https:\/\/yoast.com\/wordpress\/plugins\/seo\/ -->\n<meta name=\"robots\" content=\"index, follow, max-snippet:-1, max-image-preview:large, max-video-preview:-1\" \/>\n<link rel=\"canonical\" href=\"http:\/\/knjiznice.nsk.hr\/senj\/galerija\/\" \/>\n<meta property=\"og:locale\" content=\"hr_HR\" \/>\n<meta property=\"og:type\" content=\"article\" \/>\n<meta property=\"og:title\" content=\"Galerija - Gradska knji\u017enica Senj\" \/>\n<meta property=\"og:description\" content=\"VI\u0160E GALERIJA MO\u017dETE PRONA\u0106I NA FACEBOOK STRANICAMA GRADSKE KNJI\u017dNICE SENJ\" \/>\n<meta property=\"og:url\" content=\"http:\/\/knjiznice.nsk.hr\/senj\/galerija\/\" \/>\n<meta property=\"og:site_name\" content=\"Gradska knji\u017enica Senj\" \/>\n<meta property=\"article:publisher\" content=\"http:\/\/facebook.com\/Gradska-knji%c5%benica-SENJ\" \/>\n<meta property=\"article:modified_time\" content=\"2018-12-10T20:27:37+00:00\" \/>\n<script type=\"application\/ld+json\" class=\"yoast-schema-graph\">{\"@context\":\"https:\/\/schema.org\",\"@graph\":[{\"@type\":\"WebSite\",\"@id\":\"http:\/\/knjiznice.nsk.hr\/senj\/#website\",\"url\":\"http:\/\/knjiznice.nsk.hr\/senj\/\",\"name\":\"Gradska knji\\u017enica Senj\",\"description\":\"S vama od 1835. godine\",\"potentialAction\":[{\"@type\":\"SearchAction\",\"target\":\"http:\/\/knjiznice.nsk.hr\/senj\/?s={search_term_string}\",\"query-input\":\"required name=search_term_string\"}],\"inLanguage\":\"hr\"},{\"@type\":\"WebPage\",\"@id\":\"http:\/\/knjiznice.nsk.hr\/senj\/galerija\/#webpage\",\"url\":\"http:\/\/knjiznice.nsk.hr\/senj\/galerija\/\",\"name\":\"Galerija - Gradska knji\\u017enica Senj\",\"isPartOf\":{\"@id\":\"http:\/\/knjiznice.nsk.hr\/senj\/#website\"},\"datePublished\":\"2015-04-16T07:41:28+00:00\",\"dateModified\":\"2018-12-10T20:27:37+00:00\",\"breadcrumb\":{\"@id\":\"http:\/\/knjiznice.nsk.hr\/senj\/galerija\/#breadcrumb\"},\"inLanguage\":\"hr\",\"potentialAction\":[{\"@type\":\"ReadAction\",\"target\":[\"http:\/\/knjiznice.nsk.hr\/senj\/galerija\/\"]}]},{\"@type\":\"BreadcrumbList\",\"@id\":\"http:\/\/knjiznice.nsk.hr\/senj\/galerija\/#breadcrumb\",\"itemListElement\":[{\"@type\":\"ListItem\",\"position\":1,\"item\":{\"@type\":\"WebPage\",\"@id\":\"http:\/\/knjiznice.nsk.hr\/senj\/\",\"url\":\"http:\/\/knjiznice.nsk.hr\/senj\/\",\"name\":\"Po\\u010detna stranica\"}},{\"@type\":\"ListItem\",\"position\":2,\"item\":{\"@id\":\"http:\/\/knjiznice.nsk.hr\/senj\/galerija\/#webpage\"}}]}]}<\/script>\n<!-- \/ Yoast SEO plugin. -->","_links":{"self":[{"href":"https:\/\/knjiznice.nsk.hr\/senj\/wp-json\/wp\/v2\/pages\/48"}],"collection":[{"href":"https:\/\/knjiznice.nsk.hr\/senj\/wp-json\/wp\/v2\/pages"}],"about":[{"href":"https:\/\/knjiznice.nsk.hr\/senj\/wp-json\/wp\/v2\/types\/page"}],"author":[{"embeddable":true,"href":"https:\/\/knjiznice.nsk.hr\/senj\/wp-json\/wp\/v2\/users\/58"}],"replies":[{"embeddable":true,"href":"https:\/\/knjiznice.nsk.hr\/senj\/wp-json\/wp\/v2\/comments?post=48"}],"version-history":[{"count":8,"href":"https:\/\/knjiznice.nsk.hr\/senj\/wp-json\/wp\/v2\/pages\/48\/revisions"}],"predecessor-version":[{"id":1871,"href":"https:\/\/knjiznice.nsk.hr\/senj\/wp-json\/wp\/v2\/pages\/48\/revisions\/1871"}],"wp:attachment":[{"href":"https:\/\/knjiznice.nsk.hr\/senj\/wp-json\/wp\/v2\/media?parent=48"}],"curies":[{"name":"wp","href":"https:\/\/api.w.org\/{rel}","templated":true}]}}