{"id":3349,"date":"2026-03-13T08:21:08","date_gmt":"2026-03-13T08:21:08","guid":{"rendered":"http:\/\/knjiznice.nsk.hr\/senj\/?page_id=3349"},"modified":"2026-03-13T08:21:08","modified_gmt":"2026-03-13T08:21:08","slug":"izvjesce-o-radu-za-2025-skracena-verzija","status":"publish","type":"page","link":"https:\/\/knjiznice.nsk.hr\/senj\/izvjesce-o-radu-za-2025-skracena-verzija\/","title":{"rendered":"IZVJE\u0160\u0106E O RADU ZA 2025.-skra\u0107ena verzija"},"content":{"rendered":"<p>\uf0fc\t\u0160to se knji\u017eni\u010dnih parametara ti\u010de, senjska knji\u017enica zadovoljava sve parametre struke:<br \/>\n20 001 knjiga, 660 \u010dlanova, lanjska nabava-683 knjige, 16531 posudba.<br \/>\n\uf0fc\tGra\u0111u obra\u0111ujemo trenuta\u010dno najsuvremenijim knji\u017eni\u010darskom programom u nas-Zaki programom. Uz to, odli\u010dno funkcioniraju i rado se koriste na\u0161i online katalozi u sklopu na\u0161ih web kanala informiranja-internetske stranice i facebook stranice koje smo samostalno isposlovali te sami odr\u017eavamo i osvje\u017eavamo.<br \/>\n\uf0fc\t\u0160to se ti\u010de financija, poslovali smo sukladno planovima i zakonima.<br \/>\nPored sredstava Osniva\u010da i vlastitih sredstva, dodatnim smo naporima osigurali sredstva i iz ostalih izvora:<br \/>\n-5.000 eura za nabavu knji\u017ene i neknji\u017ene gra\u0111e-Ministarstvo kulture<br \/>\n\uf0fc\tUz primarne knji\u017eni\u010darske poslove, va\u017ean naglasak Gradska knji\u017enica Senj stavlja na kulturni program i doga\u0111anja u svojoj ustanovi. Organiziramo sve vrste doga\u0111aja od kulturnih, edukacijskih, savjetodavnih do informacijskih sadr\u017eaja za djecu, tinejd\u017eere i odrasle s ciljem poticanja kulture knjige i \u010ditanja te oboga\u0107ivanja kulturne ponude u na\u0161em gradu.<br \/>\nKroz pripremu i realizaciju doga\u0111anja aktivno i dobro sura\u0111ujemo sa svim ustanovama, udrugama i institucijama na lokalnoj, \u017eupanijskoj i dr\u017eavnoj razini. Sve doga\u0111aje propagiramo plakatima, lecima, preko portala, novina, radija i putem na\u0161e web i facebook stranice. Uz to, kroz godinu u suradnji s Radio Senjom kreiramo seriju emisija Knji\u017enica u eteru &#8211; radioemisija u kojima Gradska knji\u017enica Senj obavje\u0161tava gra\u0111ane o svojim aktivnostima i novitetima te najavljuje predstoje\u0107a doga\u0111anja. <\/p>\n<p>&#8211; DOGA\u0110AJI PO REDU 2025.<br \/>\nEDUKATIVNI PROGRAMI<br \/>\n-27.1.2025. ME\u0110UNARODNI DAN SJE\u0106ANJA NA \u017dRTVE HOLOKAUSTA 2025.<br \/>\n-VELJA\u010cA 2025.g-OBILJE\u017dAVANJE DANA HRVATSKE GLAGOLJICE I GLAGOLJA\u0160TVA<br \/>\n-25.4-EDUKATIVNI PROGRAM \u201eSENJU GRADU\u201c 2025.g<br \/>\n-3.6.-PREDAVANJA SENJSKE LIGE PROTIV RAKA<br \/>\n-LJETNE RADIONICE U SRPNJU-SRIJEDA ZA 5<br \/>\n-15.10-15.11.2025.-\u0160KOLA I VRTI\u0106 U KNJI\u017dNICI<br \/>\n-19.11.2025.-VUKOVARU U SPOMEN<br \/>\n-17.12.-RADIONICA \u201eBO\u017dI\u0106 DOLAZI\u201c<\/p>\n<p>IZLO\u017dBE<br \/>\n-27.2 -MESOPUSNA IZLO\u017dBA-150 GODINA NA\u0160E METLE<br \/>\n-TRAVANJ 25-NA\u0160EM KRANJ\u010cEVI\u0106U U \u010cAST<br \/>\n-28.6.2025.-MATURANTSKA IZLO\u017dBA<br \/>\n-1.8.-BRANITELJSKA IZLO\u017dBA \u201eMOJOJ LIJEPOJ ZEMLJI HRVATSKOJ\u201c 2025.<br \/>\n-6.11.2025.-OTVORENJE IZLO\u017dBE \u201eVIDLJIVI I NEVIDLJIVI CAMINO\u201c DAMIRA BARE\u0160I\u0106A<\/p>\n<p>KNJI\u017dEVNE VE\u010cERI<br \/>\n-26.3.-PREDSTAVLJANJE KNJIGE GLOBALIZACIJA I EUROPA NA RASKRI\u017dJU-EUROPA OD VOLJE ZA MO\u0106I DO VOLJE ZA NI\u0160TA PROF.DR.SC. AN\u0110ELKA MILARDOVI\u0106A<br \/>\n-23.4-HRVOJE RUP\u010cI\u0106-PREDSTAVLJANJE KNJIGE \u201ePUTE\u0160ESTVIJE PO TURKESTANU- MOTORISTI\u010cKA AVANTURA S PUTA SVILE\u201c<br \/>\n-16. LISTOPADA 2025.-VE\u010cER S BRUNOM \u0160IMLE\u0160OM<br \/>\n-23.10.2025.-PREDSTAVLJANJE KNJIGE \u201cI ZELENO I PLAVO\u201d KLARE POLAK POLJAREVI\u0106<br \/>\n-4.12.-PREDSTAVLJANJE ROMANA \u201eME\u0106AVA U MRZLIDOLU\u201c MILANA KRMPOTI\u0106A<\/p>\n<p>OSTALO<br \/>\n-TRAVANJ 2025.-HUMANITARNA AKCIJA \u201eKNJIGA OD SRCA\u201c<br \/>\n-8.5.-PUTOPISNO PREDAVANJE \u201e\u017dIVOT JE LIJEP I KAD SI SLIJEP<br \/>\n-11.9.25-VE\u010cER SLIKANJA, POEZIJE I VINA<br \/>\n-NAJ\u010cITA\u010cI GRADSKE KNJI\u017dNICE SENJ ZA 2025. GODINU<br \/>\n-18.12.-DJE\u010cJA BO\u017dI\u0106NA PREDSTAVA<\/p>\n<p>ZAKLJU\u010cAK<br \/>\nGradska knji\u017enica Senj sve je poslove u 2025. godini izvr\u0161avala u skladu sa zakonima i strukom te po\u0161tuju\u0107i Standarde za narodne knji\u017enice Republike Hrvatske. Uz teku\u0107e knji\u017eni\u010darske poslove i nabavu gra\u0111e, odr\u017eavali smo i brojne kulturne programe za djecu i odrasle.  Bili smo aktivni u kulturnom i dru\u0161tvenom \u017eivotu Grada te transparentni putem svih vrsta medija za sugra\u0111ane i \u0161iru javnost. Brzo i efikasno smo ispunjavali zahtjeve zajednice za knji\u017eni\u010dnom gra\u0111om, kulturnim i edukacijskim sadr\u017eajima, za pristupom novim tehnologijama te za informacijskim opismenjavanjem. Financijsku godinu smo zaklju\u010dili  podmiriv\u0161i sve obaveze.<\/p>\n<p>Uz sve navedeno, i dodatne zacrtane ciljeve predvi\u0111ene za 2025. smo uspje\u0161no realizirali:<br \/>\n-aplicirali smo na natje\u010daje kako bismo pribavili dodatna sredstva ustanovi,<br \/>\n-nabavili smo novi projektor, tepihe i drvene izlo\u017ebene stalke za sredi\u0161njicu te stolice za \u010ditaonicu u Svetom Jurju.<br \/>\n-izdane su knjiga zavi\u010dajnog karaktera-\u201eI zeleno i plavo\u201c Klare Polak Poljarevi\u0107 te katalog izlo\u017ebe \u201eVidljivi i nevidljivi Camino\u201c Damira Bare\u0161i\u0107a i Stanka \u0160poljari\u0107a<\/p>\n<p>U narednom periodu planiramo odr\u017eavati kvalitetu rada, poslovanja i usluga dr\u017ee\u0107i nivo koji smo postavili. Uz to, u 2026. godini planiramo raditi na daljnjem usavr\u0161avanju i pobolj\u0161avanju nekih segmenata rada. Primjerice, planiramo:<br \/>\n-nastaviti raditi na daljnjem uvo\u0111enju novih i zanimljivih doga\u0111aja uz njegovanje projekata koji su se pokazali uspje\u0161nima,<br \/>\n-nastaviti aplicirati na razne natje\u010daje Grada, Ministarstva te iz ostalih raspolo\u017eivih izvora,<br \/>\n-razvijati svoju nakladni\u010dku djelatnost izdavanjem knjiga zavi\u010dajne knji\u017eevnosti<br \/>\n-obnoviti staru i dotrajalu tehniku te ozvu\u010diti knji\u017enicu<br \/>\n-nabaviti nove zavjese<br \/>\n-dotisnuti jo\u0161 primjeraka knjige \u201eCrvenokosa Zora i njezina dru\u017eina\u201c<\/p>\n<p>U 2025. godini knji\u017enica je poslovala dobro. Posje\u0107enost i posudba knjiga je odli\u010dna \u0161to govori o zadovoljnim korisnicima koji prepoznaju svoju knji\u017enicu kao zna\u010dajan kulturni centar u Senju.<br \/>\nHvala svim korisnicima, financijerima, suradnicima i medijima na dobroj suradnji i istoj se nadamo i u ovoj godini koja je pred nama.<\/p>\n","protected":false},"excerpt":{"rendered":"<p>\uf0fc \u0160to se knji\u017eni\u010dnih parametara ti\u010de, senjska knji\u017enica zadovoljava sve parametre struke: 20 001 knjiga, 660 \u010dlanova, lanjska nabava-683 knjige, 16531 posudba. \uf0fc Gra\u0111u obra\u0111ujemo trenuta\u010dno najsuvremenijim knji\u017eni\u010darskom programom u nas-Zaki programom. Uz to, odli\u010dno funkcioniraju i rado se koriste na\u0161i online katalozi u sklopu na\u0161ih web kanala informiranja-internetske stranice i facebook stranice koje smo [&hellip;]<\/p>\n","protected":false},"author":58,"featured_media":0,"parent":0,"menu_order":0,"comment_status":"closed","ping_status":"closed","template":"","meta":{"ngg_post_thumbnail":0},"yoast_head":"<!-- This site is optimized with the Yoast SEO plugin v16.4 - https:\/\/yoast.com\/wordpress\/plugins\/seo\/ -->\n<meta name=\"robots\" content=\"index, follow, max-snippet:-1, max-image-preview:large, max-video-preview:-1\" \/>\n<link rel=\"canonical\" href=\"http:\/\/knjiznice.nsk.hr\/senj\/izvjesce-o-radu-za-2025-skracena-verzija\/\" \/>\n<meta property=\"og:locale\" content=\"hr_HR\" \/>\n<meta property=\"og:type\" content=\"article\" \/>\n<meta property=\"og:title\" content=\"IZVJE\u0160\u0106E O RADU ZA 2025.-skra\u0107ena verzija - Gradska knji\u017enica Senj\" \/>\n<meta property=\"og:description\" content=\"\uf0fc \u0160to se knji\u017eni\u010dnih parametara ti\u010de, senjska knji\u017enica zadovoljava sve parametre struke: 20 001 knjiga, 660 \u010dlanova, lanjska nabava-683 knjige, 16531 posudba. \uf0fc Gra\u0111u obra\u0111ujemo trenuta\u010dno najsuvremenijim knji\u017eni\u010darskom programom u nas-Zaki programom. Uz to, odli\u010dno funkcioniraju i rado se koriste na\u0161i online katalozi u sklopu na\u0161ih web kanala informiranja-internetske stranice i facebook stranice koje smo [&hellip;]\" \/>\n<meta property=\"og:url\" content=\"http:\/\/knjiznice.nsk.hr\/senj\/izvjesce-o-radu-za-2025-skracena-verzija\/\" \/>\n<meta property=\"og:site_name\" content=\"Gradska knji\u017enica Senj\" \/>\n<meta property=\"article:publisher\" content=\"http:\/\/facebook.com\/Gradska-knji%c5%benica-SENJ\" \/>\n<meta name=\"twitter:label1\" content=\"Procijenjeno vrijeme \u010ditanja\" \/>\n\t<meta name=\"twitter:data1\" content=\"4 minute\" \/>\n<script type=\"application\/ld+json\" class=\"yoast-schema-graph\">{\"@context\":\"https:\/\/schema.org\",\"@graph\":[{\"@type\":\"WebSite\",\"@id\":\"https:\/\/knjiznice.nsk.hr\/senj\/#website\",\"url\":\"https:\/\/knjiznice.nsk.hr\/senj\/\",\"name\":\"Gradska knji\\u017enica Senj\",\"description\":\"S vama od 1835. godine\",\"potentialAction\":[{\"@type\":\"SearchAction\",\"target\":\"https:\/\/knjiznice.nsk.hr\/senj\/?s={search_term_string}\",\"query-input\":\"required name=search_term_string\"}],\"inLanguage\":\"hr\"},{\"@type\":\"WebPage\",\"@id\":\"http:\/\/knjiznice.nsk.hr\/senj\/izvjesce-o-radu-za-2025-skracena-verzija\/#webpage\",\"url\":\"http:\/\/knjiznice.nsk.hr\/senj\/izvjesce-o-radu-za-2025-skracena-verzija\/\",\"name\":\"IZVJE\\u0160\\u0106E O RADU ZA 2025.-skra\\u0107ena verzija - Gradska knji\\u017enica Senj\",\"isPartOf\":{\"@id\":\"https:\/\/knjiznice.nsk.hr\/senj\/#website\"},\"datePublished\":\"2026-03-13T08:21:08+00:00\",\"dateModified\":\"2026-03-13T08:21:08+00:00\",\"breadcrumb\":{\"@id\":\"http:\/\/knjiznice.nsk.hr\/senj\/izvjesce-o-radu-za-2025-skracena-verzija\/#breadcrumb\"},\"inLanguage\":\"hr\",\"potentialAction\":[{\"@type\":\"ReadAction\",\"target\":[\"http:\/\/knjiznice.nsk.hr\/senj\/izvjesce-o-radu-za-2025-skracena-verzija\/\"]}]},{\"@type\":\"BreadcrumbList\",\"@id\":\"http:\/\/knjiznice.nsk.hr\/senj\/izvjesce-o-radu-za-2025-skracena-verzija\/#breadcrumb\",\"itemListElement\":[{\"@type\":\"ListItem\",\"position\":1,\"item\":{\"@type\":\"WebPage\",\"@id\":\"https:\/\/knjiznice.nsk.hr\/senj\/\",\"url\":\"https:\/\/knjiznice.nsk.hr\/senj\/\",\"name\":\"Po\\u010detna stranica\"}},{\"@type\":\"ListItem\",\"position\":2,\"item\":{\"@id\":\"http:\/\/knjiznice.nsk.hr\/senj\/izvjesce-o-radu-za-2025-skracena-verzija\/#webpage\"}}]}]}<\/script>\n<!-- \/ Yoast SEO plugin. -->","_links":{"self":[{"href":"https:\/\/knjiznice.nsk.hr\/senj\/wp-json\/wp\/v2\/pages\/3349"}],"collection":[{"href":"https:\/\/knjiznice.nsk.hr\/senj\/wp-json\/wp\/v2\/pages"}],"about":[{"href":"https:\/\/knjiznice.nsk.hr\/senj\/wp-json\/wp\/v2\/types\/page"}],"author":[{"embeddable":true,"href":"https:\/\/knjiznice.nsk.hr\/senj\/wp-json\/wp\/v2\/users\/58"}],"replies":[{"embeddable":true,"href":"https:\/\/knjiznice.nsk.hr\/senj\/wp-json\/wp\/v2\/comments?post=3349"}],"version-history":[{"count":1,"href":"https:\/\/knjiznice.nsk.hr\/senj\/wp-json\/wp\/v2\/pages\/3349\/revisions"}],"predecessor-version":[{"id":3350,"href":"https:\/\/knjiznice.nsk.hr\/senj\/wp-json\/wp\/v2\/pages\/3349\/revisions\/3350"}],"wp:attachment":[{"href":"https:\/\/knjiznice.nsk.hr\/senj\/wp-json\/wp\/v2\/media?parent=3349"}],"curies":[{"name":"wp","href":"https:\/\/api.w.org\/{rel}","templated":true}]}}