{"id":3320,"date":"2026-02-20T06:47:46","date_gmt":"2026-02-20T06:47:46","guid":{"rendered":"http:\/\/knjiznice.nsk.hr\/senj\/?page_id=3320"},"modified":"2026-02-20T06:47:46","modified_gmt":"2026-02-20T06:47:46","slug":"izvjesce-za-2024-godinu","status":"publish","type":"page","link":"https:\/\/knjiznice.nsk.hr\/senj\/izvjesce-za-2024-godinu\/","title":{"rendered":"IZVJE\u0160\u0106E ZA 2024.godinu"},"content":{"rendered":"<p>\uf0fc\t\u0160to se knji\u017eni\u010dnih parametara ti\u010de, senjska knji\u017enica zadovoljava sve parametre struke:<br \/>\n20 076 knjiga, 624 \u010dlana, lanjska nabava-767 knjiga, 17 300 posudbi.<br \/>\n\uf0fc\tGra\u0111u obra\u0111ujemo trenuta\u010dno najsuvremenijim knji\u017eni\u010darskom programom u nas-Zaki programom. Uz to, odli\u010dno funkcioniraju i rado se koriste na\u0161i online katalozi u sklopu na\u0161ih web kanala informiranja-internetske stranice i facebook stranice koje smo samostalno isposlovali te sami odr\u017eavamo i osvje\u017eavamo.<br \/>\n\uf0fc\t\u0160to se ti\u010de financija, poslovali smo sukladno planovima i zakonima.<br \/>\nNa\u0161i prihodi u 2024. godini 127.673 eura, a rashodi 114,337 eura, dok je 12.489 eura utro\u0161eno za nabavu nefinancijske imovine.<br \/>\nOstvaren je ukupan vi\u0161ak prihoda poslovanja u iznosu od 845,69 eura. Preneseni vi\u0161ak prihoda i primitaka iz proteklog razdoblja je 3.862 eura i Gradska knji\u017enica Senj prenosi vi\u0161ak prihoda i primitaka raspolo\u017eiv u sljede\u0107em razdoblju u iznosu od 4.708 eura.<br \/>\nPored sredstava Osniva\u010da i vlastitih sredstva, dodatnim smo naporima osigurali sredstva i iz ostalih izvora:<br \/>\n-5.000 eura za nabavu knji\u017ene i neknji\u017ene gra\u0111e-Ministarstvo kulture<br \/>\n&#8211; 1.500 eura  za nabavu informati\u010dke opreme-Ministarstvo kulture<br \/>\n\uf0fc\tUz primarne knji\u017eni\u010darske poslove, va\u017ean naglasak Gradska knji\u017enica Senj stavlja na kulturni program i doga\u0111anja u svojoj ustanovi. Organiziramo sve vrste doga\u0111aja od kulturnih, edukacijskih, savjetodavnih do informacijskih sadr\u017eaja za djecu, tinejd\u017eere i odrasle s ciljem poticanja kulture knjige i \u010ditanja te oboga\u0107ivanja kulturne ponude u na\u0161em gradu.<br \/>\nKroz pripremu i realizaciju doga\u0111anja aktivno i dobro sura\u0111ujemo sa svim ustanovama, udrugama i institucijama na lokalnoj, \u017eupanijskoj i dr\u017eavnoj razini. Sve doga\u0111aje propagiramo plakatima, lecima, preko portala, novina, radija i putem na\u0161e web i facebook stranice. Uz to, kroz godinu u suradnji s Radio Senjom kreiramo seriju emisija Knji\u017enica u eteru &#8211; radioemisija u kojima Gradska knji\u017enica Senj obavje\u0161tava gra\u0111ane o svojim aktivnostima i novitetima te najavljuje predstoje\u0107a doga\u0111anja. <\/p>\n<p>EDUKATIVNI PROGRAMI:<br \/>\n-SIJE\u010cANJ 2024.-OBILJE\u017dAVANJE ME\u0110UNARODNOG DANA SJE\u0106ANJA NA \u017dRTVE HOLOKAUSTA<br \/>\n-22.2.2024.G-OBILJE\u017dAVANJE DANA HRVATSKE GLAGOLJICE I GLAGOLJ\u0160TVA-GLAGOLJSKA RADIONICA<br \/>\n-20.3. 2024.-DRU\u017dENJE S IVANOM BRLI\u0106 MA\u017dURANI\u0106<br \/>\n-22.3.2024.-PREDAVANJE \u201eZNANJEM PROTIV RAKA\u201c<br \/>\n-24.4.-EDUKATIVNI PROGRAM \u201eMOJ SENJ\u201c<br \/>\n-15.11. 2024.G-PROGRAM \u201eVUKOVARU U SPOMEN\u201c<br \/>\n-SRPANJ \u2013 4 RADIONICE ZA DJECU NA PRAZNICIMA<br \/>\n-5.12. 2024.G-BO\u017dI\u0106NA RADIONICA U SENJSKOJ KNJI\u017dNICI<\/p>\n<p>IZLO\u017dBE<br \/>\n-8.2.2024.G-MA\u0160KARANO DRU\u017dENJE I OTVORENJE MESOPUSNE FOTOIZLO\u017dBE \u201eSENJSKI MUZIKANTI I BALI I KARNEVALI\u201c<br \/>\n-25.4.- OTVORENJE IZLO\u017dBE I PREDSTAVLJANJE MONOGRAFIJE UMJETNICE MARIJE PUZAK<br \/>\n-22.6.-IZLO\u017dBA I PREDAVANJE \u201eOD GIMNAZIJE I \u0160TELE PA DO IGRALI\u0160TA POD NEHAJEM\u201c<br \/>\n-1.8.-OTVORENJE BRANITELJSKE IZLO\u017dBE \u201eMOJOJ LIJEPOJ ZEMLJI HRVATSKOJ\u201c<br \/>\n-SRPANJ I KOLOVOZ 2024.-IZLO\u017dBA U\u010cENI\u010cKE \u0160KOLSKE ZADRUGE SINJAL<br \/>\n-24.10. 2024.G-OTVORENJE IZLO\u017dBE \u201ePORAT POD NEHAJEM\u201c ANKICE PRPI\u0106-MHK<br \/>\n-IZLO\u017dBA \u201eZAVI\u010cAJNIM VELIKANIMA U \u010cAST\u201c<\/p>\n<p>KNJI\u017dEVNE VE\u010cERI<br \/>\n-17.5.-PREDSTAVLJANJE SLIKOVNICE \u201eDAVID I USISIVA\u010c \u0160A\u0160A\u201c MAJE CIMBAL<br \/>\n-PROMOCIJA KNJIGE \u201eMOJA REVOLUCIJA U 365 DANA\u201c HRVATSKE GLAZBENICE, SPISATELJICE I MOTIVATORICE AN\u0110E MARI\u0106-NO\u0106 KNJIGE<br \/>\n-25.7.2024.-PROMOCIJA PJESNI\u010cKE ZBIRKE INES \u010cORI\u0106 KOSTOVI\u0106 \u201eU \u0160KRAPI USPOMENOV\u201c<br \/>\n-17.10. 20204. \u2013 PREDSTAVLJANJE KNJIGE \u201eJA, PA JA I OPET JA\u201c JOSIPE PAVI\u010cI\u0106-MHK<br \/>\n-7.11.2024.-\tPREDSTAVLJANJE ZBIRKE \u201eRITAM SRCA\u201c KLARE POLAK POLJAREVI\u0106-MHK<br \/>\n-14.11.24-PREDSTAVLJANJE KNJIGE \u201eISPOD POVR\u0160INE\u201c DAMIRA \u0160ANTEKA-MHK<br \/>\n&#8211;11.12.2024.G-PREDSTAVLJANJE KNJIGE \u201ePOD NEHAJEN\u201c IVANA KLI\u0106A PETRONIJA<\/p>\n<p>OSTALO<br \/>\n-13.6.-VE\u010cER SLIKANJA, POEZIJE I VINA<br \/>\n-31.7.2024.-PREDSTAVA \u201eMEDO I KUNA-POLICAJCI U AKCIJI\u201c<br \/>\n-8.10.-RADIONICA SLIKANJA, POEZIJE I VINA<br \/>\n-NA\u0160I NAJMLA\u0110I U KNJI\u017dNICI-15.10-15.11.2024.G-MHK<br \/>\n-12.12.2024.-NAJ\u010cITA\u010cI GRADSKE KNJI\u017dNICE SENJ ZA 2024.GODINU<br \/>\n-13.12.2024-BO\u017dI\u0106NA PREDSTAVA ZA DJECU<\/p>\n<p>ZAKLJU\u010cAK<br \/>\nGradska knji\u017enica Senj sve je poslove u 2024. godini izvr\u0161avala u skladu sa zakonima i strukom te po\u0161tuju\u0107i Standarde za narodne knji\u017enice Republike Hrvatske. Uz teku\u0107e knji\u017eni\u010darske poslove i nabavu gra\u0111e, odr\u017eavali smo i brojne kulturne programe za djecu i odrasle.  Bili smo aktivni u kulturnom i dru\u0161tvenom \u017eivotu Grada te transparentni putem svih vrsta medija za sugra\u0111ane i \u0161iru javnost. Brzo i efikasno smo ispunjavali zahtjeve zajednice za knji\u017eni\u010dnom gra\u0111om, kulturnim i edukacijskim sadr\u017eajima, za pristupom novim tehnologijama te za informacijskim opismenjavanjem. Financijsku godinu smo zaklju\u010dili  podmiriv\u0161i sve obaveze i bez odstupanja od predvi\u0111enog plana i programa.<\/p>\n<p>Uz sve navedeno, i dodatne zacrtane ciljeve predvi\u0111ene za 2024. smo uspje\u0161no realizirali:<br \/>\n-aplicirali smo na natje\u010daje kako bismo pribavili dodatna sredstva ustanovi,<br \/>\n-izvr\u0161ena je revizija fonda,<br \/>\n-izdane su \u010dak tri knjige zavi\u010dajnih knji\u017eevnika: pjesni\u010dka zbirka Ines \u010cori\u0107 Kostovi\u0107 \u201eU \u0161krapi uspomenov\u201c, poetska mapa Klare Polak Poljarevi\u0107 \u201eRitam srca\u201c te pjesni\u010dka zbirka Ivana Kli\u0107a Petronija \u201ePod Nehajen\u201c.<\/p>\n<p>U narednom periodu planiramo odr\u017eavati kvalitetu rada, poslovanja i usluga dr\u017ee\u0107i nivo koji smo postavili. Uz to, u 2025. godini planiramo raditi na daljnjem usavr\u0161avanju i pobolj\u0161avanju nekih segmenata rada. Primjerice, planiramo:<br \/>\n-nastaviti raditi na daljnjem uvo\u0111enju novih i zanimljivih doga\u0111aja uz njegovanje projekata koji su se pokazali uspje\u0161nima,<br \/>\n-nastaviti aplicirati na razne natje\u010daje Grada, Ministarstva te iz ostalih raspolo\u017eivih izvora,<br \/>\n-razvijati svoju nakladni\u010dku djelatnost izdavanjem knjiga zavi\u010dajne knji\u017eevnosti.<\/p>\n<p>U 2024. godini knji\u017enica je poslovala dobro. Posje\u0107enost i posudba knjiga je odli\u010dna \u0161to govori o zadovoljnim korisnicima koji prepoznaju svoju knji\u017enicu kao zna\u010dajan kulturni centar u Senju.<br \/>\nHvala svim korisnicima, financijerima, suradnicima i medijima na dobroj suradnji i istoj se nadamo i u ovoj godini koja je pred nama.<\/p>\n","protected":false},"excerpt":{"rendered":"<p>\uf0fc \u0160to se knji\u017eni\u010dnih parametara ti\u010de, senjska knji\u017enica zadovoljava sve parametre struke: 20 076 knjiga, 624 \u010dlana, lanjska nabava-767 knjiga, 17 300 posudbi. \uf0fc Gra\u0111u obra\u0111ujemo trenuta\u010dno najsuvremenijim knji\u017eni\u010darskom programom u nas-Zaki programom. Uz to, odli\u010dno funkcioniraju i rado se koriste na\u0161i online katalozi u sklopu na\u0161ih web kanala informiranja-internetske stranice i facebook stranice koje [&hellip;]<\/p>\n","protected":false},"author":58,"featured_media":0,"parent":0,"menu_order":0,"comment_status":"closed","ping_status":"closed","template":"","meta":{"ngg_post_thumbnail":0},"yoast_head":"<!-- This site is optimized with the Yoast SEO plugin v16.4 - https:\/\/yoast.com\/wordpress\/plugins\/seo\/ -->\n<meta name=\"robots\" content=\"index, follow, max-snippet:-1, max-image-preview:large, max-video-preview:-1\" \/>\n<link rel=\"canonical\" href=\"https:\/\/knjiznice.nsk.hr\/senj\/izvjesce-za-2024-godinu\/\" \/>\n<meta property=\"og:locale\" content=\"hr_HR\" \/>\n<meta property=\"og:type\" content=\"article\" \/>\n<meta property=\"og:title\" content=\"IZVJE\u0160\u0106E ZA 2024.godinu - Gradska knji\u017enica Senj\" \/>\n<meta property=\"og:description\" content=\"\uf0fc \u0160to se knji\u017eni\u010dnih parametara ti\u010de, senjska knji\u017enica zadovoljava sve parametre struke: 20 076 knjiga, 624 \u010dlana, lanjska nabava-767 knjiga, 17 300 posudbi. \uf0fc Gra\u0111u obra\u0111ujemo trenuta\u010dno najsuvremenijim knji\u017eni\u010darskom programom u nas-Zaki programom. Uz to, odli\u010dno funkcioniraju i rado se koriste na\u0161i online katalozi u sklopu na\u0161ih web kanala informiranja-internetske stranice i facebook stranice koje [&hellip;]\" \/>\n<meta property=\"og:url\" content=\"https:\/\/knjiznice.nsk.hr\/senj\/izvjesce-za-2024-godinu\/\" \/>\n<meta property=\"og:site_name\" content=\"Gradska knji\u017enica Senj\" \/>\n<meta property=\"article:publisher\" content=\"http:\/\/facebook.com\/Gradska-knji%c5%benica-SENJ\" \/>\n<meta name=\"twitter:label1\" content=\"Procijenjeno vrijeme \u010ditanja\" \/>\n\t<meta name=\"twitter:data1\" content=\"5 minuta\" \/>\n<script type=\"application\/ld+json\" class=\"yoast-schema-graph\">{\"@context\":\"https:\/\/schema.org\",\"@graph\":[{\"@type\":\"WebSite\",\"@id\":\"https:\/\/knjiznice.nsk.hr\/senj\/#website\",\"url\":\"https:\/\/knjiznice.nsk.hr\/senj\/\",\"name\":\"Gradska knji\\u017enica Senj\",\"description\":\"S vama od 1835. godine\",\"potentialAction\":[{\"@type\":\"SearchAction\",\"target\":\"https:\/\/knjiznice.nsk.hr\/senj\/?s={search_term_string}\",\"query-input\":\"required name=search_term_string\"}],\"inLanguage\":\"hr\"},{\"@type\":\"WebPage\",\"@id\":\"https:\/\/knjiznice.nsk.hr\/senj\/izvjesce-za-2024-godinu\/#webpage\",\"url\":\"https:\/\/knjiznice.nsk.hr\/senj\/izvjesce-za-2024-godinu\/\",\"name\":\"IZVJE\\u0160\\u0106E ZA 2024.godinu - Gradska knji\\u017enica Senj\",\"isPartOf\":{\"@id\":\"https:\/\/knjiznice.nsk.hr\/senj\/#website\"},\"datePublished\":\"2026-02-20T06:47:46+00:00\",\"dateModified\":\"2026-02-20T06:47:46+00:00\",\"breadcrumb\":{\"@id\":\"https:\/\/knjiznice.nsk.hr\/senj\/izvjesce-za-2024-godinu\/#breadcrumb\"},\"inLanguage\":\"hr\",\"potentialAction\":[{\"@type\":\"ReadAction\",\"target\":[\"https:\/\/knjiznice.nsk.hr\/senj\/izvjesce-za-2024-godinu\/\"]}]},{\"@type\":\"BreadcrumbList\",\"@id\":\"https:\/\/knjiznice.nsk.hr\/senj\/izvjesce-za-2024-godinu\/#breadcrumb\",\"itemListElement\":[{\"@type\":\"ListItem\",\"position\":1,\"item\":{\"@type\":\"WebPage\",\"@id\":\"https:\/\/knjiznice.nsk.hr\/senj\/\",\"url\":\"https:\/\/knjiznice.nsk.hr\/senj\/\",\"name\":\"Po\\u010detna stranica\"}},{\"@type\":\"ListItem\",\"position\":2,\"item\":{\"@id\":\"https:\/\/knjiznice.nsk.hr\/senj\/izvjesce-za-2024-godinu\/#webpage\"}}]}]}<\/script>\n<!-- \/ Yoast SEO plugin. -->","_links":{"self":[{"href":"https:\/\/knjiznice.nsk.hr\/senj\/wp-json\/wp\/v2\/pages\/3320"}],"collection":[{"href":"https:\/\/knjiznice.nsk.hr\/senj\/wp-json\/wp\/v2\/pages"}],"about":[{"href":"https:\/\/knjiznice.nsk.hr\/senj\/wp-json\/wp\/v2\/types\/page"}],"author":[{"embeddable":true,"href":"https:\/\/knjiznice.nsk.hr\/senj\/wp-json\/wp\/v2\/users\/58"}],"replies":[{"embeddable":true,"href":"https:\/\/knjiznice.nsk.hr\/senj\/wp-json\/wp\/v2\/comments?post=3320"}],"version-history":[{"count":1,"href":"https:\/\/knjiznice.nsk.hr\/senj\/wp-json\/wp\/v2\/pages\/3320\/revisions"}],"predecessor-version":[{"id":3321,"href":"https:\/\/knjiznice.nsk.hr\/senj\/wp-json\/wp\/v2\/pages\/3320\/revisions\/3321"}],"wp:attachment":[{"href":"https:\/\/knjiznice.nsk.hr\/senj\/wp-json\/wp\/v2\/media?parent=3320"}],"curies":[{"name":"wp","href":"https:\/\/api.w.org\/{rel}","templated":true}]}}