{"id":29,"date":"2015-04-16T07:28:21","date_gmt":"2015-04-16T07:28:21","guid":{"rendered":"http:\/\/knjiznice.nsk.hr\/senj\/?page_id=29"},"modified":"2024-06-18T06:02:03","modified_gmt":"2024-06-18T06:02:03","slug":"knjiznica-u-senju-nekad-i-sad","status":"publish","type":"page","link":"https:\/\/knjiznice.nsk.hr\/senj\/knjiznica-u-senju-nekad-i-sad\/","title":{"rendered":"Knji\u017enica u Senju nekad i sad"},"content":{"rendered":"<p><span style=\"text-decoration: underline\"><strong>IZ POVIJESTI KNJI\u017dNICE<\/strong><\/span><br \/>\nBa\u0161 kao i danas, Gradska knji\u017enica Senj i u pro\u0161losti je igrala va\u017enu ulogu za svoju sredinu.<br \/>\nVe\u0107 po\u010detkom 19. stolje\u0107a predstavnici senjskog plemstva i patriciji osnivaju Casino nobile (dru\u0161tvo plemenitih), a trgovci i gra\u0111ani Casino mercantile (dru\u0161tvo trgovaca). Pod utjecajem ilirskih ideja dva kasina u sije\u010dnju 1835. godine sjedinjuju se u Senjsku narodnu \u010ditaonicu i knji\u017enicu. Od tada knji\u017enica neprekidno obavlja svoju djelatnost, izuzev prekida za vrijeme Drugog svjetskog rata u kojemu je Senj jako nastradao. Od 60-ih godina pro\u0161log stolje\u0107a, knji\u017enica i \u010ditaonica djelovala je u sklopu Narodnog sveu\u010dili\u0161ta, dana\u0161njeg Pu\u010dkog otvorenog u\u010dili\u0161ta &#8220;Milutin Cihlar Nehajev&#8221;. Krajem 2005. godine Gradska knji\u017enica Senj izdvaja se iz navedene ustanove te postaje samostalna ustanova \u010diji je osniva\u010d Grad Senj.<\/p>\n<p><span style=\"text-decoration: underline\"><strong>GRADSKA KNJI\u017dNICA SENJ DANAS<\/strong><\/span><br \/>\nU ljeto 2008. dovr\u0161en je zahtjevan proces preseljenja Knji\u017enice u nove i moderno opremljene prostore na Trgu Cilnica 11. Danas je Gradska knji\u017enica Senj sredi\u0161nja narodna knji\u017enica VII. tipa, a u njezinom sastavu djeluju i dva ogranka koji pokrivaju \u0161ire podru\u010dje Grada Senja (Ogranak Sveti Juraj i Ogranak Krasno).<\/p>\n","protected":false},"excerpt":{"rendered":"<p>IZ POVIJESTI KNJI\u017dNICE Ba\u0161 kao i danas, Gradska knji\u017enica Senj i u pro\u0161losti je igrala va\u017enu ulogu za svoju sredinu. Ve\u0107 po\u010detkom 19. stolje\u0107a predstavnici senjskog plemstva i patriciji osnivaju Casino nobile (dru\u0161tvo plemenitih), a trgovci i gra\u0111ani Casino mercantile (dru\u0161tvo trgovaca). Pod utjecajem ilirskih ideja dva kasina u sije\u010dnju 1835. godine sjedinjuju se u [&hellip;]<\/p>\n","protected":false},"author":58,"featured_media":0,"parent":0,"menu_order":0,"comment_status":"closed","ping_status":"closed","template":"","meta":{"ngg_post_thumbnail":0},"yoast_head":"<!-- This site is optimized with the Yoast SEO plugin v16.4 - https:\/\/yoast.com\/wordpress\/plugins\/seo\/ -->\n<meta name=\"robots\" content=\"index, follow, max-snippet:-1, max-image-preview:large, max-video-preview:-1\" \/>\n<link rel=\"canonical\" href=\"https:\/\/knjiznice.nsk.hr\/senj\/knjiznica-u-senju-nekad-i-sad\/\" \/>\n<meta property=\"og:locale\" content=\"hr_HR\" \/>\n<meta property=\"og:type\" content=\"article\" \/>\n<meta property=\"og:title\" content=\"Knji\u017enica u Senju nekad i sad - Gradska knji\u017enica Senj\" \/>\n<meta property=\"og:description\" content=\"IZ POVIJESTI KNJI\u017dNICE Ba\u0161 kao i danas, Gradska knji\u017enica Senj i u pro\u0161losti je igrala va\u017enu ulogu za svoju sredinu. Ve\u0107 po\u010detkom 19. stolje\u0107a predstavnici senjskog plemstva i patriciji osnivaju Casino nobile (dru\u0161tvo plemenitih), a trgovci i gra\u0111ani Casino mercantile (dru\u0161tvo trgovaca). Pod utjecajem ilirskih ideja dva kasina u sije\u010dnju 1835. godine sjedinjuju se u [&hellip;]\" \/>\n<meta property=\"og:url\" content=\"https:\/\/knjiznice.nsk.hr\/senj\/knjiznica-u-senju-nekad-i-sad\/\" \/>\n<meta property=\"og:site_name\" content=\"Gradska knji\u017enica Senj\" \/>\n<meta property=\"article:publisher\" content=\"http:\/\/facebook.com\/Gradska-knji%c5%benica-SENJ\" \/>\n<meta property=\"article:modified_time\" content=\"2024-06-18T06:02:03+00:00\" \/>\n<meta name=\"twitter:label1\" content=\"Procijenjeno vrijeme \u010ditanja\" \/>\n\t<meta name=\"twitter:data1\" content=\"1 minuta\" \/>\n<script type=\"application\/ld+json\" class=\"yoast-schema-graph\">{\"@context\":\"https:\/\/schema.org\",\"@graph\":[{\"@type\":\"WebSite\",\"@id\":\"https:\/\/knjiznice.nsk.hr\/senj\/#website\",\"url\":\"https:\/\/knjiznice.nsk.hr\/senj\/\",\"name\":\"Gradska knji\\u017enica Senj\",\"description\":\"S vama od 1835. godine\",\"potentialAction\":[{\"@type\":\"SearchAction\",\"target\":\"https:\/\/knjiznice.nsk.hr\/senj\/?s={search_term_string}\",\"query-input\":\"required name=search_term_string\"}],\"inLanguage\":\"hr\"},{\"@type\":\"WebPage\",\"@id\":\"https:\/\/knjiznice.nsk.hr\/senj\/knjiznica-u-senju-nekad-i-sad\/#webpage\",\"url\":\"https:\/\/knjiznice.nsk.hr\/senj\/knjiznica-u-senju-nekad-i-sad\/\",\"name\":\"Knji\\u017enica u Senju nekad i sad - Gradska knji\\u017enica Senj\",\"isPartOf\":{\"@id\":\"https:\/\/knjiznice.nsk.hr\/senj\/#website\"},\"datePublished\":\"2015-04-16T07:28:21+00:00\",\"dateModified\":\"2024-06-18T06:02:03+00:00\",\"breadcrumb\":{\"@id\":\"https:\/\/knjiznice.nsk.hr\/senj\/knjiznica-u-senju-nekad-i-sad\/#breadcrumb\"},\"inLanguage\":\"hr\",\"potentialAction\":[{\"@type\":\"ReadAction\",\"target\":[\"https:\/\/knjiznice.nsk.hr\/senj\/knjiznica-u-senju-nekad-i-sad\/\"]}]},{\"@type\":\"BreadcrumbList\",\"@id\":\"https:\/\/knjiznice.nsk.hr\/senj\/knjiznica-u-senju-nekad-i-sad\/#breadcrumb\",\"itemListElement\":[{\"@type\":\"ListItem\",\"position\":1,\"item\":{\"@type\":\"WebPage\",\"@id\":\"https:\/\/knjiznice.nsk.hr\/senj\/\",\"url\":\"https:\/\/knjiznice.nsk.hr\/senj\/\",\"name\":\"Po\\u010detna stranica\"}},{\"@type\":\"ListItem\",\"position\":2,\"item\":{\"@id\":\"https:\/\/knjiznice.nsk.hr\/senj\/knjiznica-u-senju-nekad-i-sad\/#webpage\"}}]}]}<\/script>\n<!-- \/ Yoast SEO plugin. -->","_links":{"self":[{"href":"https:\/\/knjiznice.nsk.hr\/senj\/wp-json\/wp\/v2\/pages\/29"}],"collection":[{"href":"https:\/\/knjiznice.nsk.hr\/senj\/wp-json\/wp\/v2\/pages"}],"about":[{"href":"https:\/\/knjiznice.nsk.hr\/senj\/wp-json\/wp\/v2\/types\/page"}],"author":[{"embeddable":true,"href":"https:\/\/knjiznice.nsk.hr\/senj\/wp-json\/wp\/v2\/users\/58"}],"replies":[{"embeddable":true,"href":"https:\/\/knjiznice.nsk.hr\/senj\/wp-json\/wp\/v2\/comments?post=29"}],"version-history":[{"count":3,"href":"https:\/\/knjiznice.nsk.hr\/senj\/wp-json\/wp\/v2\/pages\/29\/revisions"}],"predecessor-version":[{"id":2920,"href":"https:\/\/knjiznice.nsk.hr\/senj\/wp-json\/wp\/v2\/pages\/29\/revisions\/2920"}],"wp:attachment":[{"href":"https:\/\/knjiznice.nsk.hr\/senj\/wp-json\/wp\/v2\/media?parent=29"}],"curies":[{"name":"wp","href":"https:\/\/api.w.org\/{rel}","templated":true}]}}