{"id":2863,"date":"2024-04-09T06:35:51","date_gmt":"2024-04-09T06:35:51","guid":{"rendered":"http:\/\/knjiznice.nsk.hr\/senj\/?page_id=2863"},"modified":"2024-04-09T06:35:51","modified_gmt":"2024-04-09T06:35:51","slug":"izvjesce-za-2023-skracena-verzija","status":"publish","type":"page","link":"https:\/\/knjiznice.nsk.hr\/senj\/izvjesce-za-2023-skracena-verzija\/","title":{"rendered":"IZVJE\u0160\u0106E ZA 2023.-skra\u0107ena verzija"},"content":{"rendered":"<p>\uf0fc\t\u0160to se knji\u017eni\u010dnih parametara ti\u010de, senjska knji\u017enica zadovoljava sve parametre struke:<br \/>\n20 857 knjiga, 621 \u010dlan, lanjska nabava-778 knjiga, 14 574 posudbe.<br \/>\n\uf0fc\tGra\u0111u obra\u0111ujemo trenuta\u010dno najsuvremenijim knji\u017eni\u010darskom programom u nas-Zaki programom. Uz to, odli\u010dno funkcioniraju i rado se koriste na\u0161i online katalozi u sklopu na\u0161ih web kanala informiranja-internetske stranice i facebook stranice koje smo samostalno isposlovali te sami odr\u017eavamo i osvje\u017eavamo.<br \/>\n\uf0fc\t\u0160to se ti\u010de financija, poslovali smo sukladno planovima i zakonima.<br \/>\nNa\u0161i prihodi u 2023. godini 98.952 e, a rashodi 92.545 eura, dok je 12.182 eura utro\u0161eno za nabavu nefinancijske imovine.<br \/>\nOstvaren je ukupan vi\u0161ak prihoda poslovanja u iznosu od 1.413 eura. Preneseni vi\u0161ak prihoda i primitaka iz proteklog razdoblja je 2.449 eura i Gradska knji\u017enica Senj prenosi vi\u0161ak prihoda i primitaka raspolo\u017eiv u sljede\u0107em razdoblju u iznosu od 3.862 eura.<br \/>\nPored sredstava Osniva\u010da i vlastitih sredstva, dodatnim smo naporima osigurali sredstva i iz ostalih izvora:<br \/>\n-5.043 eura za nabavu knji\u017ene i neknji\u017ene gra\u0111e-Ministarstvo kulture<br \/>\n&#8211;  1.327 eura  za nabavu informati\u010dke opreme-Ministarstvo kulture<br \/>\nSvi ostali detalji financijskog poslovanja Gradske knji\u017enice Senj nalaze se u Financijskom izvje\u0161\u0107u pred vama.<br \/>\n\uf0fc\tUz primarne knji\u017eni\u010darske poslove, va\u017ean naglasak Gradska knji\u017enica Senj stavlja na kulturni program i doga\u0111anja u svojoj ustanovi. Organiziramo sve vrste doga\u0111aja od kulturnih, edukacijskih, savjetodavnih do informacijskih sadr\u017eaja za djecu, tinejd\u017eere i odrasle s ciljem poticanja kulture knjige i \u010ditanja te oboga\u0107ivanja kulturne ponude u na\u0161em gradu.<br \/>\nKroz pripremu i realizaciju doga\u0111anja aktivno i dobro sura\u0111ujemo sa svim ustanovama, udrugama i institucijama na lokalnoj, \u017eupanijskoj i dr\u017eavnoj razini. Sve doga\u0111aje propagiramo plakatima, lecima, preko portala, novina, radija i putem na\u0161e web i facebook stranice. Uz to, kroz godinu u suradnji s Radio Senjom kreiramo seriju emisija Knji\u017enica u eteru &#8211; radioemisija u kojima Gradska knji\u017enica Senj obavje\u0161tava gra\u0111ane o svojim aktivnostima i novitetima te najavljuje predstoje\u0107a doga\u0111anja. <\/p>\n<p>EDUKATIVNI PROGRAMI:<br \/>\n-27.2 2023.- Dan sje\u0107anja na \u017ertve holokausta<br \/>\n-22.2.-OBILJE\u017dAVANJE DANA HRVATSKE GLAGOLJICE I GLAGOLJA\u0160TVA<br \/>\n-8.3.2023. g-U SENJSKOJ KNJI\u017dNICI OBILJE\u017dEN ME\u0110UNARODNI DAN \u017dENA<br \/>\n-SRPANJ 2023.-RADIONICE \u201eSRIJEDA ZA 5\u201c<br \/>\n-15.10-15.11.23-MJESEC HRVATSKE KNJIGE-PROGRAMI ZA DJECU<br \/>\n-6.12.23-BO\u017dI\u0106NA PRI\u010cAONICA<br \/>\n-18.4.2023. g-EDUKATIVNI PROGRAM \u201eNA\u0160 SENJ\u201c<br \/>\n-17.11.-PROGRAM \u201eVUKOVARU U SPOMEN\u201c- \u201eU \u010cAST VUKOVARSKOM HEROJU BLAGI ZADRI\u201c<\/p>\n<p>IZLO\u017dBE:<br \/>\n-16.2.2023.-MESOPUSNA IZLO\u017dBA-NA MLADIMAN SVIT OSTAJE<br \/>\n-Travanj 2023.g-IZLO\u017dBA ANKICE PRPI\u0106 \u201eLJEPOTA PRIRODE\u201c<br \/>\n-17.4.-23.4.2023.g-IZLO\u017dBA \u201eOGRIZOVI\u0106U U \u010cAST\u201c<br \/>\n-18.5.-OTVORENJE IZLO\u017dBE 20.GODI\u0160NJICA UTRKE USPON NA ZAVI\u017dAN<br \/>\n-24.6.2023.-OTVORENJE IZLO\u017dBE \u201eSLIKA SENJSKOG MATURANTA\u201c-MILE TOMLJANOVI\u0106-LUCE \u201eZA SVAKOGA PONE\u0160TO\u201c<br \/>\n-1.7.-1.9. 2023. IZLO\u017dBA U\u010cENI\u010cKIH RADOVA \u0160KOLSKE ZADRUGE SINJAL<br \/>\n-3.8.2023. OTVORENJE BRANITELJSKE IZLO\u017dBE \u201eMOJOJ LIJEPOJ ZEMLJI HRVATSKOJ\u201c<br \/>\n-9.11.-IZLO\u017dBA I OKUPLJANJE \u010cLANOVA GRUPE SENJ U SRCU<br \/>\n-14.12.23.-OTVORENJE IZLO\u017dBE 20 GODINA SENJSKE LIGE PROTIV RAKA<br \/>\n-16.-31.10.2023.-IZLO\u017dBA SLAVIMO ARHEOLO\u0160KU BA\u0160TINU IRSKE<\/p>\n<p>KNJI\u017dEVNE VE\u010cERI:<br \/>\n21.4.2023.g-SENJSKA NO\u0106 KNJIGE-gostovanje knji\u017eevnice Marijane Perini\u0107<br \/>\n-21.7.2023. &#8211; PREDSTAVANJE PJESNI\u010cKE ZBIRKE \u201eKU\u0106E NA BRDU\u201c KLARE POLAK POLJAREVI\u0106<br \/>\n-24.8.2023.g-DRUGI SENJSKI STORYTELLING FESTIVAL<br \/>\n-24.10.23.-PREDSTAVLJANJE KNJIGE \u201eTRAGOM MEDVJEDA\u201cKRUNOSLAVA RACA<\/p>\n<p>OSTALO:<\/p>\n<p>-16.3.2023.-OKRUGLI STOL O PRVOM SVJETSKOM RATU<\/p>\n<p>-AKCIJA \u201eKNJIGA OD SRCA\u201c-TRAVANJ 2023.<\/p>\n<p>-8.12.2023.-PREDSTAVA \u201eAVANTURE SVETOG NIKOLE\u201c<\/p>\n<p>-NAJ\u010cITA\u010cI GRADSKE KNJI\u017dNICE SENJ ZA 2023.GODINU<\/p>\n<p>ZAKLJU\u010cAK<br \/>\nGradska knji\u017enica Senj sve je poslove u 2023. godini izvr\u0161avala u skladu sa zakonima i strukom te po\u0161tuju\u0107i Standarde za narodne knji\u017enice Republike Hrvatske. Uz teku\u0107e knji\u017eni\u010darske poslove i nabavu gra\u0111e, odr\u017eavali smo i brojne kulturne programe za djecu i odrasle.  Bili smo aktivni u kulturnom i dru\u0161tvenom \u017eivotu Grada te transparentni putem svih vrsta medija za sugra\u0111ane i \u0161iru javnost. Brzo i efikasno smo ispunjavali zahtjeve zajednice za knji\u017eni\u010dnom gra\u0111om, kulturnim i edukacijskim sadr\u017eajima, za pristupom novim tehnologijama te za informacijskim opismenjavanjem. Financijsku godinu smo zaklju\u010dili  podmiriv\u0161i sve obaveze i bez odstupanja od predvi\u0111enog plana i programa.<\/p>\n<p>Uz sve navedeno, i dodatne zacrtane ciljeve predvi\u0111ene za 2023. smo uspje\u0161no realizirali:<br \/>\n-aplicirali smo na natje\u010daje kako bismo pribavili dodatna sredstva ustanovi,<br \/>\n-sanirana je vlaga u knji\u017enici.<\/p>\n<p>U narednom periodu planiramo odr\u017eavati kvalitetu rada, poslovanja i usluga dr\u017ee\u0107i nivo koji smo postavili. Uz to, u 2024. godini planiramo raditi na daljnjem usavr\u0161avanju i pobolj\u0161avanju nekih segmenata rada. Primjerice, planiramo:<br \/>\n-nastaviti raditi na daljnjem uvo\u0111enju novih i zanimljivih doga\u0111aja uz njegovanje projekata koji su se pokazali uspje\u0161nima,<br \/>\n-nastaviti aplicirati na razne natje\u010daje Grada, Ministarstva te iz ostalih raspolo\u017eivih izvora (knji\u017ena gra\u0111a te nova ra\u010dunala za ogranke),<br \/>\n-razvijati svoju nakladni\u010dku djelatnost izdavanjem knjiga zavi\u010dajne knji\u017eevnosti.<\/p>\n<p>U 2023. godini knji\u017enica je poslovala dobro. Posje\u0107enost i posudba knjiga je odli\u010dna \u0161to govori o zadovoljnim korisnicima koji prepoznaju svoju knji\u017enicu kao zna\u010dajan kulturni centar u Senju.<br \/>\nHvala svim korisnicima, financijerima, suradnicima i medijima na dobroj suradnji i istoj se nadamo i u ovoj godini koja je pred nama.<\/p>\n","protected":false},"excerpt":{"rendered":"<p>\uf0fc \u0160to se knji\u017eni\u010dnih parametara ti\u010de, senjska knji\u017enica zadovoljava sve parametre struke: 20 857 knjiga, 621 \u010dlan, lanjska nabava-778 knjiga, 14 574 posudbe. \uf0fc Gra\u0111u obra\u0111ujemo trenuta\u010dno najsuvremenijim knji\u017eni\u010darskom programom u nas-Zaki programom. Uz to, odli\u010dno funkcioniraju i rado se koriste na\u0161i online katalozi u sklopu na\u0161ih web kanala informiranja-internetske stranice i facebook stranice koje [&hellip;]<\/p>\n","protected":false},"author":58,"featured_media":0,"parent":0,"menu_order":0,"comment_status":"closed","ping_status":"closed","template":"","meta":{"ngg_post_thumbnail":0},"yoast_head":"<!-- This site is optimized with the Yoast SEO plugin v16.4 - https:\/\/yoast.com\/wordpress\/plugins\/seo\/ -->\n<meta name=\"robots\" content=\"index, follow, max-snippet:-1, max-image-preview:large, max-video-preview:-1\" \/>\n<link rel=\"canonical\" href=\"https:\/\/knjiznice.nsk.hr\/senj\/izvjesce-za-2023-skracena-verzija\/\" \/>\n<meta property=\"og:locale\" content=\"hr_HR\" \/>\n<meta property=\"og:type\" content=\"article\" \/>\n<meta property=\"og:title\" content=\"IZVJE\u0160\u0106E ZA 2023.-skra\u0107ena verzija - Gradska knji\u017enica Senj\" \/>\n<meta property=\"og:description\" content=\"\uf0fc \u0160to se knji\u017eni\u010dnih parametara ti\u010de, senjska knji\u017enica zadovoljava sve parametre struke: 20 857 knjiga, 621 \u010dlan, lanjska nabava-778 knjiga, 14 574 posudbe. \uf0fc Gra\u0111u obra\u0111ujemo trenuta\u010dno najsuvremenijim knji\u017eni\u010darskom programom u nas-Zaki programom. Uz to, odli\u010dno funkcioniraju i rado se koriste na\u0161i online katalozi u sklopu na\u0161ih web kanala informiranja-internetske stranice i facebook stranice koje [&hellip;]\" \/>\n<meta property=\"og:url\" content=\"https:\/\/knjiznice.nsk.hr\/senj\/izvjesce-za-2023-skracena-verzija\/\" \/>\n<meta property=\"og:site_name\" content=\"Gradska knji\u017enica Senj\" \/>\n<meta property=\"article:publisher\" content=\"http:\/\/facebook.com\/Gradska-knji%c5%benica-SENJ\" \/>\n<meta name=\"twitter:label1\" content=\"Procijenjeno vrijeme \u010ditanja\" \/>\n\t<meta name=\"twitter:data1\" content=\"4 minute\" \/>\n<script type=\"application\/ld+json\" class=\"yoast-schema-graph\">{\"@context\":\"https:\/\/schema.org\",\"@graph\":[{\"@type\":\"WebSite\",\"@id\":\"http:\/\/knjiznice.nsk.hr\/senj\/#website\",\"url\":\"http:\/\/knjiznice.nsk.hr\/senj\/\",\"name\":\"Gradska knji\\u017enica Senj\",\"description\":\"S vama od 1835. godine\",\"potentialAction\":[{\"@type\":\"SearchAction\",\"target\":\"http:\/\/knjiznice.nsk.hr\/senj\/?s={search_term_string}\",\"query-input\":\"required name=search_term_string\"}],\"inLanguage\":\"hr\"},{\"@type\":\"WebPage\",\"@id\":\"https:\/\/knjiznice.nsk.hr\/senj\/izvjesce-za-2023-skracena-verzija\/#webpage\",\"url\":\"https:\/\/knjiznice.nsk.hr\/senj\/izvjesce-za-2023-skracena-verzija\/\",\"name\":\"IZVJE\\u0160\\u0106E ZA 2023.-skra\\u0107ena verzija - Gradska knji\\u017enica Senj\",\"isPartOf\":{\"@id\":\"http:\/\/knjiznice.nsk.hr\/senj\/#website\"},\"datePublished\":\"2024-04-09T06:35:51+00:00\",\"dateModified\":\"2024-04-09T06:35:51+00:00\",\"breadcrumb\":{\"@id\":\"https:\/\/knjiznice.nsk.hr\/senj\/izvjesce-za-2023-skracena-verzija\/#breadcrumb\"},\"inLanguage\":\"hr\",\"potentialAction\":[{\"@type\":\"ReadAction\",\"target\":[\"https:\/\/knjiznice.nsk.hr\/senj\/izvjesce-za-2023-skracena-verzija\/\"]}]},{\"@type\":\"BreadcrumbList\",\"@id\":\"https:\/\/knjiznice.nsk.hr\/senj\/izvjesce-za-2023-skracena-verzija\/#breadcrumb\",\"itemListElement\":[{\"@type\":\"ListItem\",\"position\":1,\"item\":{\"@type\":\"WebPage\",\"@id\":\"http:\/\/knjiznice.nsk.hr\/senj\/\",\"url\":\"http:\/\/knjiznice.nsk.hr\/senj\/\",\"name\":\"Po\\u010detna stranica\"}},{\"@type\":\"ListItem\",\"position\":2,\"item\":{\"@id\":\"https:\/\/knjiznice.nsk.hr\/senj\/izvjesce-za-2023-skracena-verzija\/#webpage\"}}]}]}<\/script>\n<!-- \/ Yoast SEO plugin. -->","_links":{"self":[{"href":"https:\/\/knjiznice.nsk.hr\/senj\/wp-json\/wp\/v2\/pages\/2863"}],"collection":[{"href":"https:\/\/knjiznice.nsk.hr\/senj\/wp-json\/wp\/v2\/pages"}],"about":[{"href":"https:\/\/knjiznice.nsk.hr\/senj\/wp-json\/wp\/v2\/types\/page"}],"author":[{"embeddable":true,"href":"https:\/\/knjiznice.nsk.hr\/senj\/wp-json\/wp\/v2\/users\/58"}],"replies":[{"embeddable":true,"href":"https:\/\/knjiznice.nsk.hr\/senj\/wp-json\/wp\/v2\/comments?post=2863"}],"version-history":[{"count":1,"href":"https:\/\/knjiznice.nsk.hr\/senj\/wp-json\/wp\/v2\/pages\/2863\/revisions"}],"predecessor-version":[{"id":2864,"href":"https:\/\/knjiznice.nsk.hr\/senj\/wp-json\/wp\/v2\/pages\/2863\/revisions\/2864"}],"wp:attachment":[{"href":"https:\/\/knjiznice.nsk.hr\/senj\/wp-json\/wp\/v2\/media?parent=2863"}],"curies":[{"name":"wp","href":"https:\/\/api.w.org\/{rel}","templated":true}]}}