{"id":2517,"date":"2022-11-02T07:09:54","date_gmt":"2022-11-02T07:09:54","guid":{"rendered":"http:\/\/knjiznice.nsk.hr\/senj\/?page_id=2517"},"modified":"2022-11-02T07:09:54","modified_gmt":"2022-11-02T07:09:54","slug":"procedura-stvaranja-ugovornih-obveza-u-gradskoj-knjiznici-senj","status":"publish","type":"page","link":"https:\/\/knjiznice.nsk.hr\/senj\/procedura-stvaranja-ugovornih-obveza-u-gradskoj-knjiznici-senj\/","title":{"rendered":"PROCEDURA STVARANJA UGOVORNIH OBVEZA U GRADSKOJ KNJI\u017dNICI SENJ"},"content":{"rendered":"<p>Na temelju \u010dlanka 3. Zakona o fiskalnoj odgovornosti (NN 130\/10.), \u010dlanka 1.<br \/>\nUredbe o sastavljanju i predaji Izjave o fiskalnoj odgovornosti (NN 78\/11.) i \u010dlanka 15.<br \/>\nStatuta Gradske knji\u017enice Senj dana 17. o\u017eujka 2020. godine ravnateljica Knji\u017enice<br \/>\ndonosi<br \/>\nPROCEDURU<br \/>\nSTVARANJA UGOVORNIH OBVEZA U<br \/>\nGRADSKOJ KNJI\u017dNICI SENJ<\/p>\n<p>\u010clanak 1.<br \/>\nOvim aktom propisuje se procedura stvaranja ugovornih obveza, odnosno nabava<br \/>\nroba i usluga, javna nabava i sve druge ugovorne obveze koje su potrebne za redovan rad<br \/>\nGradske knji\u017enice Senj (u daljnjem tekstu: Knji\u017enica), osim ako posebnim propisom ili<br \/>\nStatutom Knji\u017enice nije ure\u0111eno druga\u010dije.<\/p>\n<p>\u010clanak 2.<br \/>\nPostupak zasnivanja obvezno-pravnih odnosa koji rezultiraju isporukom robe, usluga i\/ili<br \/>\nradova, pokre\u0107e ravnatelj Knji\u017enice sukladno odredbama zakona i op\u0107ih akata Knji\u017enice, a<br \/>\nvode\u0107i ra\u010duna o smjernicama i nalozima Grada Senja kao osniva\u010da Knji\u017enice.<br \/>\nPotrebu za pokretanjem postupka ugovaranja nabave roba i usluga mogu iskazati i<br \/>\npredlo\u017eiti ravnatelju voditelji pojedinih odjela, ogranaka i slu\u017ebi Knji\u017enice a po prijedlogu<br \/>\nsvih radnika Knji\u017enice, osim ako posebnim propisom ili Statutom nije druk\u010dije ure\u0111eno.<\/p>\n<p>\u010clanak 3.<br \/>\nVoditelj ra\u010dunovodstva ili njegov zamjenik du\u017ean je prije pokretanja postupka ugovaranja i<br \/>\nstvaranja ugovornih obveza obaviti kontrolu i izvijestiti ravnatelja je li stvaranje predlo\u017eene<br \/>\nugovorne obveze u skladu s financijskim planom i planom nabave Knji\u017enice za teku\u0107u<br \/>\ngodinu.<br \/>\nUkoliko predlo\u017eena ugovorna obveza nije u skladu s financijskim planom i planom nabave<br \/>\nza teku\u0107u godinu istu treba odbaciti i uvrstiti predlo\u017eenu ugovornu obvezu u financijski plan<br \/>\ni plan nabave za narednu godinu ili, ako se mogu osigurati sredstva u teku\u0107oj godini,<br \/>\npredlo\u017eiti izmjene i dopune financijskog plana i plana nabave.<\/p>\n<p>\u010clanak 4.<br \/>\nUkoliko je predlo\u017eena ugovorna obveza u skladu s va\u017ee\u0107im financijskim planom i planom<br \/>\nnabave, ravnatelj donosi odluku o pokretanju nabave, odnosno stvaranju ugovorne<br \/>\nobveze.<\/p>\n<p>\u010clanak 5.<br \/>\nUkoliko postupak nabave roba, radova i\/ili usluga ne podlije\u017ee primjeni Zakona o javnoj<br \/>\nnabavi (NN 90\/11), tada se stvaranje obveza provodi po sljede\u0107oj proceduri:<br \/>\nI. STVARANJE OBVEZA ZA KOJE NIJE POTREBNA PROCEDURA JAVNE NABAVE<br \/>\nRed.<br \/>\nbr.\tAKTIVNOST \tODGOVORNOST \tDOKUMENT \tROK<br \/>\n1. \tPrijedlog za nabavu<br \/>\nopreme\/kori\u0161tenje usluga\/radove\tRavnateljica<br \/>\nSvi zaposlenici\tPrijedlog za nabavu\/<br \/>\nnarud\u017ebenica\/ponuda\/<br \/>\nnacrt ugovora\tTijekom<br \/>\ngodine<br \/>\n2. \tProvjera je li prijedlog u skladu s<br \/>\nfinancijskim planom\/prora\u010dunom<br \/>\ni planom nabave\tVoditelj<br \/>\nra\u010dunovodstva\tAko DA \u2013 odobrenje<br \/>\nsklapanja<br \/>\nugovora\/narud\u017ebe<br \/>\nAko NE \u2013 negativan<br \/>\nodgovor na prijedlog za<br \/>\nsklapanje<br \/>\nugovora\/narud\u017ebe\t2 dana od<br \/>\nzaprimanja<br \/>\nprijedloga<br \/>\n3. \tSuglasnost osniva\u010da ako je<br \/>\npotrebna (ovisno o iznosu<br \/>\nnabave)\tRavnateljica \tZahtjev za suglasnost<br \/>\ni suglasnost osniva\u010da\t20 dana<br \/>\n4. \tSklapanje ugovora\/narud\u017eba \tRavnateljica ili<br \/>\nosoba koju ovlasti\tUgovor\/narud\u017ebenica \tNe du\u017ee od 30<br \/>\ndana od dana<br \/>\nodobrenja<\/p>\n<p>\u010clanak 6.<br \/>\nUkoliko postupak nabave roba i usluga podlije\u017ee postupku javne nabave, odnosno<br \/>\nispunjene su zakonske pretpostavke da se provodi u skladu sa Zakonom o javnoj nabavi<br \/>\n(NN 90\/11) tada se stvaranje obveza provodi po sljede\u0107oj proceduri:<br \/>\nII. STVARANJE OBVEZA<br \/>\nZA KOJE JE POTREBNA PROCEDURA JAVNE NABAVE<br \/>\nRed<br \/>\n. br.\tAKTIVNOST \tODGOVORNOST \tDOKUMENT \tROK<br \/>\n1. \tPrijedlog za nabavu<br \/>\nopreme\/kori\u0161tenje<br \/>\nusluga\/ radove\tRavnateljica, ostali<br \/>\nzaposlenici\tPrijedlog za nabavu<br \/>\ns opisom potrebne<br \/>\nrobe \/usluga \/radova<br \/>\ni obrazlo\u017eenje te<br \/>\nokvirna cijena\tMjesec dana prije<br \/>\npripreme<br \/>\ngodi\u0161njeg plana<br \/>\nnabave<br \/>\n( kolovoz, rujan ) i<br \/>\ntijekom godine za<br \/>\nplan nabave za<br \/>\nsljede\u0107u godinu<br \/>\n2. \tProvjera je li<br \/>\nprijedlog u skladu s<br \/>\ndonesenim planom<br \/>\nnabave i<br \/>\nfinancijskom planom\tVoditelj<br \/>\nra\u010dunovodstva<br \/>\nRavnateljica\tAko DA \u2013 odobrenje<br \/>\npokretanja postupka;<br \/>\nako NE \u2013 negativan<br \/>\nodgovor na prijedlog<br \/>\nza pokretanje<br \/>\npostupka\t2 dana od<br \/>\nzaprimanja<br \/>\nprijedloga<br \/>\n3. \tPriprema tehni\u010dke i<br \/>\nnatje\u010dajne<br \/>\ndokumentacije za<br \/>\nnabavu opreme \/<br \/>\nkori\u0161tenje usluga,<br \/>\nradova\tUkoliko process<br \/>\nnije centaliziran na<br \/>\nrazini osniva\u010da,<br \/>\nravnateljica u<br \/>\nsuradnji s<br \/>\npravnikom I<br \/>\nekonomistom (ne<br \/>\nmo\u017ee biti\tTehni\u010dka I<br \/>\nnatje\u010dajna<br \/>\ndokumentacija\tDo po\u010detka<br \/>\npostupka nabave<\/p>\n<p>zaposlenik na<br \/>\nposlovima za<br \/>\nfinancije) ili<br \/>\nvanjskim<br \/>\nsuradnikom<br \/>\n(mogu\u0107e anga\u017eirati<br \/>\nza slo\u017eenije<br \/>\nnabave)<br \/>\n4. \tPrijedlog za<br \/>\npokretanje postupka<br \/>\njavne nabave s<br \/>\nodobrenjem voditelja<br \/>\nra\u010dunovodstva\tRavnateljica uz<br \/>\npreispitivanje<br \/>\nstvarne potrebe za<br \/>\npredmetom nabave\tDopis s prijedlogom<br \/>\nte tehni\u010dkom I<br \/>\nnatje\u010dajnom<br \/>\ndokumentacijom s<br \/>\nodobrenjem voditelja<br \/>\nra\u010dunovodstva\t2 dana od<br \/>\nzaprimanja<br \/>\ndokumentacije<br \/>\n5. \tSuglasnost<br \/>\nOsniva\u010da na<br \/>\nprijedlog za nabavu<br \/>\nopreme \/ usluga\/<br \/>\nradove\tRavnateljica \tZahtjev za<br \/>\nsuglasnost i<br \/>\nsuglasnost Osniva\u010da\t20 dana<br \/>\n9. \tIzrada tehni\u010dke I<br \/>\nnatje\u010dajne<br \/>\ndokumentacije i<br \/>\nprovjera da li je u<br \/>\nskladu s propisima o<br \/>\njavnoj nabavi\tOsoba s<br \/>\ncertifikatom za<br \/>\njavnu nabavu,<br \/>\nravnateljica\tNatje\u010dajna<br \/>\ndokumentacija\t30 dana od<br \/>\nzaprimanja<br \/>\nsuglasnosti<br \/>\nOsniva\u010da<br \/>\n10.<br \/>\n.\tPokretanje postupka<br \/>\njavne nabave\tRavnateljica ili<br \/>\novla\u0161tena osoba\tObjava natje\u010daja \tTijekom godine<\/p>\n<p>\u010clanak 7.<br \/>\nIzuzetak od postupka nabave roba, radova i\/ili usluga opisanog u prethodnim \u010dlancima<br \/>\npredstavlja postupak nabave knji\u017eni\u010dne gra\u0111e.<br \/>\nNabavu knji\u017eni\u010dne gra\u0111e provode radnici Knji\u017enice zadu\u017eeni za nabavu pojedine vrste<br \/>\nknji\u017eni\u010dne gra\u0111e a po provedenoj konzultaciji s ravnateljem i voditeljima, sukladno<br \/>\npropisanim Smjernicama nabave knji\u017eni\u010dne gra\u0111e i Standardima za narodne knji\u017enice u<br \/>\nRepublici Hrvatskoj (NN 58\/99), a u skladu s financijskim planom i planom nabave<br \/>\nKnji\u017enice za teku\u0107u godinu.<\/p>\n<p>\u010clanak 8.<br \/>\nIzrazi koji se u ovoj proceduri koriste za osobe u mu\u0161kom rodu su neutralni i odnose se na<br \/>\nmu\u0161ke i \u017eenske osobe.<\/p>\n<p>\u010clanak 9.<br \/>\nOva procedura je objavljena na oglasnoj plo\u010di Knji\u017enice dana 17. o\u017eujka 2020.godine i<br \/>\nstupa na snagu osmog dana od dana njezine objave.<br \/>\nBroj: 2125-15\/20<br \/>\nSenj, 17. o\u017eujka 2020.<br \/>\nRavnateljica:<br \/>\nAna Prpi\u0107 Rogi\u0107, prof. i dipl.bibl.<\/p>\n","protected":false},"excerpt":{"rendered":"<p>Na temelju \u010dlanka 3. Zakona o fiskalnoj odgovornosti (NN 130\/10.), \u010dlanka 1. Uredbe o sastavljanju i predaji Izjave o fiskalnoj odgovornosti (NN 78\/11.) i \u010dlanka 15. Statuta Gradske knji\u017enice Senj dana 17. o\u017eujka 2020. godine ravnateljica Knji\u017enice donosi PROCEDURU STVARANJA UGOVORNIH OBVEZA U GRADSKOJ KNJI\u017dNICI SENJ \u010clanak 1. Ovim aktom propisuje se procedura stvaranja ugovornih [&hellip;]<\/p>\n","protected":false},"author":58,"featured_media":0,"parent":0,"menu_order":0,"comment_status":"closed","ping_status":"closed","template":"","meta":{"ngg_post_thumbnail":0},"yoast_head":"<!-- This site is optimized with the Yoast SEO plugin v16.4 - https:\/\/yoast.com\/wordpress\/plugins\/seo\/ -->\n<meta name=\"robots\" content=\"index, follow, max-snippet:-1, max-image-preview:large, max-video-preview:-1\" \/>\n<link rel=\"canonical\" href=\"https:\/\/knjiznice.nsk.hr\/senj\/procedura-stvaranja-ugovornih-obveza-u-gradskoj-knjiznici-senj\/\" \/>\n<meta property=\"og:locale\" content=\"hr_HR\" \/>\n<meta property=\"og:type\" content=\"article\" \/>\n<meta property=\"og:title\" content=\"PROCEDURA STVARANJA UGOVORNIH OBVEZA U GRADSKOJ KNJI\u017dNICI SENJ - Gradska knji\u017enica Senj\" \/>\n<meta property=\"og:description\" content=\"Na temelju \u010dlanka 3. Zakona o fiskalnoj odgovornosti (NN 130\/10.), \u010dlanka 1. Uredbe o sastavljanju i predaji Izjave o fiskalnoj odgovornosti (NN 78\/11.) i \u010dlanka 15. Statuta Gradske knji\u017enice Senj dana 17. o\u017eujka 2020. godine ravnateljica Knji\u017enice donosi PROCEDURU STVARANJA UGOVORNIH OBVEZA U GRADSKOJ KNJI\u017dNICI SENJ \u010clanak 1. Ovim aktom propisuje se procedura stvaranja ugovornih [&hellip;]\" \/>\n<meta property=\"og:url\" content=\"https:\/\/knjiznice.nsk.hr\/senj\/procedura-stvaranja-ugovornih-obveza-u-gradskoj-knjiznici-senj\/\" \/>\n<meta property=\"og:site_name\" content=\"Gradska knji\u017enica Senj\" \/>\n<meta property=\"article:publisher\" content=\"http:\/\/facebook.com\/Gradska-knji%c5%benica-SENJ\" \/>\n<meta name=\"twitter:label1\" content=\"Procijenjeno vrijeme \u010ditanja\" \/>\n\t<meta name=\"twitter:data1\" content=\"4 minute\" \/>\n<script type=\"application\/ld+json\" class=\"yoast-schema-graph\">{\"@context\":\"https:\/\/schema.org\",\"@graph\":[{\"@type\":\"WebSite\",\"@id\":\"http:\/\/knjiznice.nsk.hr\/senj\/#website\",\"url\":\"http:\/\/knjiznice.nsk.hr\/senj\/\",\"name\":\"Gradska knji\\u017enica Senj\",\"description\":\"S vama od 1835. godine\",\"potentialAction\":[{\"@type\":\"SearchAction\",\"target\":\"http:\/\/knjiznice.nsk.hr\/senj\/?s={search_term_string}\",\"query-input\":\"required name=search_term_string\"}],\"inLanguage\":\"hr\"},{\"@type\":\"WebPage\",\"@id\":\"https:\/\/knjiznice.nsk.hr\/senj\/procedura-stvaranja-ugovornih-obveza-u-gradskoj-knjiznici-senj\/#webpage\",\"url\":\"https:\/\/knjiznice.nsk.hr\/senj\/procedura-stvaranja-ugovornih-obveza-u-gradskoj-knjiznici-senj\/\",\"name\":\"PROCEDURA STVARANJA UGOVORNIH OBVEZA U GRADSKOJ KNJI\\u017dNICI SENJ - Gradska knji\\u017enica Senj\",\"isPartOf\":{\"@id\":\"http:\/\/knjiznice.nsk.hr\/senj\/#website\"},\"datePublished\":\"2022-11-02T07:09:54+00:00\",\"dateModified\":\"2022-11-02T07:09:54+00:00\",\"breadcrumb\":{\"@id\":\"https:\/\/knjiznice.nsk.hr\/senj\/procedura-stvaranja-ugovornih-obveza-u-gradskoj-knjiznici-senj\/#breadcrumb\"},\"inLanguage\":\"hr\",\"potentialAction\":[{\"@type\":\"ReadAction\",\"target\":[\"https:\/\/knjiznice.nsk.hr\/senj\/procedura-stvaranja-ugovornih-obveza-u-gradskoj-knjiznici-senj\/\"]}]},{\"@type\":\"BreadcrumbList\",\"@id\":\"https:\/\/knjiznice.nsk.hr\/senj\/procedura-stvaranja-ugovornih-obveza-u-gradskoj-knjiznici-senj\/#breadcrumb\",\"itemListElement\":[{\"@type\":\"ListItem\",\"position\":1,\"item\":{\"@type\":\"WebPage\",\"@id\":\"http:\/\/knjiznice.nsk.hr\/senj\/\",\"url\":\"http:\/\/knjiznice.nsk.hr\/senj\/\",\"name\":\"Po\\u010detna stranica\"}},{\"@type\":\"ListItem\",\"position\":2,\"item\":{\"@id\":\"https:\/\/knjiznice.nsk.hr\/senj\/procedura-stvaranja-ugovornih-obveza-u-gradskoj-knjiznici-senj\/#webpage\"}}]}]}<\/script>\n<!-- \/ Yoast SEO plugin. -->","_links":{"self":[{"href":"https:\/\/knjiznice.nsk.hr\/senj\/wp-json\/wp\/v2\/pages\/2517"}],"collection":[{"href":"https:\/\/knjiznice.nsk.hr\/senj\/wp-json\/wp\/v2\/pages"}],"about":[{"href":"https:\/\/knjiznice.nsk.hr\/senj\/wp-json\/wp\/v2\/types\/page"}],"author":[{"embeddable":true,"href":"https:\/\/knjiznice.nsk.hr\/senj\/wp-json\/wp\/v2\/users\/58"}],"replies":[{"embeddable":true,"href":"https:\/\/knjiznice.nsk.hr\/senj\/wp-json\/wp\/v2\/comments?post=2517"}],"version-history":[{"count":1,"href":"https:\/\/knjiznice.nsk.hr\/senj\/wp-json\/wp\/v2\/pages\/2517\/revisions"}],"predecessor-version":[{"id":2518,"href":"https:\/\/knjiznice.nsk.hr\/senj\/wp-json\/wp\/v2\/pages\/2517\/revisions\/2518"}],"wp:attachment":[{"href":"https:\/\/knjiznice.nsk.hr\/senj\/wp-json\/wp\/v2\/media?parent=2517"}],"curies":[{"name":"wp","href":"https:\/\/api.w.org\/{rel}","templated":true}]}}