{"id":2292,"date":"2021-04-13T07:53:56","date_gmt":"2021-04-13T07:53:56","guid":{"rendered":"http:\/\/knjiznice.nsk.hr\/senj\/?page_id=2292"},"modified":"2021-04-13T07:53:56","modified_gmt":"2021-04-13T07:53:56","slug":"pravilnik-o-prikupljanju-obradi-i-koristenju-te-zastiti-osobnih-podataka-fizickih-osoba","status":"publish","type":"page","link":"https:\/\/knjiznice.nsk.hr\/senj\/pravilnik-o-prikupljanju-obradi-i-koristenju-te-zastiti-osobnih-podataka-fizickih-osoba\/","title":{"rendered":"PRAVILNIK O PRIKUPLJANJU, OBRADI I KORI\u0160TENJU, TE ZA\u0160TITI OSOBNIH PODATAKA FIZI\u010cKIH OSOBA"},"content":{"rendered":"<p>Temeljem Zakona o provedbi Op\u0107e uredbe o za\u0161titi podataka i Uredbe (EU) 2016\/679 EUROPSKOG PARLAMENTA I VIJE\u0106A od 27. travnja 2016. o za\u0161titi pojedinca u vezi s obradom osobnih podataka i o slobodnom kretanju takvih podataka, a u skladu s Odlukom o implementaciji Op\u0107e uredbe i Zakona o provedbi Op\u0107e uredbe o za\u0161titi podataka , Gradska Knji\u017enica Senj , Trg Cilnica 11, 53270 Senj uz prethodnu suglasnost Gradona\u010delnika (KL: 612-04\/21-01\/02, URBR: 2125-03\/02-21-02, 23.o\u017eujka 2021.g) donosi:<\/p>\n<p>PRAVILNIK<br \/>\nO PRIKUPLJANJU, OBRADI I KORI\u0160TENJU, TE ZA\u0160TITI OSOBNIH PODATAKA FIZI\u010cKIH OSOBA<\/p>\n<p>\u010cl. 1<\/p>\n<p>Gradska Knji\u017enica Senj , Trg Cilnica 11, 53270 Senj a (u daljnjem tekstu :Gradska Knji\u017enica Senj) temeljem  Temeljem Zakona o provedbi Op\u0107e uredbe o za\u0161titi podataka i Uredbe (EU) 2016\/679 EUROPSKOG PARLAMENTA I VIJE\u0106A od 27. travnja 2016.je Voditelj obrade (Gradska Knji\u017enica Senj) osobnih podataka, te je du\u017ean nadzirati prikupljanje, obradu, kori\u0161tenje i za\u0161titu osobnih podataka svih fizi\u010dkih osoba \u010dije podatke uzima i koristi. <\/p>\n<p>\u010cl.2<\/p>\n<p>Temeljem Zakona o provedbi Op\u0107e uredbe o za\u0161titi podataka i Uredbe (EU) 2016\/679 EUROPSKOG PARLAMENTA I VIJE\u0106A od 27. travnja 2016, Gradska Knji\u017enica Senj vodi EVIDECIJE O AKTIVNOSTIMA OBRADE za koje je odgovoran. Ta evidencija sadr\u017eava sve sljede\u0107e informacije:<\/p>\n<p>a)\tIme i kontaktne podatke voditelja obrade<br \/>\nb)\tSlu\u017ebenika za za\u0161titu podataka<br \/>\nc)\tOpis kategorije ispitanika<br \/>\nd)\tKategoriju osobnih podataka<br \/>\ne)\tKategoriju primatelja kojima su osobni podaci otkriveni ili \u0107e im biti otkriveni, uklju\u010duju\u0107i primatelje u tre\u0107im zemljama ili me\u0111unarodne organizacije<br \/>\nf)\tRokove brisanja razli\u010ditih kategorija podataka<br \/>\ng)\tOpis tehni\u010dkih i organizacijskih mjera <\/p>\n<p>Voditelj obrade (Gradska Knji\u017enica Senj) vodi EVIDENCIJE O AKTIVNOSTIMA OBRADE (\u010clanak 30) Uredbe (EU) 2016\/679 EUROPSKOG PARLAMENTA I VIJE\u0106A od 27. travnja 2016 <\/p>\n<p>\u2022\tEvidencija autorskih honorara i ugovoru o djelu<br \/>\n\u2022\tEvidencija du\u017enika ili pru\u017eatelja usluga<br \/>\n\u2022\tEvidencija kandidata za zapo\u0161ljavanje<br \/>\n\u2022\tEvidencija korisnika usluga  rada na ra\u010dunalima<br \/>\n\u2022\tEvidencija o osobama na stru\u010dnom osposobljavanju bez zasnivanja radnog odnosa<br \/>\n\u2022\tEvidencija o osposobljenosti  za po\u010detno ga\u0161enje po\u017eara<br \/>\n\u2022\tEvidencija o osposobljenosti  za pru\u017eanje prve pomo\u0107i<br \/>\n\u2022\tEvidencija o zaposlenim radnicima-kadrovska<br \/>\n\u2022\tEvidencija obra\u010duna pla\u0107a<br \/>\n\u2022\tEvidencija osobnih podataka \u010dlanova knji\u017enice<br \/>\n\u2022\tEvidencija osobnih podataka polaznika radionica<br \/>\n\u2022\tEvidencija osobnih podataka raznih ugovora<br \/>\n\u2022\tEvidencija osposobljenosti radnika za rad na siguran na\u010din<br \/>\n\u2022\tEvidencija podnositelja zahtjeva temeljem Zakona o pravu na pristup informacijama<br \/>\n\u2022\tEvidencija poha\u0111anje edukacije,radionica i osposobljavanja u prostoru knji\u017enice<br \/>\n\u2022\tEvidencija polaznika pri\u010daonica<br \/>\n\u2022\tEvidencija putnih naloga<br \/>\n\u2022\tEvidencija radnog vremena zaposlenika<\/p>\n<p>Evidencije podataka mogu\u0107e je dodavati, mijenjati i brisati ovisno o potrebama poslovanja.<\/p>\n<p>                                                                        \u010cl.3<\/p>\n<p>Naziv voditelja obrade \u2013 Evidencija o aktivnostima obrade i njegovo sjedi\u0161te, odnosno adresa<\/p>\n<p>Gradska Knji\u017enica Senj , Trg Cilnica 11, 53270 Senj<\/p>\n<p>\u010cl.4<\/p>\n<p>Svrha obrade<br \/>\nOsobni podaci prikupljaju se u svrhu izvr\u0161avanja zakonskih obveza Gradske Knji\u017enice Senj , te radi ispunjenja obveza od javnog interesa (javnih ovlasti definirane STATUTOM ORGANIZACIJE). <\/p>\n<p>\u010cl.5<\/p>\n<p>Pravni temelj uspostave evidencije o aktivnostima obrade:<br \/>\nPravni temelj za uspostavu evidencija o aktivnostima obrade osobnih podataka proizlazi iz zakona.<\/p>\n<p>\u010cl. 6<br \/>\nNa\u010din prikupljanja i \u010duvanja podataka<br \/>\nOsobni podaci smiju se prikupljati i dalje obra\u0111ivati ukoliko je zadovoljeno na\u010delo:<br \/>\na)\tZakonito, po\u0161teno, transparentno obra\u0111ivani s obzirom na ispitanika<br \/>\nb)\tPrikupljeni u posebne, izri\u010dite i zakonite svrhe te se dalje ne smiju obra\u0111ivati na na\u010din koji nije u skladu s tim svrhama; daljnja obrada u svrhe arhiviranja u javnom interesu<br \/>\nc)\tPrimjereni, relevantni i ograni\u010deni na ono \u0161to je nu\u017eno u odnosu na svrhe u koje se obra\u0111uju<br \/>\nd)\tTo\u010dni i prema potrebi a\u017eurirani<br \/>\ne)\t\u010cuvani u obliku koji omogu\u0107uje identifikaciju ispitanika samo onoliko dugo koliko je potrebno u svrhe radi kojih se osobni podaci obra\u0111uju; osobni podaci mogu se pohraniti na dulja razdoblja ako \u0107e se osobni podaci obra\u0111ivati isklju\u010divo u svrhe arhiviranja u javnom interesu, u svrhe znanstvenog i povijesnog istra\u017eivanja ili u statisti\u010dke svrhe u skladu s \u010dlankom 89. Stavkom 1., \u0161to podlije\u017ee provedbi primjerenih tehni\u010dkih i organizacijskih mjera propisanih Uredbom radi za\u0161tite prava i sloboda ispitanika.<br \/>\nf)\tObra\u0111ivanje na na\u010din kojim se osigurava odgovaraju\u0107a sigurnost osobnih podataka, uklju\u010duju\u0107i za\u0161titu od neovla\u0161tene i nezakonite obrade te od slu\u010dajnog gubitka, uni\u0161tenja ili o\u0161te\u0107enja primjenom odgovaraju\u0107ih tehni\u010dkih ili organizacijskih mjera<br \/>\ng)\tVoditelj obrade (Gradska Knji\u017enica Senj) je odgovoran za uskla\u0111enost  <\/p>\n<p>\u010cl.7<br \/>\nZakonitost obrade<br \/>\n\u2022\tObrada je zakonita samo ako i u onoj mjeri ako ispunjava najmanje jedno od sljede\u0107eg:<br \/>\na)\tIspitanik je dao privolu za obradu svojih podataka u jednu ili vi\u0161e posebnih svrha<br \/>\nb)\tObrada je nu\u017ena za izvr\u0161enje ugovora u kojem je ispitanik stranka ili kako bi se poduzele radnje na zahtjev ispitanika prije sklapanja ugovora<br \/>\nc)\tObrada je nu\u017ena radi po\u0161tivanja pravnih obveza voditelja obrade<br \/>\nd)\tObrada je nu\u017ena kako bi se za\u0161titili interesi ispitanika ili druge fizi\u010dke osobe<br \/>\ne)\tObrada je nu\u017ena za izvr\u0161enje zada\u0107a od javnog interesa ili pri izvr\u0161avanju slu\u017ebene ovlasti voditelja obrade<br \/>\nf)\tObrada je nu\u017ena za potrebe legitimnih interesa voditelja obrade ili tre\u0107e strane, osim kada su od tih interesa ja\u010di interesi ili temeljna prava i slobode ispitanika koji zahtijevaju za\u0161titu osobnih podataka, osobito ako je ispitanik dijete.<\/p>\n<p>\u010cl. 8<br \/>\nPravo ispitanika na pristup<br \/>\nIspitanik ima pravo dobiti od voditelja obrade (Gradska Knji\u017enica Senj) potvrdu obra\u0111uju li se osobni podaci koji se odnose na njega te ako se takvi osobni podaci obra\u0111uju, pristup osobnim podacima i sljede\u0107e informacije:<br \/>\na)\tSvrsi obrade<br \/>\nb)\tKategorijama osobnih podataka o kojima je rije\u010d<br \/>\nc)\tPrimateljima ili kategorijama primatelja kojima su osobni podaci otkriveni ili \u0107e biti otkriveni, osobito primateljima u tre\u0107im zemljama ili me\u0111unarodnim organizacijama<br \/>\nd)\tAko je to mogu\u0107e, predvi\u0111enom razdoblju u kojem \u0107e osobni podaci biti pohranjeni ili to nije mogu\u0107e kriterijima kori\u0161tenja za utvr\u0111ivanje tog razdoblja<br \/>\ne)\tPostojanju prava da se voditelj obrade zadr\u017ei ispravak ili brisanje osobnih podataka ili ograni\u010denje obrade osobnih podataka koji se odnose na ispitanika ili prava na prigovor na takvu obradu<br \/>\nf)\tPravu na podno\u0161enje pritu\u017ebe nadzornom tijelu<br \/>\ng)\tAko se  osobni podaci ne prikupljaju od ispitanika, svakoj dostupnoj informaciji o njihovu izvoru<br \/>\nAko se osobni podaci prenose u tre\u0107e zemlju ili me\u0111unarodnu organizaciju, ispitanik ima pravo biti informiran o odgovaraju\u0107im za\u0161titnim mjerama koje se odnose na prijenos. Voditelj obrade (Gradska Knji\u017enica Senj) osigurava kopiju osobnih podataka koji se obra\u0111uju. Za sve dodatne kopije koje zatra\u017ei ispitanik voditelj obrade mo\u017ee naplatiti razumnu naknadu na temelju administrativnih tro\u0161kova. Ako ispitanik podnese zahtjev elektroni\u010dkim putem te osim ako ispitanik zatra\u017ei druga\u010dije, informacije se pru\u017eaju u uobi\u010dajenom elektroni\u010dkom obliku. Pravo na dobivanje kopije ne smije negativno utjecati na prava i slobode drugih.<br \/>\n.<br \/>\n\u010cl. 9<br \/>\nPravo na ispravak<br \/>\nIspitanik ima pravo bez nepotrebnog odga\u0111anja ishoditi od voditelja obrade (Gradska Knji\u017enica Senj) ispravak neto\u010dnih podataka koji se na njega odnose. Uzimaju\u0107i u obzir svrhe obrade, ispitanik ima pravo dopuniti nepotpune osobne podatke, me\u0111u ostalim i davanje dodatne izjave.<\/p>\n<p>\u010cl. 10<\/p>\n<p>Gradska Knji\u017enica Senj je du\u017ena najkasnije u roku od 14 dana od podno\u0161enja zahtjeva, svakom ispitaniku na njegov zahtjev, odnosno njegovih zakonskih zastupnika ili punomo\u0107nika:<br \/>\n&#8211; dostaviti potvrdu o tome da li se osobni podaci koji se odnose na njega obra\u0111uju ili ne,<br \/>\n&#8211; omogu\u0107iti uvid u evidenciju osobnih podataka te uvid u osobne podatke sadr\u017eane u<br \/>\nEvidenciji osobnih podataka koji se odnose na njega te njihovo prepisivanje,<br \/>\n&#8211; dostaviti izvatke, potvrde ili ispise osobnih podataka sadr\u017eanih u evidenciji osobnih podataka koji se na njega odnose, a koji moraju sadr\u017eavati i naznaku svrhe i pravnog temelja prikupljanja, obrade i kori\u0161tenja tih podataka,<br \/>\n&#8211; dostaviti ispis podataka o tome tko je i za koje svrhe i po kojem pravnom temelju dobio na kori\u0161tenje osobne podatke koji se odnose na njega. <\/p>\n<p>\u010cl. 11<br \/>\nPravo na brisanje (\u201epravo na zaborav)<br \/>\nIspitanik ima pravo od voditelja obrade (Gradska Knji\u017enica Senj) ishoditi brisanje osobnih podataka koji se na njega odnose bez nepotrebnog odga\u0111anja te voditelj obrade ima obvezu obrisati osobne podatke bez nepotrebnog odga\u0111anja ako je ispunjen jedan od sljede\u0107i uvjeta:<br \/>\na)\tOsobni podaci vi\u0161e nisu nu\u017eni u odnosu na svrhe za koje su prikupljeni ili na drugi na\u010din obra\u0111eni<br \/>\nb)\tIspitanik povu\u010de privolu na kojoj se obrada temelji<br \/>\nc)\tIspitanik ulo\u017ei prigovor na obradu prema UREBI (EU) 2017\/679 \u010dlankom 21. stavkom 1 te ne postaje ja\u010di legitimni razlozi za obradu ili ispitanik ulo\u017ei prigovor na obradu u s kladu s \u010dlankom 21. stavkom 2.<br \/>\nd)\t Osobni podaci nezakonito su obra\u0111eni<br \/>\ne)\tOsobni podaci moraju se brisati radi po\u0161tivanja pravne obveze iz prava Unije ili prava dr\u017eave RH<br \/>\nf)\tOsobni podaci prikupljeni su u vezi s ponudom usluga informacijskog dru\u0161tva<br \/>\nAko je voditelj obrade (Gradska Knji\u017enica Senj) javno objavio osobne podatke du\u017ean je obrisati te osobne podatke, uzimaju\u0107i u obzir dostupnu tehnologiju i tro\u0161ak provedbe, voditelj obrade (Gradska Knji\u017enica Senj) poduzima razumne mjere, uklju\u010duju\u0107i tehni\u010dke mjere kako bi informirao voditelje obrade koji obra\u0111uju osobne podatke da je ispitanik zatra\u017eio od tih voditelja obrade da izbri\u0161u sve poveznice od njih ili kopiju ili rekonstrukciju tih osobnih podataka.<\/p>\n<p>Zahtjev se podnosi usmeno, pismeno po\u0161tom i elektronskim putem.<br \/>\nIspitanik koji smatra da mu je povrije\u0111eno neko pravo zajam\u010deno Temeljem Zakona o provedbi Op\u0107e uredbe o za\u0161titi podataka i Uredbe (EU) 2016\/679 EUROPSKOG PARLAMENTA I VIJE\u0106A od 27. travnja 2016. o za\u0161titi pojedinca u vezi s obradom osobnih podataka i o slobodnom kretanju takvih podataka ima pravo podnijeti zahtjev za utvr\u0111ivanje povrede prava.<br \/>\n\u010cl. 12<br \/>\nOvaj Pravilnik stupa na snagu danom dono\u0161enja i bit \u0107e objavljen na oglasnoj plo\u010di Gradske Knji\u017enice Senj.<br \/>\nMjesto: Senj, 12.travnja 2021.<br \/>\nBroj: 2125-19-3\/21<\/p>\n<p>Ravnateljica Gradske knji\u017enice Senj<br \/>\nAna Prpi\u0107 Rogi\u0107, prof. i dipl.bibl.<\/p>\n","protected":false},"excerpt":{"rendered":"<p>Temeljem Zakona o provedbi Op\u0107e uredbe o za\u0161titi podataka i Uredbe (EU) 2016\/679 EUROPSKOG PARLAMENTA I VIJE\u0106A od 27. travnja 2016. o za\u0161titi pojedinca u vezi s obradom osobnih podataka i o slobodnom kretanju takvih podataka, a u skladu s Odlukom o implementaciji Op\u0107e uredbe i Zakona o provedbi Op\u0107e uredbe o za\u0161titi podataka , [&hellip;]<\/p>\n","protected":false},"author":58,"featured_media":0,"parent":0,"menu_order":0,"comment_status":"closed","ping_status":"closed","template":"","meta":{"ngg_post_thumbnail":0},"yoast_head":"<!-- This site is optimized with the Yoast SEO plugin v16.4 - https:\/\/yoast.com\/wordpress\/plugins\/seo\/ -->\n<meta name=\"robots\" content=\"index, follow, max-snippet:-1, max-image-preview:large, max-video-preview:-1\" \/>\n<link rel=\"canonical\" href=\"https:\/\/knjiznice.nsk.hr\/senj\/pravilnik-o-prikupljanju-obradi-i-koristenju-te-zastiti-osobnih-podataka-fizickih-osoba\/\" \/>\n<meta property=\"og:locale\" content=\"hr_HR\" \/>\n<meta property=\"og:type\" content=\"article\" \/>\n<meta property=\"og:title\" content=\"PRAVILNIK O PRIKUPLJANJU, OBRADI I KORI\u0160TENJU, TE ZA\u0160TITI OSOBNIH PODATAKA FIZI\u010cKIH OSOBA - Gradska knji\u017enica Senj\" \/>\n<meta property=\"og:description\" content=\"Temeljem Zakona o provedbi Op\u0107e uredbe o za\u0161titi podataka i Uredbe (EU) 2016\/679 EUROPSKOG PARLAMENTA I VIJE\u0106A od 27. travnja 2016. o za\u0161titi pojedinca u vezi s obradom osobnih podataka i o slobodnom kretanju takvih podataka, a u skladu s Odlukom o implementaciji Op\u0107e uredbe i Zakona o provedbi Op\u0107e uredbe o za\u0161titi podataka , [&hellip;]\" \/>\n<meta property=\"og:url\" content=\"https:\/\/knjiznice.nsk.hr\/senj\/pravilnik-o-prikupljanju-obradi-i-koristenju-te-zastiti-osobnih-podataka-fizickih-osoba\/\" \/>\n<meta property=\"og:site_name\" content=\"Gradska knji\u017enica Senj\" \/>\n<meta property=\"article:publisher\" content=\"http:\/\/facebook.com\/Gradska-knji%c5%benica-SENJ\" \/>\n<meta name=\"twitter:label1\" content=\"Procijenjeno vrijeme \u010ditanja\" \/>\n\t<meta name=\"twitter:data1\" content=\"8 minuta\" \/>\n<script type=\"application\/ld+json\" class=\"yoast-schema-graph\">{\"@context\":\"https:\/\/schema.org\",\"@graph\":[{\"@type\":\"WebSite\",\"@id\":\"http:\/\/knjiznice.nsk.hr\/senj\/#website\",\"url\":\"http:\/\/knjiznice.nsk.hr\/senj\/\",\"name\":\"Gradska knji\\u017enica Senj\",\"description\":\"S vama od 1835. godine\",\"potentialAction\":[{\"@type\":\"SearchAction\",\"target\":\"http:\/\/knjiznice.nsk.hr\/senj\/?s={search_term_string}\",\"query-input\":\"required name=search_term_string\"}],\"inLanguage\":\"hr\"},{\"@type\":\"WebPage\",\"@id\":\"https:\/\/knjiznice.nsk.hr\/senj\/pravilnik-o-prikupljanju-obradi-i-koristenju-te-zastiti-osobnih-podataka-fizickih-osoba\/#webpage\",\"url\":\"https:\/\/knjiznice.nsk.hr\/senj\/pravilnik-o-prikupljanju-obradi-i-koristenju-te-zastiti-osobnih-podataka-fizickih-osoba\/\",\"name\":\"PRAVILNIK O PRIKUPLJANJU, OBRADI I KORI\\u0160TENJU, TE ZA\\u0160TITI OSOBNIH PODATAKA FIZI\\u010cKIH OSOBA - Gradska knji\\u017enica Senj\",\"isPartOf\":{\"@id\":\"http:\/\/knjiznice.nsk.hr\/senj\/#website\"},\"datePublished\":\"2021-04-13T07:53:56+00:00\",\"dateModified\":\"2021-04-13T07:53:56+00:00\",\"breadcrumb\":{\"@id\":\"https:\/\/knjiznice.nsk.hr\/senj\/pravilnik-o-prikupljanju-obradi-i-koristenju-te-zastiti-osobnih-podataka-fizickih-osoba\/#breadcrumb\"},\"inLanguage\":\"hr\",\"potentialAction\":[{\"@type\":\"ReadAction\",\"target\":[\"https:\/\/knjiznice.nsk.hr\/senj\/pravilnik-o-prikupljanju-obradi-i-koristenju-te-zastiti-osobnih-podataka-fizickih-osoba\/\"]}]},{\"@type\":\"BreadcrumbList\",\"@id\":\"https:\/\/knjiznice.nsk.hr\/senj\/pravilnik-o-prikupljanju-obradi-i-koristenju-te-zastiti-osobnih-podataka-fizickih-osoba\/#breadcrumb\",\"itemListElement\":[{\"@type\":\"ListItem\",\"position\":1,\"item\":{\"@type\":\"WebPage\",\"@id\":\"http:\/\/knjiznice.nsk.hr\/senj\/\",\"url\":\"http:\/\/knjiznice.nsk.hr\/senj\/\",\"name\":\"Po\\u010detna stranica\"}},{\"@type\":\"ListItem\",\"position\":2,\"item\":{\"@id\":\"https:\/\/knjiznice.nsk.hr\/senj\/pravilnik-o-prikupljanju-obradi-i-koristenju-te-zastiti-osobnih-podataka-fizickih-osoba\/#webpage\"}}]}]}<\/script>\n<!-- \/ Yoast SEO plugin. -->","_links":{"self":[{"href":"https:\/\/knjiznice.nsk.hr\/senj\/wp-json\/wp\/v2\/pages\/2292"}],"collection":[{"href":"https:\/\/knjiznice.nsk.hr\/senj\/wp-json\/wp\/v2\/pages"}],"about":[{"href":"https:\/\/knjiznice.nsk.hr\/senj\/wp-json\/wp\/v2\/types\/page"}],"author":[{"embeddable":true,"href":"https:\/\/knjiznice.nsk.hr\/senj\/wp-json\/wp\/v2\/users\/58"}],"replies":[{"embeddable":true,"href":"https:\/\/knjiznice.nsk.hr\/senj\/wp-json\/wp\/v2\/comments?post=2292"}],"version-history":[{"count":1,"href":"https:\/\/knjiznice.nsk.hr\/senj\/wp-json\/wp\/v2\/pages\/2292\/revisions"}],"predecessor-version":[{"id":2293,"href":"https:\/\/knjiznice.nsk.hr\/senj\/wp-json\/wp\/v2\/pages\/2292\/revisions\/2293"}],"wp:attachment":[{"href":"https:\/\/knjiznice.nsk.hr\/senj\/wp-json\/wp\/v2\/media?parent=2292"}],"curies":[{"name":"wp","href":"https:\/\/api.w.org\/{rel}","templated":true}]}}