{"id":2283,"date":"2021-03-23T09:31:15","date_gmt":"2021-03-23T09:31:15","guid":{"rendered":"http:\/\/knjiznice.nsk.hr\/senj\/?page_id=2283"},"modified":"2021-03-23T09:31:15","modified_gmt":"2021-03-23T09:31:15","slug":"izvjesce-o-radu-za-2020-sazetak","status":"publish","type":"page","link":"https:\/\/knjiznice.nsk.hr\/senj\/izvjesce-o-radu-za-2020-sazetak\/","title":{"rendered":"IZVJE\u0160\u0106E O RADU ZA 2020.-SA\u017dETAK"},"content":{"rendered":"<p>\uf0fc\t\u0160to se knji\u017eni\u010dnih parametara ti\u010de, senjska knji\u017enica zadovoljava sve parametre struke:<br \/>\n18 561 knjiga, 577 \u010dlanova, lanjska nabava-1386 knjiga te 15 novina i \u010dasopisa, 15 133 posudbi.<br \/>\n\uf0fc\tGra\u0111u obra\u0111ujemo trenuta\u010dno najsuvremenijim knji\u017eni\u010darskom programom u nas-Zaki programom. Uz to, odli\u010dno funkcioniraju i rado se koriste na\u0161i online katalozi u sklopu na\u0161ih web kanala informiranja-internetske stranice i facebook stranice koje smo samostalno isposlovali te sami odr\u017eavamo i osvje\u017eavamo.<br \/>\n\uf0fc\t\u0160to se ti\u010de financija, poslovali smo pozitivno te sukladno planovima i zakonima.<br \/>\nNa\u0161i primici u 2020. godini bili su 590.878 kn, a rashodi 505.778  kuna, dok je 79.356  kuna utro\u0161eno za nabavu nefinancijske imovine. Ostvaren je ukupan vi\u0161ak prihoda poslovanja u iznosu od 5.744 kuna, \u0161to se prenosi u sljede\u0107e razdoblje.<br \/>\nPored sredstava Osniva\u010da i vlastitih sredstva, dodatnim smo naporima osigurali sredstva i iz ostalih izvora:<br \/>\n-40.000,00 kuna za nabavu knji\u017ene i neknji\u017ene gra\u0111e-Ministarstvo kulture<br \/>\n\uf0fc\tOprema u knji\u017enici je u prethodnih nekoliko godina generalno osvje\u017eena jer je bila zastarjela pa smo se javljali na razne natje\u010daje na kojima smo uspje\u0161no dobili sredstva za nabavu nove opreme za sredi\u0161njicu i ogranke. Na taj na\u010din osuvremenili smo svoj rad i pobolj\u0161ali uslugu.<br \/>\nU 2020. godini smo obnovili izlo\u017ebenu opremu nabaviv\u0161i nove okvire za izlo\u017ebe.<br \/>\n\uf0fc\t\u0160to se ti\u010de prostornih parametara, u knji\u017enici se ve\u0107 du\u017ee name\u0107e potreba koju bi u budu\u0107nosti trebalo namiriti na zadovoljstvo djelatnika i korisnika ustanove. Naime, na\u0161a ustanova kontininuirano radi na populariziranju kulture i obrazovanja i u tom smislu organizira razne kulturne doga\u0111aje. Od srca nas veseli da je odaziv na doga\u0111anja veliki, no to name\u0107e potrebu ve\u0107e sale za doga\u0111aje koja je postala premala i pretijesna za sve na\u0161e drage posjetitelje i izvo\u0111a\u010de.  U tom smislu se nadamo da \u0107e se u bli\u017eoj budu\u0107nosti,kada Osniva\u010d bude u financijskoj mogu\u0107nosti, mo\u0107i kupiti prostor u neposrednoj blizini Knji\u017enice, koji je trenutno u privatnom vlasni\u0161tvu.<br \/>\nU slu\u010daju kupovine istoga, budu\u0107i da je prostor ure\u0111en i izoliran, ulaganja Grada ne bi bila velika, dovoljno bi bilo probiti jedna vrata prema novom prostoru da se spoji s postoje\u0107im prostorom Knji\u017enice. Uz to, aplicirali bismo za program opremanja novog prostora pri Ministarstvu kulture kako bismo taj prostor prenamijenili u multimedijsku salu za doga\u0111aje pa bismo na taj na\u010din rasteretili Osniva\u010da od dodatnih tro\u0161kova. Nadamo se da \u0107e se ovaj projekt uspjeti realizirati u bli\u017eoj budu\u0107nosti.<br \/>\n\uf0fc\tUz primarne knji\u017eni\u010darske poslove, va\u017ean naglasak Gradska knji\u017enica Senj stavlja na kulturni program i doga\u0111anja u svojoj ustanovi. Organiziramo sve vrste doga\u0111aja od kulturnih, edukacijskih, savjetodavnih do informacijskih sadr\u017eaja za djecu, tinejd\u017eere i odrasle s ciljem poticanja kulture knjige i \u010ditanja te oboga\u0107ivanja kulturne ponude u na\u0161em gradu.<br \/>\n2020. godina donijela nam je, na\u017ealost, pandemiju koronavirusa i s time su od o\u017eujka na\u0161i doga\u0111aji bili reducirani i prilago\u0111eni novom stanju u gradu i zemlji.<br \/>\nNo, usprkos svemu, uspjeli smo i u preina\u010denom izdanju odr\u017eati neke doga\u0111aje te obilje\u017eiti va\u017ene datume. U tome su nam od velike pomo\u0107i bili internet i na\u0161i izlozi pomo\u0107u kojih smo i dalje komunicirali s na\u0161im korisnicima.<br \/>\n-U suradnji sa senjskom srednjom \u0161kolom obilje\u017eili smo Dan sje\u0107anja na \u017ertve holokausta<br \/>\n-Odr\u017eali smo tradicionalnu ma\u0161karanu izlo\u017ebu i dru\u017eenje<br \/>\n-Organizirali smo predavanje o Senju i glagoljskim inkunabulama<br \/>\n&#8211; Povodom blagdana sv. Florijana u suradnji sa senjskim DVD-om , Osnovnom \u0161kolom S.S.Kranj\u010devi\u0107a Senj i Crvenim kri\u017eom Senj organizirali smo literarnu i likovnu radionicu te izlo\u017ebu pod nazivom &#8221; Kreativni kutak-vatrogasni trenutak&#8221;.<br \/>\n-Organizirali smo braniteljsku izlo\u017ebu \u201eMojoj lijepoj zemlji Hrvatskoj\u201c-online<br \/>\n-Obilje\u017eili smo raznim izlo\u017ebama i akcijama Mjesec hrvatske knjige<br \/>\n-Obilje\u017eili smo godi\u0161njicu pada Vukovara<br \/>\n-I ove godine dodijeljene su tradicionalne godi\u0161nje nagrade naj\u010dita\u010dima na\u0161e knji\u017enice<br \/>\n-Odr\u017eali smo online izlo\u017ebu \u201eNa\u0161i Bo\u017ei\u0107i\u201c<br \/>\n\uf0fc\tZAKLJU\u010cAK<br \/>\nGradska knji\u017enica Senj sve je poslove u 2020. godini izvr\u0161avala u skladu sa zakonima i strukom te po\u0161tuju\u0107i Standarde za narodne knji\u017enice Republike Hrvatske. Uz teku\u0107e knji\u017eni\u010darske poslove i nabavu gra\u0111e, odr\u017eavali smo i kulturne programe koji su bili prilago\u0111eni epidemiolo\u0161koj situaciji u gradu i zemlji. Bili smo aktivni u kulturnom i dru\u0161tvenom \u017eivotu Grada te transparentni putem svih vrsta medija za sugra\u0111ane i \u0161iru javnost. Brzo i efikasno smo ispunjavali zahtjeve zajednice za knji\u017eni\u010dnom gra\u0111om, kulturnim i edukacijskim sadr\u017eajima, za pristupom novim tehnologijama te za informacijskim opismenjavanjem. Tako\u0111er,  poslovali smo pozitivno, a financijsku godinu smo zaklju\u010dili  podmiriv\u0161i sve obaveze i bez odstupanja od predvi\u0111enog plana i programa.<br \/>\nUz sve navedeno, i dodatne zacrtane ciljeve predvi\u0111ene za 2020. smo uspje\u0161no realizirali:<br \/>\n-obnovili smo izlo\u017ebenu opremu Knji\u017enice,<br \/>\n-izradili smo nove akte i pravilnike ustanove,<br \/>\n-aplicirali smo na natje\u010daje kako bismo pribavili dodatna sredstva ustanovi,<br \/>\n-njegovali smo izdava\u010dku djelatnost zavi\u010dajnog profila-izdana je knjiga Daniela Ba\u0161i\u0107a Moj Senj u suradnji s Klubom maturanata Senjske gimnazije<br \/>\nU narednom periodu planiramo odr\u017eavati kvalitetu rada, poslovanja i usluga dr\u017ee\u0107i nivo koji smo postavili. Uz to, u 2021. godini planiramo raditi na daljnjem usavr\u0161avanju i pobolj\u0161avanju nekih segmenata rada. Primjerice, planiramo:<br \/>\n-nastaviti raditi na daljnjem uvo\u0111enju novih i zanimljivih doga\u0111aja uz njegovanje projekata koji su se pokazali uspje\u0161nima,<br \/>\n-nastaviti aplicirati na razne natje\u010daje Grada, Ministarstva te iz ostalih raspolo\u017eivih izvora,<br \/>\n-raditi na daljnjem osvje\u017eavanju i obnovi ra\u010dunalne i uredske te izlo\u017ebene opreme,<br \/>\n-razvijati svoju nakladni\u010dku djelatnost izdavanjem dvije knjige zavi\u010dajne knji\u017eevnosti.<br \/>\nUnato\u010d te\u0161koj i izazovnoj godini, Knji\u017enica je poslovala dobro. Uz pridr\u017eavanje epidemiolo\u0161kih mjera, sugra\u0111ani su rado i \u010desto posje\u0107ivali knji\u017enicu i posu\u0111ivali gra\u0111u. Kulturna zbivanja su, na\u017ealost, zbog pandemije ove godine bila reducirana, no nadamo se da \u0107e se epidemiolo\u0161ka situacija uskoro popraviti te da \u0107emo uskoro mo\u0107i opet raditi u punom opsegu.<br \/>\nHvala svim financijerima, suradnicima i medijima na dobroj suradnji i istoj se nadamo i u ovoj godini koja je pred nama.<\/p>\n","protected":false},"excerpt":{"rendered":"<p>\uf0fc \u0160to se knji\u017eni\u010dnih parametara ti\u010de, senjska knji\u017enica zadovoljava sve parametre struke: 18 561 knjiga, 577 \u010dlanova, lanjska nabava-1386 knjiga te 15 novina i \u010dasopisa, 15 133 posudbi. \uf0fc Gra\u0111u obra\u0111ujemo trenuta\u010dno najsuvremenijim knji\u017eni\u010darskom programom u nas-Zaki programom. Uz to, odli\u010dno funkcioniraju i rado se koriste na\u0161i online katalozi u sklopu na\u0161ih web kanala informiranja-internetske [&hellip;]<\/p>\n","protected":false},"author":58,"featured_media":0,"parent":0,"menu_order":0,"comment_status":"closed","ping_status":"closed","template":"","meta":{"ngg_post_thumbnail":0},"yoast_head":"<!-- This site is optimized with the Yoast SEO plugin v16.4 - https:\/\/yoast.com\/wordpress\/plugins\/seo\/ -->\n<meta name=\"robots\" content=\"index, follow, max-snippet:-1, max-image-preview:large, max-video-preview:-1\" \/>\n<link rel=\"canonical\" href=\"http:\/\/knjiznice.nsk.hr\/senj\/izvjesce-o-radu-za-2020-sazetak\/\" \/>\n<meta property=\"og:locale\" content=\"hr_HR\" \/>\n<meta property=\"og:type\" content=\"article\" \/>\n<meta property=\"og:title\" content=\"IZVJE\u0160\u0106E O RADU ZA 2020.-SA\u017dETAK - Gradska knji\u017enica Senj\" \/>\n<meta property=\"og:description\" content=\"\uf0fc \u0160to se knji\u017eni\u010dnih parametara ti\u010de, senjska knji\u017enica zadovoljava sve parametre struke: 18 561 knjiga, 577 \u010dlanova, lanjska nabava-1386 knjiga te 15 novina i \u010dasopisa, 15 133 posudbi. \uf0fc Gra\u0111u obra\u0111ujemo trenuta\u010dno najsuvremenijim knji\u017eni\u010darskom programom u nas-Zaki programom. Uz to, odli\u010dno funkcioniraju i rado se koriste na\u0161i online katalozi u sklopu na\u0161ih web kanala informiranja-internetske [&hellip;]\" \/>\n<meta property=\"og:url\" content=\"http:\/\/knjiznice.nsk.hr\/senj\/izvjesce-o-radu-za-2020-sazetak\/\" \/>\n<meta property=\"og:site_name\" content=\"Gradska knji\u017enica Senj\" \/>\n<meta property=\"article:publisher\" content=\"http:\/\/facebook.com\/Gradska-knji%c5%benica-SENJ\" \/>\n<meta name=\"twitter:label1\" content=\"Procijenjeno vrijeme \u010ditanja\" \/>\n\t<meta name=\"twitter:data1\" content=\"5 minuta\" \/>\n<script type=\"application\/ld+json\" class=\"yoast-schema-graph\">{\"@context\":\"https:\/\/schema.org\",\"@graph\":[{\"@type\":\"WebSite\",\"@id\":\"https:\/\/knjiznice.nsk.hr\/senj\/#website\",\"url\":\"https:\/\/knjiznice.nsk.hr\/senj\/\",\"name\":\"Gradska knji\\u017enica Senj\",\"description\":\"S vama od 1835. godine\",\"potentialAction\":[{\"@type\":\"SearchAction\",\"target\":\"https:\/\/knjiznice.nsk.hr\/senj\/?s={search_term_string}\",\"query-input\":\"required name=search_term_string\"}],\"inLanguage\":\"hr\"},{\"@type\":\"WebPage\",\"@id\":\"http:\/\/knjiznice.nsk.hr\/senj\/izvjesce-o-radu-za-2020-sazetak\/#webpage\",\"url\":\"http:\/\/knjiznice.nsk.hr\/senj\/izvjesce-o-radu-za-2020-sazetak\/\",\"name\":\"IZVJE\\u0160\\u0106E O RADU ZA 2020.-SA\\u017dETAK - Gradska knji\\u017enica Senj\",\"isPartOf\":{\"@id\":\"https:\/\/knjiznice.nsk.hr\/senj\/#website\"},\"datePublished\":\"2021-03-23T09:31:15+00:00\",\"dateModified\":\"2021-03-23T09:31:15+00:00\",\"breadcrumb\":{\"@id\":\"http:\/\/knjiznice.nsk.hr\/senj\/izvjesce-o-radu-za-2020-sazetak\/#breadcrumb\"},\"inLanguage\":\"hr\",\"potentialAction\":[{\"@type\":\"ReadAction\",\"target\":[\"http:\/\/knjiznice.nsk.hr\/senj\/izvjesce-o-radu-za-2020-sazetak\/\"]}]},{\"@type\":\"BreadcrumbList\",\"@id\":\"http:\/\/knjiznice.nsk.hr\/senj\/izvjesce-o-radu-za-2020-sazetak\/#breadcrumb\",\"itemListElement\":[{\"@type\":\"ListItem\",\"position\":1,\"item\":{\"@type\":\"WebPage\",\"@id\":\"https:\/\/knjiznice.nsk.hr\/senj\/\",\"url\":\"https:\/\/knjiznice.nsk.hr\/senj\/\",\"name\":\"Po\\u010detna stranica\"}},{\"@type\":\"ListItem\",\"position\":2,\"item\":{\"@id\":\"http:\/\/knjiznice.nsk.hr\/senj\/izvjesce-o-radu-za-2020-sazetak\/#webpage\"}}]}]}<\/script>\n<!-- \/ Yoast SEO plugin. -->","_links":{"self":[{"href":"https:\/\/knjiznice.nsk.hr\/senj\/wp-json\/wp\/v2\/pages\/2283"}],"collection":[{"href":"https:\/\/knjiznice.nsk.hr\/senj\/wp-json\/wp\/v2\/pages"}],"about":[{"href":"https:\/\/knjiznice.nsk.hr\/senj\/wp-json\/wp\/v2\/types\/page"}],"author":[{"embeddable":true,"href":"https:\/\/knjiznice.nsk.hr\/senj\/wp-json\/wp\/v2\/users\/58"}],"replies":[{"embeddable":true,"href":"https:\/\/knjiznice.nsk.hr\/senj\/wp-json\/wp\/v2\/comments?post=2283"}],"version-history":[{"count":1,"href":"https:\/\/knjiznice.nsk.hr\/senj\/wp-json\/wp\/v2\/pages\/2283\/revisions"}],"predecessor-version":[{"id":2284,"href":"https:\/\/knjiznice.nsk.hr\/senj\/wp-json\/wp\/v2\/pages\/2283\/revisions\/2284"}],"wp:attachment":[{"href":"https:\/\/knjiznice.nsk.hr\/senj\/wp-json\/wp\/v2\/media?parent=2283"}],"curies":[{"name":"wp","href":"https:\/\/api.w.org\/{rel}","templated":true}]}}