{"id":2272,"date":"2021-03-12T10:07:51","date_gmt":"2021-03-12T10:07:51","guid":{"rendered":"http:\/\/knjiznice.nsk.hr\/senj\/?page_id=2272"},"modified":"2021-03-12T10:07:51","modified_gmt":"2021-03-12T10:07:51","slug":"politika-zastite-osobnih-podataka","status":"publish","type":"page","link":"https:\/\/knjiznice.nsk.hr\/senj\/politika-zastite-osobnih-podataka\/","title":{"rendered":"POLITIKA ZA\u0160TITE OSOBNIH PODATAKA"},"content":{"rendered":"<p>Gradska Knji\u017enica Senj sa svim svojim voditeljima organizacijskih dijelova i zaposlenicima opredijeljeni su da provode obvezu za\u0161tite osobnih  podataka  ispitanika temeljem Zakona o provedbi Op\u0107e uredbe o za\u0161titi podataka NN 42\/2018, drugih zakona na temelju izvr\u0161avanje slu\u017ebene ovlasti voditelja obrade i odredbama UREDBE (EU) 2016\/679 EUROPSKOG PARLAMENTA I VIJE\u0106A od 27. travnja 2016. o za\u0161titi pojedinca u vezi s obradom osobnih podataka i o slobodnom kretanju takvih podataka.<br \/>\nGradska Knji\u017enica Senj prepoznaje va\u017enost za\u0161tite privatnosti, sigurnosti  i za\u0161tite  podataka za ispitanike stoga je na\u0161 cilj provesti za\u0161titu njihovih osobnih podataka za sve njih  te implementirati sustav koji \u0107e to omogu\u0107iti.<br \/>\nSvrha prikupljanja osobnih podataka od ispitanika temelji se na odrednicama zakona ili na privoli ispitanika. O svim podacima koje dobijemo iz drugih izvora redovito se obavje\u0161tava ispitanik pa ukoliko su isti potrebni za daljnju obradu zatra\u017eit \u0107e se privola ispitanika. Ispitanik uvijek mo\u017ee povu\u0107i privolu o obradi njegovih podataka u odre\u0111enoj zbirci. Tako\u0111er mo\u017ee zatra\u017eiti brisanje podataka koriste\u0107i princip zaborava osobnog podataka.<br \/>\nZa\u0161tita privatnosti podataka ispitanika je trajna obveza voditelja i izvr\u0161itelja obrade te osoba koje su na bilo koji na\u010din u kontaktu sa podacima.<br \/>\nPrikupljeni podaci ispitanika \u010duvaju se na primjeren na\u010din u skladu sa zakonom osiguravaju\u0107i organizacijske, tehni\u010dke i programske mjere za\u0161tite u skladu sa njihovom povjerljivosti. Svi podaci moraju biti za\u0161ti\u0107eni od gubitka, uni\u0161tenja, mijenjanja\/krivotvorenja, manipulacije i nedozvoljenog pristupa, kao i od nedozvoljenog razotkrivanja. Prikupljeni  podaci ne\u0107e se prenositi tre\u0107im osobama bez zakonskog utemeljenja ili izri\u010ditog dopu\u0161tenja ispitanika.<br \/>\nSve \u0161to ispitanik smatra ne primjerenim u obradi osobnih podataka treba obavijestiti slu\u017ebenika za za\u0161titu podataka pa \u0107e se poduzeti odgovaraju\u0107e korektivne mjere.<br \/>\nPrikupljanje i obrada podatke od maloljetnika, mla\u0111ih od 16 godina, dopu\u0161teno je samo uz zakonsko dopu\u0161tenje ili privolu roditelja ili zakonskog staratelja.<br \/>\nOva izjava o politici za\u0161tite osobnih podataka ispitanika javno \u0107e se obznaniti, a obvezuje sve zaposlenike da je se pridr\u017eavaju i provode u praksi. Svako njeno kr\u0161enje tretirat  \u0107e se kao te\u017ea povreda radne du\u017enosti.<br \/>\nMjesto: Senj<br \/>\nDatum: 12.3.2021.<br \/>\nRavnatelj:<br \/>\nAna Prpi\u0107 Rogi\u0107, prof. i dipl.bibl.<br \/>\n\u2003<\/p>\n","protected":false},"excerpt":{"rendered":"<p>Gradska Knji\u017enica Senj sa svim svojim voditeljima organizacijskih dijelova i zaposlenicima opredijeljeni su da provode obvezu za\u0161tite osobnih podataka ispitanika temeljem Zakona o provedbi Op\u0107e uredbe o za\u0161titi podataka NN 42\/2018, drugih zakona na temelju izvr\u0161avanje slu\u017ebene ovlasti voditelja obrade i odredbama UREDBE (EU) 2016\/679 EUROPSKOG PARLAMENTA I VIJE\u0106A od 27. travnja 2016. o za\u0161titi [&hellip;]<\/p>\n","protected":false},"author":58,"featured_media":0,"parent":0,"menu_order":0,"comment_status":"closed","ping_status":"closed","template":"","meta":{"ngg_post_thumbnail":0},"yoast_head":"<!-- This site is optimized with the Yoast SEO plugin v16.4 - https:\/\/yoast.com\/wordpress\/plugins\/seo\/ -->\n<meta name=\"robots\" content=\"index, follow, max-snippet:-1, max-image-preview:large, max-video-preview:-1\" \/>\n<link rel=\"canonical\" href=\"https:\/\/knjiznice.nsk.hr\/senj\/politika-zastite-osobnih-podataka\/\" \/>\n<meta property=\"og:locale\" content=\"hr_HR\" \/>\n<meta property=\"og:type\" content=\"article\" \/>\n<meta property=\"og:title\" content=\"POLITIKA ZA\u0160TITE OSOBNIH PODATAKA - Gradska knji\u017enica Senj\" \/>\n<meta property=\"og:description\" content=\"Gradska Knji\u017enica Senj sa svim svojim voditeljima organizacijskih dijelova i zaposlenicima opredijeljeni su da provode obvezu za\u0161tite osobnih podataka ispitanika temeljem Zakona o provedbi Op\u0107e uredbe o za\u0161titi podataka NN 42\/2018, drugih zakona na temelju izvr\u0161avanje slu\u017ebene ovlasti voditelja obrade i odredbama UREDBE (EU) 2016\/679 EUROPSKOG PARLAMENTA I VIJE\u0106A od 27. travnja 2016. o za\u0161titi [&hellip;]\" \/>\n<meta property=\"og:url\" content=\"https:\/\/knjiznice.nsk.hr\/senj\/politika-zastite-osobnih-podataka\/\" \/>\n<meta property=\"og:site_name\" content=\"Gradska knji\u017enica Senj\" \/>\n<meta property=\"article:publisher\" content=\"http:\/\/facebook.com\/Gradska-knji%c5%benica-SENJ\" \/>\n<meta name=\"twitter:label1\" content=\"Procijenjeno vrijeme \u010ditanja\" \/>\n\t<meta name=\"twitter:data1\" content=\"2 minute\" \/>\n<script type=\"application\/ld+json\" class=\"yoast-schema-graph\">{\"@context\":\"https:\/\/schema.org\",\"@graph\":[{\"@type\":\"WebSite\",\"@id\":\"https:\/\/knjiznice.nsk.hr\/senj\/#website\",\"url\":\"https:\/\/knjiznice.nsk.hr\/senj\/\",\"name\":\"Gradska knji\\u017enica Senj\",\"description\":\"S vama od 1835. godine\",\"potentialAction\":[{\"@type\":\"SearchAction\",\"target\":\"https:\/\/knjiznice.nsk.hr\/senj\/?s={search_term_string}\",\"query-input\":\"required name=search_term_string\"}],\"inLanguage\":\"hr\"},{\"@type\":\"WebPage\",\"@id\":\"https:\/\/knjiznice.nsk.hr\/senj\/politika-zastite-osobnih-podataka\/#webpage\",\"url\":\"https:\/\/knjiznice.nsk.hr\/senj\/politika-zastite-osobnih-podataka\/\",\"name\":\"POLITIKA ZA\\u0160TITE OSOBNIH PODATAKA - Gradska knji\\u017enica Senj\",\"isPartOf\":{\"@id\":\"https:\/\/knjiznice.nsk.hr\/senj\/#website\"},\"datePublished\":\"2021-03-12T10:07:51+00:00\",\"dateModified\":\"2021-03-12T10:07:51+00:00\",\"breadcrumb\":{\"@id\":\"https:\/\/knjiznice.nsk.hr\/senj\/politika-zastite-osobnih-podataka\/#breadcrumb\"},\"inLanguage\":\"hr\",\"potentialAction\":[{\"@type\":\"ReadAction\",\"target\":[\"https:\/\/knjiznice.nsk.hr\/senj\/politika-zastite-osobnih-podataka\/\"]}]},{\"@type\":\"BreadcrumbList\",\"@id\":\"https:\/\/knjiznice.nsk.hr\/senj\/politika-zastite-osobnih-podataka\/#breadcrumb\",\"itemListElement\":[{\"@type\":\"ListItem\",\"position\":1,\"item\":{\"@type\":\"WebPage\",\"@id\":\"https:\/\/knjiznice.nsk.hr\/senj\/\",\"url\":\"https:\/\/knjiznice.nsk.hr\/senj\/\",\"name\":\"Po\\u010detna stranica\"}},{\"@type\":\"ListItem\",\"position\":2,\"item\":{\"@id\":\"https:\/\/knjiznice.nsk.hr\/senj\/politika-zastite-osobnih-podataka\/#webpage\"}}]}]}<\/script>\n<!-- \/ Yoast SEO plugin. -->","_links":{"self":[{"href":"https:\/\/knjiznice.nsk.hr\/senj\/wp-json\/wp\/v2\/pages\/2272"}],"collection":[{"href":"https:\/\/knjiznice.nsk.hr\/senj\/wp-json\/wp\/v2\/pages"}],"about":[{"href":"https:\/\/knjiznice.nsk.hr\/senj\/wp-json\/wp\/v2\/types\/page"}],"author":[{"embeddable":true,"href":"https:\/\/knjiznice.nsk.hr\/senj\/wp-json\/wp\/v2\/users\/58"}],"replies":[{"embeddable":true,"href":"https:\/\/knjiznice.nsk.hr\/senj\/wp-json\/wp\/v2\/comments?post=2272"}],"version-history":[{"count":1,"href":"https:\/\/knjiznice.nsk.hr\/senj\/wp-json\/wp\/v2\/pages\/2272\/revisions"}],"predecessor-version":[{"id":2273,"href":"https:\/\/knjiznice.nsk.hr\/senj\/wp-json\/wp\/v2\/pages\/2272\/revisions\/2273"}],"wp:attachment":[{"href":"https:\/\/knjiznice.nsk.hr\/senj\/wp-json\/wp\/v2\/media?parent=2272"}],"curies":[{"name":"wp","href":"https:\/\/api.w.org\/{rel}","templated":true}]}}