{"id":2213,"date":"2020-09-21T08:20:23","date_gmt":"2020-09-21T08:20:23","guid":{"rendered":"http:\/\/knjiznice.nsk.hr\/senj\/?page_id=2213"},"modified":"2020-09-22T06:37:10","modified_gmt":"2020-09-22T06:37:10","slug":"izjava-o-pristupacnosti","status":"publish","type":"page","link":"https:\/\/knjiznice.nsk.hr\/senj\/izjava-o-pristupacnosti\/","title":{"rendered":"IZJAVA O PRISTUPA\u010cNOSTI"},"content":{"rendered":"<p>Op\u0107enito<br \/>\nGradska knji\u017enica Senj nastoji svoje mre\u017ene stranice u\u010diniti pristupa\u010dnima u skladu sa Zakonom o pristupa\u010dnosti mre\u017enih stranica i programskih rje\u0161enja za pokretne ure\u0111aje tijela javnog sektora Republike Hrvatske (\u201eNarodne novine\u201c, broj 17\/19; dalje u tekstu: Zakon) kojim se prenosi Direktiva (EU) 2016\/2102 Europskog parlamenta i Vije\u0107a od 26. listopada 2016. o pristupa\u010dnosti internetskih stranica i mobilnih aplikacija tijela javnog sektora (SL L 327, 2.12.2016.).<br \/>\nOva Izjava o pristupa\u010dnosti primjenjuje se na mre\u017eno sjedi\u0161te Gradske knji\u017enice Senj koje se nalazi na adresi http:\/\/knjiznice.nsk.hr\/senj\/.<br \/>\n.<\/p>\n<p>Status uskla\u0111enosti<br \/>\nMre\u017eno sjedi\u0161te http:\/\/knjiznice.nsk.hr\/senj\/ djelomi\u010dno je uskla\u0111eno sa Zakonom zbog neuskla\u0111enosti koje su navedene u nastavku.<\/p>\n<p>Nepristupa\u010dan sadr\u017eaj<br \/>\nSadr\u017eaj naveden u nastavku je nepristupa\u010dan iz razloga:<br \/>\na)\tneuskla\u0111enosti sa Zakonom<br \/>\n\u2022\tKontrast na pojedinim dijelovima stranice nije zadovoljavaju\u0107.<br \/>\n\u2022\tVeli\u010dina fonta na mre\u017enom mjestu je premala.<br \/>\n\u2022\tNazivi pojedinih poveznica trebali bi konkretnije specificirati sadr\u017eaj koji se iza njih nalazi.<br \/>\n\u2022\tMre\u017eno mjesto nema mogu\u0107nost reprodukcije tekstualnog sadr\u017eaja u audio obliku.<br \/>\n\u2022\tPojedine slike na stranici ne sadr\u017ee  atribut.<br \/>\n\u2022\tPojedine slike na stranici ne sadr\u017ee kratak tekstualni opis sadr\u017eaja i funkcije slike.<br \/>\n\u2022\tNavigacija u sidebaru prikazuje padaju\u0107e izbornike na prelazak mi\u0161a preko elementa navigacije, a ne na klik na odre\u0111eni element.<\/p>\n<p>b)\tnerazmjerno optere\u0107enje<\/p>\n<p>Za neuskla\u0111enosti navedene pod to\u010dkom a), Gradska knji\u017enica Senj se poziva na iznimku zbog nerazmjernog optere\u0107enja sukladno \u010dlanku 8. Zakona.<\/p>\n<p>c)\tsadr\u017eaj nije obuhva\u0107en podru\u010djem primjene primjenjivog zakonodavstva<\/p>\n<p>Sukladno \u010dlanku 3. Zakona, isti se ne primjenjuje na uredske datoteke objavljene prije 23. rujna 2018. \u010diji sadr\u017eaj nije potreban za postupke u tijeku koje tijelo javnog sektora obavlja u okviru svog djelokruga.<\/p>\n<p>Sukladno \u010dlanku 3. Zakona, isti se ne primjenjuje na prethodno snimljene medijske sadr\u017eaje u obliku audiozapisa, videozapisa, audio i videozapisa, audio i\/ili videozapisa kombiniranih s interakcijom, objavljene prije 23. rujna 2020.<\/p>\n<p>Priprema ove izjave o pristupa\u010dnosti<br \/>\nOva je izjava sastavljena 21.rujna 2020.g, prema Predlo\u0161ku izjave o pristupa\u010dnosti koji je u skladu s Direktivom (EU) 2016\/2102 Europskog parlamenta i Vije\u0107a o pristupa\u010dnosti internetskih stranica i mobilnih aplikacija tijela javnog sektora, a utvr\u0111en je Provedbenom odlukom Komisije (EU) 2018\/1523.<br \/>\nIzjava je zadnji put preispitana 21.rujna 2020.g.<\/p>\n<p>Povratne informacije i podaci za kontakt<br \/>\nMolimo korisnike ove mre\u017ene stranice ako primijete neuskla\u0111en sadr\u017eaj, koji nije obuhva\u0107en ovom izjavom, da o tome obavijeste Gradsku knji\u017enicu Senj.<br \/>\nSve upite i sugestije vezane uz pristupa\u010dnost mre\u017enog sjedi\u0161ta Gradske knji\u017enice Senj korisnici mogu uputiti putem elektroni\u010dke po\u0161te: gradska.knjiznica.senj@gs.t-com.hr<br \/>\nGradska knji\u017enica Senj je du\u017ena na upit, obavijest ili zahtjev korisnika vezano uz osiguravanje pristupa\u010dnosti odgovoriti u roku od 15 dana od dana primitka obavijesti, odnosno zahtjeva ili ga u istom roku, uz detaljno obrazlo\u017eenje razloga koji zahtijevaju odgodu, obavijestiti o naknadnom roku u kojem \u0107e odgovoriti na korisnikovu obavijest ili zahtjev.<\/p>\n<p>Postupak pra\u0107enja provedbe propisa<br \/>\nPovjerenik za informiranje Republike Hrvatske je tijelo nadle\u017eno za pra\u0107enje uskla\u0111enosti mre\u017enih stranica i programskih rje\u0161enja za pokretne ure\u0111aje tijela javnog sektora sa zahtjevima pristupa\u010dnosti kao i za nadzor nad provedbom Zakona.<br \/>\nU slu\u010daju nezadovoljavaju\u0107ih odgovora na obavijest ili zahtjev za povratne informacije o pristupa\u010dnosti ovih mre\u017enih stranica, korisnici se mogu obratiti Povjereniku za informiranje putem elektroni\u010dke po\u0161te: pristupacnost@pristupinfo.hr.<\/p>\n","protected":false},"excerpt":{"rendered":"<p>Op\u0107enito Gradska knji\u017enica Senj nastoji svoje mre\u017ene stranice u\u010diniti pristupa\u010dnima u skladu sa Zakonom o pristupa\u010dnosti mre\u017enih stranica i programskih rje\u0161enja za pokretne ure\u0111aje tijela javnog sektora Republike Hrvatske (\u201eNarodne novine\u201c, broj 17\/19; dalje u tekstu: Zakon) kojim se prenosi Direktiva (EU) 2016\/2102 Europskog parlamenta i Vije\u0107a od 26. listopada 2016. o pristupa\u010dnosti internetskih stranica [&hellip;]<\/p>\n","protected":false},"author":58,"featured_media":0,"parent":0,"menu_order":0,"comment_status":"closed","ping_status":"closed","template":"","meta":{"ngg_post_thumbnail":0},"yoast_head":"<!-- This site is optimized with the Yoast SEO plugin v16.4 - https:\/\/yoast.com\/wordpress\/plugins\/seo\/ -->\n<meta name=\"robots\" content=\"index, follow, max-snippet:-1, max-image-preview:large, max-video-preview:-1\" \/>\n<link rel=\"canonical\" href=\"http:\/\/knjiznice.nsk.hr\/senj\/izjava-o-pristupacnosti\/\" \/>\n<meta property=\"og:locale\" content=\"hr_HR\" \/>\n<meta property=\"og:type\" content=\"article\" \/>\n<meta property=\"og:title\" content=\"IZJAVA O PRISTUPA\u010cNOSTI - Gradska knji\u017enica Senj\" \/>\n<meta property=\"og:description\" content=\"Op\u0107enito Gradska knji\u017enica Senj nastoji svoje mre\u017ene stranice u\u010diniti pristupa\u010dnima u skladu sa Zakonom o pristupa\u010dnosti mre\u017enih stranica i programskih rje\u0161enja za pokretne ure\u0111aje tijela javnog sektora Republike Hrvatske (\u201eNarodne novine\u201c, broj 17\/19; dalje u tekstu: Zakon) kojim se prenosi Direktiva (EU) 2016\/2102 Europskog parlamenta i Vije\u0107a od 26. listopada 2016. o pristupa\u010dnosti internetskih stranica [&hellip;]\" \/>\n<meta property=\"og:url\" content=\"http:\/\/knjiznice.nsk.hr\/senj\/izjava-o-pristupacnosti\/\" \/>\n<meta property=\"og:site_name\" content=\"Gradska knji\u017enica Senj\" \/>\n<meta property=\"article:publisher\" content=\"http:\/\/facebook.com\/Gradska-knji%c5%benica-SENJ\" \/>\n<meta property=\"article:modified_time\" content=\"2020-09-22T06:37:10+00:00\" \/>\n<meta name=\"twitter:label1\" content=\"Procijenjeno vrijeme \u010ditanja\" \/>\n\t<meta name=\"twitter:data1\" content=\"3 minute\" \/>\n<script type=\"application\/ld+json\" class=\"yoast-schema-graph\">{\"@context\":\"https:\/\/schema.org\",\"@graph\":[{\"@type\":\"WebSite\",\"@id\":\"http:\/\/knjiznice.nsk.hr\/senj\/#website\",\"url\":\"http:\/\/knjiznice.nsk.hr\/senj\/\",\"name\":\"Gradska knji\\u017enica Senj\",\"description\":\"S vama od 1835. godine\",\"potentialAction\":[{\"@type\":\"SearchAction\",\"target\":\"http:\/\/knjiznice.nsk.hr\/senj\/?s={search_term_string}\",\"query-input\":\"required name=search_term_string\"}],\"inLanguage\":\"hr\"},{\"@type\":\"WebPage\",\"@id\":\"http:\/\/knjiznice.nsk.hr\/senj\/izjava-o-pristupacnosti\/#webpage\",\"url\":\"http:\/\/knjiznice.nsk.hr\/senj\/izjava-o-pristupacnosti\/\",\"name\":\"IZJAVA O PRISTUPA\\u010cNOSTI - Gradska knji\\u017enica Senj\",\"isPartOf\":{\"@id\":\"http:\/\/knjiznice.nsk.hr\/senj\/#website\"},\"datePublished\":\"2020-09-21T08:20:23+00:00\",\"dateModified\":\"2020-09-22T06:37:10+00:00\",\"breadcrumb\":{\"@id\":\"http:\/\/knjiznice.nsk.hr\/senj\/izjava-o-pristupacnosti\/#breadcrumb\"},\"inLanguage\":\"hr\",\"potentialAction\":[{\"@type\":\"ReadAction\",\"target\":[\"http:\/\/knjiznice.nsk.hr\/senj\/izjava-o-pristupacnosti\/\"]}]},{\"@type\":\"BreadcrumbList\",\"@id\":\"http:\/\/knjiznice.nsk.hr\/senj\/izjava-o-pristupacnosti\/#breadcrumb\",\"itemListElement\":[{\"@type\":\"ListItem\",\"position\":1,\"item\":{\"@type\":\"WebPage\",\"@id\":\"http:\/\/knjiznice.nsk.hr\/senj\/\",\"url\":\"http:\/\/knjiznice.nsk.hr\/senj\/\",\"name\":\"Po\\u010detna stranica\"}},{\"@type\":\"ListItem\",\"position\":2,\"item\":{\"@id\":\"http:\/\/knjiznice.nsk.hr\/senj\/izjava-o-pristupacnosti\/#webpage\"}}]}]}<\/script>\n<!-- \/ Yoast SEO plugin. -->","_links":{"self":[{"href":"https:\/\/knjiznice.nsk.hr\/senj\/wp-json\/wp\/v2\/pages\/2213"}],"collection":[{"href":"https:\/\/knjiznice.nsk.hr\/senj\/wp-json\/wp\/v2\/pages"}],"about":[{"href":"https:\/\/knjiznice.nsk.hr\/senj\/wp-json\/wp\/v2\/types\/page"}],"author":[{"embeddable":true,"href":"https:\/\/knjiznice.nsk.hr\/senj\/wp-json\/wp\/v2\/users\/58"}],"replies":[{"embeddable":true,"href":"https:\/\/knjiznice.nsk.hr\/senj\/wp-json\/wp\/v2\/comments?post=2213"}],"version-history":[{"count":1,"href":"https:\/\/knjiznice.nsk.hr\/senj\/wp-json\/wp\/v2\/pages\/2213\/revisions"}],"predecessor-version":[{"id":2214,"href":"https:\/\/knjiznice.nsk.hr\/senj\/wp-json\/wp\/v2\/pages\/2213\/revisions\/2214"}],"wp:attachment":[{"href":"https:\/\/knjiznice.nsk.hr\/senj\/wp-json\/wp\/v2\/media?parent=2213"}],"curies":[{"name":"wp","href":"https:\/\/api.w.org\/{rel}","templated":true}]}}