{"id":1970,"date":"2019-05-03T07:43:59","date_gmt":"2019-05-03T07:43:59","guid":{"rendered":"http:\/\/knjiznice.nsk.hr\/senj\/?page_id=1970"},"modified":"2019-05-03T07:43:59","modified_gmt":"2019-05-03T07:43:59","slug":"plan-nabave-gradske-knjiznice-senj-za-2019-godinu","status":"publish","type":"page","link":"https:\/\/knjiznice.nsk.hr\/senj\/plan-nabave-gradske-knjiznice-senj-za-2019-godinu\/","title":{"rendered":"PLAN NABAVE GRADSKE KNJI\u017dNICE SENJ ZA 2019. GODINU"},"content":{"rendered":"<p>PLAN NABAVE GRADSKE KNJI\u017dNICE SENJ ZA 2019. GODINU<\/p>\n<p>\uf076\tKNJI\u017dNI\u010cNA GRA\u0110A <\/p>\n<p>-KNJI\u017dNA GRA\u0110A-PREDVI\u0110ENO NABAVITI 900 svezaka-58. 000,00 kn:<br \/>\nslikovnice-5.000,00 kn<br \/>\nlektira-10.000,00 kn<br \/>\nknji\u017eevnost za djecu i mlade-2.000,00 kn<br \/>\nbeletristika- 23.000,00 kn<br \/>\npublicistika-4.000,00 kn<br \/>\npopularna psihologija-2.000,00 kn<br \/>\nznanost-4.000,00 kn<br \/>\nreferentna gra\u0111a-3.000,00 kn<br \/>\nzavi\u010dajna gra\u0111a-5.000,00 kn<br \/>\n-NEKNJI\u017dNA GRA\u0110A-22.000,00 kn:<br \/>\nAV GRA\u0110A-PREDVI\u0110ENA NABAVA 20 NOVIH JEDINICA-2.000,00  kn<br \/>\nPERIODIKA-PREDVI\u0110ENO NABAVLJATI 29 NASLOVA-20.000,00 kn<\/p>\n<p>UKUPNO: 80.000,00 kn<\/p>\n<p>Od toga:<br \/>\n1.\tSredstva Ministarstva kulture:<br \/>\nSlikovnice-3.000,00 kn<br \/>\nLektira-7.000,00 kn<br \/>\nknji\u017eevnost za djecu i mlade-1.000,00 kn<br \/>\nbeletristika- 11.000,00 kn<br \/>\npublicistika-2.000,00 kn<br \/>\npopularna psihologija-1.000,00 kn<br \/>\nznanost-2.000,00 kn<br \/>\nreferentna gra\u0111a-1.000,00 kn<br \/>\nzavi\u010dajna gra\u0111a-1.000,00 kn<br \/>\n-AV GRA\u0110A-1.000,00  kn<br \/>\n-PERIODIKA-10.000,00 kn<br \/>\nUkupno: 40.000,00 kn<br \/>\n2.\tSredstva Grada Senja:<br \/>\nSlikovnice-2.000,00 kn<br \/>\nLektira-3.000,00 kn<br \/>\nknji\u017eevnost za djecu i mlade-1.000,00 kn<br \/>\nbeletristika- 12.000,00 kn<br \/>\npublicistika-2.000,00 kn<br \/>\npopularna psihologija-1.000,00 kn<br \/>\nznanost-2.000,00 kn<br \/>\nreferentna gra\u0111a-2.000,00 kn<br \/>\nzavi\u010dajna gra\u0111a-4.000,00 kn<br \/>\n-AV GRA\u0110A-1.000,00  kn<br \/>\n-PERIODIKA-10.000,00 kn<br \/>\nUkupno: 40.000,00 kn<\/p>\n<p>\uf076\tINFORMATI\u010cKA OPREMA:<\/p>\n<p>1.NABAVKA PRINTERA ZA SVETI JURAJ-2.500,00-vlastita sredstva<\/p>\n<p>2.NABAVKA COLOR PRINTERA ZA POTREBE PROMID\u017dBE-14.375,00 kn<br \/>\nOd toga:<br \/>\nMinistarstvo kulture-10.000,00 kn,<br \/>\nGrad Senj-4.375,00 kn<\/p>\n<p>\uf076\tKNJI\u017dNI\u010cNA OPREMA:<\/p>\n<p>NABAVKA MATERIJALA POTREBNIH ZA IZLO\u017dBENU DJELATNOST-16.442,19 kn \u2013 sredstva Grada Senja<\/p>\n<p>Ravnateljica Gradske knji\u017enice Senj:<br \/>\nAna Prpi\u0107 Rogi\u0107, prof. i dipl.bibl.<\/p>\n","protected":false},"excerpt":{"rendered":"<p>PLAN NABAVE GRADSKE KNJI\u017dNICE SENJ ZA 2019. GODINU \uf076 KNJI\u017dNI\u010cNA GRA\u0110A -KNJI\u017dNA GRA\u0110A-PREDVI\u0110ENO NABAVITI 900 svezaka-58. 000,00 kn: slikovnice-5.000,00 kn lektira-10.000,00 kn knji\u017eevnost za djecu i mlade-2.000,00 kn beletristika- 23.000,00 kn publicistika-4.000,00 kn popularna psihologija-2.000,00 kn znanost-4.000,00 kn referentna gra\u0111a-3.000,00 kn zavi\u010dajna gra\u0111a-5.000,00 kn -NEKNJI\u017dNA GRA\u0110A-22.000,00 kn: AV GRA\u0110A-PREDVI\u0110ENA NABAVA 20 NOVIH JEDINICA-2.000,00 kn PERIODIKA-PREDVI\u0110ENO [&hellip;]<\/p>\n","protected":false},"author":58,"featured_media":0,"parent":0,"menu_order":0,"comment_status":"closed","ping_status":"closed","template":"","meta":{"ngg_post_thumbnail":0},"yoast_head":"<!-- This site is optimized with the Yoast SEO plugin v16.4 - https:\/\/yoast.com\/wordpress\/plugins\/seo\/ -->\n<meta name=\"robots\" content=\"index, follow, max-snippet:-1, max-image-preview:large, max-video-preview:-1\" \/>\n<link rel=\"canonical\" href=\"https:\/\/knjiznice.nsk.hr\/senj\/plan-nabave-gradske-knjiznice-senj-za-2019-godinu\/\" \/>\n<meta property=\"og:locale\" content=\"hr_HR\" \/>\n<meta property=\"og:type\" content=\"article\" \/>\n<meta property=\"og:title\" content=\"PLAN NABAVE GRADSKE KNJI\u017dNICE SENJ ZA 2019. GODINU - Gradska knji\u017enica Senj\" \/>\n<meta property=\"og:description\" content=\"PLAN NABAVE GRADSKE KNJI\u017dNICE SENJ ZA 2019. GODINU \uf076 KNJI\u017dNI\u010cNA GRA\u0110A -KNJI\u017dNA GRA\u0110A-PREDVI\u0110ENO NABAVITI 900 svezaka-58. 000,00 kn: slikovnice-5.000,00 kn lektira-10.000,00 kn knji\u017eevnost za djecu i mlade-2.000,00 kn beletristika- 23.000,00 kn publicistika-4.000,00 kn popularna psihologija-2.000,00 kn znanost-4.000,00 kn referentna gra\u0111a-3.000,00 kn zavi\u010dajna gra\u0111a-5.000,00 kn -NEKNJI\u017dNA GRA\u0110A-22.000,00 kn: AV GRA\u0110A-PREDVI\u0110ENA NABAVA 20 NOVIH JEDINICA-2.000,00 kn PERIODIKA-PREDVI\u0110ENO [&hellip;]\" \/>\n<meta property=\"og:url\" content=\"https:\/\/knjiznice.nsk.hr\/senj\/plan-nabave-gradske-knjiznice-senj-za-2019-godinu\/\" \/>\n<meta property=\"og:site_name\" content=\"Gradska knji\u017enica Senj\" \/>\n<meta property=\"article:publisher\" content=\"http:\/\/facebook.com\/Gradska-knji%c5%benica-SENJ\" \/>\n<meta name=\"twitter:label1\" content=\"Procijenjeno vrijeme \u010ditanja\" \/>\n\t<meta name=\"twitter:data1\" content=\"1 minuta\" \/>\n<script type=\"application\/ld+json\" class=\"yoast-schema-graph\">{\"@context\":\"https:\/\/schema.org\",\"@graph\":[{\"@type\":\"WebSite\",\"@id\":\"https:\/\/knjiznice.nsk.hr\/senj\/#website\",\"url\":\"https:\/\/knjiznice.nsk.hr\/senj\/\",\"name\":\"Gradska knji\\u017enica Senj\",\"description\":\"S vama od 1835. godine\",\"potentialAction\":[{\"@type\":\"SearchAction\",\"target\":\"https:\/\/knjiznice.nsk.hr\/senj\/?s={search_term_string}\",\"query-input\":\"required name=search_term_string\"}],\"inLanguage\":\"hr\"},{\"@type\":\"WebPage\",\"@id\":\"https:\/\/knjiznice.nsk.hr\/senj\/plan-nabave-gradske-knjiznice-senj-za-2019-godinu\/#webpage\",\"url\":\"https:\/\/knjiznice.nsk.hr\/senj\/plan-nabave-gradske-knjiznice-senj-za-2019-godinu\/\",\"name\":\"PLAN NABAVE GRADSKE KNJI\\u017dNICE SENJ ZA 2019. GODINU - Gradska knji\\u017enica Senj\",\"isPartOf\":{\"@id\":\"https:\/\/knjiznice.nsk.hr\/senj\/#website\"},\"datePublished\":\"2019-05-03T07:43:59+00:00\",\"dateModified\":\"2019-05-03T07:43:59+00:00\",\"breadcrumb\":{\"@id\":\"https:\/\/knjiznice.nsk.hr\/senj\/plan-nabave-gradske-knjiznice-senj-za-2019-godinu\/#breadcrumb\"},\"inLanguage\":\"hr\",\"potentialAction\":[{\"@type\":\"ReadAction\",\"target\":[\"https:\/\/knjiznice.nsk.hr\/senj\/plan-nabave-gradske-knjiznice-senj-za-2019-godinu\/\"]}]},{\"@type\":\"BreadcrumbList\",\"@id\":\"https:\/\/knjiznice.nsk.hr\/senj\/plan-nabave-gradske-knjiznice-senj-za-2019-godinu\/#breadcrumb\",\"itemListElement\":[{\"@type\":\"ListItem\",\"position\":1,\"item\":{\"@type\":\"WebPage\",\"@id\":\"https:\/\/knjiznice.nsk.hr\/senj\/\",\"url\":\"https:\/\/knjiznice.nsk.hr\/senj\/\",\"name\":\"Po\\u010detna stranica\"}},{\"@type\":\"ListItem\",\"position\":2,\"item\":{\"@id\":\"https:\/\/knjiznice.nsk.hr\/senj\/plan-nabave-gradske-knjiznice-senj-za-2019-godinu\/#webpage\"}}]}]}<\/script>\n<!-- \/ Yoast SEO plugin. -->","_links":{"self":[{"href":"https:\/\/knjiznice.nsk.hr\/senj\/wp-json\/wp\/v2\/pages\/1970"}],"collection":[{"href":"https:\/\/knjiznice.nsk.hr\/senj\/wp-json\/wp\/v2\/pages"}],"about":[{"href":"https:\/\/knjiznice.nsk.hr\/senj\/wp-json\/wp\/v2\/types\/page"}],"author":[{"embeddable":true,"href":"https:\/\/knjiznice.nsk.hr\/senj\/wp-json\/wp\/v2\/users\/58"}],"replies":[{"embeddable":true,"href":"https:\/\/knjiznice.nsk.hr\/senj\/wp-json\/wp\/v2\/comments?post=1970"}],"version-history":[{"count":1,"href":"https:\/\/knjiznice.nsk.hr\/senj\/wp-json\/wp\/v2\/pages\/1970\/revisions"}],"predecessor-version":[{"id":1971,"href":"https:\/\/knjiznice.nsk.hr\/senj\/wp-json\/wp\/v2\/pages\/1970\/revisions\/1971"}],"wp:attachment":[{"href":"https:\/\/knjiznice.nsk.hr\/senj\/wp-json\/wp\/v2\/media?parent=1970"}],"curies":[{"name":"wp","href":"https:\/\/api.w.org\/{rel}","templated":true}]}}