{"id":1435,"date":"2018-05-24T14:37:05","date_gmt":"2018-05-24T14:37:05","guid":{"rendered":"http:\/\/knjiznice.nsk.hr\/senj\/?page_id=1435"},"modified":"2018-05-24T14:37:05","modified_gmt":"2018-05-24T14:37:05","slug":"plan-nabave-za-2017-g","status":"publish","type":"page","link":"https:\/\/knjiznice.nsk.hr\/senj\/plan-nabave-za-2017-g\/","title":{"rendered":"Plan nabave za 2017.g."},"content":{"rendered":"<p>Uz plansku i namjensku potro\u0161nju materijalnih sredstva, u 2017. godini planiramo nabavljati i sljede\u0107e:<br \/>\n\uf076\tKnji\u017enu i neknji\u017enu gra\u0111u<br \/>\n\uf076\tInformati\u010dku opremu<br \/>\n\uf076\tDidakti\u010dke igra\u010dke i opremu<br \/>\n\uf076\tIzdati knjigu u svojoj nakladi<\/p>\n<p>\uf076\tKNJI\u017dNI\u010cNA GRA\u0110A nabavlja se kupnjom i otkupom Ministarstva kulture te rje\u0111e darom. Nabava kupnjom vr\u0161i se sredstvima Grada i Ministarstva kulture RH, a pri kupnji se prate noviteti, po\u0161tuju zakoni struke te \u017eelje korisnika. Trenutni fond na koncu 2015. bio je 30 773, a u toj godini je nabavljeno 1167 novih jedinica knji\u017ene gra\u0111e. U 2015. smo nabavljali 5 dnevnih novina i 10 \u010dasopisa te 29 jedinica elektroni\u010dke gra\u0111e.<br \/>\nI u ovoj 2016. godini nabavu vr\u0161imo po tom principu, a i u 2017. godini planiramo vr\u0161titi nabavu na isti na\u010din.<br \/>\nPlaniramo nabavljati sve vrste knji\u017ene i neknji\u017ene gra\u0111e za sredi\u0161njicu u Senju kao i za ogranke u Krasnu i Svetom Jurju.<br \/>\n-Knji\u017ena gra\u0111a-slikovice, lektira, knji\u017eevnost za djecu i mlade, beletristika za odrasle, publicistika, popularna psihologija, znanost, referentna gra\u0111a, zavi\u010dajna gra\u0111a;<br \/>\n-AV- gra\u0111a-DVD-i;<br \/>\n-Periodika-dnevni tisak, tjednici i mjese\u010dnici.<\/p>\n<p>DETALJNO SPECIFICIRANI TRO\u0160KOVNIK ZA IZVR\u0160ENJE JEDNOGODI\u0160NJEG PROGRAMA:<br \/>\nKNJI\u017dNA I NEKNJI\u017dNA GRA\u0110A-PREDVI\u0110ENA NABAVA-2017.g:<br \/>\n-KNJI\u017dNA GRA\u0110A-PREDVI\u0110ENO NABAVITI 600 svezaka-60. 000,00 kn:<br \/>\nslikovnice-5.000,00 kn<br \/>\nlektira-4.000,00 kn<br \/>\nknji\u017eevnost za djecu i mlade-5.000,00 kn<br \/>\nbeletristika- 25.000,00 kn<br \/>\npublicistika-4.000,00 kn<br \/>\npopularna psihologija-3.000,00 kn<br \/>\nznanost-6.000,00 kn<br \/>\nreferentna gra\u0111a-3.000,00 kn<br \/>\nzavi\u010dajna gra\u0111a-5.000,00 kn<br \/>\n-NEKNJI\u017dNA GRA\u0110A-15.000,00 kn:<br \/>\nAV GRA\u0110A-PREDVI\u0110ENA NABAVA 50 NOVIH JEDINICA-5.000,00  kn<br \/>\nPERIODIKA-PREDVI\u0110ENO NABAVLJATI 15 NASLOVA-10.000,00 kn<br \/>\nUKUPNO: 75.000,00 kn<\/p>\n<p>Od toga:<br \/>\n\u2022\tSredstva Ministarstva kulture:<br \/>\nSlikovnice-3.000,00 kn<br \/>\nLektira-2.000,00 kn<br \/>\nknji\u017eevnost za djecu i mlade-3.000,00 kn<br \/>\nbeletristika- 12.000,00 kn<br \/>\npublicistika-2.000,00 kn<br \/>\npopularna psihologija-2.000,00 kn<br \/>\nznanost-2.000,00 kn<br \/>\nreferentna gra\u0111a-1.000,00 kn<br \/>\nzavi\u010dajna gra\u0111a-1.000,00 kn<br \/>\n-AV GRA\u0110A-2.000,00  kn<br \/>\n-PERIODIKA-10.000,00 kn<br \/>\nUkupno: 40.000,00 kn<\/p>\n<p>\u2022\tSredstva Grada Senja:<br \/>\nSlikovnice-2.000,00 kn<br \/>\nLektira-2.000,00 kn<br \/>\nknji\u017eevnost za djecu i mlade-2.000,00 kn<br \/>\nbeletristika- 13.000,00 kn<br \/>\npublicistika-2.000,00 kn<br \/>\npopularna psihologija-1.000,00 kn<br \/>\nznanost-4.000,00 kn<br \/>\nreferentna gra\u0111a-2.000,00 kn<br \/>\nzavi\u010dajna gra\u0111a-4.000,00 kn<br \/>\n-AV GRA\u0110A-3.000,00 kn<br \/>\nUkupno: 35.000,00 kn<\/p>\n<p>\uf076\tINFORMATI\u010cKA OPREMA:<br \/>\nVe\u0107 dvije godine radimo na postepenom obnavljanju na\u0161ih ra\u010dunala koja su ve\u0107 zastarjela i dala svoje. Uspjeli smo jedan dio obnoviti i zamijeniti, a u 2017. g. planiramo obnoviti ra\u010dunalnu opremu na Dje\u010djem odjelu kako bismo mogli nesmetano nastaviti s radom na Odjelu te s odr\u017eavanjem brojnih aktivnosti s u\u010denicima (Filmska jutra, ljetne i zimske radionice, Satovi lektire\u2026)<br \/>\nKupili bismo dva nova ra\u010dunala za Dje\u010dji odjel te tako pobolj\u0161ati rad s korisnicima. Djeca su na\u0161a budu\u0107nost i na\u0161a je misija, uz onu kulturnu i informacijsku, i obrazovna. Zada\u0107a nam je animirati djecu da dolaze u knji\u017enicu te da prigrle knjigu od malih nogu i danas-sutra postanu aktivni \u010dita\u010di.<br \/>\nZa nabavu informati\u010dke opreme potrebno nam je u 2017. godini 16.110,00 kn (od toga 14.110,00 kn Ministarstvo kulture i 2.000,00 kn Grad Senj)<\/p>\n<p>DETALJNO SPECIFICIRANI TRO\u0160KOVNIK ZA IZVR\u0160ENJE JEDNOGODI\u0160NJEG PROGRAMA:<br \/>\nRA\u010cUNALA ZA DJE\u010cJI ODJEL-2 KOMADA-8.055,00 kn puta 2=16.110,00 kn<br \/>\nUKUPNO: 16.110,00 kn (prilo\u017eena ponuda)<\/p>\n<p>\uf076\tDIDAKTI\u010cKE IGRA\u010cKE I OPREMA:<br \/>\nKroz godinu na\u0161a knji\u017enica odr\u017eava veliki broj doga\u0111anja svih vrsta kako za odrasle, tako i za djecu. No, ono \u0161to kroz praksu ve\u0107 godinama uvi\u0111amo je to da nam kroni\u010dno nedostaje kutak za one najmla\u0111e koji tek ulaze u svijet komunikacije, knjige i \u010ditanja. Kako bismo ih od malih nogu pripremili na knjigu i \u010ditanje i privukli u knji\u017enicu, planiramo ure\u0111enje Didakti\u010dkog kutka za malene od ro\u0111enja do 5 godina kako bi kroz za njih namijenjena pomagala i igra\u010dke zavoljeli pouku, igru i knji\u017enicu i danas-sutra postali na\u0161i vjerni korisnici i \u010dita\u010di.<br \/>\nRealizacijom ovog projekta krenuli bismo s programima-U\u010dimo \u010ditati, U\u010dimo pisati, Baby fitnes (vje\u017ebanje na didakti\u010dkoj strunja\u010di uz nadzor dje\u010djeg fizioterapeuta) te Moja prva radionica kojima bismo zadovoljili potrebe na\u0161ih najmla\u0111ih sugra\u0111ana i njihovih roditelja. Paralelno s ovim programima krenuli bismo i s akcijom 0+ kojom bismo tek ro\u0111enoj djeci poklanjali besplatno u\u010dlanjenje i na taj na\u010din privukli najmla\u0111e i njihove roditelje u na\u0161u Knji\u017enicu. Ve\u0107 sama navika dola\u017eenja u na\u0161e prostore stvara dobru podlogu za kasnije razvijanje prema odgovornom i redovitom \u010dita\u010du.<\/p>\n<p>DETALJNO SPECIFICIRANI TRO\u0160KOVNIK PROJEKTA\u201c DIDAKTI\u010cKI KUTAK ZA NAJMA\u0110E SENJANE\u201e-GRADSKA KNJI\u017dNICA SENJ-DJE\u010cJI ODJEL<br \/>\nNabavka proizvoda:<br \/>\n\u2022\tMotori\u010dke igre:<br \/>\n-Vozilo policijsko -1 kom-73.15 kn<br \/>\n-Drveni helikopter-1 kom-46.55 kn<br \/>\n-Vatrogasno vozilo-1 kom-46.55 kn<br \/>\n-Dinosaur na kota\u010dima rex-1 kom-21.85 kn<br \/>\n-Helikopter  na povla\u010denje-1 kom-84.55 kn<br \/>\n-Zebra na povla\u010denje-1 kom-71.25 kn<br \/>\n-Didakti\u010dka strunja\u010da -1 kom-939.55 kn<br \/>\n-Hrapave lopte 15 cm-6 kom-302.10 kn<br \/>\n\u2022\tSenzorne igre:<br \/>\nProzirni obojeni brojevi-1 set-27.55 kn<br \/>\nStiskaju\u0107i leptiri -1 set-189.05 kn<br \/>\n\u2022\tDidakti\u010dke igre:<br \/>\nSlagalica toranj cvijet-1 set-206.15 kn<br \/>\nSlagalica-riba-1 set-302.10 kn<br \/>\nPiramida s prstenovima -1 kom-57.95 kn<br \/>\nKocka u kocki -1 set-31.35 kn<br \/>\nElementi za slaganje slova -1 set-284.05 kn<br \/>\nKarte vokabular -1 set-508.25 kn<br \/>\n\u2022\tSocijalno-emoc.igre:<br \/>\nLutke za razvoj empatije-1 set-1.664,40 kn<br \/>\nDomino \u017eivotinje-1 kom-46.55 kn<br \/>\n\u2022\tDidakti\u010dki namje\u0161taj:<br \/>\nTabure naran\u010dasti promjer 40-6 komada-1.989,30 kn<br \/>\nParavan duga-2 komada-1.613,10 kn<\/p>\n<p>Ukupno: 8.505,35 kn<br \/>\nPdv: 2.126,37 kn<br \/>\nUKUPNO: 10.631,72 kn (prilo\u017eena ponuda)<\/p>\n<p>U cijelosti sredstva Ministarstva kulture RH-10.631,72 kn<\/p>\n<p>\uf076\tNAKLADNI\u010cKA DJELATNOST:<br \/>\nU svojoj djelatnosti Knji\u017enica ima i nakladni\u0161tvo s naglaskom na zavi\u010dajnu knji\u017eevnost koju \u017eeli poticati i razvijati. U 2017. godini planiramo izdati barem jednu knjigu u svojoj nakladi kojoj \u0107e tema, autor ili naslov biti vezan za na\u0161 kraj.<\/p>\n<p>PLAN NABAVE-IZDAVANJE KNJIGA-2017.g.<br \/>\nTRO\u0160KOVNIK:<br \/>\nGrafi\u010dka priprema i oblikovanje-5.000,00 kn<br \/>\nTisak-15.555,63 kn<br \/>\n(prilo\u017eena ponuda tiskare)<br \/>\nTro\u0161kovi distribucije i promocije-1.000,00 kn<\/p>\n<p>Sredstva Ministarstva kulture RH-20.555,63 kn<br \/>\nGrad Senj: 1.000,00 kn<br \/>\nUKUPNO: 21.555,63 kn<\/p>\n<p>Ravnateljica Gradske knji\u017enice Senj:<br \/>\nAna Prpi\u0107 Rogi\u0107, prof. i dipl.bibl.<\/p>\n","protected":false},"excerpt":{"rendered":"<p>Uz plansku i namjensku potro\u0161nju materijalnih sredstva, u 2017. godini planiramo nabavljati i sljede\u0107e: \uf076 Knji\u017enu i neknji\u017enu gra\u0111u \uf076 Informati\u010dku opremu \uf076 Didakti\u010dke igra\u010dke i opremu \uf076 Izdati knjigu u svojoj nakladi \uf076 KNJI\u017dNI\u010cNA GRA\u0110A nabavlja se kupnjom i otkupom Ministarstva kulture te rje\u0111e darom. Nabava kupnjom vr\u0161i se sredstvima Grada i Ministarstva kulture [&hellip;]<\/p>\n","protected":false},"author":58,"featured_media":0,"parent":0,"menu_order":0,"comment_status":"closed","ping_status":"closed","template":"","meta":{"ngg_post_thumbnail":0},"yoast_head":"<!-- This site is optimized with the Yoast SEO plugin v16.4 - https:\/\/yoast.com\/wordpress\/plugins\/seo\/ -->\n<meta name=\"robots\" content=\"index, follow, max-snippet:-1, max-image-preview:large, max-video-preview:-1\" \/>\n<link rel=\"canonical\" href=\"https:\/\/knjiznice.nsk.hr\/senj\/plan-nabave-za-2017-g\/\" \/>\n<meta property=\"og:locale\" content=\"hr_HR\" \/>\n<meta property=\"og:type\" content=\"article\" \/>\n<meta property=\"og:title\" content=\"Plan nabave za 2017.g. - Gradska knji\u017enica Senj\" \/>\n<meta property=\"og:description\" content=\"Uz plansku i namjensku potro\u0161nju materijalnih sredstva, u 2017. godini planiramo nabavljati i sljede\u0107e: \uf076 Knji\u017enu i neknji\u017enu gra\u0111u \uf076 Informati\u010dku opremu \uf076 Didakti\u010dke igra\u010dke i opremu \uf076 Izdati knjigu u svojoj nakladi \uf076 KNJI\u017dNI\u010cNA GRA\u0110A nabavlja se kupnjom i otkupom Ministarstva kulture te rje\u0111e darom. Nabava kupnjom vr\u0161i se sredstvima Grada i Ministarstva kulture [&hellip;]\" \/>\n<meta property=\"og:url\" content=\"https:\/\/knjiznice.nsk.hr\/senj\/plan-nabave-za-2017-g\/\" \/>\n<meta property=\"og:site_name\" content=\"Gradska knji\u017enica Senj\" \/>\n<meta property=\"article:publisher\" content=\"http:\/\/facebook.com\/Gradska-knji%c5%benica-SENJ\" \/>\n<meta name=\"twitter:label1\" content=\"Procijenjeno vrijeme \u010ditanja\" \/>\n\t<meta name=\"twitter:data1\" content=\"5 minuta\" \/>\n<script type=\"application\/ld+json\" class=\"yoast-schema-graph\">{\"@context\":\"https:\/\/schema.org\",\"@graph\":[{\"@type\":\"WebSite\",\"@id\":\"https:\/\/knjiznice.nsk.hr\/senj\/#website\",\"url\":\"https:\/\/knjiznice.nsk.hr\/senj\/\",\"name\":\"Gradska knji\\u017enica Senj\",\"description\":\"S vama od 1835. godine\",\"potentialAction\":[{\"@type\":\"SearchAction\",\"target\":\"https:\/\/knjiznice.nsk.hr\/senj\/?s={search_term_string}\",\"query-input\":\"required name=search_term_string\"}],\"inLanguage\":\"hr\"},{\"@type\":\"WebPage\",\"@id\":\"https:\/\/knjiznice.nsk.hr\/senj\/plan-nabave-za-2017-g\/#webpage\",\"url\":\"https:\/\/knjiznice.nsk.hr\/senj\/plan-nabave-za-2017-g\/\",\"name\":\"Plan nabave za 2017.g. - Gradska knji\\u017enica Senj\",\"isPartOf\":{\"@id\":\"https:\/\/knjiznice.nsk.hr\/senj\/#website\"},\"datePublished\":\"2018-05-24T14:37:05+00:00\",\"dateModified\":\"2018-05-24T14:37:05+00:00\",\"breadcrumb\":{\"@id\":\"https:\/\/knjiznice.nsk.hr\/senj\/plan-nabave-za-2017-g\/#breadcrumb\"},\"inLanguage\":\"hr\",\"potentialAction\":[{\"@type\":\"ReadAction\",\"target\":[\"https:\/\/knjiznice.nsk.hr\/senj\/plan-nabave-za-2017-g\/\"]}]},{\"@type\":\"BreadcrumbList\",\"@id\":\"https:\/\/knjiznice.nsk.hr\/senj\/plan-nabave-za-2017-g\/#breadcrumb\",\"itemListElement\":[{\"@type\":\"ListItem\",\"position\":1,\"item\":{\"@type\":\"WebPage\",\"@id\":\"https:\/\/knjiznice.nsk.hr\/senj\/\",\"url\":\"https:\/\/knjiznice.nsk.hr\/senj\/\",\"name\":\"Po\\u010detna stranica\"}},{\"@type\":\"ListItem\",\"position\":2,\"item\":{\"@id\":\"https:\/\/knjiznice.nsk.hr\/senj\/plan-nabave-za-2017-g\/#webpage\"}}]}]}<\/script>\n<!-- \/ Yoast SEO plugin. -->","_links":{"self":[{"href":"https:\/\/knjiznice.nsk.hr\/senj\/wp-json\/wp\/v2\/pages\/1435"}],"collection":[{"href":"https:\/\/knjiznice.nsk.hr\/senj\/wp-json\/wp\/v2\/pages"}],"about":[{"href":"https:\/\/knjiznice.nsk.hr\/senj\/wp-json\/wp\/v2\/types\/page"}],"author":[{"embeddable":true,"href":"https:\/\/knjiznice.nsk.hr\/senj\/wp-json\/wp\/v2\/users\/58"}],"replies":[{"embeddable":true,"href":"https:\/\/knjiznice.nsk.hr\/senj\/wp-json\/wp\/v2\/comments?post=1435"}],"version-history":[{"count":1,"href":"https:\/\/knjiznice.nsk.hr\/senj\/wp-json\/wp\/v2\/pages\/1435\/revisions"}],"predecessor-version":[{"id":1436,"href":"https:\/\/knjiznice.nsk.hr\/senj\/wp-json\/wp\/v2\/pages\/1435\/revisions\/1436"}],"wp:attachment":[{"href":"https:\/\/knjiznice.nsk.hr\/senj\/wp-json\/wp\/v2\/media?parent=1435"}],"curies":[{"name":"wp","href":"https:\/\/api.w.org\/{rel}","templated":true}]}}