{"id":813,"date":"2023-10-04T17:08:57","date_gmt":"2023-10-04T15:08:57","guid":{"rendered":"http:\/\/knjiznice.nsk.hr\/prelog\/?page_id=813"},"modified":"2024-01-09T12:30:16","modified_gmt":"2024-01-09T11:30:16","slug":"medijska-pismenost","status":"publish","type":"page","link":"https:\/\/knjiznice.nsk.hr\/prelog\/medijska-pismenost\/","title":{"rendered":"MEDIJSKA PISMENOST"},"content":{"rendered":"\n<p>Partnerski i samostalni projekti informacijske i medijske pismenosti Knji\u017enice i \u010ditaonice Grada Preloga <\/p>\n\n\n\n<hr class=\"wp-block-separator\" \/>\n\n\n\n<h2>&#8220;SVOJA&#8221;- OSNA\u017dIVANJE DJEVOJ\u010cICA I DJEVOJAKA U ODNOSU NA RODNE I DRUGE STEREOTIPE NA INTERNETU I DRU\u0160TVENIM MRE\u017dAMA<\/h2>\n\n\n\n<div class=\"wp-block-media-text alignwide is-stacked-on-mobile\"><figure class=\"wp-block-media-text__media\"><img loading=\"lazy\" width=\"917\" height=\"693\" src=\"http:\/\/knjiznice.nsk.hr\/prelog\/wp-content\/uploads\/sites\/115\/2023\/10\/SVOJA_logo.jpg\" alt=\"\" class=\"wp-image-825 size-full\" srcset=\"https:\/\/knjiznice.nsk.hr\/prelog\/wp-content\/uploads\/sites\/115\/2023\/10\/SVOJA_logo.jpg 917w, https:\/\/knjiznice.nsk.hr\/prelog\/wp-content\/uploads\/sites\/115\/2023\/10\/SVOJA_logo-300x227.jpg 300w, https:\/\/knjiznice.nsk.hr\/prelog\/wp-content\/uploads\/sites\/115\/2023\/10\/SVOJA_logo-768x580.jpg 768w, https:\/\/knjiznice.nsk.hr\/prelog\/wp-content\/uploads\/sites\/115\/2023\/10\/SVOJA_logo-600x453.jpg 600w, https:\/\/knjiznice.nsk.hr\/prelog\/wp-content\/uploads\/sites\/115\/2023\/10\/SVOJA_logo-624x472.jpg 624w\" sizes=\"(max-width: 917px) 100vw, 917px\" \/><\/figure><div class=\"wp-block-media-text__content\">\n<p class=\"has-small-font-size\">Knji\u017enica i \u010ditaonica Grada Preloga u suradnji s knji\u017enicom Goethe-Instituta Kroatien i dvjema medijskim pedagoginjama iz Njema\u010dke, Astrid Meckl i Raphaelom M\u00fcller iz Instituta za medijsku pedagogiju u M\u00fcnchenu, \u017eele pridonijeti ja\u010danju samopouzdanja djevoj\u010dica i djevojaka i svijesti o postojanju rodnih i drugih stereotipa na internetu i dru\u0161tvenim mre\u017eama. Kao prirodni saveznik u ostvarenju toga cilja pojavljuju se \u0161kolske i narodne knji\u017enice te \u0161kole odnosno njihovi zaposlenici, a sredstvo provedbe su jednostavni, (prostoru i raspolo\u017eivom vremenu te ljudskim resursima) prilagodljivi tiskani i digitalni materijali za rad s djecom, u ovom slu\u010daju prije svega djevoj\u010dicama i djevojkama.<\/p>\n<\/div><\/div>\n\n\n\n<p>POVEZNICA NA WEBINAR<\/p>\n\n\n\n<figure class=\"wp-block-embed is-type-video is-provider-youtube wp-block-embed-youtube wp-embed-aspect-16-9 wp-has-aspect-ratio\"><div class=\"wp-block-embed__wrapper\">\n<iframe loading=\"lazy\" title=\"#SVOJA webinar\" width=\"625\" height=\"352\" src=\"https:\/\/www.youtube.com\/embed\/jUf0hZlR7Zs?feature=oembed\" frameborder=\"0\" allow=\"accelerometer; autoplay; clipboard-write; encrypted-media; gyroscope; picture-in-picture; web-share\" allowfullscreen><\/iframe>\n<\/div><\/figure>\n\n\n\n<p>POVEZNICA ZA PREUZIMANJE MATERIJALA<\/p>\n\n\n\n<p><a href=\"https:\/\/www.goethe.de\/ins\/hr\/hr\/kul\/sup\/du-selbst.html?fbclid=IwAR1FyMWkoe3FTrzsO6YTaCKahsmvXraruCHQ5zOStoHGZ6z_hjmnIhaQuS8\">https:\/\/www.goethe.de\/ins\/hr\/hr\/kul\/sup\/du-selbst.html?fbclid=IwAR1FyMWkoe3FTrzsO6YTaCKahsmvXraruCHQ5zOStoHGZ6z_hjmnIhaQuS8<\/a><\/p>\n\n\n\n<hr class=\"wp-block-separator\" \/>\n\n\n\n<h2>Guerilla Education for Librarians (GEL) &#8211; Gerilsko obrazovanje za knji\u017eni\u010dare<\/h2>\n\n\n\n<div class=\"wp-block-media-text alignwide is-stacked-on-mobile\"><figure class=\"wp-block-media-text__media\"><img loading=\"lazy\" width=\"1024\" height=\"1024\" src=\"http:\/\/knjiznice.nsk.hr\/prelog\/wp-content\/uploads\/sites\/115\/2024\/01\/Guerrilla-Librarian-Education.jpg\" alt=\"\" class=\"wp-image-900 size-full\" srcset=\"https:\/\/knjiznice.nsk.hr\/prelog\/wp-content\/uploads\/sites\/115\/2024\/01\/Guerrilla-Librarian-Education.jpg 1024w, https:\/\/knjiznice.nsk.hr\/prelog\/wp-content\/uploads\/sites\/115\/2024\/01\/Guerrilla-Librarian-Education-300x300.jpg 300w, https:\/\/knjiznice.nsk.hr\/prelog\/wp-content\/uploads\/sites\/115\/2024\/01\/Guerrilla-Librarian-Education-190x190.jpg 190w, https:\/\/knjiznice.nsk.hr\/prelog\/wp-content\/uploads\/sites\/115\/2024\/01\/Guerrilla-Librarian-Education-768x768.jpg 768w, https:\/\/knjiznice.nsk.hr\/prelog\/wp-content\/uploads\/sites\/115\/2024\/01\/Guerrilla-Librarian-Education-600x600.jpg 600w, https:\/\/knjiznice.nsk.hr\/prelog\/wp-content\/uploads\/sites\/115\/2024\/01\/Guerrilla-Librarian-Education-624x624.jpg 624w\" sizes=\"(max-width: 1024px) 100vw, 1024px\" \/><\/figure><div class=\"wp-block-media-text__content\">\n<p class=\"has-small-font-size\">Program &#8220;Guerrilla obrazovanje za knji\u017eni\u010dare&#8221; demonstrira kako knji\u017enice mogu biti predvodnici u edukaciji i promicanju va\u017enosti digitalne pismenosti. Brzina i fleksibilnost s kojom se program adaptira i reagira na trenutne potrebe \u010dini ga jedinstvenim i potrebnim u suvremenom dru\u0161tvu. Budu\u0107e inicijative trebale bi uzeti u obzir ovakav pristup kako bi ostale relevantne i pru\u017eile korisnicima znanje koje je odmah primjenjivo.<\/p>\n<\/div><\/div>\n\n\n\n<p><a href=\"https:\/\/www.dropbox.com\/scl\/fi\/px5hqlbx5973mzz7ywq3a\/GEL.pptx?rlkey=n1nktj4l3wayb8z7fh5uloybq&amp;dl=0\">https:\/\/www.dropbox.com\/scl\/fi\/px5hqlbx5973mzz7ywq3a\/GEL.pptx?rlkey=n1nktj4l3wayb8z7fh5uloybq&amp;dl=0<\/a><\/p>\n\n\n\n<hr class=\"wp-block-separator\" \/>\n\n\n\n<h2>Media Literacy Case for Educators &#8211; Slu\u010daj medijske pismenosti za edukatore<\/h2>\n\n\n\n<div class=\"wp-block-media-text alignwide is-stacked-on-mobile\"><figure class=\"wp-block-media-text__media\"><img loading=\"lazy\" width=\"1024\" height=\"576\" src=\"http:\/\/knjiznice.nsk.hr\/prelog\/wp-content\/uploads\/sites\/115\/2023\/10\/article-1024x576.jpg\" alt=\"\" class=\"wp-image-826 size-full\" srcset=\"https:\/\/knjiznice.nsk.hr\/prelog\/wp-content\/uploads\/sites\/115\/2023\/10\/article-1024x576.jpg 1024w, https:\/\/knjiznice.nsk.hr\/prelog\/wp-content\/uploads\/sites\/115\/2023\/10\/article-300x169.jpg 300w, https:\/\/knjiznice.nsk.hr\/prelog\/wp-content\/uploads\/sites\/115\/2023\/10\/article-768x432.jpg 768w, https:\/\/knjiznice.nsk.hr\/prelog\/wp-content\/uploads\/sites\/115\/2023\/10\/article-600x338.jpg 600w, https:\/\/knjiznice.nsk.hr\/prelog\/wp-content\/uploads\/sites\/115\/2023\/10\/article-1536x864.jpg 1536w, https:\/\/knjiznice.nsk.hr\/prelog\/wp-content\/uploads\/sites\/115\/2023\/10\/article-624x351.jpg 624w, https:\/\/knjiznice.nsk.hr\/prelog\/wp-content\/uploads\/sites\/115\/2023\/10\/article.jpg 1600w\" sizes=\"(max-width: 1024px) 100vw, 1024px\" \/><\/figure><div class=\"wp-block-media-text__content\">\n<p class=\"has-small-font-size\">Projekt pru\u017ea u\u010diteljima, edukatorima i knji\u017eni\u010darima diljem Europe jedinstveni i sveobuhvatni skup alata, resursa, metoda i materijala koji su razvijeni suradnjom i kreativno\u0161\u0107u. Edukatori \u0161irom svijeta predvode \u0161irenje svijesti o prednostima i potencijalnim rizicima digitalnih tehnologija. Od \u0161kola, knji\u017enica pa sve do kulturnih centara, oni opremaju u\u010denike svih dobnih skupina potrebnim znanjem i vje\u0161tinama za lak\u0161e snala\u017eenje u digitalnom svijetu. U\u010denjem o utjecaju tehnologije na njihov \u017eivot, odgojitelji osna\u017euju novu generaciju da postanu kriti\u010dki mislilac koji mogu samouvjereno suo\u010davati s izazovima digitalnog okru\u017eenja.<\/p>\n<\/div><\/div>\n\n\n\n<p><a href=\"https:\/\/tacticaltech.org\/news\/latest\/media-literacy-resources-for-educators\/\">https:\/\/tacticaltech.org\/news\/latest\/media-literacy-resources-for-educators\/<\/a><\/p>\n\n\n\n<hr class=\"wp-block-separator\" \/>\n\n\n\n<h2>WTFW &#8211; What The Future Wants? &#8211; \u0160to budu\u0107nost \u017eeli?  <\/h2>\n\n\n\n<div class=\"wp-block-media-text alignwide is-stacked-on-mobile\"><figure class=\"wp-block-media-text__media\"><img loading=\"lazy\" width=\"1024\" height=\"576\" src=\"http:\/\/knjiznice.nsk.hr\/prelog\/wp-content\/uploads\/sites\/115\/2023\/10\/220413_WTFW_web_banners_introduction-1024x576.png\" alt=\"\" class=\"wp-image-827 size-full\" srcset=\"https:\/\/knjiznice.nsk.hr\/prelog\/wp-content\/uploads\/sites\/115\/2023\/10\/220413_WTFW_web_banners_introduction-1024x576.png 1024w, https:\/\/knjiznice.nsk.hr\/prelog\/wp-content\/uploads\/sites\/115\/2023\/10\/220413_WTFW_web_banners_introduction-300x169.png 300w, https:\/\/knjiznice.nsk.hr\/prelog\/wp-content\/uploads\/sites\/115\/2023\/10\/220413_WTFW_web_banners_introduction-768x432.png 768w, https:\/\/knjiznice.nsk.hr\/prelog\/wp-content\/uploads\/sites\/115\/2023\/10\/220413_WTFW_web_banners_introduction-600x338.png 600w, https:\/\/knjiznice.nsk.hr\/prelog\/wp-content\/uploads\/sites\/115\/2023\/10\/220413_WTFW_web_banners_introduction-1536x864.png 1536w, https:\/\/knjiznice.nsk.hr\/prelog\/wp-content\/uploads\/sites\/115\/2023\/10\/220413_WTFW_web_banners_introduction-624x351.png 624w, https:\/\/knjiznice.nsk.hr\/prelog\/wp-content\/uploads\/sites\/115\/2023\/10\/220413_WTFW_web_banners_introduction.png 1920w\" sizes=\"(max-width: 1024px) 100vw, 1024px\" \/><\/figure><div class=\"wp-block-media-text__content\">\n<p class=\"has-small-font-size\">Projekt &#8220;\u0160to budu\u0107nost \u017eeli&#8221; predstavlja inovativnu i multidisciplinarnu izlo\u017ebu koja amalgamira tehnologiju, umjetnost i dru\u0161tvene znanosti s ciljem istra\u017eivanja digitalne i podatkovne pismenosti me\u0111u mladima. Ova studija pru\u017ea kriti\u010dki osvrt na ovaj projekt, razvijen od strane me\u0111unarodne neprofitne organizacije Tactical Tech, i analizira njegov pedago\u0161ki, dru\u0161tveni i kulturolo\u0161ki doprinos.<\/p>\n<\/div><\/div>\n\n\n\n<p><a href=\"https:\/\/www.theglassroom.org\/hr\/what-the-future-wants\">https:\/\/www.theglassroom.org\/hr\/what-the-future-wants<\/a><\/p>\n\n\n\n<hr class=\"wp-block-separator\" \/>\n\n\n\n<h2>Data Detox x Youth &#8211; Paket za detoksikaciju podataka za mlade<\/h2>\n\n\n\n<div class=\"wp-block-media-text alignwide is-stacked-on-mobile\"><figure class=\"wp-block-media-text__media\"><img loading=\"lazy\" width=\"259\" height=\"194\" src=\"http:\/\/knjiznice.nsk.hr\/prelog\/wp-content\/uploads\/sites\/115\/2023\/10\/images.jpg\" alt=\"\" class=\"wp-image-829 size-full\" \/><\/figure><div class=\"wp-block-media-text__content\">\n<p class=\"has-small-font-size\">NGO Tactical Tech prilagodio je Data Detox Youth mla\u0111oj publici i mo\u017ee se koristiti u \u0161kolskim programima i knji\u017eni\u010darskim aktivnostima za djecu i adolescente. Ovaj alat educira mlade o sigurnom kori\u0161tenju interneta, prevenciji cyberbullinga i za\u0161titi osobnih podataka. Knji\u017eni\u010dari mogu organizirati radionice i predavanja kako bi promicali digitalnu sigurnost me\u0111u mladima. Data Detox inicijative tako\u0111er promi\u010du aktivizam za digitalnu privatnost i poti\u010du korisnike da se zauzmu za svoja prava i za\u0161titu svojih podataka na internetu.<\/p>\n<\/div><\/div>\n\n\n\n<p><a href=\"https:\/\/datadetoxkit.org\/hr\/families\/datadetox-x-youth\/\">https:\/\/datadetoxkit.org\/hr\/families\/datadetox-x-youth\/<\/a><\/p>\n\n\n\n<hr class=\"wp-block-separator\" \/>\n\n\n\n<h2>Data Detox Kit &#8211; Paket za detoksikaciju podataka<\/h2>\n\n\n\n<div class=\"wp-block-media-text alignwide is-stacked-on-mobile\"><figure class=\"wp-block-media-text__media\"><img loading=\"lazy\" width=\"479\" height=\"379\" src=\"http:\/\/knjiznice.nsk.hr\/prelog\/wp-content\/uploads\/sites\/115\/2023\/10\/DDK-logo-purple.png\" alt=\"\" class=\"wp-image-830 size-full\" srcset=\"https:\/\/knjiznice.nsk.hr\/prelog\/wp-content\/uploads\/sites\/115\/2023\/10\/DDK-logo-purple.png 479w, https:\/\/knjiznice.nsk.hr\/prelog\/wp-content\/uploads\/sites\/115\/2023\/10\/DDK-logo-purple-300x237.png 300w\" sizes=\"(max-width: 479px) 100vw, 479px\" \/><\/figure><div class=\"wp-block-media-text__content\">\n<p class=\"has-small-font-size\">Data Detox Kit  kojeg je stvorila NGO Tactical Tech za odrasle, pru\u017ea korisnicima niz modula i aktivnosti za samoprocjenu i pobolj\u0161anje digitalne privatnosti. Knji\u017eni\u010dari mogu koristiti ove module za organizaciju radionica i predavanja o sigurnosti podataka. Analiza postavki privatnosti na dru\u0161tvenim mre\u017eama, upravljanje lozinkama i prepoznavanje online prijetnji su neki od klju\u010dnih aspekata koje knji\u017eni\u010dari mogu naglasiti korisnicima. Brojne knji\u017enice i obrazovne ustanove diljem svijeta ve\u0107 koriste Data Detox materijale u svojim programima edukacije o digitalnoj sigurnosti.<\/p>\n<\/div><\/div>\n\n\n\n<p><a href=\"https:\/\/datadetoxkit.org\/hr\/home\/\">https:\/\/datadetoxkit.org\/hr\/home\/<\/a><\/p>\n\n\n\n<hr class=\"wp-block-separator\" \/>\n\n\n\n<p><\/p>\n","protected":false},"excerpt":{"rendered":"<p>Partnerski i samostalni projekti informacijske i medijske pismenosti Knji\u017enice i \u010ditaonice Grada Preloga &#8220;SVOJA&#8221;- OSNA\u017dIVANJE DJEVOJ\u010cICA I DJEVOJAKA U ODNOSU NA RODNE I DRUGE STEREOTIPE NA INTERNETU I DRU\u0160TVENIM MRE\u017dAMA [&hellip;]<\/p>\n","protected":false},"author":192,"featured_media":0,"parent":0,"menu_order":0,"comment_status":"closed","ping_status":"closed","template":"","meta":{"ngg_post_thumbnail":0},"yoast_head":"<!-- This site is optimized with the Yoast SEO plugin v16.4 - https:\/\/yoast.com\/wordpress\/plugins\/seo\/ -->\n<meta name=\"robots\" content=\"index, follow, max-snippet:-1, max-image-preview:large, max-video-preview:-1\" \/>\n<link rel=\"canonical\" href=\"https:\/\/knjiznice.nsk.hr\/prelog\/medijska-pismenost\/\" \/>\n<meta property=\"og:locale\" content=\"hr_HR\" \/>\n<meta property=\"og:type\" content=\"article\" \/>\n<meta property=\"og:title\" content=\"MEDIJSKA PISMENOST - Knji\u017enica i \u010ditaonica Grada Preloga\" \/>\n<meta property=\"og:description\" content=\"Partnerski i samostalni projekti informacijske i medijske pismenosti Knji\u017enice i \u010ditaonice Grada Preloga &#8220;SVOJA&#8221;- OSNA\u017dIVANJE DJEVOJ\u010cICA I DJEVOJAKA U ODNOSU NA RODNE I DRUGE STEREOTIPE NA INTERNETU I DRU\u0160TVENIM MRE\u017dAMA [&hellip;]\" \/>\n<meta property=\"og:url\" content=\"https:\/\/knjiznice.nsk.hr\/prelog\/medijska-pismenost\/\" \/>\n<meta property=\"og:site_name\" content=\"Knji\u017enica i \u010ditaonica Grada Preloga\" \/>\n<meta property=\"article:publisher\" content=\"https:\/\/www.facebook.com\/kicgprelog\" \/>\n<meta property=\"article:modified_time\" content=\"2024-01-09T11:30:16+00:00\" \/>\n<meta property=\"og:image\" content=\"http:\/\/knjiznice.nsk.hr\/prelog\/wp-content\/uploads\/sites\/115\/2023\/10\/SVOJA_logo.jpg\" \/>\n<meta name=\"twitter:card\" content=\"summary_large_image\" \/>\n<meta name=\"twitter:label1\" content=\"Procijenjeno vrijeme \u010ditanja\" \/>\n\t<meta name=\"twitter:data1\" content=\"4 minute\" \/>\n<script type=\"application\/ld+json\" class=\"yoast-schema-graph\">{\"@context\":\"https:\/\/schema.org\",\"@graph\":[{\"@type\":\"Organization\",\"@id\":\"https:\/\/knjiznice.nsk.hr\/prelog\/#organization\",\"name\":\"Knji\\u017enica i \\u010ditaonica Grada Preloga\",\"url\":\"https:\/\/knjiznice.nsk.hr\/prelog\/\",\"sameAs\":[\"https:\/\/www.facebook.com\/kicgprelog\",\"https:\/\/www.instagram.com\/kicgprelog\/?hl=hr\",\"https:\/\/www.youtube.com\/channel\/UCPoJLs4KlDbQu79pK5HoY4g\"],\"logo\":{\"@type\":\"ImageObject\",\"@id\":\"https:\/\/knjiznice.nsk.hr\/prelog\/#logo\",\"inLanguage\":\"hr\",\"url\":\"http:\/\/knjiznice.nsk.hr\/prelog\/wp-content\/uploads\/sites\/115\/2021\/02\/201803211410360.logo2_.jpg\",\"contentUrl\":\"http:\/\/knjiznice.nsk.hr\/prelog\/wp-content\/uploads\/sites\/115\/2021\/02\/201803211410360.logo2_.jpg\",\"width\":970,\"height\":561,\"caption\":\"Knji\\u017enica i \\u010ditaonica Grada Preloga\"},\"image\":{\"@id\":\"https:\/\/knjiznice.nsk.hr\/prelog\/#logo\"}},{\"@type\":\"WebSite\",\"@id\":\"https:\/\/knjiznice.nsk.hr\/prelog\/#website\",\"url\":\"https:\/\/knjiznice.nsk.hr\/prelog\/\",\"name\":\"Knji\\u017enica i \\u010ditaonica Grada Preloga\",\"description\":\"Iza svake sjajne zajednice stoji sjajna knji\\u017enica. Behind Every Great Community is a Great Library.\",\"publisher\":{\"@id\":\"https:\/\/knjiznice.nsk.hr\/prelog\/#organization\"},\"potentialAction\":[{\"@type\":\"SearchAction\",\"target\":\"https:\/\/knjiznice.nsk.hr\/prelog\/?s={search_term_string}\",\"query-input\":\"required name=search_term_string\"}],\"inLanguage\":\"hr\"},{\"@type\":\"ImageObject\",\"@id\":\"https:\/\/knjiznice.nsk.hr\/prelog\/medijska-pismenost\/#primaryimage\",\"inLanguage\":\"hr\",\"url\":\"http:\/\/knjiznice.nsk.hr\/prelog\/wp-content\/uploads\/sites\/115\/2023\/10\/SVOJA_logo.jpg\",\"contentUrl\":\"http:\/\/knjiznice.nsk.hr\/prelog\/wp-content\/uploads\/sites\/115\/2023\/10\/SVOJA_logo.jpg\"},{\"@type\":\"WebPage\",\"@id\":\"https:\/\/knjiznice.nsk.hr\/prelog\/medijska-pismenost\/#webpage\",\"url\":\"https:\/\/knjiznice.nsk.hr\/prelog\/medijska-pismenost\/\",\"name\":\"MEDIJSKA PISMENOST - Knji\\u017enica i \\u010ditaonica Grada Preloga\",\"isPartOf\":{\"@id\":\"https:\/\/knjiznice.nsk.hr\/prelog\/#website\"},\"primaryImageOfPage\":{\"@id\":\"https:\/\/knjiznice.nsk.hr\/prelog\/medijska-pismenost\/#primaryimage\"},\"datePublished\":\"2023-10-04T15:08:57+00:00\",\"dateModified\":\"2024-01-09T11:30:16+00:00\",\"breadcrumb\":{\"@id\":\"https:\/\/knjiznice.nsk.hr\/prelog\/medijska-pismenost\/#breadcrumb\"},\"inLanguage\":\"hr\",\"potentialAction\":[{\"@type\":\"ReadAction\",\"target\":[\"https:\/\/knjiznice.nsk.hr\/prelog\/medijska-pismenost\/\"]}]},{\"@type\":\"BreadcrumbList\",\"@id\":\"https:\/\/knjiznice.nsk.hr\/prelog\/medijska-pismenost\/#breadcrumb\",\"itemListElement\":[{\"@type\":\"ListItem\",\"position\":1,\"item\":{\"@type\":\"WebPage\",\"@id\":\"https:\/\/knjiznice.nsk.hr\/prelog\/\",\"url\":\"https:\/\/knjiznice.nsk.hr\/prelog\/\",\"name\":\"Po\\u010detna stranica\"}},{\"@type\":\"ListItem\",\"position\":2,\"item\":{\"@id\":\"https:\/\/knjiznice.nsk.hr\/prelog\/medijska-pismenost\/#webpage\"}}]}]}<\/script>\n<!-- \/ Yoast SEO plugin. -->","_links":{"self":[{"href":"https:\/\/knjiznice.nsk.hr\/prelog\/wp-json\/wp\/v2\/pages\/813"}],"collection":[{"href":"https:\/\/knjiznice.nsk.hr\/prelog\/wp-json\/wp\/v2\/pages"}],"about":[{"href":"https:\/\/knjiznice.nsk.hr\/prelog\/wp-json\/wp\/v2\/types\/page"}],"author":[{"embeddable":true,"href":"https:\/\/knjiznice.nsk.hr\/prelog\/wp-json\/wp\/v2\/users\/192"}],"replies":[{"embeddable":true,"href":"https:\/\/knjiznice.nsk.hr\/prelog\/wp-json\/wp\/v2\/comments?post=813"}],"version-history":[{"count":11,"href":"https:\/\/knjiznice.nsk.hr\/prelog\/wp-json\/wp\/v2\/pages\/813\/revisions"}],"predecessor-version":[{"id":903,"href":"https:\/\/knjiznice.nsk.hr\/prelog\/wp-json\/wp\/v2\/pages\/813\/revisions\/903"}],"wp:attachment":[{"href":"https:\/\/knjiznice.nsk.hr\/prelog\/wp-json\/wp\/v2\/media?parent=813"}],"curies":[{"name":"wp","href":"https:\/\/api.w.org\/{rel}","templated":true}]}}