{"id":32,"date":"2021-02-03T19:20:47","date_gmt":"2021-02-03T18:20:47","guid":{"rendered":"http:\/\/knjiznice.nsk.hr\/prelog\/?page_id=32"},"modified":"2021-03-08T18:46:34","modified_gmt":"2021-03-08T17:46:34","slug":"o-nama","status":"publish","type":"page","link":"https:\/\/knjiznice.nsk.hr\/prelog\/o-nama\/","title":{"rendered":"Povijest"},"content":{"rendered":"<p>Prelo\u0161ka knji\u017enica je osnovana uz pu\u010dku \u0161kolu 25.10.1903. u vrijeme ma\u0111arizacije i ma\u0111arske uprave, ali je osnivanje hrvatske knji\u017enice i \u010ditaonice povezano uz djelovanje Hrvatske selja\u010dke stranke nakon I. svjetskog rata.<\/p>\n<p>Knji\u017enica je nastavila djelovati i nakon II. svjetskog rata te se s manjim zastojima odr\u017eala sve do danas. Godina 2013. bila je prijelomna za rad i razvoj Knji\u017enice jer je preseljena u nove moderno opremljene prostore u centru Grada, te je postala dostupna i vidljiva svim kategorijama korisnika i \u010dlanova.<\/p>\n<p>Hrvatsko knji\u017eni\u010darsko dru\u0161tvo proglasilo je Knji\u017enicu i \u010ditaonicu Grada Preloga Knji\u017enicom godine 2017., a 2020. je osvojila me\u0111unarodnu EIFL nagradu za inovativnost.<\/p>\n<p>Knji\u017enica i \u010ditaonica Grada Preloga narodna je knji\u017enica koja svojim le\u017eernim pristupom korisnicima omogu\u0107ava ugodan boravak u knji\u017enici te nudi brojne kvalitetne usluge. Knji\u017enica nudi brojne zabavne i edukativne programe za sve uzraste te nabavlja najnovije naslove za sve ljubitelje pisane rije\u010di. &nbsp;Ako \u017eelite prona\u0107i dom izvan doma, dnevni boravak u centru grada i simpati\u010dno mjesto za rad i razgovor o knjigama, navratite do nas! Imamo sve nabrojeno ali i jo\u0161 mnogo toga zanimljivoga. Vidimo se!<\/p>\n<!-- default-view.php -->\n<div\n\tclass=\"ngg-galleryoverview default-view \"\n\tid=\"ngg-gallery-33245cef03aac5b02637e09687ac0232-1\">\n\n\t\t<!-- Thumbnails -->\n\t\t\t\t<div id=\"ngg-image-0\" class=\"ngg-gallery-thumbnail-box \" >\n\t\t\t\t        <div class=\"ngg-gallery-thumbnail\">\n            <a href=\"https:\/\/knjiznice.nsk.hr\/prelog\/wp-content\/uploads\/sites\/115\/nggallery\/povijest\/3.jpeg\"\n               title=\"Stara zgrada Kasina - prve \u010ditaonice\"\n               data-src=\"https:\/\/knjiznice.nsk.hr\/prelog\/wp-content\/uploads\/sites\/115\/nggallery\/povijest\/3.jpeg\"\n               data-thumbnail=\"https:\/\/knjiznice.nsk.hr\/prelog\/wp-content\/uploads\/sites\/115\/nggallery\/povijest\/thumbs\/thumbs_3.jpeg\"\n               data-image-id=\"3\"\n               data-title=\"3\"\n               data-description=\"Stara zgrada Kasina - prve \u010ditaonice\"\n               data-image-slug=\"3\"\n               class=\"ngg-simplelightbox\" rel=\"33245cef03aac5b02637e09687ac0232\">\n                <img\n                    title=\"3\"\n                    alt=\"3\"\n                    src=\"https:\/\/knjiznice.nsk.hr\/prelog\/wp-content\/uploads\/sites\/115\/nggallery\/povijest\/thumbs\/thumbs_3.jpeg\"\n                    width=\"240\"\n                    height=\"160\"\n                    style=\"max-width:100%;\"\n                \/>\n            <\/a>\n        <\/div>\n\t\t\t\t\t\t\t<\/div> \n\t\t\t\n\t\t\t\t<div id=\"ngg-image-1\" class=\"ngg-gallery-thumbnail-box \" >\n\t\t\t\t        <div class=\"ngg-gallery-thumbnail\">\n            <a href=\"https:\/\/knjiznice.nsk.hr\/prelog\/wp-content\/uploads\/sites\/115\/nggallery\/povijest\/6.jpeg\"\n               title=\"Zgrada nekada\u0161njeg Kasina, dana\u0161nje Po\u0161te u kojoj se nalazila prva \u010ditaonica\"\n               data-src=\"https:\/\/knjiznice.nsk.hr\/prelog\/wp-content\/uploads\/sites\/115\/nggallery\/povijest\/6.jpeg\"\n               data-thumbnail=\"https:\/\/knjiznice.nsk.hr\/prelog\/wp-content\/uploads\/sites\/115\/nggallery\/povijest\/thumbs\/thumbs_6.jpeg\"\n               data-image-id=\"6\"\n               data-title=\"6\"\n               data-description=\"Zgrada nekada\u0161njeg Kasina, dana\u0161nje Po\u0161te u kojoj se nalazila prva \u010ditaonica\"\n               data-image-slug=\"6\"\n               class=\"ngg-simplelightbox\" rel=\"33245cef03aac5b02637e09687ac0232\">\n                <img\n                    title=\"6\"\n                    alt=\"6\"\n                    src=\"https:\/\/knjiznice.nsk.hr\/prelog\/wp-content\/uploads\/sites\/115\/nggallery\/povijest\/thumbs\/thumbs_6.jpeg\"\n                    width=\"240\"\n                    height=\"160\"\n                    style=\"max-width:100%;\"\n                \/>\n            <\/a>\n        <\/div>\n\t\t\t\t\t\t\t<\/div> \n\t\t\t\n\t\t\t\t<div id=\"ngg-image-2\" class=\"ngg-gallery-thumbnail-box \" >\n\t\t\t\t        <div class=\"ngg-gallery-thumbnail\">\n            <a href=\"https:\/\/knjiznice.nsk.hr\/prelog\/wp-content\/uploads\/sites\/115\/nggallery\/povijest\/2.jpeg\"\n               title=\"Zgrada Zadru\u017enog doma, danas Doma kulture u kojoj se nalazila knji\u017enica i \u010ditaonica\"\n               data-src=\"https:\/\/knjiznice.nsk.hr\/prelog\/wp-content\/uploads\/sites\/115\/nggallery\/povijest\/2.jpeg\"\n               data-thumbnail=\"https:\/\/knjiznice.nsk.hr\/prelog\/wp-content\/uploads\/sites\/115\/nggallery\/povijest\/thumbs\/thumbs_2.jpeg\"\n               data-image-id=\"2\"\n               data-title=\"2\"\n               data-description=\"Zgrada Zadru\u017enog doma, danas Doma kulture u kojoj se nalazila knji\u017enica i \u010ditaonica\"\n               data-image-slug=\"2\"\n               class=\"ngg-simplelightbox\" rel=\"33245cef03aac5b02637e09687ac0232\">\n                <img\n                    title=\"2\"\n                    alt=\"2\"\n                    src=\"https:\/\/knjiznice.nsk.hr\/prelog\/wp-content\/uploads\/sites\/115\/nggallery\/povijest\/thumbs\/thumbs_2.jpeg\"\n                    width=\"240\"\n                    height=\"160\"\n                    style=\"max-width:100%;\"\n                \/>\n            <\/a>\n        <\/div>\n\t\t\t\t\t\t\t<\/div> \n\t\t\t\n\t\t\t\t<div id=\"ngg-image-3\" class=\"ngg-gallery-thumbnail-box \" >\n\t\t\t\t        <div class=\"ngg-gallery-thumbnail\">\n            <a href=\"https:\/\/knjiznice.nsk.hr\/prelog\/wp-content\/uploads\/sites\/115\/nggallery\/povijest\/1.jpeg\"\n               title=\"Rodna ku\u0107a hrvatskog pisca Milivoja Slavi\u010deka u kojoj je svojedobno bio smje\u0161ten dje\u010dji vrti\u0107 a zatim i knji\u017enica.\"\n               data-src=\"https:\/\/knjiznice.nsk.hr\/prelog\/wp-content\/uploads\/sites\/115\/nggallery\/povijest\/1.jpeg\"\n               data-thumbnail=\"https:\/\/knjiznice.nsk.hr\/prelog\/wp-content\/uploads\/sites\/115\/nggallery\/povijest\/thumbs\/thumbs_1.jpeg\"\n               data-image-id=\"1\"\n               data-title=\"1\"\n               data-description=\"Rodna ku\u0107a hrvatskog pisca Milivoja Slavi\u010deka u kojoj je svojedobno bio smje\u0161ten dje\u010dji vrti\u0107 a zatim i knji\u017enica.\"\n               data-image-slug=\"1\"\n               class=\"ngg-simplelightbox\" rel=\"33245cef03aac5b02637e09687ac0232\">\n                <img\n                    title=\"1\"\n                    alt=\"1\"\n                    src=\"https:\/\/knjiznice.nsk.hr\/prelog\/wp-content\/uploads\/sites\/115\/nggallery\/povijest\/thumbs\/thumbs_1.jpeg\"\n                    width=\"240\"\n                    height=\"160\"\n                    style=\"max-width:100%;\"\n                \/>\n            <\/a>\n        <\/div>\n\t\t\t\t\t\t\t<\/div> \n\t\t\t\n\t\t\t\t<div id=\"ngg-image-4\" class=\"ngg-gallery-thumbnail-box \" >\n\t\t\t\t        <div class=\"ngg-gallery-thumbnail\">\n            <a href=\"https:\/\/knjiznice.nsk.hr\/prelog\/wp-content\/uploads\/sites\/115\/nggallery\/povijest\/5.jpeg\"\n               title=\"Nakon ru\u0161enja rodne ku\u0107e Milivoja Slavi\u010deka izgra\u0111ena je poslovna zgrada u koju je nanovo preseljena Knji\u017enica i \u010ditaonica Prelog\"\n               data-src=\"https:\/\/knjiznice.nsk.hr\/prelog\/wp-content\/uploads\/sites\/115\/nggallery\/povijest\/5.jpeg\"\n               data-thumbnail=\"https:\/\/knjiznice.nsk.hr\/prelog\/wp-content\/uploads\/sites\/115\/nggallery\/povijest\/thumbs\/thumbs_5.jpeg\"\n               data-image-id=\"5\"\n               data-title=\"5\"\n               data-description=\"Nakon ru\u0161enja rodne ku\u0107e Milivoja Slavi\u010deka izgra\u0111ena je poslovna zgrada u koju je nanovo preseljena Knji\u017enica i \u010ditaonica Prelog\"\n               data-image-slug=\"5\"\n               class=\"ngg-simplelightbox\" rel=\"33245cef03aac5b02637e09687ac0232\">\n                <img\n                    title=\"5\"\n                    alt=\"5\"\n                    src=\"https:\/\/knjiznice.nsk.hr\/prelog\/wp-content\/uploads\/sites\/115\/nggallery\/povijest\/thumbs\/thumbs_5.jpeg\"\n                    width=\"240\"\n                    height=\"160\"\n                    style=\"max-width:100%;\"\n                \/>\n            <\/a>\n        <\/div>\n\t\t\t\t\t\t\t<\/div> \n\t\t\t\n\t\t\t\t<div id=\"ngg-image-5\" class=\"ngg-gallery-thumbnail-box \" >\n\t\t\t\t        <div class=\"ngg-gallery-thumbnail\">\n            <a href=\"https:\/\/knjiznice.nsk.hr\/prelog\/wp-content\/uploads\/sites\/115\/nggallery\/povijest\/4.jpeg\"\n               title=\"Stara zgrada gradske uprave\"\n               data-src=\"https:\/\/knjiznice.nsk.hr\/prelog\/wp-content\/uploads\/sites\/115\/nggallery\/povijest\/4.jpeg\"\n               data-thumbnail=\"https:\/\/knjiznice.nsk.hr\/prelog\/wp-content\/uploads\/sites\/115\/nggallery\/povijest\/thumbs\/thumbs_4.jpeg\"\n               data-image-id=\"4\"\n               data-title=\"4\"\n               data-description=\"Stara zgrada gradske uprave\"\n               data-image-slug=\"4\"\n               class=\"ngg-simplelightbox\" rel=\"33245cef03aac5b02637e09687ac0232\">\n                <img\n                    title=\"4\"\n                    alt=\"4\"\n                    src=\"https:\/\/knjiznice.nsk.hr\/prelog\/wp-content\/uploads\/sites\/115\/nggallery\/povijest\/thumbs\/thumbs_4.jpeg\"\n                    width=\"240\"\n                    height=\"160\"\n                    style=\"max-width:100%;\"\n                \/>\n            <\/a>\n        <\/div>\n\t\t\t\t\t\t\t<\/div> \n\t\t\t\n\t\t\t\t<div id=\"ngg-image-6\" class=\"ngg-gallery-thumbnail-box \" >\n\t\t\t\t        <div class=\"ngg-gallery-thumbnail\">\n            <a href=\"https:\/\/knjiznice.nsk.hr\/prelog\/wp-content\/uploads\/sites\/115\/nggallery\/povijest\/7.jpeg\"\n               title=\"Novo obnovljena zgrada u kojoj je bila smje\u0161tena op\u0107inska pa potom gradska uprava od 2013. slu\u017ei kao novi dom Knji\u017enice i \u010ditaonice Grada Preloga\"\n               data-src=\"https:\/\/knjiznice.nsk.hr\/prelog\/wp-content\/uploads\/sites\/115\/nggallery\/povijest\/7.jpeg\"\n               data-thumbnail=\"https:\/\/knjiznice.nsk.hr\/prelog\/wp-content\/uploads\/sites\/115\/nggallery\/povijest\/thumbs\/thumbs_7.jpeg\"\n               data-image-id=\"7\"\n               data-title=\"7\"\n               data-description=\"Novo obnovljena zgrada u kojoj je bila smje\u0161tena op\u0107inska pa potom gradska uprava od 2013. slu\u017ei kao novi dom Knji\u017enice i \u010ditaonice Grada Preloga\"\n               data-image-slug=\"7\"\n               class=\"ngg-simplelightbox\" rel=\"33245cef03aac5b02637e09687ac0232\">\n                <img\n                    title=\"7\"\n                    alt=\"7\"\n                    src=\"https:\/\/knjiznice.nsk.hr\/prelog\/wp-content\/uploads\/sites\/115\/nggallery\/povijest\/thumbs\/thumbs_7.jpeg\"\n                    width=\"240\"\n                    height=\"160\"\n                    style=\"max-width:100%;\"\n                \/>\n            <\/a>\n        <\/div>\n\t\t\t\t\t\t\t<\/div> \n\t\t\t\n\t\t\t\t<div id=\"ngg-image-7\" class=\"ngg-gallery-thumbnail-box \" >\n\t\t\t\t        <div class=\"ngg-gallery-thumbnail\">\n            <a href=\"https:\/\/knjiznice.nsk.hr\/prelog\/wp-content\/uploads\/sites\/115\/nggallery\/povijest\/8.jpeg\"\n               title=\"Knji\u017enica i \u010ditaonica Grada Preloga nalazi se u prizemlju zgrade koju dijeli s Muzejom Croataa insulanus Grada Preloga\"\n               data-src=\"https:\/\/knjiznice.nsk.hr\/prelog\/wp-content\/uploads\/sites\/115\/nggallery\/povijest\/8.jpeg\"\n               data-thumbnail=\"https:\/\/knjiznice.nsk.hr\/prelog\/wp-content\/uploads\/sites\/115\/nggallery\/povijest\/thumbs\/thumbs_8.jpeg\"\n               data-image-id=\"8\"\n               data-title=\"8\"\n               data-description=\"Knji\u017enica i \u010ditaonica Grada Preloga nalazi se u prizemlju zgrade koju dijeli s Muzejom Croataa insulanus Grada Preloga\"\n               data-image-slug=\"8\"\n               class=\"ngg-simplelightbox\" rel=\"33245cef03aac5b02637e09687ac0232\">\n                <img\n                    title=\"8\"\n                    alt=\"8\"\n                    src=\"https:\/\/knjiznice.nsk.hr\/prelog\/wp-content\/uploads\/sites\/115\/nggallery\/povijest\/thumbs\/thumbs_8.jpeg\"\n                    width=\"240\"\n                    height=\"160\"\n                    style=\"max-width:100%;\"\n                \/>\n            <\/a>\n        <\/div>\n\t\t\t\t\t\t\t<\/div> \n\t\t\t\n\t\n\t<br style=\"clear: both\" \/>\n\n\t\n\t\t<!-- Pagination -->\n\t<div class='ngg-clear'><\/div>\t<\/div>\n\n<p>&nbsp;<\/p>\n","protected":false},"excerpt":{"rendered":"<p>Prelo\u0161ka knji\u017enica je osnovana uz pu\u010dku \u0161kolu 25.10.1903. u vrijeme ma\u0111arizacije i ma\u0111arske uprave, ali je osnivanje hrvatske knji\u017enice i \u010ditaonice povezano uz djelovanje Hrvatske selja\u010dke stranke nakon I. svjetskog [&hellip;]<\/p>\n","protected":false},"author":192,"featured_media":0,"parent":0,"menu_order":0,"comment_status":"closed","ping_status":"closed","template":"","meta":{"ngg_post_thumbnail":0},"yoast_head":"<!-- This site is optimized with the Yoast SEO plugin v16.4 - https:\/\/yoast.com\/wordpress\/plugins\/seo\/ -->\n<meta name=\"robots\" content=\"index, follow, max-snippet:-1, max-image-preview:large, max-video-preview:-1\" \/>\n<link rel=\"canonical\" href=\"https:\/\/knjiznice.nsk.hr\/prelog\/o-nama\/\" \/>\n<meta property=\"og:locale\" content=\"hr_HR\" \/>\n<meta property=\"og:type\" content=\"article\" \/>\n<meta property=\"og:title\" content=\"Povijest - Knji\u017enica i \u010ditaonica Grada Preloga\" \/>\n<meta property=\"og:description\" content=\"Prelo\u0161ka knji\u017enica je osnovana uz pu\u010dku \u0161kolu 25.10.1903. u vrijeme ma\u0111arizacije i ma\u0111arske uprave, ali je osnivanje hrvatske knji\u017enice i \u010ditaonice povezano uz djelovanje Hrvatske selja\u010dke stranke nakon I. svjetskog [&hellip;]\" \/>\n<meta property=\"og:url\" content=\"https:\/\/knjiznice.nsk.hr\/prelog\/o-nama\/\" \/>\n<meta property=\"og:site_name\" content=\"Knji\u017enica i \u010ditaonica Grada Preloga\" \/>\n<meta property=\"article:publisher\" content=\"https:\/\/www.facebook.com\/kicgprelog\" \/>\n<meta property=\"article:modified_time\" content=\"2021-03-08T17:46:34+00:00\" \/>\n<meta name=\"twitter:card\" content=\"summary_large_image\" \/>\n<meta name=\"twitter:label1\" content=\"Procijenjeno vrijeme \u010ditanja\" \/>\n\t<meta name=\"twitter:data1\" content=\"1 minuta\" \/>\n<script type=\"application\/ld+json\" class=\"yoast-schema-graph\">{\"@context\":\"https:\/\/schema.org\",\"@graph\":[{\"@type\":\"Organization\",\"@id\":\"http:\/\/knjiznice.nsk.hr\/prelog\/#organization\",\"name\":\"Knji\\u017enica i \\u010ditaonica Grada Preloga\",\"url\":\"http:\/\/knjiznice.nsk.hr\/prelog\/\",\"sameAs\":[\"https:\/\/www.facebook.com\/kicgprelog\",\"https:\/\/www.instagram.com\/kicgprelog\/?hl=hr\",\"https:\/\/www.youtube.com\/channel\/UCPoJLs4KlDbQu79pK5HoY4g\"],\"logo\":{\"@type\":\"ImageObject\",\"@id\":\"http:\/\/knjiznice.nsk.hr\/prelog\/#logo\",\"inLanguage\":\"hr\",\"url\":\"http:\/\/knjiznice.nsk.hr\/prelog\/wp-content\/uploads\/sites\/115\/2021\/02\/201803211410360.logo2_.jpg\",\"contentUrl\":\"http:\/\/knjiznice.nsk.hr\/prelog\/wp-content\/uploads\/sites\/115\/2021\/02\/201803211410360.logo2_.jpg\",\"width\":970,\"height\":561,\"caption\":\"Knji\\u017enica i \\u010ditaonica Grada Preloga\"},\"image\":{\"@id\":\"http:\/\/knjiznice.nsk.hr\/prelog\/#logo\"}},{\"@type\":\"WebSite\",\"@id\":\"http:\/\/knjiznice.nsk.hr\/prelog\/#website\",\"url\":\"http:\/\/knjiznice.nsk.hr\/prelog\/\",\"name\":\"Knji\\u017enica i \\u010ditaonica Grada Preloga\",\"description\":\"Iza svake sjajne zajednice stoji sjajna knji\\u017enica. Behind Every Great Community is a Great Library.\",\"publisher\":{\"@id\":\"http:\/\/knjiznice.nsk.hr\/prelog\/#organization\"},\"potentialAction\":[{\"@type\":\"SearchAction\",\"target\":\"http:\/\/knjiznice.nsk.hr\/prelog\/?s={search_term_string}\",\"query-input\":\"required name=search_term_string\"}],\"inLanguage\":\"hr\"},{\"@type\":\"WebPage\",\"@id\":\"https:\/\/knjiznice.nsk.hr\/prelog\/o-nama\/#webpage\",\"url\":\"https:\/\/knjiznice.nsk.hr\/prelog\/o-nama\/\",\"name\":\"Povijest - Knji\\u017enica i \\u010ditaonica Grada Preloga\",\"isPartOf\":{\"@id\":\"http:\/\/knjiznice.nsk.hr\/prelog\/#website\"},\"datePublished\":\"2021-02-03T18:20:47+00:00\",\"dateModified\":\"2021-03-08T17:46:34+00:00\",\"breadcrumb\":{\"@id\":\"https:\/\/knjiznice.nsk.hr\/prelog\/o-nama\/#breadcrumb\"},\"inLanguage\":\"hr\",\"potentialAction\":[{\"@type\":\"ReadAction\",\"target\":[\"https:\/\/knjiznice.nsk.hr\/prelog\/o-nama\/\"]}]},{\"@type\":\"BreadcrumbList\",\"@id\":\"https:\/\/knjiznice.nsk.hr\/prelog\/o-nama\/#breadcrumb\",\"itemListElement\":[{\"@type\":\"ListItem\",\"position\":1,\"item\":{\"@type\":\"WebPage\",\"@id\":\"http:\/\/knjiznice.nsk.hr\/prelog\/\",\"url\":\"http:\/\/knjiznice.nsk.hr\/prelog\/\",\"name\":\"Po\\u010detna stranica\"}},{\"@type\":\"ListItem\",\"position\":2,\"item\":{\"@id\":\"https:\/\/knjiznice.nsk.hr\/prelog\/o-nama\/#webpage\"}}]}]}<\/script>\n<!-- \/ Yoast SEO plugin. -->","_links":{"self":[{"href":"https:\/\/knjiznice.nsk.hr\/prelog\/wp-json\/wp\/v2\/pages\/32"}],"collection":[{"href":"https:\/\/knjiznice.nsk.hr\/prelog\/wp-json\/wp\/v2\/pages"}],"about":[{"href":"https:\/\/knjiznice.nsk.hr\/prelog\/wp-json\/wp\/v2\/types\/page"}],"author":[{"embeddable":true,"href":"https:\/\/knjiznice.nsk.hr\/prelog\/wp-json\/wp\/v2\/users\/192"}],"replies":[{"embeddable":true,"href":"https:\/\/knjiznice.nsk.hr\/prelog\/wp-json\/wp\/v2\/comments?post=32"}],"version-history":[{"count":16,"href":"https:\/\/knjiznice.nsk.hr\/prelog\/wp-json\/wp\/v2\/pages\/32\/revisions"}],"predecessor-version":[{"id":148,"href":"https:\/\/knjiznice.nsk.hr\/prelog\/wp-json\/wp\/v2\/pages\/32\/revisions\/148"}],"wp:attachment":[{"href":"https:\/\/knjiznice.nsk.hr\/prelog\/wp-json\/wp\/v2\/media?parent=32"}],"curies":[{"name":"wp","href":"https:\/\/api.w.org\/{rel}","templated":true}]}}