{"id":198,"date":"2021-02-17T20:10:56","date_gmt":"2021-02-17T19:10:56","guid":{"rendered":"http:\/\/knjiznice.nsk.hr\/prelog\/?page_id=198"},"modified":"2021-03-08T19:04:04","modified_gmt":"2021-03-08T18:04:04","slug":"zakoni","status":"publish","type":"page","link":"https:\/\/knjiznice.nsk.hr\/prelog\/zakoni\/","title":{"rendered":"Zakoni"},"content":{"rendered":"<p>&nbsp;<\/p>\n<h4><a href=\"https:\/\/www.zakon.hr\/z\/1925\/Zakon-o-knji%C5%BEnicama-i-knji%C5%BEni%C4%8Dnoj-djelatnosti-2019-2019\">ZAKON O KNJI\u017dNICAMA I KNJI\u017dNI\u010cNOJ DJELATNOSTI<\/a><\/h4>\n<p>&nbsp;<\/p>\n<h4><a href=\"http:\/\/www.propisi.hr\/print.php?id=6047\">PRAVILNIK O STJECANJU STRU\u010cNIH ZVANJA U KNJI\u017dNI\u010cARSKOJ STRUCI<\/a><\/h4>\n<p>&nbsp;<\/p>\n<h4><a href=\"https:\/\/narodne-novine.nn.hr\/clanci\/sluzbeni\/1998_10_139_1716.html\">PRAVILNIK O UPISU KNJI\u017dNICA I KNJI\u017dNICA U SUSTAVU<\/a><\/h4>\n<p>&nbsp;<\/p>\n<h4><a href=\"https:\/\/narodne-novine.nn.hr\/clanci\/sluzbeni\/2002_03_21_503.html\">PRAVILNIK O REVIZIJI I OTPISU KNJI\u017dNE GRA\u0110E<\/a><\/h4>\n<p>&nbsp;<\/p>\n<h4><a href=\"https:\/\/narodne-novine.nn.hr\/clanci\/sluzbeni\/2005_04_52_1001.html\">PRAVILNIK O ZA\u0160TITI KNJI\u017dNI\u010cNE GRA\u0110E<\/a><\/h4>\n<p>&nbsp;<\/p>\n<h4><a href=\"https:\/\/narodne-novine.nn.hr\/clanci\/sluzbeni\/1999_06_58_1071.html\">STANDARD ZA NARODNE KNJI\u017dNICE<\/a><\/h4>\n<p>&nbsp;<\/p>\n<h4><a href=\"https:\/\/www.zakon.hr\/z\/313\/Zakon-o-ustanovama\">ZAKONI O USTANOVAMA<\/a><\/h4>\n<p>&nbsp;<\/p>\n<h4><a href=\"https:\/\/www.zakon.hr\/z\/538\/Zakon-o-upravljanju-javnim-ustanovama-u-kulturi\">ZAKON O UPRAVLJANJU JAVNIM USTANOVAMA U KULTURI<\/a><\/h4>\n<p>&nbsp;<\/p>\n<h4><a href=\"https:\/\/www.zakon.hr\/z\/307\/Zakon-o-radu\">ZAKON O RADU<\/a><\/h4>\n<p>&nbsp;<\/p>\n<h4><a href=\"https:\/\/www.zakon.hr\/z\/167\/Zakon-o-za%C5%A1titi-na-radu\">ZAKON O ZA\u0160TITI NA RADU<\/a><\/h4>\n<p>&nbsp;<\/p>\n<h4><a href=\"https:\/\/narodne-novine.nn.hr\/clanci\/sluzbeni\/2018_12_111_2142.html\">ZAKON O FISKALNOJ ODGOVORNOSTI<\/a><\/h4>\n<p>&nbsp;<\/p>\n<h4><a href=\"https:\/\/www.zakon.hr\/z\/317\/Zakon-o-odgoju-i-obrazovanju-u-osnovnoj-i-srednjoj-%C5%A1koli\">ZAKON O ODGOJU I OBRAZOVANJU U OSNOVNOJ I SREDNJOJ \u0160KOLI<\/a><\/h4>\n<p>&nbsp;<\/p>\n<h4><a href=\"https:\/\/www.zakon.hr\/z\/106\/Zakon-o-autorskom-pravu-i-srodnim-pravima\">ZAKON O AUTORSKOM PRAVVU I SRODNIM PRAVIMA<\/a><\/h4>\n<p>&nbsp;<\/p>\n<h4><a href=\"https:\/\/www.zakon.hr\/z\/220\/Zakon-o-za\u0161titi-osobnih-podataka\">ZAKON O ZA\u0160TITI OSOBNIH PODATAKA &#8211; GDPR<\/a><\/h4>\n<p>&nbsp;<\/p>\n<h4><a href=\"https:\/\/narodne-novine.nn.hr\/clanci\/sluzbeni\/2003_07_122_1729.html\">ZAKON O ELEKTRONI\u010cKIM MEDIJIMA<\/a><\/h4>\n<p>&nbsp;<\/p>\n<p>&nbsp;<\/p>\n","protected":false},"excerpt":{"rendered":"<p>&nbsp; ZAKON O KNJI\u017dNICAMA I KNJI\u017dNI\u010cNOJ DJELATNOSTI &nbsp; PRAVILNIK O STJECANJU STRU\u010cNIH ZVANJA U KNJI\u017dNI\u010cARSKOJ STRUCI &nbsp; PRAVILNIK O UPISU KNJI\u017dNICA I KNJI\u017dNICA U SUSTAVU &nbsp; PRAVILNIK O REVIZIJI I [&hellip;]<\/p>\n","protected":false},"author":192,"featured_media":0,"parent":0,"menu_order":0,"comment_status":"closed","ping_status":"closed","template":"","meta":{"ngg_post_thumbnail":0},"yoast_head":"<!-- This site is optimized with the Yoast SEO plugin v16.4 - https:\/\/yoast.com\/wordpress\/plugins\/seo\/ -->\n<meta name=\"robots\" content=\"index, follow, max-snippet:-1, max-image-preview:large, max-video-preview:-1\" \/>\n<link rel=\"canonical\" href=\"https:\/\/knjiznice.nsk.hr\/prelog\/zakoni\/\" \/>\n<meta property=\"og:locale\" content=\"hr_HR\" \/>\n<meta property=\"og:type\" content=\"article\" \/>\n<meta property=\"og:title\" content=\"Zakoni - Knji\u017enica i \u010ditaonica Grada Preloga\" \/>\n<meta property=\"og:description\" content=\"&nbsp; ZAKON O KNJI\u017dNICAMA I KNJI\u017dNI\u010cNOJ DJELATNOSTI &nbsp; PRAVILNIK O STJECANJU STRU\u010cNIH ZVANJA U KNJI\u017dNI\u010cARSKOJ STRUCI &nbsp; PRAVILNIK O UPISU KNJI\u017dNICA I KNJI\u017dNICA U SUSTAVU &nbsp; PRAVILNIK O REVIZIJI I [&hellip;]\" \/>\n<meta property=\"og:url\" content=\"https:\/\/knjiznice.nsk.hr\/prelog\/zakoni\/\" \/>\n<meta property=\"og:site_name\" content=\"Knji\u017enica i \u010ditaonica Grada Preloga\" \/>\n<meta property=\"article:publisher\" content=\"https:\/\/www.facebook.com\/kicgprelog\" \/>\n<meta property=\"article:modified_time\" content=\"2021-03-08T18:04:04+00:00\" \/>\n<meta name=\"twitter:card\" content=\"summary_large_image\" \/>\n<meta name=\"twitter:label1\" content=\"Procijenjeno vrijeme \u010ditanja\" \/>\n\t<meta name=\"twitter:data1\" content=\"1 minuta\" \/>\n<script type=\"application\/ld+json\" class=\"yoast-schema-graph\">{\"@context\":\"https:\/\/schema.org\",\"@graph\":[{\"@type\":\"Organization\",\"@id\":\"https:\/\/knjiznice.nsk.hr\/prelog\/#organization\",\"name\":\"Knji\\u017enica i \\u010ditaonica Grada Preloga\",\"url\":\"https:\/\/knjiznice.nsk.hr\/prelog\/\",\"sameAs\":[\"https:\/\/www.facebook.com\/kicgprelog\",\"https:\/\/www.instagram.com\/kicgprelog\/?hl=hr\",\"https:\/\/www.youtube.com\/channel\/UCPoJLs4KlDbQu79pK5HoY4g\"],\"logo\":{\"@type\":\"ImageObject\",\"@id\":\"https:\/\/knjiznice.nsk.hr\/prelog\/#logo\",\"inLanguage\":\"hr\",\"url\":\"http:\/\/knjiznice.nsk.hr\/prelog\/wp-content\/uploads\/sites\/115\/2021\/02\/201803211410360.logo2_.jpg\",\"contentUrl\":\"http:\/\/knjiznice.nsk.hr\/prelog\/wp-content\/uploads\/sites\/115\/2021\/02\/201803211410360.logo2_.jpg\",\"width\":970,\"height\":561,\"caption\":\"Knji\\u017enica i \\u010ditaonica Grada Preloga\"},\"image\":{\"@id\":\"https:\/\/knjiznice.nsk.hr\/prelog\/#logo\"}},{\"@type\":\"WebSite\",\"@id\":\"https:\/\/knjiznice.nsk.hr\/prelog\/#website\",\"url\":\"https:\/\/knjiznice.nsk.hr\/prelog\/\",\"name\":\"Knji\\u017enica i \\u010ditaonica Grada Preloga\",\"description\":\"Iza svake sjajne zajednice stoji sjajna knji\\u017enica. Behind Every Great Community is a Great Library.\",\"publisher\":{\"@id\":\"https:\/\/knjiznice.nsk.hr\/prelog\/#organization\"},\"potentialAction\":[{\"@type\":\"SearchAction\",\"target\":\"https:\/\/knjiznice.nsk.hr\/prelog\/?s={search_term_string}\",\"query-input\":\"required name=search_term_string\"}],\"inLanguage\":\"hr\"},{\"@type\":\"WebPage\",\"@id\":\"https:\/\/knjiznice.nsk.hr\/prelog\/zakoni\/#webpage\",\"url\":\"https:\/\/knjiznice.nsk.hr\/prelog\/zakoni\/\",\"name\":\"Zakoni - Knji\\u017enica i \\u010ditaonica Grada Preloga\",\"isPartOf\":{\"@id\":\"https:\/\/knjiznice.nsk.hr\/prelog\/#website\"},\"datePublished\":\"2021-02-17T19:10:56+00:00\",\"dateModified\":\"2021-03-08T18:04:04+00:00\",\"breadcrumb\":{\"@id\":\"https:\/\/knjiznice.nsk.hr\/prelog\/zakoni\/#breadcrumb\"},\"inLanguage\":\"hr\",\"potentialAction\":[{\"@type\":\"ReadAction\",\"target\":[\"https:\/\/knjiznice.nsk.hr\/prelog\/zakoni\/\"]}]},{\"@type\":\"BreadcrumbList\",\"@id\":\"https:\/\/knjiznice.nsk.hr\/prelog\/zakoni\/#breadcrumb\",\"itemListElement\":[{\"@type\":\"ListItem\",\"position\":1,\"item\":{\"@type\":\"WebPage\",\"@id\":\"https:\/\/knjiznice.nsk.hr\/prelog\/\",\"url\":\"https:\/\/knjiznice.nsk.hr\/prelog\/\",\"name\":\"Po\\u010detna stranica\"}},{\"@type\":\"ListItem\",\"position\":2,\"item\":{\"@id\":\"https:\/\/knjiznice.nsk.hr\/prelog\/zakoni\/#webpage\"}}]}]}<\/script>\n<!-- \/ Yoast SEO plugin. -->","_links":{"self":[{"href":"https:\/\/knjiznice.nsk.hr\/prelog\/wp-json\/wp\/v2\/pages\/198"}],"collection":[{"href":"https:\/\/knjiznice.nsk.hr\/prelog\/wp-json\/wp\/v2\/pages"}],"about":[{"href":"https:\/\/knjiznice.nsk.hr\/prelog\/wp-json\/wp\/v2\/types\/page"}],"author":[{"embeddable":true,"href":"https:\/\/knjiznice.nsk.hr\/prelog\/wp-json\/wp\/v2\/users\/192"}],"replies":[{"embeddable":true,"href":"https:\/\/knjiznice.nsk.hr\/prelog\/wp-json\/wp\/v2\/comments?post=198"}],"version-history":[{"count":4,"href":"https:\/\/knjiznice.nsk.hr\/prelog\/wp-json\/wp\/v2\/pages\/198\/revisions"}],"predecessor-version":[{"id":379,"href":"https:\/\/knjiznice.nsk.hr\/prelog\/wp-json\/wp\/v2\/pages\/198\/revisions\/379"}],"wp:attachment":[{"href":"https:\/\/knjiznice.nsk.hr\/prelog\/wp-json\/wp\/v2\/media?parent=198"}],"curies":[{"name":"wp","href":"https:\/\/api.w.org\/{rel}","templated":true}]}}