{"id":193,"date":"2021-02-17T20:01:46","date_gmt":"2021-02-17T19:01:46","guid":{"rendered":"http:\/\/knjiznice.nsk.hr\/prelog\/?page_id=193"},"modified":"2023-02-15T10:46:14","modified_gmt":"2023-02-15T09:46:14","slug":"mobilna-aplikacija","status":"publish","type":"page","link":"https:\/\/knjiznice.nsk.hr\/prelog\/mobilna-aplikacija\/","title":{"rendered":"Mobilna aplikacija"},"content":{"rendered":"<p>Putem aplikacije MetLib korisnici mogu pratiti svoje posudbe, izraditi listu \u017eelja, rezervirati knjige, koristiti e-iskaznicu i jo\u0161 puno toga!<br \/>\nUkoliko jo\u0161 niste, preuzmite aplikaciju i u\u017eivajte u prednostima Va\u0161e knji\u017enice koja Vam je sada jo\u0161 dostupnija i uvijek uz Vas!<\/p>\n<p>Linkovi za preuzimanje:<br \/>\n<a class=\"x1i10hfl xjbqb8w x6umtig x1b1mbwd xaqea5y xav7gou x9f619 x1ypdohk xt0psk2 xe8uvvx xdj266r x11i5rnm xat24cr x1mh8g0r xexx8yu x4uap5 x18d9i69 xkhd6sd x16tdsg8 x1hl2dhg xggy1nq x1a2a7pz xt0b8zv x1fey0fg\" role=\"link\" href=\"https:\/\/play.google.com\/store\/apps\/details?id=com.metlib.librarymetel&amp;fbclid=IwAR3DmwmO3Ex4NF7Sgmm9AEABcsj8OukKW-iQE30dRdNxcWArkENRPA6RBqA\" target=\"_blank\" rel=\"nofollow noopener\">https:\/\/play.google.com\/store\/apps\/details&#8230;<\/a><\/p>\n<p><a class=\"x1i10hfl xjbqb8w x6umtig x1b1mbwd xaqea5y xav7gou x9f619 x1ypdohk xt0psk2 xe8uvvx xdj266r x11i5rnm xat24cr x1mh8g0r xexx8yu x4uap5 x18d9i69 xkhd6sd x16tdsg8 x1hl2dhg xggy1nq x1a2a7pz xt0b8zv x1fey0fg\" role=\"link\" href=\"https:\/\/apps.apple.com\/us\/app\/metlib\/id1668796147?fbclid=IwAR3iYAACKGtId_lHLoheQvsvEyl8l-azCkLJKtf7Bo1TDC3IKA-PtpzeAc8\" target=\"_blank\" rel=\"nofollow noopener\">https:\/\/apps.apple.com\/us\/app\/metlib\/id1668796147<\/a><\/p>\n<p><a class=\"x1i10hfl xjbqb8w x6umtig x1b1mbwd xaqea5y xav7gou x9f619 x1ypdohk xt0psk2 xe8uvvx xdj266r x11i5rnm xat24cr x1mh8g0r xexx8yu x4uap5 x18d9i69 xkhd6sd x16tdsg8 x1hl2dhg xggy1nq x1a2a7pz xt0b8zv x1fey0fg\" role=\"link\" href=\"https:\/\/l.facebook.com\/l.php?u=https%3A%2F%2Fappgallery.huawei.com%2F%3Ffbclid%3DIwAR3UF8hglGo5Wwv8Y9iYdwSZ2xf4n-hHdGbPHd0UkU8dtmJACWEpTAFJiqI%23%2Fapp%2FC104411693&amp;h=AT2XO2PRWo5H7nVqk6h_jympK_ornIpRM5fJUPUx7xpXEBYqjp9NPm0pc5bsIhmgV76IAZu5EyQctJhCLA2pYPiRZc_q12Gmt-n0N-u8pAGWRtb4sLc8nDL0QE7u5UALSA&amp;__tn__=-UK*F\" target=\"_blank\" rel=\"nofollow noopener\">https:\/\/appgallery.huawei.com\/#\/app\/C104411693<\/a><\/p>\n<p>Za prijavu u aplikaciju potrebno je u knji\u017enici prijaviti svoju e-mail adresu.&nbsp;<\/p>\n<p>&nbsp;<\/p>\n<p><img loading=\"lazy\" class=\"alignnone  wp-image-729\" src=\"http:\/\/knjiznice.nsk.hr\/prelog\/wp-content\/uploads\/sites\/115\/2023\/02\/330980359_943042420191680_3518000423435334702_n-300x146.jpg\" alt=\"\" width=\"421\" height=\"205\" srcset=\"https:\/\/knjiznice.nsk.hr\/prelog\/wp-content\/uploads\/sites\/115\/2023\/02\/330980359_943042420191680_3518000423435334702_n-300x146.jpg 300w, https:\/\/knjiznice.nsk.hr\/prelog\/wp-content\/uploads\/sites\/115\/2023\/02\/330980359_943042420191680_3518000423435334702_n-768x375.jpg 768w, https:\/\/knjiznice.nsk.hr\/prelog\/wp-content\/uploads\/sites\/115\/2023\/02\/330980359_943042420191680_3518000423435334702_n-600x293.jpg 600w, https:\/\/knjiznice.nsk.hr\/prelog\/wp-content\/uploads\/sites\/115\/2023\/02\/330980359_943042420191680_3518000423435334702_n-624x305.jpg 624w, https:\/\/knjiznice.nsk.hr\/prelog\/wp-content\/uploads\/sites\/115\/2023\/02\/330980359_943042420191680_3518000423435334702_n.jpg 1024w\" sizes=\"(max-width: 421px) 100vw, 421px\" \/><\/p>\n","protected":false},"excerpt":{"rendered":"<p>Putem aplikacije MetLib korisnici mogu pratiti svoje posudbe, izraditi listu \u017eelja, rezervirati knjige, koristiti e-iskaznicu i jo\u0161 puno toga! Ukoliko jo\u0161 niste, preuzmite aplikaciju i u\u017eivajte u prednostima Va\u0161e knji\u017enice [&hellip;]<\/p>\n","protected":false},"author":192,"featured_media":0,"parent":0,"menu_order":0,"comment_status":"closed","ping_status":"closed","template":"","meta":{"ngg_post_thumbnail":0},"yoast_head":"<!-- This site is optimized with the Yoast SEO plugin v16.4 - https:\/\/yoast.com\/wordpress\/plugins\/seo\/ -->\n<meta name=\"robots\" content=\"index, follow, max-snippet:-1, max-image-preview:large, max-video-preview:-1\" \/>\n<link rel=\"canonical\" href=\"https:\/\/knjiznice.nsk.hr\/prelog\/mobilna-aplikacija\/\" \/>\n<meta property=\"og:locale\" content=\"hr_HR\" \/>\n<meta property=\"og:type\" content=\"article\" \/>\n<meta property=\"og:title\" content=\"Mobilna aplikacija - Knji\u017enica i \u010ditaonica Grada Preloga\" \/>\n<meta property=\"og:description\" content=\"Putem aplikacije MetLib korisnici mogu pratiti svoje posudbe, izraditi listu \u017eelja, rezervirati knjige, koristiti e-iskaznicu i jo\u0161 puno toga! Ukoliko jo\u0161 niste, preuzmite aplikaciju i u\u017eivajte u prednostima Va\u0161e knji\u017enice [&hellip;]\" \/>\n<meta property=\"og:url\" content=\"https:\/\/knjiznice.nsk.hr\/prelog\/mobilna-aplikacija\/\" \/>\n<meta property=\"og:site_name\" content=\"Knji\u017enica i \u010ditaonica Grada Preloga\" \/>\n<meta property=\"article:publisher\" content=\"https:\/\/www.facebook.com\/kicgprelog\" \/>\n<meta property=\"article:modified_time\" content=\"2023-02-15T09:46:14+00:00\" \/>\n<meta property=\"og:image\" content=\"http:\/\/knjiznice.nsk.hr\/prelog\/wp-content\/uploads\/sites\/115\/2023\/02\/330980359_943042420191680_3518000423435334702_n-300x146.jpg\" \/>\n<meta name=\"twitter:card\" content=\"summary_large_image\" \/>\n<meta name=\"twitter:label1\" content=\"Procijenjeno vrijeme \u010ditanja\" \/>\n\t<meta name=\"twitter:data1\" content=\"1 minuta\" \/>\n<script type=\"application\/ld+json\" class=\"yoast-schema-graph\">{\"@context\":\"https:\/\/schema.org\",\"@graph\":[{\"@type\":\"Organization\",\"@id\":\"https:\/\/knjiznice.nsk.hr\/prelog\/#organization\",\"name\":\"Knji\\u017enica i \\u010ditaonica Grada Preloga\",\"url\":\"https:\/\/knjiznice.nsk.hr\/prelog\/\",\"sameAs\":[\"https:\/\/www.facebook.com\/kicgprelog\",\"https:\/\/www.instagram.com\/kicgprelog\/?hl=hr\",\"https:\/\/www.youtube.com\/channel\/UCPoJLs4KlDbQu79pK5HoY4g\"],\"logo\":{\"@type\":\"ImageObject\",\"@id\":\"https:\/\/knjiznice.nsk.hr\/prelog\/#logo\",\"inLanguage\":\"hr\",\"url\":\"http:\/\/knjiznice.nsk.hr\/prelog\/wp-content\/uploads\/sites\/115\/2021\/02\/201803211410360.logo2_.jpg\",\"contentUrl\":\"http:\/\/knjiznice.nsk.hr\/prelog\/wp-content\/uploads\/sites\/115\/2021\/02\/201803211410360.logo2_.jpg\",\"width\":970,\"height\":561,\"caption\":\"Knji\\u017enica i \\u010ditaonica Grada Preloga\"},\"image\":{\"@id\":\"https:\/\/knjiznice.nsk.hr\/prelog\/#logo\"}},{\"@type\":\"WebSite\",\"@id\":\"https:\/\/knjiznice.nsk.hr\/prelog\/#website\",\"url\":\"https:\/\/knjiznice.nsk.hr\/prelog\/\",\"name\":\"Knji\\u017enica i \\u010ditaonica Grada Preloga\",\"description\":\"Iza svake sjajne zajednice stoji sjajna knji\\u017enica. Behind Every Great Community is a Great Library.\",\"publisher\":{\"@id\":\"https:\/\/knjiznice.nsk.hr\/prelog\/#organization\"},\"potentialAction\":[{\"@type\":\"SearchAction\",\"target\":\"https:\/\/knjiznice.nsk.hr\/prelog\/?s={search_term_string}\",\"query-input\":\"required name=search_term_string\"}],\"inLanguage\":\"hr\"},{\"@type\":\"ImageObject\",\"@id\":\"https:\/\/knjiznice.nsk.hr\/prelog\/mobilna-aplikacija\/#primaryimage\",\"inLanguage\":\"hr\",\"url\":\"http:\/\/knjiznice.nsk.hr\/prelog\/wp-content\/uploads\/sites\/115\/2023\/02\/330980359_943042420191680_3518000423435334702_n-300x146.jpg\",\"contentUrl\":\"http:\/\/knjiznice.nsk.hr\/prelog\/wp-content\/uploads\/sites\/115\/2023\/02\/330980359_943042420191680_3518000423435334702_n-300x146.jpg\"},{\"@type\":\"WebPage\",\"@id\":\"https:\/\/knjiznice.nsk.hr\/prelog\/mobilna-aplikacija\/#webpage\",\"url\":\"https:\/\/knjiznice.nsk.hr\/prelog\/mobilna-aplikacija\/\",\"name\":\"Mobilna aplikacija - Knji\\u017enica i \\u010ditaonica Grada Preloga\",\"isPartOf\":{\"@id\":\"https:\/\/knjiznice.nsk.hr\/prelog\/#website\"},\"primaryImageOfPage\":{\"@id\":\"https:\/\/knjiznice.nsk.hr\/prelog\/mobilna-aplikacija\/#primaryimage\"},\"datePublished\":\"2021-02-17T19:01:46+00:00\",\"dateModified\":\"2023-02-15T09:46:14+00:00\",\"breadcrumb\":{\"@id\":\"https:\/\/knjiznice.nsk.hr\/prelog\/mobilna-aplikacija\/#breadcrumb\"},\"inLanguage\":\"hr\",\"potentialAction\":[{\"@type\":\"ReadAction\",\"target\":[\"https:\/\/knjiznice.nsk.hr\/prelog\/mobilna-aplikacija\/\"]}]},{\"@type\":\"BreadcrumbList\",\"@id\":\"https:\/\/knjiznice.nsk.hr\/prelog\/mobilna-aplikacija\/#breadcrumb\",\"itemListElement\":[{\"@type\":\"ListItem\",\"position\":1,\"item\":{\"@type\":\"WebPage\",\"@id\":\"https:\/\/knjiznice.nsk.hr\/prelog\/\",\"url\":\"https:\/\/knjiznice.nsk.hr\/prelog\/\",\"name\":\"Po\\u010detna stranica\"}},{\"@type\":\"ListItem\",\"position\":2,\"item\":{\"@id\":\"https:\/\/knjiznice.nsk.hr\/prelog\/mobilna-aplikacija\/#webpage\"}}]}]}<\/script>\n<!-- \/ Yoast SEO plugin. -->","_links":{"self":[{"href":"https:\/\/knjiznice.nsk.hr\/prelog\/wp-json\/wp\/v2\/pages\/193"}],"collection":[{"href":"https:\/\/knjiznice.nsk.hr\/prelog\/wp-json\/wp\/v2\/pages"}],"about":[{"href":"https:\/\/knjiznice.nsk.hr\/prelog\/wp-json\/wp\/v2\/types\/page"}],"author":[{"embeddable":true,"href":"https:\/\/knjiznice.nsk.hr\/prelog\/wp-json\/wp\/v2\/users\/192"}],"replies":[{"embeddable":true,"href":"https:\/\/knjiznice.nsk.hr\/prelog\/wp-json\/wp\/v2\/comments?post=193"}],"version-history":[{"count":6,"href":"https:\/\/knjiznice.nsk.hr\/prelog\/wp-json\/wp\/v2\/pages\/193\/revisions"}],"predecessor-version":[{"id":730,"href":"https:\/\/knjiznice.nsk.hr\/prelog\/wp-json\/wp\/v2\/pages\/193\/revisions\/730"}],"wp:attachment":[{"href":"https:\/\/knjiznice.nsk.hr\/prelog\/wp-json\/wp\/v2\/media?parent=193"}],"curies":[{"name":"wp","href":"https:\/\/api.w.org\/{rel}","templated":true}]}}