{"id":171,"date":"2021-02-17T19:54:41","date_gmt":"2021-02-17T18:54:41","guid":{"rendered":"http:\/\/knjiznice.nsk.hr\/prelog\/?page_id=171"},"modified":"2021-03-08T18:56:32","modified_gmt":"2021-03-08T17:56:32","slug":"upute-za-korisnike","status":"publish","type":"page","link":"https:\/\/knjiznice.nsk.hr\/prelog\/upute-za-korisnike\/","title":{"rendered":"Upute za korisnike"},"content":{"rendered":"<h4><strong><img loading=\"lazy\" class=\" wp-image-172 alignleft\" src=\"http:\/\/knjiznice.nsk.hr\/prelog\/wp-content\/uploads\/sites\/115\/2021\/02\/popisi-300x300.png\" alt=\"\" width=\"220\" height=\"220\" srcset=\"https:\/\/knjiznice.nsk.hr\/prelog\/wp-content\/uploads\/sites\/115\/2021\/02\/popisi-300x300.png 300w, https:\/\/knjiznice.nsk.hr\/prelog\/wp-content\/uploads\/sites\/115\/2021\/02\/popisi-190x190.png 190w, https:\/\/knjiznice.nsk.hr\/prelog\/wp-content\/uploads\/sites\/115\/2021\/02\/popisi-100x100.png 100w, https:\/\/knjiznice.nsk.hr\/prelog\/wp-content\/uploads\/sites\/115\/2021\/02\/popisi.png 512w\" sizes=\"(max-width: 220px) 100vw, 220px\" \/><\/strong><\/h4>\n<h4>&nbsp;<\/h4>\n<h4><strong>KORI\u0160TENJE GRA\u0110E<\/strong><\/h4>\n<p>Upute za kori\u0161tenje gra\u0111e i resursa knji\u017enice navedene su u Pravilniku o uvjetima i na\u010dinu kori\u0161tenja knji\u017eni\u010dne gra\u0111e i usluga Knji\u017enice i \u010ditaonice Grada Preloga koji je dostupan <a href=\"https:\/\/www.dropbox.com\/s\/fcguqicdrc7nkam\/Pravilnik%20o%20na%C4%8Dinima%20kori%C5%A1tenja%20knji%C5%BEni%C4%8Dne%20gra%C4%91e%20i%20usluga%20knji%C5%BEnice.pdf?dl=0\" target=\"_blank\" rel=\"noopener\">OVDJE<\/a><\/p>\n<p>&nbsp;<\/p>\n<p>&nbsp;<\/p>\n<p>&nbsp;<\/p>\n<p>&nbsp;<\/p>\n<p>&nbsp;<\/p>\n<h4><strong>KATALOG ZA KORISNIKE<\/strong><\/h4>\n<p>Cjelokupni fond knji\u017enice mo\u017eete pretra\u017eivati putem na\u0161eg online kataloga.<\/p>\n<p>Kroz katalog mo\u017eete vidjeti informacije o gra\u0111i te njihovu dostupnost za posudbu.<\/p>\n<p>Katalog nudi uvid u novitete na policama.<\/p>\n<p>Pomo\u0107u kataloga mo\u017eete generirati popise literature te citirati \u017eeljena djela za svoje radove.<\/p>\n<p>&nbsp;<\/p>\n<!-- default-view.php -->\n<div\n\tclass=\"ngg-galleryoverview default-view \"\n\tid=\"ngg-gallery-60a6b3b2340d5313af5cb9e5c6fd36ae-1\">\n\n\t\t<!-- Thumbnails -->\n\t\t\t\t<div id=\"ngg-image-0\" class=\"ngg-gallery-thumbnail-box \" >\n\t\t\t\t        <div class=\"ngg-gallery-thumbnail\">\n            <a href=\"https:\/\/knjiznice.nsk.hr\/prelog\/wp-content\/uploads\/sites\/115\/nggallery\/upute\/katalog-1.jpg\"\n               title=\"\"\n               data-src=\"https:\/\/knjiznice.nsk.hr\/prelog\/wp-content\/uploads\/sites\/115\/nggallery\/upute\/katalog-1.jpg\"\n               data-thumbnail=\"https:\/\/knjiznice.nsk.hr\/prelog\/wp-content\/uploads\/sites\/115\/nggallery\/upute\/thumbs\/thumbs_katalog-1.jpg\"\n               data-image-id=\"11\"\n               data-title=\"katalog-1\"\n               data-description=\"\"\n               data-image-slug=\"katalog-1\"\n               class=\"ngg-simplelightbox\" rel=\"60a6b3b2340d5313af5cb9e5c6fd36ae\">\n                <img\n                    title=\"katalog-1\"\n                    alt=\"katalog-1\"\n                    src=\"https:\/\/knjiznice.nsk.hr\/prelog\/wp-content\/uploads\/sites\/115\/nggallery\/upute\/thumbs\/thumbs_katalog-1.jpg\"\n                    width=\"240\"\n                    height=\"160\"\n                    style=\"max-width:100%;\"\n                \/>\n            <\/a>\n        <\/div>\n\t\t\t\t\t\t\t<\/div> \n\t\t\t\n\t\t\t\t<div id=\"ngg-image-1\" class=\"ngg-gallery-thumbnail-box \" >\n\t\t\t\t        <div class=\"ngg-gallery-thumbnail\">\n            <a href=\"https:\/\/knjiznice.nsk.hr\/prelog\/wp-content\/uploads\/sites\/115\/nggallery\/upute\/katalog-pretraga.jpg\"\n               title=\"\"\n               data-src=\"https:\/\/knjiznice.nsk.hr\/prelog\/wp-content\/uploads\/sites\/115\/nggallery\/upute\/katalog-pretraga.jpg\"\n               data-thumbnail=\"https:\/\/knjiznice.nsk.hr\/prelog\/wp-content\/uploads\/sites\/115\/nggallery\/upute\/thumbs\/thumbs_katalog-pretraga.jpg\"\n               data-image-id=\"12\"\n               data-title=\"katalog-pretraga\"\n               data-description=\"\"\n               data-image-slug=\"katalog-pretraga\"\n               class=\"ngg-simplelightbox\" rel=\"60a6b3b2340d5313af5cb9e5c6fd36ae\">\n                <img\n                    title=\"katalog-pretraga\"\n                    alt=\"katalog-pretraga\"\n                    src=\"https:\/\/knjiznice.nsk.hr\/prelog\/wp-content\/uploads\/sites\/115\/nggallery\/upute\/thumbs\/thumbs_katalog-pretraga.jpg\"\n                    width=\"240\"\n                    height=\"160\"\n                    style=\"max-width:100%;\"\n                \/>\n            <\/a>\n        <\/div>\n\t\t\t\t\t\t\t<\/div> \n\t\t\t\n\t\t\t\t<div id=\"ngg-image-2\" class=\"ngg-gallery-thumbnail-box \" >\n\t\t\t\t        <div class=\"ngg-gallery-thumbnail\">\n            <a href=\"https:\/\/knjiznice.nsk.hr\/prelog\/wp-content\/uploads\/sites\/115\/nggallery\/upute\/katalog-zapis.jpg\"\n               title=\"\"\n               data-src=\"https:\/\/knjiznice.nsk.hr\/prelog\/wp-content\/uploads\/sites\/115\/nggallery\/upute\/katalog-zapis.jpg\"\n               data-thumbnail=\"https:\/\/knjiznice.nsk.hr\/prelog\/wp-content\/uploads\/sites\/115\/nggallery\/upute\/thumbs\/thumbs_katalog-zapis.jpg\"\n               data-image-id=\"10\"\n               data-title=\"katalog-zapis\"\n               data-description=\"\"\n               data-image-slug=\"katalog-zapis\"\n               class=\"ngg-simplelightbox\" rel=\"60a6b3b2340d5313af5cb9e5c6fd36ae\">\n                <img\n                    title=\"katalog-zapis\"\n                    alt=\"katalog-zapis\"\n                    src=\"https:\/\/knjiznice.nsk.hr\/prelog\/wp-content\/uploads\/sites\/115\/nggallery\/upute\/thumbs\/thumbs_katalog-zapis.jpg\"\n                    width=\"240\"\n                    height=\"160\"\n                    style=\"max-width:100%;\"\n                \/>\n            <\/a>\n        <\/div>\n\t\t\t\t\t\t\t<\/div> \n\t\t\t\n\t\t\t\t<div id=\"ngg-image-3\" class=\"ngg-gallery-thumbnail-box \" >\n\t\t\t\t        <div class=\"ngg-gallery-thumbnail\">\n            <a href=\"https:\/\/knjiznice.nsk.hr\/prelog\/wp-content\/uploads\/sites\/115\/nggallery\/upute\/citiranje.jpg\"\n               title=\"\"\n               data-src=\"https:\/\/knjiznice.nsk.hr\/prelog\/wp-content\/uploads\/sites\/115\/nggallery\/upute\/citiranje.jpg\"\n               data-thumbnail=\"https:\/\/knjiznice.nsk.hr\/prelog\/wp-content\/uploads\/sites\/115\/nggallery\/upute\/thumbs\/thumbs_citiranje.jpg\"\n               data-image-id=\"9\"\n               data-title=\"citiranje\"\n               data-description=\"\"\n               data-image-slug=\"citiranje\"\n               class=\"ngg-simplelightbox\" rel=\"60a6b3b2340d5313af5cb9e5c6fd36ae\">\n                <img\n                    title=\"citiranje\"\n                    alt=\"citiranje\"\n                    src=\"https:\/\/knjiznice.nsk.hr\/prelog\/wp-content\/uploads\/sites\/115\/nggallery\/upute\/thumbs\/thumbs_citiranje.jpg\"\n                    width=\"240\"\n                    height=\"160\"\n                    style=\"max-width:100%;\"\n                \/>\n            <\/a>\n        <\/div>\n\t\t\t\t\t\t\t<\/div> \n\t\t\t\n\t\n\t<br style=\"clear: both\" \/>\n\n\t\n\t\t<!-- Pagination -->\n\t<div class='ngg-clear'><\/div>\t<\/div>\n\n<h4><strong>KATALOG ZA \u010cLANOVE<\/strong><\/h4>\n<p>Za \u010dlanove koji se prijave u katalog putem svog korisni\u010dkog ra\u010duna, servis nudi vi\u0161e dodatnih opcija:<\/p>\n<ul>\n<li>Pristup e-\u010dlanskoj iskaznici<\/li>\n<li>Direktnu rezervaciju knjiga<\/li>\n<li>Stavljanje naslova na listu \u017eelja<\/li>\n<li>Uvid u dnevnik posudbe<\/li>\n<li>Uvid u preporuke kataloga temeljene na pro\u010ditanom<\/li>\n<\/ul>\n<!-- default-view.php -->\n<div\n\tclass=\"ngg-galleryoverview default-view \"\n\tid=\"ngg-gallery-aed252589d55f7bf7ba0a9c0338d089d-1\">\n\n\t\t<!-- Thumbnails -->\n\t\t\t\t<div id=\"ngg-image-0\" class=\"ngg-gallery-thumbnail-box \" >\n\t\t\t\t        <div class=\"ngg-gallery-thumbnail\">\n            <a href=\"https:\/\/knjiznice.nsk.hr\/prelog\/wp-content\/uploads\/sites\/115\/nggallery\/katalog\/iskaznica.jpg\"\n               title=\"\"\n               data-src=\"https:\/\/knjiznice.nsk.hr\/prelog\/wp-content\/uploads\/sites\/115\/nggallery\/katalog\/iskaznica.jpg\"\n               data-thumbnail=\"https:\/\/knjiznice.nsk.hr\/prelog\/wp-content\/uploads\/sites\/115\/nggallery\/katalog\/thumbs\/thumbs_iskaznica.jpg\"\n               data-image-id=\"15\"\n               data-title=\"iskaznica\"\n               data-description=\"\"\n               data-image-slug=\"iskaznica\"\n               class=\"ngg-simplelightbox\" rel=\"aed252589d55f7bf7ba0a9c0338d089d\">\n                <img\n                    title=\"iskaznica\"\n                    alt=\"iskaznica\"\n                    src=\"https:\/\/knjiznice.nsk.hr\/prelog\/wp-content\/uploads\/sites\/115\/nggallery\/katalog\/thumbs\/thumbs_iskaznica.jpg\"\n                    width=\"240\"\n                    height=\"160\"\n                    style=\"max-width:100%;\"\n                \/>\n            <\/a>\n        <\/div>\n\t\t\t\t\t\t\t<\/div> \n\t\t\t\n\t\t\t\t<div id=\"ngg-image-1\" class=\"ngg-gallery-thumbnail-box \" >\n\t\t\t\t        <div class=\"ngg-gallery-thumbnail\">\n            <a href=\"https:\/\/knjiznice.nsk.hr\/prelog\/wp-content\/uploads\/sites\/115\/nggallery\/katalog\/korisnicke-stranice.jpg\"\n               title=\"\"\n               data-src=\"https:\/\/knjiznice.nsk.hr\/prelog\/wp-content\/uploads\/sites\/115\/nggallery\/katalog\/korisnicke-stranice.jpg\"\n               data-thumbnail=\"https:\/\/knjiznice.nsk.hr\/prelog\/wp-content\/uploads\/sites\/115\/nggallery\/katalog\/thumbs\/thumbs_korisnicke-stranice.jpg\"\n               data-image-id=\"14\"\n               data-title=\"korisnicke-stranice\"\n               data-description=\"\"\n               data-image-slug=\"korisnicke-stranice\"\n               class=\"ngg-simplelightbox\" rel=\"aed252589d55f7bf7ba0a9c0338d089d\">\n                <img\n                    title=\"korisnicke-stranice\"\n                    alt=\"korisnicke-stranice\"\n                    src=\"https:\/\/knjiznice.nsk.hr\/prelog\/wp-content\/uploads\/sites\/115\/nggallery\/katalog\/thumbs\/thumbs_korisnicke-stranice.jpg\"\n                    width=\"240\"\n                    height=\"160\"\n                    style=\"max-width:100%;\"\n                \/>\n            <\/a>\n        <\/div>\n\t\t\t\t\t\t\t<\/div> \n\t\t\t\n\t\t\t\t<div id=\"ngg-image-2\" class=\"ngg-gallery-thumbnail-box \" >\n\t\t\t\t        <div class=\"ngg-gallery-thumbnail\">\n            <a href=\"https:\/\/knjiznice.nsk.hr\/prelog\/wp-content\/uploads\/sites\/115\/nggallery\/katalog\/sto-citam.jpg\"\n               title=\"\"\n               data-src=\"https:\/\/knjiznice.nsk.hr\/prelog\/wp-content\/uploads\/sites\/115\/nggallery\/katalog\/sto-citam.jpg\"\n               data-thumbnail=\"https:\/\/knjiznice.nsk.hr\/prelog\/wp-content\/uploads\/sites\/115\/nggallery\/katalog\/thumbs\/thumbs_sto-citam.jpg\"\n               data-image-id=\"17\"\n               data-title=\"sto-citam\"\n               data-description=\"\"\n               data-image-slug=\"sto-citam\"\n               class=\"ngg-simplelightbox\" rel=\"aed252589d55f7bf7ba0a9c0338d089d\">\n                <img\n                    title=\"sto-citam\"\n                    alt=\"sto-citam\"\n                    src=\"https:\/\/knjiznice.nsk.hr\/prelog\/wp-content\/uploads\/sites\/115\/nggallery\/katalog\/thumbs\/thumbs_sto-citam.jpg\"\n                    width=\"240\"\n                    height=\"160\"\n                    style=\"max-width:100%;\"\n                \/>\n            <\/a>\n        <\/div>\n\t\t\t\t\t\t\t<\/div> \n\t\t\t\n\t\t\t\t<div id=\"ngg-image-3\" class=\"ngg-gallery-thumbnail-box \" >\n\t\t\t\t        <div class=\"ngg-gallery-thumbnail\">\n            <a href=\"https:\/\/knjiznice.nsk.hr\/prelog\/wp-content\/uploads\/sites\/115\/nggallery\/katalog\/hocu-tu-knjigu.jpg\"\n               title=\"\"\n               data-src=\"https:\/\/knjiznice.nsk.hr\/prelog\/wp-content\/uploads\/sites\/115\/nggallery\/katalog\/hocu-tu-knjigu.jpg\"\n               data-thumbnail=\"https:\/\/knjiznice.nsk.hr\/prelog\/wp-content\/uploads\/sites\/115\/nggallery\/katalog\/thumbs\/thumbs_hocu-tu-knjigu.jpg\"\n               data-image-id=\"13\"\n               data-title=\"hocu-tu-knjigu\"\n               data-description=\"\"\n               data-image-slug=\"hocu-tu-knjigu\"\n               class=\"ngg-simplelightbox\" rel=\"aed252589d55f7bf7ba0a9c0338d089d\">\n                <img\n                    title=\"hocu-tu-knjigu\"\n                    alt=\"hocu-tu-knjigu\"\n                    src=\"https:\/\/knjiznice.nsk.hr\/prelog\/wp-content\/uploads\/sites\/115\/nggallery\/katalog\/thumbs\/thumbs_hocu-tu-knjigu.jpg\"\n                    width=\"240\"\n                    height=\"160\"\n                    style=\"max-width:100%;\"\n                \/>\n            <\/a>\n        <\/div>\n\t\t\t\t\t\t\t<\/div> \n\t\t\t\n\t\t\t\t<div id=\"ngg-image-4\" class=\"ngg-gallery-thumbnail-box \" >\n\t\t\t\t        <div class=\"ngg-gallery-thumbnail\">\n            <a href=\"https:\/\/knjiznice.nsk.hr\/prelog\/wp-content\/uploads\/sites\/115\/nggallery\/katalog\/rezervacija.jpg\"\n               title=\"\"\n               data-src=\"https:\/\/knjiznice.nsk.hr\/prelog\/wp-content\/uploads\/sites\/115\/nggallery\/katalog\/rezervacija.jpg\"\n               data-thumbnail=\"https:\/\/knjiznice.nsk.hr\/prelog\/wp-content\/uploads\/sites\/115\/nggallery\/katalog\/thumbs\/thumbs_rezervacija.jpg\"\n               data-image-id=\"16\"\n               data-title=\"rezervacija\"\n               data-description=\"\"\n               data-image-slug=\"rezervacija\"\n               class=\"ngg-simplelightbox\" rel=\"aed252589d55f7bf7ba0a9c0338d089d\">\n                <img\n                    title=\"rezervacija\"\n                    alt=\"rezervacija\"\n                    src=\"https:\/\/knjiznice.nsk.hr\/prelog\/wp-content\/uploads\/sites\/115\/nggallery\/katalog\/thumbs\/thumbs_rezervacija.jpg\"\n                    width=\"240\"\n                    height=\"160\"\n                    style=\"max-width:100%;\"\n                \/>\n            <\/a>\n        <\/div>\n\t\t\t\t\t\t\t<\/div> \n\t\t\t\n\t\n\t<br style=\"clear: both\" \/>\n\n\t\n\t\t<!-- Pagination -->\n\t<div class='ngg-clear'><\/div>\t<\/div>\n\n<p>&nbsp;<\/p>\n<h4><strong>KORI\u0160TENJE RA\u010cUNALA<\/strong><\/h4>\n<p><strong>&nbsp;<\/strong>Kori\u0161tenje ra\u010dunala i tableta u prostoru knji\u017enice besplatno je za sve korisnike i \u010dlanove.<\/p>\n<p>Svima je dostupna i na\u0161a besplatna WI-FI to\u010dka s brzom opti\u010dkom vezom.<\/p>\n<p>Za slu\u0161anje glazbenih sadr\u017eaja ponesite vlastite slu\u0161alice (iz higijenskih razloga).<\/p>\n<p><img loading=\"lazy\" class=\"alignnone wp-image-190\" src=\"http:\/\/knjiznice.nsk.hr\/prelog\/wp-content\/uploads\/sites\/115\/2021\/02\/comp-298x300.png\" alt=\"\" width=\"229\" height=\"231\" srcset=\"https:\/\/knjiznice.nsk.hr\/prelog\/wp-content\/uploads\/sites\/115\/2021\/02\/comp-298x300.png 298w, https:\/\/knjiznice.nsk.hr\/prelog\/wp-content\/uploads\/sites\/115\/2021\/02\/comp-1016x1024.png 1016w, https:\/\/knjiznice.nsk.hr\/prelog\/wp-content\/uploads\/sites\/115\/2021\/02\/comp-768x774.png 768w, https:\/\/knjiznice.nsk.hr\/prelog\/wp-content\/uploads\/sites\/115\/2021\/02\/comp-600x605.png 600w, https:\/\/knjiznice.nsk.hr\/prelog\/wp-content\/uploads\/sites\/115\/2021\/02\/comp-1524x1536.png 1524w, https:\/\/knjiznice.nsk.hr\/prelog\/wp-content\/uploads\/sites\/115\/2021\/02\/comp-2033x2048.png 2033w, https:\/\/knjiznice.nsk.hr\/prelog\/wp-content\/uploads\/sites\/115\/2021\/02\/comp-100x100.png 100w\" sizes=\"(max-width: 229px) 100vw, 229px\" \/><\/p>\n<p>Pravilnik o kori\u0161tenju ra\u010dunala u Knji\u017enici i \u010ditaonici Grada Preloga dostupan je <a href=\"https:\/\/www.dropbox.com\/s\/8pif36mriy8z24d\/Pravila%20kori%C5%A1tenja%20ra%C4%8Dunala%20u%20KI%C4%8C%20Prelog.docx?dl=0\" target=\"_blank\" rel=\"noopener\">OVDJE<\/a><\/p>\n","protected":false},"excerpt":{"rendered":"<p>&nbsp; KORI\u0160TENJE GRA\u0110E Upute za kori\u0161tenje gra\u0111e i resursa knji\u017enice navedene su u Pravilniku o uvjetima i na\u010dinu kori\u0161tenja knji\u017eni\u010dne gra\u0111e i usluga Knji\u017enice i \u010ditaonice Grada Preloga koji je [&hellip;]<\/p>\n","protected":false},"author":192,"featured_media":0,"parent":0,"menu_order":0,"comment_status":"closed","ping_status":"closed","template":"","meta":{"ngg_post_thumbnail":0},"yoast_head":"<!-- This site is optimized with the Yoast SEO plugin v16.4 - https:\/\/yoast.com\/wordpress\/plugins\/seo\/ -->\n<meta name=\"robots\" content=\"index, follow, max-snippet:-1, max-image-preview:large, max-video-preview:-1\" \/>\n<link rel=\"canonical\" href=\"https:\/\/knjiznice.nsk.hr\/prelog\/upute-za-korisnike\/\" \/>\n<meta property=\"og:locale\" content=\"hr_HR\" \/>\n<meta property=\"og:type\" content=\"article\" \/>\n<meta property=\"og:title\" content=\"Upute za korisnike - Knji\u017enica i \u010ditaonica Grada Preloga\" \/>\n<meta property=\"og:description\" content=\"&nbsp; KORI\u0160TENJE GRA\u0110E Upute za kori\u0161tenje gra\u0111e i resursa knji\u017enice navedene su u Pravilniku o uvjetima i na\u010dinu kori\u0161tenja knji\u017eni\u010dne gra\u0111e i usluga Knji\u017enice i \u010ditaonice Grada Preloga koji je [&hellip;]\" \/>\n<meta property=\"og:url\" content=\"https:\/\/knjiznice.nsk.hr\/prelog\/upute-za-korisnike\/\" \/>\n<meta property=\"og:site_name\" content=\"Knji\u017enica i \u010ditaonica Grada Preloga\" \/>\n<meta property=\"article:publisher\" content=\"https:\/\/www.facebook.com\/kicgprelog\" \/>\n<meta property=\"article:modified_time\" content=\"2021-03-08T17:56:32+00:00\" \/>\n<meta property=\"og:image\" content=\"http:\/\/knjiznice.nsk.hr\/prelog\/wp-content\/uploads\/sites\/115\/2021\/02\/popisi-300x300.png\" \/>\n<meta name=\"twitter:card\" content=\"summary_large_image\" \/>\n<meta name=\"twitter:label1\" content=\"Procijenjeno vrijeme \u010ditanja\" \/>\n\t<meta name=\"twitter:data1\" content=\"2 minute\" \/>\n<script type=\"application\/ld+json\" class=\"yoast-schema-graph\">{\"@context\":\"https:\/\/schema.org\",\"@graph\":[{\"@type\":\"Organization\",\"@id\":\"https:\/\/knjiznice.nsk.hr\/prelog\/#organization\",\"name\":\"Knji\\u017enica i \\u010ditaonica Grada Preloga\",\"url\":\"https:\/\/knjiznice.nsk.hr\/prelog\/\",\"sameAs\":[\"https:\/\/www.facebook.com\/kicgprelog\",\"https:\/\/www.instagram.com\/kicgprelog\/?hl=hr\",\"https:\/\/www.youtube.com\/channel\/UCPoJLs4KlDbQu79pK5HoY4g\"],\"logo\":{\"@type\":\"ImageObject\",\"@id\":\"https:\/\/knjiznice.nsk.hr\/prelog\/#logo\",\"inLanguage\":\"hr\",\"url\":\"http:\/\/knjiznice.nsk.hr\/prelog\/wp-content\/uploads\/sites\/115\/2021\/02\/201803211410360.logo2_.jpg\",\"contentUrl\":\"http:\/\/knjiznice.nsk.hr\/prelog\/wp-content\/uploads\/sites\/115\/2021\/02\/201803211410360.logo2_.jpg\",\"width\":970,\"height\":561,\"caption\":\"Knji\\u017enica i \\u010ditaonica Grada Preloga\"},\"image\":{\"@id\":\"https:\/\/knjiznice.nsk.hr\/prelog\/#logo\"}},{\"@type\":\"WebSite\",\"@id\":\"https:\/\/knjiznice.nsk.hr\/prelog\/#website\",\"url\":\"https:\/\/knjiznice.nsk.hr\/prelog\/\",\"name\":\"Knji\\u017enica i \\u010ditaonica Grada Preloga\",\"description\":\"Iza svake sjajne zajednice stoji sjajna knji\\u017enica. Behind Every Great Community is a Great Library.\",\"publisher\":{\"@id\":\"https:\/\/knjiznice.nsk.hr\/prelog\/#organization\"},\"potentialAction\":[{\"@type\":\"SearchAction\",\"target\":\"https:\/\/knjiznice.nsk.hr\/prelog\/?s={search_term_string}\",\"query-input\":\"required name=search_term_string\"}],\"inLanguage\":\"hr\"},{\"@type\":\"ImageObject\",\"@id\":\"https:\/\/knjiznice.nsk.hr\/prelog\/upute-za-korisnike\/#primaryimage\",\"inLanguage\":\"hr\",\"url\":\"http:\/\/knjiznice.nsk.hr\/prelog\/wp-content\/uploads\/sites\/115\/2021\/02\/popisi-300x300.png\",\"contentUrl\":\"http:\/\/knjiznice.nsk.hr\/prelog\/wp-content\/uploads\/sites\/115\/2021\/02\/popisi-300x300.png\"},{\"@type\":\"WebPage\",\"@id\":\"https:\/\/knjiznice.nsk.hr\/prelog\/upute-za-korisnike\/#webpage\",\"url\":\"https:\/\/knjiznice.nsk.hr\/prelog\/upute-za-korisnike\/\",\"name\":\"Upute za korisnike - Knji\\u017enica i \\u010ditaonica Grada Preloga\",\"isPartOf\":{\"@id\":\"https:\/\/knjiznice.nsk.hr\/prelog\/#website\"},\"primaryImageOfPage\":{\"@id\":\"https:\/\/knjiznice.nsk.hr\/prelog\/upute-za-korisnike\/#primaryimage\"},\"datePublished\":\"2021-02-17T18:54:41+00:00\",\"dateModified\":\"2021-03-08T17:56:32+00:00\",\"breadcrumb\":{\"@id\":\"https:\/\/knjiznice.nsk.hr\/prelog\/upute-za-korisnike\/#breadcrumb\"},\"inLanguage\":\"hr\",\"potentialAction\":[{\"@type\":\"ReadAction\",\"target\":[\"https:\/\/knjiznice.nsk.hr\/prelog\/upute-za-korisnike\/\"]}]},{\"@type\":\"BreadcrumbList\",\"@id\":\"https:\/\/knjiznice.nsk.hr\/prelog\/upute-za-korisnike\/#breadcrumb\",\"itemListElement\":[{\"@type\":\"ListItem\",\"position\":1,\"item\":{\"@type\":\"WebPage\",\"@id\":\"https:\/\/knjiznice.nsk.hr\/prelog\/\",\"url\":\"https:\/\/knjiznice.nsk.hr\/prelog\/\",\"name\":\"Po\\u010detna stranica\"}},{\"@type\":\"ListItem\",\"position\":2,\"item\":{\"@id\":\"https:\/\/knjiznice.nsk.hr\/prelog\/upute-za-korisnike\/#webpage\"}}]}]}<\/script>\n<!-- \/ Yoast SEO plugin. -->","_links":{"self":[{"href":"https:\/\/knjiznice.nsk.hr\/prelog\/wp-json\/wp\/v2\/pages\/171"}],"collection":[{"href":"https:\/\/knjiznice.nsk.hr\/prelog\/wp-json\/wp\/v2\/pages"}],"about":[{"href":"https:\/\/knjiznice.nsk.hr\/prelog\/wp-json\/wp\/v2\/types\/page"}],"author":[{"embeddable":true,"href":"https:\/\/knjiznice.nsk.hr\/prelog\/wp-json\/wp\/v2\/users\/192"}],"replies":[{"embeddable":true,"href":"https:\/\/knjiznice.nsk.hr\/prelog\/wp-json\/wp\/v2\/comments?post=171"}],"version-history":[{"count":11,"href":"https:\/\/knjiznice.nsk.hr\/prelog\/wp-json\/wp\/v2\/pages\/171\/revisions"}],"predecessor-version":[{"id":376,"href":"https:\/\/knjiznice.nsk.hr\/prelog\/wp-json\/wp\/v2\/pages\/171\/revisions\/376"}],"wp:attachment":[{"href":"https:\/\/knjiznice.nsk.hr\/prelog\/wp-json\/wp\/v2\/media?parent=171"}],"curies":[{"name":"wp","href":"https:\/\/api.w.org\/{rel}","templated":true}]}}