{"id":157,"date":"2021-02-17T19:38:58","date_gmt":"2021-02-17T18:38:58","guid":{"rendered":"http:\/\/knjiznice.nsk.hr\/prelog\/?page_id=157"},"modified":"2025-01-09T10:53:48","modified_gmt":"2025-01-09T09:53:48","slug":"clanarina","status":"publish","type":"page","link":"https:\/\/knjiznice.nsk.hr\/prelog\/clanarina\/","title":{"rendered":"\u010clanarina"},"content":{"rendered":"<p><img loading=\"lazy\" class=\"alignnone wp-image-1042\" src=\"http:\/\/knjiznice.nsk.hr\/prelog\/wp-content\/uploads\/sites\/115\/2025\/01\/Publication1-212x300.jpg\" alt=\"\" width=\"365\" height=\"517\" srcset=\"https:\/\/knjiznice.nsk.hr\/prelog\/wp-content\/uploads\/sites\/115\/2025\/01\/Publication1-212x300.jpg 212w, https:\/\/knjiznice.nsk.hr\/prelog\/wp-content\/uploads\/sites\/115\/2025\/01\/Publication1-724x1024.jpg 724w, https:\/\/knjiznice.nsk.hr\/prelog\/wp-content\/uploads\/sites\/115\/2025\/01\/Publication1-768x1086.jpg 768w, https:\/\/knjiznice.nsk.hr\/prelog\/wp-content\/uploads\/sites\/115\/2025\/01\/Publication1-600x849.jpg 600w, https:\/\/knjiznice.nsk.hr\/prelog\/wp-content\/uploads\/sites\/115\/2025\/01\/Publication1-1086x1536.jpg 1086w, https:\/\/knjiznice.nsk.hr\/prelog\/wp-content\/uploads\/sites\/115\/2025\/01\/Publication1-624x883.jpg 624w, https:\/\/knjiznice.nsk.hr\/prelog\/wp-content\/uploads\/sites\/115\/2025\/01\/Publication1.jpg 1240w\" sizes=\"(max-width: 365px) 100vw, 365px\" \/><\/p>\n<p>&nbsp;<\/p>\n<p style=\"text-align: left\">\u010clanarina u Knji\u017enici i \u010ditaonici Grada Preloga vrijedi 365 dana od u\u010dlanjenja.<\/p>\n<p>&nbsp;<\/p>\n<p style=\"text-align: left\">\u010clanovi knji\u017enice mogu biti svi zainteresirani bez obzira na mjesto stanovanja.<\/p>\n<p>&nbsp;<\/p>\n<p style=\"text-align: left\">&nbsp;<\/p>\n","protected":false},"excerpt":{"rendered":"<p>&nbsp; \u010clanarina u Knji\u017enici i \u010ditaonici Grada Preloga vrijedi 365 dana od u\u010dlanjenja. &nbsp; \u010clanovi knji\u017enice mogu biti svi zainteresirani bez obzira na mjesto stanovanja. &nbsp; &nbsp;<\/p>\n","protected":false},"author":192,"featured_media":0,"parent":0,"menu_order":0,"comment_status":"closed","ping_status":"closed","template":"","meta":{"ngg_post_thumbnail":0},"yoast_head":"<!-- This site is optimized with the Yoast SEO plugin v16.4 - https:\/\/yoast.com\/wordpress\/plugins\/seo\/ -->\n<meta name=\"robots\" content=\"index, follow, max-snippet:-1, max-image-preview:large, max-video-preview:-1\" \/>\n<link rel=\"canonical\" href=\"http:\/\/knjiznice.nsk.hr\/prelog\/clanarina\/\" \/>\n<meta property=\"og:locale\" content=\"hr_HR\" \/>\n<meta property=\"og:type\" content=\"article\" \/>\n<meta property=\"og:title\" content=\"\u010clanarina - Knji\u017enica i \u010ditaonica Grada Preloga\" \/>\n<meta property=\"og:description\" content=\"&nbsp; \u010clanarina u Knji\u017enici i \u010ditaonici Grada Preloga vrijedi 365 dana od u\u010dlanjenja. &nbsp; \u010clanovi knji\u017enice mogu biti svi zainteresirani bez obzira na mjesto stanovanja. &nbsp; &nbsp;\" \/>\n<meta property=\"og:url\" content=\"http:\/\/knjiznice.nsk.hr\/prelog\/clanarina\/\" \/>\n<meta property=\"og:site_name\" content=\"Knji\u017enica i \u010ditaonica Grada Preloga\" \/>\n<meta property=\"article:publisher\" content=\"https:\/\/www.facebook.com\/kicgprelog\" \/>\n<meta property=\"article:modified_time\" content=\"2025-01-09T09:53:48+00:00\" \/>\n<meta property=\"og:image\" content=\"http:\/\/knjiznice.nsk.hr\/prelog\/wp-content\/uploads\/sites\/115\/2025\/01\/Publication1-212x300.jpg\" \/>\n<meta name=\"twitter:card\" content=\"summary_large_image\" \/>\n<meta name=\"twitter:label1\" content=\"Procijenjeno vrijeme \u010ditanja\" \/>\n\t<meta name=\"twitter:data1\" content=\"1 minuta\" \/>\n<script type=\"application\/ld+json\" class=\"yoast-schema-graph\">{\"@context\":\"https:\/\/schema.org\",\"@graph\":[{\"@type\":\"Organization\",\"@id\":\"https:\/\/knjiznice.nsk.hr\/prelog\/#organization\",\"name\":\"Knji\\u017enica i \\u010ditaonica Grada Preloga\",\"url\":\"https:\/\/knjiznice.nsk.hr\/prelog\/\",\"sameAs\":[\"https:\/\/www.facebook.com\/kicgprelog\",\"https:\/\/www.instagram.com\/kicgprelog\/?hl=hr\",\"https:\/\/www.youtube.com\/channel\/UCPoJLs4KlDbQu79pK5HoY4g\"],\"logo\":{\"@type\":\"ImageObject\",\"@id\":\"https:\/\/knjiznice.nsk.hr\/prelog\/#logo\",\"inLanguage\":\"hr\",\"url\":\"http:\/\/knjiznice.nsk.hr\/prelog\/wp-content\/uploads\/sites\/115\/2021\/02\/201803211410360.logo2_.jpg\",\"contentUrl\":\"http:\/\/knjiznice.nsk.hr\/prelog\/wp-content\/uploads\/sites\/115\/2021\/02\/201803211410360.logo2_.jpg\",\"width\":970,\"height\":561,\"caption\":\"Knji\\u017enica i \\u010ditaonica Grada Preloga\"},\"image\":{\"@id\":\"https:\/\/knjiznice.nsk.hr\/prelog\/#logo\"}},{\"@type\":\"WebSite\",\"@id\":\"https:\/\/knjiznice.nsk.hr\/prelog\/#website\",\"url\":\"https:\/\/knjiznice.nsk.hr\/prelog\/\",\"name\":\"Knji\\u017enica i \\u010ditaonica Grada Preloga\",\"description\":\"Iza svake sjajne zajednice stoji sjajna knji\\u017enica. Behind Every Great Community is a Great Library.\",\"publisher\":{\"@id\":\"https:\/\/knjiznice.nsk.hr\/prelog\/#organization\"},\"potentialAction\":[{\"@type\":\"SearchAction\",\"target\":\"https:\/\/knjiznice.nsk.hr\/prelog\/?s={search_term_string}\",\"query-input\":\"required name=search_term_string\"}],\"inLanguage\":\"hr\"},{\"@type\":\"ImageObject\",\"@id\":\"http:\/\/knjiznice.nsk.hr\/prelog\/clanarina\/#primaryimage\",\"inLanguage\":\"hr\",\"url\":\"http:\/\/knjiznice.nsk.hr\/prelog\/wp-content\/uploads\/sites\/115\/2025\/01\/Publication1-212x300.jpg\",\"contentUrl\":\"http:\/\/knjiznice.nsk.hr\/prelog\/wp-content\/uploads\/sites\/115\/2025\/01\/Publication1-212x300.jpg\"},{\"@type\":\"WebPage\",\"@id\":\"http:\/\/knjiznice.nsk.hr\/prelog\/clanarina\/#webpage\",\"url\":\"http:\/\/knjiznice.nsk.hr\/prelog\/clanarina\/\",\"name\":\"\\u010clanarina - Knji\\u017enica i \\u010ditaonica Grada Preloga\",\"isPartOf\":{\"@id\":\"https:\/\/knjiznice.nsk.hr\/prelog\/#website\"},\"primaryImageOfPage\":{\"@id\":\"http:\/\/knjiznice.nsk.hr\/prelog\/clanarina\/#primaryimage\"},\"datePublished\":\"2021-02-17T18:38:58+00:00\",\"dateModified\":\"2025-01-09T09:53:48+00:00\",\"breadcrumb\":{\"@id\":\"http:\/\/knjiznice.nsk.hr\/prelog\/clanarina\/#breadcrumb\"},\"inLanguage\":\"hr\",\"potentialAction\":[{\"@type\":\"ReadAction\",\"target\":[\"http:\/\/knjiznice.nsk.hr\/prelog\/clanarina\/\"]}]},{\"@type\":\"BreadcrumbList\",\"@id\":\"http:\/\/knjiznice.nsk.hr\/prelog\/clanarina\/#breadcrumb\",\"itemListElement\":[{\"@type\":\"ListItem\",\"position\":1,\"item\":{\"@type\":\"WebPage\",\"@id\":\"https:\/\/knjiznice.nsk.hr\/prelog\/\",\"url\":\"https:\/\/knjiznice.nsk.hr\/prelog\/\",\"name\":\"Po\\u010detna stranica\"}},{\"@type\":\"ListItem\",\"position\":2,\"item\":{\"@id\":\"http:\/\/knjiznice.nsk.hr\/prelog\/clanarina\/#webpage\"}}]}]}<\/script>\n<!-- \/ Yoast SEO plugin. -->","_links":{"self":[{"href":"https:\/\/knjiznice.nsk.hr\/prelog\/wp-json\/wp\/v2\/pages\/157"}],"collection":[{"href":"https:\/\/knjiznice.nsk.hr\/prelog\/wp-json\/wp\/v2\/pages"}],"about":[{"href":"https:\/\/knjiznice.nsk.hr\/prelog\/wp-json\/wp\/v2\/types\/page"}],"author":[{"embeddable":true,"href":"https:\/\/knjiznice.nsk.hr\/prelog\/wp-json\/wp\/v2\/users\/192"}],"replies":[{"embeddable":true,"href":"https:\/\/knjiznice.nsk.hr\/prelog\/wp-json\/wp\/v2\/comments?post=157"}],"version-history":[{"count":11,"href":"https:\/\/knjiznice.nsk.hr\/prelog\/wp-json\/wp\/v2\/pages\/157\/revisions"}],"predecessor-version":[{"id":167,"href":"https:\/\/knjiznice.nsk.hr\/prelog\/wp-json\/wp\/v2\/pages\/157\/revisions\/167"}],"wp:attachment":[{"href":"https:\/\/knjiznice.nsk.hr\/prelog\/wp-json\/wp\/v2\/media?parent=157"}],"curies":[{"name":"wp","href":"https:\/\/api.w.org\/{rel}","templated":true}]}}