{"id":105,"date":"2021-02-14T20:10:40","date_gmt":"2021-02-14T19:10:40","guid":{"rendered":"http:\/\/knjiznice.nsk.hr\/prelog\/?page_id=105"},"modified":"2021-04-28T14:22:15","modified_gmt":"2021-04-28T12:22:15","slug":"odjeli","status":"publish","type":"page","link":"https:\/\/knjiznice.nsk.hr\/prelog\/odjeli\/","title":{"rendered":"Odjeli"},"content":{"rendered":"<h4><strong>Odjel za djecu i mlade<\/strong><\/h4>\n<p>Na odjelu za djecu i mlade nalaze se sljede\u0107e zbirke:<\/p>\n<ul>\n<li>Slikovnice (03),<\/li>\n<li>Romani za mlade (06),<\/li>\n<li>Zona znanja (07)<\/li>\n<li>Stripoteka (08),<\/li>\n<li>Lektirni\/izvan lektirni naslovi za osnovno\u0161kolski uzrast<\/li>\n<\/ul>\n<p>Lektira za O\u0160 poredana je na policama po abecednom redoslijedu prezimena autora.<\/p>\n<p>Prezimena autora istaknuta su na policama.<\/p>\n<p>Lektira za 1. razred O\u0160 nalazi se na posebno ozna\u010denoj, odvojenoj polici.<\/p>\n<p>Slikovnice se nalaze na odvojenim policama: za najmla\u0111e i za stariji uzrast.<\/p>\n<p>Beletristika za mlade nalazi se na odvojenim policama i poredana je po abecednom redu prezimena autora.<\/p>\n<p>Prezimena autora istaknuta su na policama.<\/p>\n<p>&nbsp;<\/p>\n<!-- index.php -->\n<div\n\tclass=\"ngg-galleryoverview\"\n\tid=\"ngg-gallery-bba18e94dab12d15de296ae5a74006e1-1\">\n\n    \t\t<!-- Thumbnails -->\n\t\t\t\t<div id=\"ngg-image-0\" class=\"ngg-gallery-thumbnail-box\" >\n\t\t\t\t        <div class=\"ngg-gallery-thumbnail\">\n            <a href=\"https:\/\/knjiznice.nsk.hr\/prelog\/wp-content\/uploads\/sites\/115\/nggallery\/djecji-odjel-i-odjel-za-mlade\/KICunutra-1030.jpg\"\n               title=\"\"\n               data-src=\"https:\/\/knjiznice.nsk.hr\/prelog\/wp-content\/uploads\/sites\/115\/nggallery\/djecji-odjel-i-odjel-za-mlade\/KICunutra-1030.jpg\"\n               data-thumbnail=\"https:\/\/knjiznice.nsk.hr\/prelog\/wp-content\/uploads\/sites\/115\/nggallery\/djecji-odjel-i-odjel-za-mlade\/thumbs\/thumbs_KICunutra-1030.jpg\"\n               data-image-id=\"18\"\n               data-title=\"KICunutra-1030\"\n               data-description=\"\"\n               data-image-slug=\"kicunutra-1030\"\n               class=\"ngg-simplelightbox\" rel=\"bba18e94dab12d15de296ae5a74006e1\">\n                <img\n                    title=\"KICunutra-1030\"\n                    alt=\"KICunutra-1030\"\n                    src=\"https:\/\/knjiznice.nsk.hr\/prelog\/wp-content\/uploads\/sites\/115\/nggallery\/djecji-odjel-i-odjel-za-mlade\/thumbs\/thumbs_KICunutra-1030.jpg\"\n                    width=\"240\"\n                    height=\"160\"\n                    style=\"max-width:100%;\"\n                \/>\n            <\/a>\n        <\/div>\n\t\t\t\t\t\t\t<\/div> \n\t\t\t\n        \n\t\t\t\t<div id=\"ngg-image-1\" class=\"ngg-gallery-thumbnail-box\" >\n\t\t\t\t        <div class=\"ngg-gallery-thumbnail\">\n            <a href=\"https:\/\/knjiznice.nsk.hr\/prelog\/wp-content\/uploads\/sites\/115\/nggallery\/djecji-odjel-i-odjel-za-mlade\/KICunutra-1020.jpg\"\n               title=\"\"\n               data-src=\"https:\/\/knjiznice.nsk.hr\/prelog\/wp-content\/uploads\/sites\/115\/nggallery\/djecji-odjel-i-odjel-za-mlade\/KICunutra-1020.jpg\"\n               data-thumbnail=\"https:\/\/knjiznice.nsk.hr\/prelog\/wp-content\/uploads\/sites\/115\/nggallery\/djecji-odjel-i-odjel-za-mlade\/thumbs\/thumbs_KICunutra-1020.jpg\"\n               data-image-id=\"19\"\n               data-title=\"KICunutra-1020\"\n               data-description=\"\"\n               data-image-slug=\"kicunutra-1020\"\n               class=\"ngg-simplelightbox\" rel=\"bba18e94dab12d15de296ae5a74006e1\">\n                <img\n                    title=\"KICunutra-1020\"\n                    alt=\"KICunutra-1020\"\n                    src=\"https:\/\/knjiznice.nsk.hr\/prelog\/wp-content\/uploads\/sites\/115\/nggallery\/djecji-odjel-i-odjel-za-mlade\/thumbs\/thumbs_KICunutra-1020.jpg\"\n                    width=\"240\"\n                    height=\"160\"\n                    style=\"max-width:100%;\"\n                \/>\n            <\/a>\n        <\/div>\n\t\t\t\t\t\t\t<\/div> \n\t\t\t\n        \n\t\t\t\t<div id=\"ngg-image-2\" class=\"ngg-gallery-thumbnail-box\" >\n\t\t\t\t        <div class=\"ngg-gallery-thumbnail\">\n            <a href=\"https:\/\/knjiznice.nsk.hr\/prelog\/wp-content\/uploads\/sites\/115\/nggallery\/djecji-odjel-i-odjel-za-mlade\/KICunutra-1023.jpg\"\n               title=\"\"\n               data-src=\"https:\/\/knjiznice.nsk.hr\/prelog\/wp-content\/uploads\/sites\/115\/nggallery\/djecji-odjel-i-odjel-za-mlade\/KICunutra-1023.jpg\"\n               data-thumbnail=\"https:\/\/knjiznice.nsk.hr\/prelog\/wp-content\/uploads\/sites\/115\/nggallery\/djecji-odjel-i-odjel-za-mlade\/thumbs\/thumbs_KICunutra-1023.jpg\"\n               data-image-id=\"20\"\n               data-title=\"KICunutra-1023\"\n               data-description=\"\"\n               data-image-slug=\"kicunutra-1023\"\n               class=\"ngg-simplelightbox\" rel=\"bba18e94dab12d15de296ae5a74006e1\">\n                <img\n                    title=\"KICunutra-1023\"\n                    alt=\"KICunutra-1023\"\n                    src=\"https:\/\/knjiznice.nsk.hr\/prelog\/wp-content\/uploads\/sites\/115\/nggallery\/djecji-odjel-i-odjel-za-mlade\/thumbs\/thumbs_KICunutra-1023.jpg\"\n                    width=\"240\"\n                    height=\"160\"\n                    style=\"max-width:100%;\"\n                \/>\n            <\/a>\n        <\/div>\n\t\t\t\t\t\t\t<\/div> \n\t\t\t\n        \n\t\t\t\t<div id=\"ngg-image-3\" class=\"ngg-gallery-thumbnail-box\" >\n\t\t\t\t        <div class=\"ngg-gallery-thumbnail\">\n            <a href=\"https:\/\/knjiznice.nsk.hr\/prelog\/wp-content\/uploads\/sites\/115\/nggallery\/djecji-odjel-i-odjel-za-mlade\/KICunutra-1035.jpg\"\n               title=\"\"\n               data-src=\"https:\/\/knjiznice.nsk.hr\/prelog\/wp-content\/uploads\/sites\/115\/nggallery\/djecji-odjel-i-odjel-za-mlade\/KICunutra-1035.jpg\"\n               data-thumbnail=\"https:\/\/knjiznice.nsk.hr\/prelog\/wp-content\/uploads\/sites\/115\/nggallery\/djecji-odjel-i-odjel-za-mlade\/thumbs\/thumbs_KICunutra-1035.jpg\"\n               data-image-id=\"21\"\n               data-title=\"KICunutra-1035\"\n               data-description=\"\"\n               data-image-slug=\"kicunutra-1035\"\n               class=\"ngg-simplelightbox\" rel=\"bba18e94dab12d15de296ae5a74006e1\">\n                <img\n                    title=\"KICunutra-1035\"\n                    alt=\"KICunutra-1035\"\n                    src=\"https:\/\/knjiznice.nsk.hr\/prelog\/wp-content\/uploads\/sites\/115\/nggallery\/djecji-odjel-i-odjel-za-mlade\/thumbs\/thumbs_KICunutra-1035.jpg\"\n                    width=\"240\"\n                    height=\"160\"\n                    style=\"max-width:100%;\"\n                \/>\n            <\/a>\n        <\/div>\n\t\t\t\t\t\t\t<\/div> \n\t\t\t\n        \n\t\t\t\t<div id=\"ngg-image-4\" class=\"ngg-gallery-thumbnail-box\" >\n\t\t\t\t        <div class=\"ngg-gallery-thumbnail\">\n            <a href=\"https:\/\/knjiznice.nsk.hr\/prelog\/wp-content\/uploads\/sites\/115\/nggallery\/djecji-odjel-i-odjel-za-mlade\/KICunutra-1026.jpg\"\n               title=\"\"\n               data-src=\"https:\/\/knjiznice.nsk.hr\/prelog\/wp-content\/uploads\/sites\/115\/nggallery\/djecji-odjel-i-odjel-za-mlade\/KICunutra-1026.jpg\"\n               data-thumbnail=\"https:\/\/knjiznice.nsk.hr\/prelog\/wp-content\/uploads\/sites\/115\/nggallery\/djecji-odjel-i-odjel-za-mlade\/thumbs\/thumbs_KICunutra-1026.jpg\"\n               data-image-id=\"22\"\n               data-title=\"KICunutra-1026\"\n               data-description=\"\"\n               data-image-slug=\"kicunutra-1026\"\n               class=\"ngg-simplelightbox\" rel=\"bba18e94dab12d15de296ae5a74006e1\">\n                <img\n                    title=\"KICunutra-1026\"\n                    alt=\"KICunutra-1026\"\n                    src=\"https:\/\/knjiznice.nsk.hr\/prelog\/wp-content\/uploads\/sites\/115\/nggallery\/djecji-odjel-i-odjel-za-mlade\/thumbs\/thumbs_KICunutra-1026.jpg\"\n                    width=\"240\"\n                    height=\"160\"\n                    style=\"max-width:100%;\"\n                \/>\n            <\/a>\n        <\/div>\n\t\t\t\t\t\t\t<\/div> \n\t\t\t\n        \n\t\t\t\t<div id=\"ngg-image-5\" class=\"ngg-gallery-thumbnail-box\" >\n\t\t\t\t        <div class=\"ngg-gallery-thumbnail\">\n            <a href=\"https:\/\/knjiznice.nsk.hr\/prelog\/wp-content\/uploads\/sites\/115\/nggallery\/djecji-odjel-i-odjel-za-mlade\/KICunutra-1019.jpg\"\n               title=\"\"\n               data-src=\"https:\/\/knjiznice.nsk.hr\/prelog\/wp-content\/uploads\/sites\/115\/nggallery\/djecji-odjel-i-odjel-za-mlade\/KICunutra-1019.jpg\"\n               data-thumbnail=\"https:\/\/knjiznice.nsk.hr\/prelog\/wp-content\/uploads\/sites\/115\/nggallery\/djecji-odjel-i-odjel-za-mlade\/thumbs\/thumbs_KICunutra-1019.jpg\"\n               data-image-id=\"24\"\n               data-title=\"KICunutra-1019\"\n               data-description=\"\"\n               data-image-slug=\"kicunutra-1019\"\n               class=\"ngg-simplelightbox\" rel=\"bba18e94dab12d15de296ae5a74006e1\">\n                <img\n                    title=\"KICunutra-1019\"\n                    alt=\"KICunutra-1019\"\n                    src=\"https:\/\/knjiznice.nsk.hr\/prelog\/wp-content\/uploads\/sites\/115\/nggallery\/djecji-odjel-i-odjel-za-mlade\/thumbs\/thumbs_KICunutra-1019.jpg\"\n                    width=\"240\"\n                    height=\"160\"\n                    style=\"max-width:100%;\"\n                \/>\n            <\/a>\n        <\/div>\n\t\t\t\t\t\t\t<\/div> \n\t\t\t\n        \n\t\t\n\t\t<!-- Pagination -->\n\t<div class='ngg-clear'><\/div>\t<\/div>\n\n<h4><strong>Odjel za odrasle<\/strong><\/h4>\n<p>Na odjelu za odrasle nalaze se lektirni naslovi za srednjo\u0161kolski uzrast i beletristika.<\/p>\n<p>SVA djela na policama su poredana po abecednom redoslijedu prezimena autora.<\/p>\n<p>SVI autori na policama su poredani u kategorije nacionalnih knji\u017eevnosti kojima pripadaju.<\/p>\n<p>Knji\u017eevnosti su na policama ozna\u010dene naljepnicama s UDK brojevima.<\/p>\n<p>&nbsp;<\/p>\n<!-- default-view.php -->\n<div\n\tclass=\"ngg-galleryoverview default-view \"\n\tid=\"ngg-gallery-8ef0c1835b802ec808b6f97719459501-1\">\n\n\t\t<!-- Thumbnails -->\n\t\t\t\t<div id=\"ngg-image-0\" class=\"ngg-gallery-thumbnail-box \" >\n\t\t\t\t        <div class=\"ngg-gallery-thumbnail\">\n            <a href=\"https:\/\/knjiznice.nsk.hr\/prelog\/wp-content\/uploads\/sites\/115\/nggallery\/odjel-beletristike-1\/KICunutra-1042.jpg\"\n               title=\"\"\n               data-src=\"https:\/\/knjiznice.nsk.hr\/prelog\/wp-content\/uploads\/sites\/115\/nggallery\/odjel-beletristike-1\/KICunutra-1042.jpg\"\n               data-thumbnail=\"https:\/\/knjiznice.nsk.hr\/prelog\/wp-content\/uploads\/sites\/115\/nggallery\/odjel-beletristike-1\/thumbs\/thumbs_KICunutra-1042.jpg\"\n               data-image-id=\"26\"\n               data-title=\"KICunutra-1042\"\n               data-description=\"\"\n               data-image-slug=\"kicunutra-1042\"\n               class=\"ngg-simplelightbox\" rel=\"8ef0c1835b802ec808b6f97719459501\">\n                <img\n                    title=\"KICunutra-1042\"\n                    alt=\"KICunutra-1042\"\n                    src=\"https:\/\/knjiznice.nsk.hr\/prelog\/wp-content\/uploads\/sites\/115\/nggallery\/odjel-beletristike-1\/thumbs\/thumbs_KICunutra-1042.jpg\"\n                    width=\"240\"\n                    height=\"160\"\n                    style=\"max-width:100%;\"\n                \/>\n            <\/a>\n        <\/div>\n\t\t\t\t\t\t\t<\/div> \n\t\t\t\n\t\t\t\t<div id=\"ngg-image-1\" class=\"ngg-gallery-thumbnail-box \" >\n\t\t\t\t        <div class=\"ngg-gallery-thumbnail\">\n            <a href=\"https:\/\/knjiznice.nsk.hr\/prelog\/wp-content\/uploads\/sites\/115\/nggallery\/odjel-beletristike-1\/KICunutra-1041.jpg\"\n               title=\"\"\n               data-src=\"https:\/\/knjiznice.nsk.hr\/prelog\/wp-content\/uploads\/sites\/115\/nggallery\/odjel-beletristike-1\/KICunutra-1041.jpg\"\n               data-thumbnail=\"https:\/\/knjiznice.nsk.hr\/prelog\/wp-content\/uploads\/sites\/115\/nggallery\/odjel-beletristike-1\/thumbs\/thumbs_KICunutra-1041.jpg\"\n               data-image-id=\"27\"\n               data-title=\"KICunutra-1041\"\n               data-description=\"\"\n               data-image-slug=\"kicunutra-1041\"\n               class=\"ngg-simplelightbox\" rel=\"8ef0c1835b802ec808b6f97719459501\">\n                <img\n                    title=\"KICunutra-1041\"\n                    alt=\"KICunutra-1041\"\n                    src=\"https:\/\/knjiznice.nsk.hr\/prelog\/wp-content\/uploads\/sites\/115\/nggallery\/odjel-beletristike-1\/thumbs\/thumbs_KICunutra-1041.jpg\"\n                    width=\"240\"\n                    height=\"160\"\n                    style=\"max-width:100%;\"\n                \/>\n            <\/a>\n        <\/div>\n\t\t\t\t\t\t\t<\/div> \n\t\t\t\n\t\t\t\t<div id=\"ngg-image-2\" class=\"ngg-gallery-thumbnail-box \" >\n\t\t\t\t        <div class=\"ngg-gallery-thumbnail\">\n            <a href=\"https:\/\/knjiznice.nsk.hr\/prelog\/wp-content\/uploads\/sites\/115\/nggallery\/odjel-beletristike-1\/KICunutra-1060.jpg\"\n               title=\"\"\n               data-src=\"https:\/\/knjiznice.nsk.hr\/prelog\/wp-content\/uploads\/sites\/115\/nggallery\/odjel-beletristike-1\/KICunutra-1060.jpg\"\n               data-thumbnail=\"https:\/\/knjiznice.nsk.hr\/prelog\/wp-content\/uploads\/sites\/115\/nggallery\/odjel-beletristike-1\/thumbs\/thumbs_KICunutra-1060.jpg\"\n               data-image-id=\"28\"\n               data-title=\"KICunutra-1060\"\n               data-description=\"\"\n               data-image-slug=\"kicunutra-1060\"\n               class=\"ngg-simplelightbox\" rel=\"8ef0c1835b802ec808b6f97719459501\">\n                <img\n                    title=\"KICunutra-1060\"\n                    alt=\"KICunutra-1060\"\n                    src=\"https:\/\/knjiznice.nsk.hr\/prelog\/wp-content\/uploads\/sites\/115\/nggallery\/odjel-beletristike-1\/thumbs\/thumbs_KICunutra-1060.jpg\"\n                    width=\"240\"\n                    height=\"160\"\n                    style=\"max-width:100%;\"\n                \/>\n            <\/a>\n        <\/div>\n\t\t\t\t\t\t\t<\/div> \n\t\t\t\n\t\n\t<br style=\"clear: both\" \/>\n\n\t\n\t\t<!-- Pagination -->\n\t<div class='ngg-clear'><\/div>\t<\/div>\n\n<p>&nbsp;<\/p>\n<h4><strong>Stru\u010dni odjel<\/strong><\/h4>\n<p>Na stru\u010dnom odjelu nalaze se sljede\u0107e zbirke:<\/p>\n<ul>\n<li>Croata Insulanus (00)<\/li>\n<li>Literatura na stranom jeziku (04)<\/li>\n<li>ZEEK (05)<\/li>\n<li>AV gra\u0111a (09)<\/li>\n<\/ul>\n<p>Stru\u010dne knjige poredane su po podru\u010djima koje pokrivaju, a podru\u010dja su na policama ozna\u010dena naljepnicama s UDK brojevima.<\/p>\n<p>&nbsp;<\/p>\n\n\n<div class=\"ngg-galleryoverview ngg-slideshow\"\n\t id=\"ngg-slideshow-27cd316631b9930ad264381f1d5f076e-4453989840\"\n     data-gallery-id=\"27cd316631b9930ad264381f1d5f076e\"\n     style=\"max-width: 750px; max-height: 500px;\">\n\n \t<div id=\"ngg-image-0\" class=\"ngg-gallery-slideshow-image\" style=\"height:500px\">\n\n        <a href=\"https:\/\/knjiznice.nsk.hr\/prelog\/wp-content\/uploads\/sites\/115\/nggallery\/odjel-beletristike\/KICunutra-1081.jpg\"\n           title=\"\"\n           data-src=\"https:\/\/knjiznice.nsk.hr\/prelog\/wp-content\/uploads\/sites\/115\/nggallery\/odjel-beletristike\/KICunutra-1081.jpg\"\n           data-thumbnail=\"https:\/\/knjiznice.nsk.hr\/prelog\/wp-content\/uploads\/sites\/115\/nggallery\/odjel-beletristike\/thumbs\/thumbs_KICunutra-1081.jpg\"\n           data-image-id=\"30\"\n           data-title=\"KICunutra-1081\"\n           data-description=\"\"\n           class=\"ngg-simplelightbox\" rel=\"27cd316631b9930ad264381f1d5f076e\">\n\n            <img data-image-id='30'\n                 title=\"\"\n                 alt=\"KICunutra-1081\"\n                 src=\"https:\/\/knjiznice.nsk.hr\/prelog\/wp-content\/uploads\/sites\/115\/nggallery\/odjel-beletristike\/KICunutra-1081.jpg\"\n                 style=\"max-height: 480px;\"\/>\n        <\/a>\n\n        <\/div> \n<\/div>\n\n\n\n\n<h4><strong>Studijska \u010ditaonica<\/strong><\/h4>\n<p>U studijskoj \u010ditaonici nalaze se sljede\u0107e zbirke:<\/p>\n<ul>\n<li>Referentna zbirka (01)<\/li>\n<li>Zavi\u010dajna zbirka (02)<\/li>\n<\/ul>\n<p>Zavi\u010dajna zbirka poredana je po UDK signaturama te se nalazi na zasebnim policama.<\/p>\n<p>Referentna zbirka poredana je po tematskim podru\u010djima u staklenim vitrinama te se mo\u017ee koristiti isklju\u010divo u prostoru \u010ditaonice.<\/p>\n<p>&nbsp;<\/p>\n<p style=\"text-align: left\">&nbsp;<\/p>\n<p><img loading=\"lazy\" class=\"size-medium wp-image-153 alignleft\" src=\"http:\/\/knjiznice.nsk.hr\/prelog\/wp-content\/uploads\/sites\/115\/2021\/02\/depo-300x300.png\" alt=\"\" width=\"300\" height=\"300\" srcset=\"https:\/\/knjiznice.nsk.hr\/prelog\/wp-content\/uploads\/sites\/115\/2021\/02\/depo-300x300.png 300w, https:\/\/knjiznice.nsk.hr\/prelog\/wp-content\/uploads\/sites\/115\/2021\/02\/depo-190x190.png 190w, https:\/\/knjiznice.nsk.hr\/prelog\/wp-content\/uploads\/sites\/115\/2021\/02\/depo-768x768.png 768w, https:\/\/knjiznice.nsk.hr\/prelog\/wp-content\/uploads\/sites\/115\/2021\/02\/depo-600x600.png 600w, https:\/\/knjiznice.nsk.hr\/prelog\/wp-content\/uploads\/sites\/115\/2021\/02\/depo-100x100.png 100w, https:\/\/knjiznice.nsk.hr\/prelog\/wp-content\/uploads\/sites\/115\/2021\/02\/depo.png 1024w\" sizes=\"(max-width: 300px) 100vw, 300px\" \/><\/p>\n<p>&nbsp;<\/p>\n<p>&nbsp;<\/p>\n<h4 style=\"text-align: left\"><strong>Depo i arhiva<\/strong><\/h4>\n<p>&nbsp;<\/p>\n<p style=\"text-align: left\">U dislociranom depou&nbsp; knji\u017enice smje\u0161tena je pasivna gra\u0111a iz knji\u017enice &#8211; naslovi koji se rijetko posu\u0111uju (u online katalogu su takvi naslovi ozna\u010deni oznakom A).<\/p>\n<p style=\"text-align: left\">U dislociranom arhivu smje\u0161teno je arhivsko i dokumentarno gradivo knji\u017enice.<\/p>\n","protected":false},"excerpt":{"rendered":"<p>Odjel za djecu i mlade Na odjelu za djecu i mlade nalaze se sljede\u0107e zbirke: Slikovnice (03), Romani za mlade (06), Zona znanja (07) Stripoteka (08), Lektirni\/izvan lektirni naslovi za [&hellip;]<\/p>\n","protected":false},"author":192,"featured_media":0,"parent":0,"menu_order":0,"comment_status":"closed","ping_status":"closed","template":"","meta":{"ngg_post_thumbnail":0},"yoast_head":"<!-- This site is optimized with the Yoast SEO plugin v16.4 - https:\/\/yoast.com\/wordpress\/plugins\/seo\/ -->\n<meta name=\"robots\" content=\"index, follow, max-snippet:-1, max-image-preview:large, max-video-preview:-1\" \/>\n<link rel=\"canonical\" href=\"https:\/\/knjiznice.nsk.hr\/prelog\/odjeli\/\" \/>\n<meta property=\"og:locale\" content=\"hr_HR\" \/>\n<meta property=\"og:type\" content=\"article\" \/>\n<meta property=\"og:title\" content=\"Odjeli - Knji\u017enica i \u010ditaonica Grada Preloga\" \/>\n<meta property=\"og:description\" content=\"Odjel za djecu i mlade Na odjelu za djecu i mlade nalaze se sljede\u0107e zbirke: Slikovnice (03), Romani za mlade (06), Zona znanja (07) Stripoteka (08), Lektirni\/izvan lektirni naslovi za [&hellip;]\" \/>\n<meta property=\"og:url\" content=\"https:\/\/knjiznice.nsk.hr\/prelog\/odjeli\/\" \/>\n<meta property=\"og:site_name\" content=\"Knji\u017enica i \u010ditaonica Grada Preloga\" \/>\n<meta property=\"article:publisher\" content=\"https:\/\/www.facebook.com\/kicgprelog\" \/>\n<meta property=\"article:modified_time\" content=\"2021-04-28T12:22:15+00:00\" \/>\n<meta property=\"og:image\" content=\"http:\/\/knjiznice.nsk.hr\/prelog\/wp-content\/uploads\/sites\/115\/2021\/02\/depo-300x300.png\" \/>\n<meta name=\"twitter:card\" content=\"summary_large_image\" \/>\n<meta name=\"twitter:label1\" content=\"Procijenjeno vrijeme \u010ditanja\" \/>\n\t<meta name=\"twitter:data1\" content=\"2 minute\" \/>\n<script type=\"application\/ld+json\" class=\"yoast-schema-graph\">{\"@context\":\"https:\/\/schema.org\",\"@graph\":[{\"@type\":\"Organization\",\"@id\":\"https:\/\/knjiznice.nsk.hr\/prelog\/#organization\",\"name\":\"Knji\\u017enica i \\u010ditaonica Grada Preloga\",\"url\":\"https:\/\/knjiznice.nsk.hr\/prelog\/\",\"sameAs\":[\"https:\/\/www.facebook.com\/kicgprelog\",\"https:\/\/www.instagram.com\/kicgprelog\/?hl=hr\",\"https:\/\/www.youtube.com\/channel\/UCPoJLs4KlDbQu79pK5HoY4g\"],\"logo\":{\"@type\":\"ImageObject\",\"@id\":\"https:\/\/knjiznice.nsk.hr\/prelog\/#logo\",\"inLanguage\":\"hr\",\"url\":\"http:\/\/knjiznice.nsk.hr\/prelog\/wp-content\/uploads\/sites\/115\/2021\/02\/201803211410360.logo2_.jpg\",\"contentUrl\":\"http:\/\/knjiznice.nsk.hr\/prelog\/wp-content\/uploads\/sites\/115\/2021\/02\/201803211410360.logo2_.jpg\",\"width\":970,\"height\":561,\"caption\":\"Knji\\u017enica i \\u010ditaonica Grada Preloga\"},\"image\":{\"@id\":\"https:\/\/knjiznice.nsk.hr\/prelog\/#logo\"}},{\"@type\":\"WebSite\",\"@id\":\"https:\/\/knjiznice.nsk.hr\/prelog\/#website\",\"url\":\"https:\/\/knjiznice.nsk.hr\/prelog\/\",\"name\":\"Knji\\u017enica i \\u010ditaonica Grada Preloga\",\"description\":\"Iza svake sjajne zajednice stoji sjajna knji\\u017enica. Behind Every Great Community is a Great Library.\",\"publisher\":{\"@id\":\"https:\/\/knjiznice.nsk.hr\/prelog\/#organization\"},\"potentialAction\":[{\"@type\":\"SearchAction\",\"target\":\"https:\/\/knjiznice.nsk.hr\/prelog\/?s={search_term_string}\",\"query-input\":\"required name=search_term_string\"}],\"inLanguage\":\"hr\"},{\"@type\":\"ImageObject\",\"@id\":\"https:\/\/knjiznice.nsk.hr\/prelog\/odjeli\/#primaryimage\",\"inLanguage\":\"hr\",\"url\":\"http:\/\/knjiznice.nsk.hr\/prelog\/wp-content\/uploads\/sites\/115\/2021\/02\/depo-300x300.png\",\"contentUrl\":\"http:\/\/knjiznice.nsk.hr\/prelog\/wp-content\/uploads\/sites\/115\/2021\/02\/depo-300x300.png\"},{\"@type\":\"WebPage\",\"@id\":\"https:\/\/knjiznice.nsk.hr\/prelog\/odjeli\/#webpage\",\"url\":\"https:\/\/knjiznice.nsk.hr\/prelog\/odjeli\/\",\"name\":\"Odjeli - Knji\\u017enica i \\u010ditaonica Grada Preloga\",\"isPartOf\":{\"@id\":\"https:\/\/knjiznice.nsk.hr\/prelog\/#website\"},\"primaryImageOfPage\":{\"@id\":\"https:\/\/knjiznice.nsk.hr\/prelog\/odjeli\/#primaryimage\"},\"datePublished\":\"2021-02-14T19:10:40+00:00\",\"dateModified\":\"2021-04-28T12:22:15+00:00\",\"breadcrumb\":{\"@id\":\"https:\/\/knjiznice.nsk.hr\/prelog\/odjeli\/#breadcrumb\"},\"inLanguage\":\"hr\",\"potentialAction\":[{\"@type\":\"ReadAction\",\"target\":[\"https:\/\/knjiznice.nsk.hr\/prelog\/odjeli\/\"]}]},{\"@type\":\"BreadcrumbList\",\"@id\":\"https:\/\/knjiznice.nsk.hr\/prelog\/odjeli\/#breadcrumb\",\"itemListElement\":[{\"@type\":\"ListItem\",\"position\":1,\"item\":{\"@type\":\"WebPage\",\"@id\":\"https:\/\/knjiznice.nsk.hr\/prelog\/\",\"url\":\"https:\/\/knjiznice.nsk.hr\/prelog\/\",\"name\":\"Po\\u010detna stranica\"}},{\"@type\":\"ListItem\",\"position\":2,\"item\":{\"@id\":\"https:\/\/knjiznice.nsk.hr\/prelog\/odjeli\/#webpage\"}}]}]}<\/script>\n<!-- \/ Yoast SEO plugin. -->","_links":{"self":[{"href":"https:\/\/knjiznice.nsk.hr\/prelog\/wp-json\/wp\/v2\/pages\/105"}],"collection":[{"href":"https:\/\/knjiznice.nsk.hr\/prelog\/wp-json\/wp\/v2\/pages"}],"about":[{"href":"https:\/\/knjiznice.nsk.hr\/prelog\/wp-json\/wp\/v2\/types\/page"}],"author":[{"embeddable":true,"href":"https:\/\/knjiznice.nsk.hr\/prelog\/wp-json\/wp\/v2\/users\/192"}],"replies":[{"embeddable":true,"href":"https:\/\/knjiznice.nsk.hr\/prelog\/wp-json\/wp\/v2\/comments?post=105"}],"version-history":[{"count":17,"href":"https:\/\/knjiznice.nsk.hr\/prelog\/wp-json\/wp\/v2\/pages\/105\/revisions"}],"predecessor-version":[{"id":449,"href":"https:\/\/knjiznice.nsk.hr\/prelog\/wp-json\/wp\/v2\/pages\/105\/revisions\/449"}],"wp:attachment":[{"href":"https:\/\/knjiznice.nsk.hr\/prelog\/wp-json\/wp\/v2\/media?parent=105"}],"curies":[{"name":"wp","href":"https:\/\/api.w.org\/{rel}","templated":true}]}}