{"id":19,"date":"2018-12-12T09:36:29","date_gmt":"2018-12-12T08:36:29","guid":{"rendered":"http:\/\/knjiznice.nsk.hr\/pregrada\/?page_id=19"},"modified":"2023-10-17T11:18:08","modified_gmt":"2023-10-17T09:18:08","slug":"kontakt","status":"publish","type":"page","link":"https:\/\/knjiznice.nsk.hr\/pregrada\/kontakt\/","title":{"rendered":"Kontakt"},"content":{"rendered":"<p><strong>Gradska knji\u017enica Pregrada<\/strong><\/p>\n<p><span style=\"font-size: 1rem\">Trg Gospe Kunagorske 3<\/span><\/p>\n<p>49218 Pregrada<\/p>\n<p>Adresa elektroni\u010dke po\u0161te: <a href=\"mailto:knjiznica@pregrada.hr\">knjiznica@pregrada.hr<\/a><\/p>\n<p>Telefon: 049\/376-111<\/p>\n<p>Mobitel: 091\/376-0524<\/p>\n<p><a href=\"https:\/\/www.facebook.com\/gradska.knjiznica.pregrada?locale=hr_HR\" target=\"_blank\" rel=\"noopener\">Link na Facebook stranicu<\/a><\/p>\n<p><a href=\"https:\/\/www.instagram.com\/knjiznica.pregrada\/\" target=\"_blank\" rel=\"noopener\">Link na Instagram stranicu<\/a><\/p>\n","protected":false},"excerpt":{"rendered":"<p>Gradska knji\u017enica Pregrada Trg Gospe Kunagorske 3 49218 Pregrada Adresa elektroni\u010dke po\u0161te: knjiznica@pregrada.hr Telefon: 049\/376-111 Mobitel: 091\/376-0524 Link na Facebook stranicu Link na Instagram stranicu<\/p>\n","protected":false},"author":169,"featured_media":0,"parent":0,"menu_order":0,"comment_status":"closed","ping_status":"closed","template":"","meta":{"ngg_post_thumbnail":0},"yoast_head":"<!-- This site is optimized with the Yoast SEO plugin v16.4 - https:\/\/yoast.com\/wordpress\/plugins\/seo\/ -->\n<meta name=\"robots\" content=\"index, follow, max-snippet:-1, max-image-preview:large, max-video-preview:-1\" \/>\n<link rel=\"canonical\" href=\"https:\/\/knjiznice.nsk.hr\/pregrada\/kontakt\/\" \/>\n<meta property=\"og:locale\" content=\"hr_HR\" \/>\n<meta property=\"og:type\" content=\"article\" \/>\n<meta property=\"og:title\" content=\"Kontakt - Gradska knji\u017enica Pregrada\" \/>\n<meta property=\"og:description\" content=\"Gradska knji\u017enica Pregrada Trg Gospe Kunagorske 3 49218 Pregrada Adresa elektroni\u010dke po\u0161te: knjiznica@pregrada.hr Telefon: 049\/376-111 Mobitel: 091\/376-0524 Link na Facebook stranicu Link na Instagram stranicu\" \/>\n<meta property=\"og:url\" content=\"https:\/\/knjiznice.nsk.hr\/pregrada\/kontakt\/\" \/>\n<meta property=\"og:site_name\" content=\"Gradska knji\u017enica Pregrada\" \/>\n<meta property=\"article:modified_time\" content=\"2023-10-17T09:18:08+00:00\" \/>\n<meta name=\"twitter:card\" content=\"summary_large_image\" \/>\n<meta name=\"twitter:label1\" content=\"Procijenjeno vrijeme \u010ditanja\" \/>\n\t<meta name=\"twitter:data1\" content=\"1 minuta\" \/>\n<script type=\"application\/ld+json\" class=\"yoast-schema-graph\">{\"@context\":\"https:\/\/schema.org\",\"@graph\":[{\"@type\":\"WebSite\",\"@id\":\"http:\/\/knjiznice.nsk.hr\/pregrada\/#website\",\"url\":\"http:\/\/knjiznice.nsk.hr\/pregrada\/\",\"name\":\"Gradska knji\\u017enica Pregrada\",\"description\":\"\",\"potentialAction\":[{\"@type\":\"SearchAction\",\"target\":\"http:\/\/knjiznice.nsk.hr\/pregrada\/?s={search_term_string}\",\"query-input\":\"required name=search_term_string\"}],\"inLanguage\":\"hr\"},{\"@type\":\"WebPage\",\"@id\":\"https:\/\/knjiznice.nsk.hr\/pregrada\/kontakt\/#webpage\",\"url\":\"https:\/\/knjiznice.nsk.hr\/pregrada\/kontakt\/\",\"name\":\"Kontakt - Gradska knji\\u017enica Pregrada\",\"isPartOf\":{\"@id\":\"http:\/\/knjiznice.nsk.hr\/pregrada\/#website\"},\"datePublished\":\"2018-12-12T08:36:29+00:00\",\"dateModified\":\"2023-10-17T09:18:08+00:00\",\"breadcrumb\":{\"@id\":\"https:\/\/knjiznice.nsk.hr\/pregrada\/kontakt\/#breadcrumb\"},\"inLanguage\":\"hr\",\"potentialAction\":[{\"@type\":\"ReadAction\",\"target\":[\"https:\/\/knjiznice.nsk.hr\/pregrada\/kontakt\/\"]}]},{\"@type\":\"BreadcrumbList\",\"@id\":\"https:\/\/knjiznice.nsk.hr\/pregrada\/kontakt\/#breadcrumb\",\"itemListElement\":[{\"@type\":\"ListItem\",\"position\":1,\"item\":{\"@type\":\"WebPage\",\"@id\":\"http:\/\/knjiznice.nsk.hr\/pregrada\/\",\"url\":\"http:\/\/knjiznice.nsk.hr\/pregrada\/\",\"name\":\"Po\\u010detna stranica\"}},{\"@type\":\"ListItem\",\"position\":2,\"item\":{\"@id\":\"https:\/\/knjiznice.nsk.hr\/pregrada\/kontakt\/#webpage\"}}]}]}<\/script>\n<!-- \/ Yoast SEO plugin. -->","_links":{"self":[{"href":"https:\/\/knjiznice.nsk.hr\/pregrada\/wp-json\/wp\/v2\/pages\/19"}],"collection":[{"href":"https:\/\/knjiznice.nsk.hr\/pregrada\/wp-json\/wp\/v2\/pages"}],"about":[{"href":"https:\/\/knjiznice.nsk.hr\/pregrada\/wp-json\/wp\/v2\/types\/page"}],"author":[{"embeddable":true,"href":"https:\/\/knjiznice.nsk.hr\/pregrada\/wp-json\/wp\/v2\/users\/169"}],"replies":[{"embeddable":true,"href":"https:\/\/knjiznice.nsk.hr\/pregrada\/wp-json\/wp\/v2\/comments?post=19"}],"version-history":[{"count":6,"href":"https:\/\/knjiznice.nsk.hr\/pregrada\/wp-json\/wp\/v2\/pages\/19\/revisions"}],"predecessor-version":[{"id":499,"href":"https:\/\/knjiznice.nsk.hr\/pregrada\/wp-json\/wp\/v2\/pages\/19\/revisions\/499"}],"wp:attachment":[{"href":"https:\/\/knjiznice.nsk.hr\/pregrada\/wp-json\/wp\/v2\/media?parent=19"}],"curies":[{"name":"wp","href":"https:\/\/api.w.org\/{rel}","templated":true}]}}