{"id":15,"date":"2018-12-12T09:35:17","date_gmt":"2018-12-12T08:35:17","guid":{"rendered":"http:\/\/knjiznice.nsk.hr\/pregrada\/?page_id=15"},"modified":"2023-10-17T13:57:36","modified_gmt":"2023-10-17T11:57:36","slug":"o-nama","status":"publish","type":"page","link":"https:\/\/knjiznice.nsk.hr\/pregrada\/o-nama\/","title":{"rendered":"O nama"},"content":{"rendered":"<h2><strong>DJELATNICI GRADSKE KNJI\u017dNICE PREGRADA: <\/strong><\/h2>\n<p>1.&nbsp;&nbsp; &nbsp;Dra\u017eenka Greti\u0107, ravnateljica<br \/>\n2.&nbsp;&nbsp; &nbsp;Ru\u017eica \u0160ar\u010devi\u0107, pomo\u0107ni knji\u017eni\u010dar<br \/>\n3.&nbsp;&nbsp; &nbsp;Anica Buri\u0107, dostavlja\u010dica-sprema\u010dica<\/p>\n<p>&nbsp;<\/p>\n<h2><strong>\u010clanarina<\/strong>:<\/h2>\n<p><span style=\"font-size: 1rem\"><strong>4 \u20ac<\/strong> \/ 30,14 kn | djeca, u\u010denici, studenti i umirovljenici<br \/>\n<\/span><span style=\"font-size: 1rem\"><strong>7 \u20ac<\/strong> \/ 52,50 kn | odrasli<br \/>\n<\/span><span style=\"font-size: 1rem\">*\u010dlanarina vrijedi godinu dana od upisa<br \/>\n<\/span><span style=\"font-size: 1rem\">*pravo na BESPLATAN UPIS:<br \/>\n<\/span><span style=\"font-size: 1rem\">&#8211; nakon pla\u0107anja \u010dlanarine za dva \u010dlana u\u017ee obitelji, svi ostali \u010dlanovi te obitelji<br \/>\n<\/span><span style=\"font-size: 1rem\">&#8211; hrvatski branitelji iz Domovinskog rata<br \/>\n<\/span><span style=\"font-size: 1rem\">&#8211; novoro\u0111ena djeca ( iskaznicu dobivaju u paketima za novoro\u0111en\u010dad koje dodjeljuje grad Pregrada )<br \/>\n<\/span><span style=\"font-size: 1rem\">&#8211; ravnatelj ima pravo besplatno upisati po\u010dasne i zaslu\u017ene \u010dlanove&nbsp;<\/span><\/p>\n<h2><strong>Zakasnina<\/strong>:<\/h2>\n<p><strong>0,10 <\/strong><span style=\"font-size: 1rem\"><strong>\u20ac<\/strong> \/ 0,75 kn | po knjizi i po danu<br \/>\n*sredstva od \u010dlanarine, zakasnine i opomena utro\u0161it \u0107e se isklju\u010divo za obavljanje i razvoj djelatnosti&nbsp; ustanove, sukladno \u010clanku 57. Zakona o ustanovama ( pro\u010di\u0161\u0107eni tekstovi zakona, NN, br. 76\/93, 29\/97, 47\/99 ).<\/span><\/p>\n<h2><strong>Internet<\/strong><\/h2>\n<p>Korisnici knji\u017enice mogu zatra\u017eiti WiFi lozinku.<\/p>\n<h2><strong>Odjeli knji\u017enice:<\/strong><\/h2>\n<p>Odjel za odrasle i Dje\u010dji odjel. Uz knji\u017eni fond,&nbsp; djeci su na raspolaganju razne igre i igra\u010dke te dva ra\u010dunala.<\/p>\n<h2><strong>Ostalo<\/strong>:<\/h2>\n<p>Uz nabavu i posudbu knjiga, knji\u017enica organizira razna kulturna doga\u0111anja i programe, mjesto je dru\u017eenja, razmjene ideja i uklju\u010divanja u programe svih generacija.<\/p>\n<p>Prostor \u010ditaonice koncipiran je tako da se malim razmje\u0161tajem mo\u017ee pretvoriti u prikladan prostor za odvijanje raznih kulturnih i dru\u0161tvenih aktivnosti. Taj se prostor vrlo \u010desto koristi u tu namjenu zato \u0161to knji\u017enica \u010desto organizira razli\u010dite aktivnosti.<\/p>\n<p>Knji\u017enica koristi ra\u010dunalni program ZAKI.<\/p>\n<h2><strong><span class=\"OYPEnA text-decoration-none text-strikethrough-none\">IZVADAK IZ PRAVILA GRADSKE KNJI\u017dNICE PREGRADA<\/span><\/strong><\/h2>\n<h3 class=\"cvGsUA direction-ltr align-start para-style-body\"><span class=\"OYPEnA text-decoration-none text-strikethrough-none\"><strong>\u010clanak 14.<\/strong><\/span><\/h3>\n<p class=\"cvGsUA direction-ltr align-start para-style-body\"><span class=\"OYPEnA text-decoration-none text-strikethrough-none\">\u010clanstvo u Knji\u017enici stje\u010de se upisom u Knji\u017enicu:<br \/>\n<\/span><span class=\"OYPEnA text-decoration-none text-strikethrough-none\">a)<\/span><span class=\"OYPEnA text-decoration-none text-strikethrough-none\"> gra\u0111ani uz predo\u010denje osobne iskaznice<br \/>\n<\/span><span class=\"OYPEnA text-decoration-none text-strikethrough-none\">b)<\/span><span class=\"OYPEnA text-decoration-none text-strikethrough-none\"> studenti uz predo\u010denje osobne ili studentske iskaznice<br \/>\n<\/span><span class=\"OYPEnA text-decoration-none text-strikethrough-none\">c)<\/span><span class=\"OYPEnA text-decoration-none text-strikethrough-none\"> u\u010denici srednjih \u0161kola uz predo\u010denje osobne iskaznice ili osobne iskaznice svojih roditelja, odnosno udomitelja ili skrbnika<br \/>\n<\/span><span class=\"OYPEnA text-decoration-none text-strikethrough-none\">d)<\/span><span class=\"OYPEnA text-decoration-none text-strikethrough-none\"> djeca do 14 godina uz predo\u010denje osobne iskaznice roditelja, odnosno udomitelja ili skrbnika<br \/>\n<\/span><span class=\"OYPEnA text-decoration-none text-strikethrough-none\">e)<\/span><span class=\"OYPEnA text-decoration-none text-strikethrough-none\"> pojedinci i grupe izvan spomenutih katego-rija uz odobrenje ravnatelja Knji\u017enice<br \/>\n<\/span><span class=\"OYPEnA text-decoration-none text-strikethrough-none\">f)<\/span><span class=\"OYPEnA text-decoration-none text-strikethrough-none\"> strani dr\u017eavljani uz predo\u010denje putovnice i prijave boravka<\/span><\/p>\n<p class=\"cvGsUA direction-ltr align-start para-style-body\"><strong><span class=\"OYPEnA text-decoration-none text-strikethrough-none\">Djeca<\/span><\/strong><span class=\"OYPEnA text-decoration-none text-strikethrough-none\"> do 14 godina mogu posu\u0111ivati knjige samo s dje\u010djeg odjela.<br \/>\n<\/span><strong><span class=\"OYPEnA text-decoration-none text-strikethrough-none\">Mladi<\/span><\/strong><span class=\"OYPEnA text-decoration-none text-strikethrough-none\"> od 15 do 17 godina mogu posu\u0111ivati knjige&nbsp;<\/span><span class=\"OYPEnA text-decoration-none text-strikethrough-none\">s odjela za odrasle i po potrebi s dje\u010djeg odjela.&nbsp;<br \/>\n<\/span><strong><span class=\"OYPEnA text-decoration-none text-strikethrough-none\">Odrasli<\/span><\/strong><span class=\"OYPEnA text-decoration-none text-strikethrough-none\"> se korisnici sa svojom \u010dlanskom iskazni-com koriste knji\u017eni\u010dnom gra\u0111om i uslugama odjela za odrasle. Iznimno, uz odobrenje knji\u017eni-\u010dara, mogu se povremeno, za osobne potrebe, stru\u010dni i znanstveni rad, koristiti knji\u017eni\u010dnom gra\u0111om i uslugama odjela za djecu i mlade.<\/span><\/p>\n<h3 class=\"cvGsUA direction-ltr align-start para-style-body\"><span class=\"OYPEnA text-decoration-none text-strikethrough-none\"><strong>\u010clanak 30.<\/strong><\/span><\/h3>\n<p class=\"cvGsUA direction-ltr align-start para-style-body\"><span class=\"OYPEnA text-decoration-none text-strikethrough-none\">\u010clan ne mo\u017ee istovremeno posuditi vi\u0161e jedinica knji\u017eni\u010dne gra\u0111e istog naslova.<br \/>\n<\/span><span class=\"OYPEnA text-decoration-none text-strikethrough-none\">\u010clan mo\u017ee istovremeno posuditi <\/span><span class=\"OYPEnA text-decoration-none text-strikethrough-none\">samo jedan lektirni naslov<\/span><span class=\"OYPEnA text-decoration-none text-strikethrough-none\">.<\/span><\/p>\n","protected":false},"excerpt":{"rendered":"<p>DJELATNICI GRADSKE KNJI\u017dNICE PREGRADA: 1.&nbsp;&nbsp; &nbsp;Dra\u017eenka Greti\u0107, ravnateljica 2.&nbsp;&nbsp; &nbsp;Ru\u017eica \u0160ar\u010devi\u0107, pomo\u0107ni knji\u017eni\u010dar 3.&nbsp;&nbsp; &nbsp;Anica Buri\u0107, dostavlja\u010dica-sprema\u010dica &nbsp; \u010clanarina: 4 \u20ac \/ 30,14 kn | djeca, u\u010denici, studenti i umirovljenici 7 \u20ac \/ 52,50 kn | odrasli *\u010dlanarina vrijedi godinu dana od upisa *pravo na BESPLATAN UPIS: &#8211; nakon pla\u0107anja \u010dlanarine za dva \u010dlana u\u017ee [&hellip;]<\/p>\n","protected":false},"author":169,"featured_media":0,"parent":0,"menu_order":0,"comment_status":"closed","ping_status":"closed","template":"page-templates\/front-page.php","meta":{"ngg_post_thumbnail":0},"yoast_head":"<!-- This site is optimized with the Yoast SEO plugin v16.4 - https:\/\/yoast.com\/wordpress\/plugins\/seo\/ -->\n<meta name=\"robots\" content=\"index, follow, max-snippet:-1, max-image-preview:large, max-video-preview:-1\" \/>\n<link rel=\"canonical\" href=\"http:\/\/knjiznice.nsk.hr\/pregrada\/o-nama\/\" \/>\n<meta property=\"og:locale\" content=\"hr_HR\" \/>\n<meta property=\"og:type\" content=\"article\" \/>\n<meta property=\"og:title\" content=\"O nama - Gradska knji\u017enica Pregrada\" \/>\n<meta property=\"og:description\" content=\"DJELATNICI GRADSKE KNJI\u017dNICE PREGRADA: 1.&nbsp;&nbsp; &nbsp;Dra\u017eenka Greti\u0107, ravnateljica 2.&nbsp;&nbsp; &nbsp;Ru\u017eica \u0160ar\u010devi\u0107, pomo\u0107ni knji\u017eni\u010dar 3.&nbsp;&nbsp; &nbsp;Anica Buri\u0107, dostavlja\u010dica-sprema\u010dica &nbsp; \u010clanarina: 4 \u20ac \/ 30,14 kn | djeca, u\u010denici, studenti i umirovljenici 7 \u20ac \/ 52,50 kn | odrasli *\u010dlanarina vrijedi godinu dana od upisa *pravo na BESPLATAN UPIS: &#8211; nakon pla\u0107anja \u010dlanarine za dva \u010dlana u\u017ee [&hellip;]\" \/>\n<meta property=\"og:url\" content=\"http:\/\/knjiznice.nsk.hr\/pregrada\/o-nama\/\" \/>\n<meta property=\"og:site_name\" content=\"Gradska knji\u017enica Pregrada\" \/>\n<meta property=\"article:modified_time\" content=\"2023-10-17T11:57:36+00:00\" \/>\n<meta name=\"twitter:card\" content=\"summary_large_image\" \/>\n<meta name=\"twitter:label1\" content=\"Procijenjeno vrijeme \u010ditanja\" \/>\n\t<meta name=\"twitter:data1\" content=\"2 minute\" \/>\n<script type=\"application\/ld+json\" class=\"yoast-schema-graph\">{\"@context\":\"https:\/\/schema.org\",\"@graph\":[{\"@type\":\"WebSite\",\"@id\":\"http:\/\/knjiznice.nsk.hr\/pregrada\/#website\",\"url\":\"http:\/\/knjiznice.nsk.hr\/pregrada\/\",\"name\":\"Gradska knji\\u017enica Pregrada\",\"description\":\"\",\"potentialAction\":[{\"@type\":\"SearchAction\",\"target\":\"http:\/\/knjiznice.nsk.hr\/pregrada\/?s={search_term_string}\",\"query-input\":\"required name=search_term_string\"}],\"inLanguage\":\"hr\"},{\"@type\":\"WebPage\",\"@id\":\"http:\/\/knjiznice.nsk.hr\/pregrada\/o-nama\/#webpage\",\"url\":\"http:\/\/knjiznice.nsk.hr\/pregrada\/o-nama\/\",\"name\":\"O nama - Gradska knji\\u017enica Pregrada\",\"isPartOf\":{\"@id\":\"http:\/\/knjiznice.nsk.hr\/pregrada\/#website\"},\"datePublished\":\"2018-12-12T08:35:17+00:00\",\"dateModified\":\"2023-10-17T11:57:36+00:00\",\"breadcrumb\":{\"@id\":\"http:\/\/knjiznice.nsk.hr\/pregrada\/o-nama\/#breadcrumb\"},\"inLanguage\":\"hr\",\"potentialAction\":[{\"@type\":\"ReadAction\",\"target\":[\"http:\/\/knjiznice.nsk.hr\/pregrada\/o-nama\/\"]}]},{\"@type\":\"BreadcrumbList\",\"@id\":\"http:\/\/knjiznice.nsk.hr\/pregrada\/o-nama\/#breadcrumb\",\"itemListElement\":[{\"@type\":\"ListItem\",\"position\":1,\"item\":{\"@type\":\"WebPage\",\"@id\":\"http:\/\/knjiznice.nsk.hr\/pregrada\/\",\"url\":\"http:\/\/knjiznice.nsk.hr\/pregrada\/\",\"name\":\"Po\\u010detna stranica\"}},{\"@type\":\"ListItem\",\"position\":2,\"item\":{\"@id\":\"http:\/\/knjiznice.nsk.hr\/pregrada\/o-nama\/#webpage\"}}]}]}<\/script>\n<!-- \/ Yoast SEO plugin. -->","_links":{"self":[{"href":"https:\/\/knjiznice.nsk.hr\/pregrada\/wp-json\/wp\/v2\/pages\/15"}],"collection":[{"href":"https:\/\/knjiznice.nsk.hr\/pregrada\/wp-json\/wp\/v2\/pages"}],"about":[{"href":"https:\/\/knjiznice.nsk.hr\/pregrada\/wp-json\/wp\/v2\/types\/page"}],"author":[{"embeddable":true,"href":"https:\/\/knjiznice.nsk.hr\/pregrada\/wp-json\/wp\/v2\/users\/169"}],"replies":[{"embeddable":true,"href":"https:\/\/knjiznice.nsk.hr\/pregrada\/wp-json\/wp\/v2\/comments?post=15"}],"version-history":[{"count":11,"href":"https:\/\/knjiznice.nsk.hr\/pregrada\/wp-json\/wp\/v2\/pages\/15\/revisions"}],"predecessor-version":[{"id":504,"href":"https:\/\/knjiznice.nsk.hr\/pregrada\/wp-json\/wp\/v2\/pages\/15\/revisions\/504"}],"wp:attachment":[{"href":"https:\/\/knjiznice.nsk.hr\/pregrada\/wp-json\/wp\/v2\/media?parent=15"}],"curies":[{"name":"wp","href":"https:\/\/api.w.org\/{rel}","templated":true}]}}