{"id":95,"date":"2015-03-24T10:48:25","date_gmt":"2015-03-24T10:48:25","guid":{"rendered":"http:\/\/knjiznice.nsk.hr\/porec\/?page_id=95"},"modified":"2015-03-24T10:48:34","modified_gmt":"2015-03-24T10:48:34","slug":"djelatnici","status":"publish","type":"page","link":"https:\/\/knjiznice.nsk.hr\/porec\/djelatnici\/","title":{"rendered":"Djelatnici"},"content":{"rendered":"<p><strong><span style=\"text-decoration: underline\"><a href=\"mailto:irides.zovic@knjiznicaporec.hr\">dr. sc. Irides Zovi\u0107, ravnateljica<\/a><br \/>\n<\/span><\/strong>Nakon zavr\u0161enog studija knji\u017eni\u010darstva na Pedago\u0161koj akademiji u Ljubljani, od 1986. zaposlena je u Gradskoj knji\u017enici koja je do 2007. godine djelovala u sastavu Pu\u010dkog otvorenog u\u010dili\u0161ta Pore\u010d. Od 1993. godine obavlja poslove voditeljice bibliote\u010dne djelatnosti. Ravnateljica je Gradske knji\u017enice od njenog osamostaljenja. Predsjednica je Knji\u017eni\u010dnog odbora Gradske knji\u017enice Pore\u010d, \u010dlanica povjerenstva za izdava\u0161tvo i nakladni\u0161tvo pri Istarskoj \u017eupaniji i predsjednica radnog tima za knji\u017enice za izradu kulturne strategije Istarske \u017eupanije. Godine 2006. magistrirala je na Filozofskom fakultetu u Zagrebu &#8211; Odsjek za informacijske znanosti. Iste godine upisuje doktorski studij na Filozofskom fakultetu u Zagrebu. Godine 2008. pola\u017ee stru\u010dni ispit i stje\u010de zvanje diplomirani knji\u017eni\u010dar, a 2011. stje\u010de titulu doktorice znanosti obranom doktorskog rada \u201cModel razvoja narodnih knji\u017enica u kulturnom turizmu Istarske \u017eupanije\u201d.<\/p>\n<p><strong><span style=\"text-decoration: underline\"><a href=\"mailto:zvjezdana@knjiznicaporec.hr\">Zvjezdana Hrelja, bacc. admin. publ. i knji\u017eni\u010dar <\/a><br \/>\n<\/span><\/strong>Zaposlena je u Gradskoj knji\u017enici od 1998. godine. Stru\u010dni ispit za pomo\u0107nog knji\u017eni\u010dara polo\u017eila je 2001. godine. \u010clanica je Knji\u017eni\u010dnog odbora Gradske knji\u017enice i Dru\u0161tva bibliotekara Istre. Nakon zavr\u0161enog studija na Pravnom fakultetu Sveu\u010dili\u0161ta u Rijeci, 2010. godine pola\u017ee stru\u010dni ispit za zvanje knji\u017eni\u010dar. Obavlja op\u0107e i administrativne poslove.<\/p>\n<p><strong><span style=\"text-decoration: underline\"><a href=\"mailto:matea@knjiznicaporec.hr\">Matea Radolovi\u0107, diplomirana u\u010diteljica razredne nastave i magistra knji\u017eni\u010darstva<\/a><br \/>\n<\/span><\/strong>Nakon zavr\u0161etka studija razredne nastave na Filozofskom fakultetu u Rijeci i rada u osnovnoj \u0161koli, 2005. zapo\u0161ljava se u Gradskoj knji\u017enici. Godine 2010. zavr\u0161ava jednopredmetni diplomski studij knji\u017eni\u010darstva na Odsjeku za informacijske znanosti pri Filozofskom fakultetu u Zadru i stje\u010de zvanje magistra knji\u017eni\u010darstva, a 2011. godine pola\u017ee stru\u010dni ispit za zvanje diplomirani knji\u017eni\u010dar. \u010clanica je knji\u017eni\u010dnog odbora Gradske knji\u017enice i Dru\u0161tva bibliotekara Istre.<\/p>\n<p><strong><a href=\"mailto:ivana@knjiznicaporec.hr\">Ivana Legovi\u0107, profesorica hrvatskog i talijanskog jezika i knji\u017eevnosti i magistra bibliotekarstva<br \/>\n<\/a><\/strong>Profesorica hrvatskog i talijanskog jezika i knji\u017eevnosti, zaposlena je u Gradskoj knji\u017enici od 2010. godine. \u010clanica je knji\u017eni\u010dnog odbora Gradske knji\u017enice i Dru\u0161tva bibliotekara Istre. Godine 2012. pola\u017ee stru\u010dni ispit za zvanje knji\u017eni\u010dar. Godine 2014. zavr\u0161ava diplomski studij bibliotekarstva na Odsjeku za informacijske i komunikacijske znanosti pri Filozofskom fakultetu u Zagrebu i stje\u010de zvanje magistra bibliotekarstva.<\/p>\n<p><strong><span style=\"text-decoration: underline\">Zorana Ger\u017eini\u0107, profesorica hrvatskoga jezika i knji\u017eevnosti i diplomirana etnologinja<br \/>\n<\/span><\/strong>Na Filozofskom fakultetu u Zagrebu 2011. godine stje\u010de stru\u010dno zvanje profesorica hrvatskoga jezika i knji\u017eevnosti i diplomirana etnologinja. Nakon rada u Etnografskom muzeju Istre, 2012. godine zapo\u0161ljava se u Gradskoj knji\u017enici. \u010clanica je Knji\u017eni\u010dnog odbora Gradske knji\u017enice. Organizira, priprema i vodi tjedne edukativno-kreativne radonice za najmla\u0111e korisnike Gradske knji\u017enice Pore\u010d.<\/p>\n","protected":false},"excerpt":{"rendered":"<p>dr. sc. Irides Zovi\u0107, ravnateljica Nakon zavr\u0161enog studija knji\u017eni\u010darstva na Pedago\u0161koj akademiji u Ljubljani, od 1986. zaposlena je u Gradskoj knji\u017enici koja je do 2007. godine djelovala u sastavu Pu\u010dkog otvorenog u\u010dili\u0161ta Pore\u010d. Od 1993. godine obavlja poslove voditeljice bibliote\u010dne djelatnosti. Ravnateljica je Gradske knji\u017enice od njenog osamostaljenja. Predsjednica je Knji\u017eni\u010dnog odbora Gradske knji\u017enice Pore\u010d, [&hellip;]<\/p>\n","protected":false},"author":39,"featured_media":0,"parent":0,"menu_order":0,"comment_status":"closed","ping_status":"closed","template":"","meta":{"ngg_post_thumbnail":0},"yoast_head":"<!-- This site is optimized with the Yoast SEO plugin v16.4 - https:\/\/yoast.com\/wordpress\/plugins\/seo\/ -->\n<meta name=\"robots\" content=\"index, follow, max-snippet:-1, max-image-preview:large, max-video-preview:-1\" \/>\n<link rel=\"canonical\" href=\"https:\/\/knjiznice.nsk.hr\/porec\/djelatnici\/\" \/>\n<meta property=\"og:locale\" content=\"hr_HR\" \/>\n<meta property=\"og:type\" content=\"article\" \/>\n<meta property=\"og:title\" content=\"Djelatnici - Gradska knji\u017enica Pore\u010d\" \/>\n<meta property=\"og:description\" content=\"dr. sc. Irides Zovi\u0107, ravnateljica Nakon zavr\u0161enog studija knji\u017eni\u010darstva na Pedago\u0161koj akademiji u Ljubljani, od 1986. zaposlena je u Gradskoj knji\u017enici koja je do 2007. godine djelovala u sastavu Pu\u010dkog otvorenog u\u010dili\u0161ta Pore\u010d. Od 1993. godine obavlja poslove voditeljice bibliote\u010dne djelatnosti. Ravnateljica je Gradske knji\u017enice od njenog osamostaljenja. Predsjednica je Knji\u017eni\u010dnog odbora Gradske knji\u017enice Pore\u010d, [&hellip;]\" \/>\n<meta property=\"og:url\" content=\"https:\/\/knjiznice.nsk.hr\/porec\/djelatnici\/\" \/>\n<meta property=\"og:site_name\" content=\"Gradska knji\u017enica Pore\u010d\" \/>\n<meta property=\"article:modified_time\" content=\"2015-03-24T10:48:34+00:00\" \/>\n<meta name=\"twitter:label1\" content=\"Procijenjeno vrijeme \u010ditanja\" \/>\n\t<meta name=\"twitter:data1\" content=\"2 minute\" \/>\n<script type=\"application\/ld+json\" class=\"yoast-schema-graph\">{\"@context\":\"https:\/\/schema.org\",\"@graph\":[{\"@type\":\"WebSite\",\"@id\":\"http:\/\/knjiznice.nsk.hr\/porec\/#website\",\"url\":\"http:\/\/knjiznice.nsk.hr\/porec\/\",\"name\":\"Gradska knji\\u017enica Pore\\u010d\",\"description\":\"\",\"potentialAction\":[{\"@type\":\"SearchAction\",\"target\":\"http:\/\/knjiznice.nsk.hr\/porec\/?s={search_term_string}\",\"query-input\":\"required name=search_term_string\"}],\"inLanguage\":\"hr\"},{\"@type\":\"WebPage\",\"@id\":\"https:\/\/knjiznice.nsk.hr\/porec\/djelatnici\/#webpage\",\"url\":\"https:\/\/knjiznice.nsk.hr\/porec\/djelatnici\/\",\"name\":\"Djelatnici - Gradska knji\\u017enica Pore\\u010d\",\"isPartOf\":{\"@id\":\"http:\/\/knjiznice.nsk.hr\/porec\/#website\"},\"datePublished\":\"2015-03-24T10:48:25+00:00\",\"dateModified\":\"2015-03-24T10:48:34+00:00\",\"breadcrumb\":{\"@id\":\"https:\/\/knjiznice.nsk.hr\/porec\/djelatnici\/#breadcrumb\"},\"inLanguage\":\"hr\",\"potentialAction\":[{\"@type\":\"ReadAction\",\"target\":[\"https:\/\/knjiznice.nsk.hr\/porec\/djelatnici\/\"]}]},{\"@type\":\"BreadcrumbList\",\"@id\":\"https:\/\/knjiznice.nsk.hr\/porec\/djelatnici\/#breadcrumb\",\"itemListElement\":[{\"@type\":\"ListItem\",\"position\":1,\"item\":{\"@type\":\"WebPage\",\"@id\":\"http:\/\/knjiznice.nsk.hr\/porec\/\",\"url\":\"http:\/\/knjiznice.nsk.hr\/porec\/\",\"name\":\"Po\\u010detna stranica\"}},{\"@type\":\"ListItem\",\"position\":2,\"item\":{\"@id\":\"https:\/\/knjiznice.nsk.hr\/porec\/djelatnici\/#webpage\"}}]}]}<\/script>\n<!-- \/ Yoast SEO plugin. -->","_links":{"self":[{"href":"https:\/\/knjiznice.nsk.hr\/porec\/wp-json\/wp\/v2\/pages\/95"}],"collection":[{"href":"https:\/\/knjiznice.nsk.hr\/porec\/wp-json\/wp\/v2\/pages"}],"about":[{"href":"https:\/\/knjiznice.nsk.hr\/porec\/wp-json\/wp\/v2\/types\/page"}],"author":[{"embeddable":true,"href":"https:\/\/knjiznice.nsk.hr\/porec\/wp-json\/wp\/v2\/users\/39"}],"replies":[{"embeddable":true,"href":"https:\/\/knjiznice.nsk.hr\/porec\/wp-json\/wp\/v2\/comments?post=95"}],"version-history":[{"count":1,"href":"https:\/\/knjiznice.nsk.hr\/porec\/wp-json\/wp\/v2\/pages\/95\/revisions"}],"predecessor-version":[{"id":96,"href":"https:\/\/knjiznice.nsk.hr\/porec\/wp-json\/wp\/v2\/pages\/95\/revisions\/96"}],"wp:attachment":[{"href":"https:\/\/knjiznice.nsk.hr\/porec\/wp-json\/wp\/v2\/media?parent=95"}],"curies":[{"name":"wp","href":"https:\/\/api.w.org\/{rel}","templated":true}]}}