{"id":51,"date":"2015-03-19T12:21:39","date_gmt":"2015-03-19T12:21:39","guid":{"rendered":"http:\/\/knjiznice.nsk.hr\/porec\/?page_id=51"},"modified":"2016-06-30T15:23:47","modified_gmt":"2016-06-30T15:23:47","slug":"booktiga","status":"publish","type":"page","link":"https:\/\/knjiznice.nsk.hr\/porec\/booktiga\/","title":{"rendered":"Booktiga"},"content":{"rendered":"<div id=\"main\">\n<div id=\"header\">\n<div id=\"logo\">\n<div id=\"logo_text\">\n<h2><a href=\"http:\/\/knjiznice.nsk.hr\/porec\/wp-content\/uploads\/sites\/44\/2015\/03\/output_RQ65Nq.gif\"><img loading=\"lazy\" class=\"  wp-image-288 aligncenter\" src=\"http:\/\/knjiznice.nsk.hr\/porec\/wp-content\/uploads\/sites\/44\/2015\/03\/output_RQ65Nq.gif\" alt=\"output_RQ65Nq\" width=\"921\" height=\"154\" \/><\/a><\/h2>\n<h2><span style=\"color: #b40431\"><span style=\"color: #b40431\">Me\u0111unarodni festival pro\u010ditanih knjiga &#8211; 2015.<\/span><br \/>\n<\/span><\/h2>\n<\/div>\n<\/div>\n<div id=\"menubar\" style=\"color: #B40431\">\n<table style=\"width: 100%\">\n<tbody>\n<tr style=\"height: 150px\">\n<td style=\"width: 25%\" valign=\"top\">\n<ul>\n<li><span style=\"color: #b40431\"><strong>Novosti<\/strong><\/span><\/li>\n<li><span style=\"color: #B40431\"><strong><a style=\"color: #B40431\" title=\"Program\" href=\"http:\/\/knjiznice.nsk.hr\/porec\/booktiga\/program\/\">Program<\/a><\/strong><\/span><\/li>\n<li><span style=\"color: #ff0000\"><strong><a style=\"color: #B40431\" title=\"Autori\" href=\"http:\/\/knjiznice.nsk.hr\/porec\/booktiga\/autori\/\">Autori i gosti<\/a><\/strong><\/span><\/li>\n<li><span style=\"color: #ff0000\"><a style=\"color: #B40431\" title=\"Free Little Library\" href=\"http:\/\/knjiznice.nsk.hr\/porec\/booktiga\/free-little-library\/\"><strong>Little Free Library<\/strong><\/a><\/span><\/li>\n<li><span style=\"color: #ff0000\"><a style=\"color: #B40431\" title=\"Antikvarijati\" href=\"http:\/\/knjiznice.nsk.hr\/porec\/booktiga\/antikvarijati\/\"><strong>Antikvarijati<\/strong><\/a><\/span><\/li>\n<li><span style=\"color: #ff0000\"><a style=\"color: #B40431\" title=\"O festivalu BOOKtiga\" href=\"http:\/\/knjiznice.nsk.hr\/porec\/booktiga\/o-festivalu-booktiga\/\"><strong>O Festivalu<\/strong><\/a><\/span><\/li>\n<li><span style=\"color: #ff0000\"><strong style=\"color: #B40431\"><a style=\"color: #B40431\" title=\"Povijest BOOKtige\" href=\"http:\/\/knjiznice.nsk.hr\/porec\/booktiga\/povijest-booktige\/\"><strong>Povijest BOOKtige<\/strong><\/a><\/span><\/li>\n<li><span style=\"color: #ff0000\"><strong style=\"color: #B40431\"><a style=\"color: #B40431\" title=\"Fotografije\" href=\"http:\/\/knjiznice.nsk.hr\/porec\/booktiga\/fotografije\/\">Fotografije<\/a><\/strong><\/span><\/li>\n<li><span style=\"color: #B40431\"><strong>Prijava<\/strong><\/span><\/li>\n<\/ul>\n<\/td>\n<td style=\"padding-left: 120px\" valign=\"top\"><a href=\"http:\/\/knjiznice.nsk.hr\/porec\/wp-content\/uploads\/sites\/44\/2015\/03\/BOOKtiga_logo-web.jpg\"><img loading=\"lazy\" class=\" size-full wp-image-153 alignright\" src=\"http:\/\/knjiznice.nsk.hr\/porec\/wp-content\/uploads\/sites\/44\/2015\/03\/BOOKtiga_logo-web.jpg\" alt=\"BOOKtiga_logo-web\" width=\"160\" height=\"104\" \/><\/a><span style=\"color: #333333\"><span style=\"color: #333333\"><strong>Me\u0111unarodni festival. Knji\u017enica. Trg Marafor. Pro\u010ditane knjige. Prodajni sajam od 10.00 do 19.00 sati. Antikvarijati. Nagrada BOOKtiga. Knji\u017eevna gostovanja. Inozemni gosti. Radionica kreativnog pisanja. Predstavljanje knjiga. Predavanja. Petkom u pet. Japansko papirnato kazali\u0161te &#8211; kamishibai. Little Free Library. Izlo\u017eba taktilnih slikovnica. Susreti.<\/strong><\/span><\/span>&nbsp;<\/p>\n<p><span style=\"color: #333333\">Sve na jednom mjestu&#8230;<\/span><span style=\"color: #333333\">Dobrodo\u0161li!!!<\/span>&nbsp;<\/p>\n<p>&nbsp;<\/td>\n<\/tr>\n<\/tbody>\n<\/table>\n<\/div>\n<\/div>\n<\/div>\n","protected":false},"excerpt":{"rendered":"<p>Me\u0111unarodni festival pro\u010ditanih knjiga &#8211; 2015. Novosti Program Autori i gosti Little Free Library Antikvarijati O Festivalu Povijest BOOKtige Fotografije Prijava Me\u0111unarodni festival. Knji\u017enica. Trg Marafor. Pro\u010ditane knjige. Prodajni sajam od 10.00 do 19.00 sati. Antikvarijati. Nagrada BOOKtiga. Knji\u017eevna gostovanja. Inozemni gosti. Radionica kreativnog pisanja. Predstavljanje knjiga. Predavanja. Petkom u pet. Japansko papirnato kazali\u0161te &#8211; [&hellip;]<\/p>\n","protected":false},"author":39,"featured_media":0,"parent":0,"menu_order":0,"comment_status":"closed","ping_status":"closed","template":"page_landing.php","meta":{"ngg_post_thumbnail":0},"yoast_head":"<!-- This site is optimized with the Yoast SEO plugin v16.4 - https:\/\/yoast.com\/wordpress\/plugins\/seo\/ -->\n<meta name=\"robots\" content=\"index, follow, max-snippet:-1, max-image-preview:large, max-video-preview:-1\" \/>\n<link rel=\"canonical\" href=\"http:\/\/knjiznice.nsk.hr\/porec\/booktiga\/\" \/>\n<meta property=\"og:locale\" content=\"hr_HR\" \/>\n<meta property=\"og:type\" content=\"article\" \/>\n<meta property=\"og:title\" content=\"Booktiga - Gradska knji\u017enica Pore\u010d\" \/>\n<meta property=\"og:description\" content=\"Me\u0111unarodni festival pro\u010ditanih knjiga &#8211; 2015. Novosti Program Autori i gosti Little Free Library Antikvarijati O Festivalu Povijest BOOKtige Fotografije Prijava Me\u0111unarodni festival. Knji\u017enica. Trg Marafor. Pro\u010ditane knjige. Prodajni sajam od 10.00 do 19.00 sati. Antikvarijati. Nagrada BOOKtiga. Knji\u017eevna gostovanja. Inozemni gosti. Radionica kreativnog pisanja. Predstavljanje knjiga. Predavanja. Petkom u pet. Japansko papirnato kazali\u0161te &#8211; [&hellip;]\" \/>\n<meta property=\"og:url\" content=\"http:\/\/knjiznice.nsk.hr\/porec\/booktiga\/\" \/>\n<meta property=\"og:site_name\" content=\"Gradska knji\u017enica Pore\u010d\" \/>\n<meta property=\"article:modified_time\" content=\"2016-06-30T15:23:47+00:00\" \/>\n<meta property=\"og:image\" content=\"http:\/\/knjiznice.nsk.hr\/porec\/wp-content\/uploads\/sites\/44\/2015\/03\/output_RQ65Nq.gif\" \/>\n<script type=\"application\/ld+json\" class=\"yoast-schema-graph\">{\"@context\":\"https:\/\/schema.org\",\"@graph\":[{\"@type\":\"WebSite\",\"@id\":\"https:\/\/knjiznice.nsk.hr\/porec\/#website\",\"url\":\"https:\/\/knjiznice.nsk.hr\/porec\/\",\"name\":\"Gradska knji\\u017enica Pore\\u010d\",\"description\":\"\",\"potentialAction\":[{\"@type\":\"SearchAction\",\"target\":\"https:\/\/knjiznice.nsk.hr\/porec\/?s={search_term_string}\",\"query-input\":\"required name=search_term_string\"}],\"inLanguage\":\"hr\"},{\"@type\":\"ImageObject\",\"@id\":\"http:\/\/knjiznice.nsk.hr\/porec\/booktiga\/#primaryimage\",\"inLanguage\":\"hr\",\"url\":\"http:\/\/knjiznice.nsk.hr\/porec\/wp-content\/uploads\/sites\/44\/2015\/03\/output_RQ65Nq.gif\",\"contentUrl\":\"http:\/\/knjiznice.nsk.hr\/porec\/wp-content\/uploads\/sites\/44\/2015\/03\/output_RQ65Nq.gif\"},{\"@type\":\"WebPage\",\"@id\":\"http:\/\/knjiznice.nsk.hr\/porec\/booktiga\/#webpage\",\"url\":\"http:\/\/knjiznice.nsk.hr\/porec\/booktiga\/\",\"name\":\"Booktiga - Gradska knji\\u017enica Pore\\u010d\",\"isPartOf\":{\"@id\":\"https:\/\/knjiznice.nsk.hr\/porec\/#website\"},\"primaryImageOfPage\":{\"@id\":\"http:\/\/knjiznice.nsk.hr\/porec\/booktiga\/#primaryimage\"},\"datePublished\":\"2015-03-19T12:21:39+00:00\",\"dateModified\":\"2016-06-30T15:23:47+00:00\",\"breadcrumb\":{\"@id\":\"http:\/\/knjiznice.nsk.hr\/porec\/booktiga\/#breadcrumb\"},\"inLanguage\":\"hr\",\"potentialAction\":[{\"@type\":\"ReadAction\",\"target\":[\"http:\/\/knjiznice.nsk.hr\/porec\/booktiga\/\"]}]},{\"@type\":\"BreadcrumbList\",\"@id\":\"http:\/\/knjiznice.nsk.hr\/porec\/booktiga\/#breadcrumb\",\"itemListElement\":[{\"@type\":\"ListItem\",\"position\":1,\"item\":{\"@type\":\"WebPage\",\"@id\":\"https:\/\/knjiznice.nsk.hr\/porec\/\",\"url\":\"https:\/\/knjiznice.nsk.hr\/porec\/\",\"name\":\"Po\\u010detna stranica\"}},{\"@type\":\"ListItem\",\"position\":2,\"item\":{\"@id\":\"http:\/\/knjiznice.nsk.hr\/porec\/booktiga\/#webpage\"}}]}]}<\/script>\n<!-- \/ Yoast SEO plugin. -->","_links":{"self":[{"href":"https:\/\/knjiznice.nsk.hr\/porec\/wp-json\/wp\/v2\/pages\/51"}],"collection":[{"href":"https:\/\/knjiznice.nsk.hr\/porec\/wp-json\/wp\/v2\/pages"}],"about":[{"href":"https:\/\/knjiznice.nsk.hr\/porec\/wp-json\/wp\/v2\/types\/page"}],"author":[{"embeddable":true,"href":"https:\/\/knjiznice.nsk.hr\/porec\/wp-json\/wp\/v2\/users\/39"}],"replies":[{"embeddable":true,"href":"https:\/\/knjiznice.nsk.hr\/porec\/wp-json\/wp\/v2\/comments?post=51"}],"version-history":[{"count":80,"href":"https:\/\/knjiznice.nsk.hr\/porec\/wp-json\/wp\/v2\/pages\/51\/revisions"}],"predecessor-version":[{"id":155,"href":"https:\/\/knjiznice.nsk.hr\/porec\/wp-json\/wp\/v2\/pages\/51\/revisions\/155"}],"wp:attachment":[{"href":"https:\/\/knjiznice.nsk.hr\/porec\/wp-json\/wp\/v2\/media?parent=51"}],"curies":[{"name":"wp","href":"https:\/\/api.w.org\/{rel}","templated":true}]}}