{"id":8436,"date":"2023-07-20T14:10:42","date_gmt":"2023-07-20T12:10:42","guid":{"rendered":"http:\/\/knjiznice.nsk.hr\/ploce\/?page_id=8436"},"modified":"2023-07-26T14:37:45","modified_gmt":"2023-07-26T12:37:45","slug":"postani-clan","status":"publish","type":"page","link":"https:\/\/knjiznice.nsk.hr\/ploce\/postani-clan\/","title":{"rendered":"Postani \u010dlan!"},"content":{"rendered":"<p>\u010clanstvo u Knji\u017enici stje\u010de se upisom u \u010dlanstvo Knji\u017enice i pla\u0107anjem \u010dlanarine. \u010clan je du\u017ean popuniti i potpisati Pristupnicu:<\/p>\n<ul>\n<li><a href=\"https:\/\/drive.google.com\/file\/d\/1MJaxaB20T7RXUsS9Jfr_mq8NJcNApl9b\/view?usp=drive_link\" target=\"_blank\" rel=\"noopener\">Pristupnica za u\u010dlanjenje \u2013 odrasli (stariji od 16 god.)<\/a><\/li>\n<li><a href=\"https:\/\/drive.google.com\/file\/d\/1x-Y23Z6wJ4t1sB6-8uwcgkorQNhI9S_n\/view?usp=sharing\" target=\"_blank\" rel=\"noopener\">Pristupnica za u\u010dlanjenje \u2013 djeca (mla\u0111i od 16 god.)<\/a><\/li>\n<\/ul>\n<p>Prilikom upisa predo\u010duje se valjani osobni dokument u kojem se nalaze podaci o prebivali\u0161tu, OIB i datum ro\u0111enja, (osobna iskaznica, u\u010deni\u010dka knji\u017eica, indeks, putovnica ili neki drugi dokument).<br \/>\nOsobni podaci \u010dlana koriste se za potrebe Knji\u017enice i u skladu sa zakonskim propisima koji ure\u0111uju to podru\u010dje. O svakoj promjeni podataka \u010dlan je du\u017ean obavijestiti Knji\u017enicu.<\/p>\n<p>Za upis i obnovu upisa u Knji\u017enicu napla\u0107uje se <a href=\"http:\/\/knjiznice.nsk.hr\/ploce\/cjenik\/\" target=\"_blank\" rel=\"noopener\">\u010dlanarina<\/a> koju odre\u0111uje ravnatelj za svaku kategoriju \u010dlanstva: (pred\u0161kolci, studenti, u\u010denici, umirovljenici, nezaposleni, socijalno ugro\u017eene osobe, invalidi, obiteljska u\u010dlanjenja \u2013 za vi\u0161e \u010dlanova jedne obitelji, turisti). Prilikom obnove upisa obavezno provjeriti kategoriju \u010dlanstva.<\/p>\n<p>Invalidi i korisnici Centra za socijalnu skrb imaju pravo na besplatno u\u010dlanjenje.<\/p>\n<p>Pravo na povoljniju godi\u0161nju \u010dlanarinu ostvaruje se uz predo\u010denje odgovaraju\u0107eg dokumenta koji potvr\u0111uje status kategorije \u010dlana.<\/p>\n<p>Upisnina vrijedi 1 godinu (jednu godinu) odnosno 365 dana od dana upisa ili na rok od tri mjeseca, odnosno do 90 dana<\/p>\n<p>Istekom roka iz prethodnog stavka, \u010dlan obnavlja upis ili mu prestaje \u010dlanstvo u Knji\u017enici.<\/p>\n<p>Na temelju upisa \u010dlan dobiva \u010dlansku iskaznicu Knji\u017enice.<\/p>\n","protected":false},"excerpt":{"rendered":"<p>\u010clanstvo u Knji\u017enici stje\u010de se upisom u \u010dlanstvo Knji\u017enice i pla\u0107anjem \u010dlanarine. \u010clan je du\u017ean popuniti i potpisati Pristupnicu: Pristupnica za u\u010dlanjenje \u2013 odrasli (stariji od 16 god.) Pristupnica za u\u010dlanjenje \u2013 djeca (mla\u0111i od 16 god.) Prilikom upisa predo\u010duje se valjani osobni dokument u kojem se nalaze podaci o prebivali\u0161tu, OIB i datum ro\u0111enja, [&hellip;]<\/p>\n","protected":false},"author":89,"featured_media":0,"parent":0,"menu_order":0,"comment_status":"closed","ping_status":"closed","template":"","meta":{"ngg_post_thumbnail":0},"yoast_head":"<!-- This site is optimized with the Yoast SEO plugin v16.4 - https:\/\/yoast.com\/wordpress\/plugins\/seo\/ -->\n<meta name=\"description\" content=\"\u010clanstvo u Knji\u017enici stje\u010de se upisom u \u010dlanstvo Knji\u017enice i pla\u0107anjem \u010dlanarine. \u010clan je du\u017ean popuniti i potpisati Pristupnicu.\" \/>\n<meta name=\"robots\" content=\"index, follow, max-snippet:-1, max-image-preview:large, max-video-preview:-1\" \/>\n<link rel=\"canonical\" href=\"https:\/\/knjiznice.nsk.hr\/ploce\/postani-clan\/\" \/>\n<meta property=\"og:locale\" content=\"hr_HR\" \/>\n<meta property=\"og:type\" content=\"article\" \/>\n<meta property=\"og:title\" content=\"Postani \u010dlan! - Narodna knji\u017enica Plo\u010de\" \/>\n<meta property=\"og:description\" content=\"\u010clanstvo u Knji\u017enici stje\u010de se upisom u \u010dlanstvo Knji\u017enice i pla\u0107anjem \u010dlanarine. \u010clan je du\u017ean popuniti i potpisati Pristupnicu.\" \/>\n<meta property=\"og:url\" content=\"https:\/\/knjiznice.nsk.hr\/ploce\/postani-clan\/\" \/>\n<meta property=\"og:site_name\" content=\"Narodna knji\u017enica Plo\u010de\" \/>\n<meta property=\"article:publisher\" content=\"https:\/\/www.facebook.com\/narodnaknjiznica.ploce\/\" \/>\n<meta property=\"article:modified_time\" content=\"2023-07-26T12:37:45+00:00\" \/>\n<meta name=\"twitter:label1\" content=\"Procijenjeno vrijeme \u010ditanja\" \/>\n\t<meta name=\"twitter:data1\" content=\"1 minuta\" \/>\n<script type=\"application\/ld+json\" class=\"yoast-schema-graph\">{\"@context\":\"https:\/\/schema.org\",\"@graph\":[{\"@type\":\"Organization\",\"@id\":\"http:\/\/knjiznice.nsk.hr\/ploce\/#organization\",\"name\":\"Narodna knji\\u017enica Plo\\u010de\",\"url\":\"http:\/\/knjiznice.nsk.hr\/ploce\/\",\"sameAs\":[\"https:\/\/www.facebook.com\/narodnaknjiznica.ploce\/\"],\"logo\":{\"@type\":\"ImageObject\",\"@id\":\"http:\/\/knjiznice.nsk.hr\/ploce\/#logo\",\"inLanguage\":\"hr\",\"url\":\"http:\/\/knjiznice.nsk.hr\/ploce\/wp-content\/uploads\/sites\/74\/2015\/09\/logo_1.png\",\"contentUrl\":\"http:\/\/knjiznice.nsk.hr\/ploce\/wp-content\/uploads\/sites\/74\/2015\/09\/logo_1.png\",\"width\":861,\"height\":503,\"caption\":\"Narodna knji\\u017enica Plo\\u010de\"},\"image\":{\"@id\":\"http:\/\/knjiznice.nsk.hr\/ploce\/#logo\"}},{\"@type\":\"WebSite\",\"@id\":\"http:\/\/knjiznice.nsk.hr\/ploce\/#website\",\"url\":\"http:\/\/knjiznice.nsk.hr\/ploce\/\",\"name\":\"Narodna knji\\u017enica Plo\\u010de\",\"description\":\"\",\"publisher\":{\"@id\":\"http:\/\/knjiznice.nsk.hr\/ploce\/#organization\"},\"potentialAction\":[{\"@type\":\"SearchAction\",\"target\":\"http:\/\/knjiznice.nsk.hr\/ploce\/?s={search_term_string}\",\"query-input\":\"required name=search_term_string\"}],\"inLanguage\":\"hr\"},{\"@type\":\"WebPage\",\"@id\":\"https:\/\/knjiznice.nsk.hr\/ploce\/postani-clan\/#webpage\",\"url\":\"https:\/\/knjiznice.nsk.hr\/ploce\/postani-clan\/\",\"name\":\"Postani \\u010dlan! - Narodna knji\\u017enica Plo\\u010de\",\"isPartOf\":{\"@id\":\"http:\/\/knjiznice.nsk.hr\/ploce\/#website\"},\"datePublished\":\"2023-07-20T12:10:42+00:00\",\"dateModified\":\"2023-07-26T12:37:45+00:00\",\"description\":\"\\u010clanstvo u Knji\\u017enici stje\\u010de se upisom u \\u010dlanstvo Knji\\u017enice i pla\\u0107anjem \\u010dlanarine. \\u010clan je du\\u017ean popuniti i potpisati Pristupnicu.\",\"breadcrumb\":{\"@id\":\"https:\/\/knjiznice.nsk.hr\/ploce\/postani-clan\/#breadcrumb\"},\"inLanguage\":\"hr\",\"potentialAction\":[{\"@type\":\"ReadAction\",\"target\":[\"https:\/\/knjiznice.nsk.hr\/ploce\/postani-clan\/\"]}]},{\"@type\":\"BreadcrumbList\",\"@id\":\"https:\/\/knjiznice.nsk.hr\/ploce\/postani-clan\/#breadcrumb\",\"itemListElement\":[{\"@type\":\"ListItem\",\"position\":1,\"item\":{\"@type\":\"WebPage\",\"@id\":\"http:\/\/knjiznice.nsk.hr\/ploce\/\",\"url\":\"http:\/\/knjiznice.nsk.hr\/ploce\/\",\"name\":\"Po\\u010detna stranica\"}},{\"@type\":\"ListItem\",\"position\":2,\"item\":{\"@id\":\"https:\/\/knjiznice.nsk.hr\/ploce\/postani-clan\/#webpage\"}}]}]}<\/script>\n<!-- \/ Yoast SEO plugin. -->","_links":{"self":[{"href":"https:\/\/knjiznice.nsk.hr\/ploce\/wp-json\/wp\/v2\/pages\/8436"}],"collection":[{"href":"https:\/\/knjiznice.nsk.hr\/ploce\/wp-json\/wp\/v2\/pages"}],"about":[{"href":"https:\/\/knjiznice.nsk.hr\/ploce\/wp-json\/wp\/v2\/types\/page"}],"author":[{"embeddable":true,"href":"https:\/\/knjiznice.nsk.hr\/ploce\/wp-json\/wp\/v2\/users\/89"}],"replies":[{"embeddable":true,"href":"https:\/\/knjiznice.nsk.hr\/ploce\/wp-json\/wp\/v2\/comments?post=8436"}],"version-history":[{"count":2,"href":"https:\/\/knjiznice.nsk.hr\/ploce\/wp-json\/wp\/v2\/pages\/8436\/revisions"}],"predecessor-version":[{"id":8441,"href":"https:\/\/knjiznice.nsk.hr\/ploce\/wp-json\/wp\/v2\/pages\/8436\/revisions\/8441"}],"wp:attachment":[{"href":"https:\/\/knjiznice.nsk.hr\/ploce\/wp-json\/wp\/v2\/media?parent=8436"}],"curies":[{"name":"wp","href":"https:\/\/api.w.org\/{rel}","templated":true}]}}