{"id":6441,"date":"2021-09-13T13:04:17","date_gmt":"2021-09-13T11:04:17","guid":{"rendered":"http:\/\/knjiznice.nsk.hr\/ploce\/?page_id=6441"},"modified":"2023-07-26T14:37:00","modified_gmt":"2023-07-26T12:37:00","slug":"zastita-osobnih-podataka","status":"publish","type":"page","link":"https:\/\/knjiznice.nsk.hr\/ploce\/knjiznica\/zastita-osobnih-podataka\/","title":{"rendered":"Za\u0161tita osobnih podataka"},"content":{"rendered":"<ul>\n<li><a href=\"https:\/\/drive.google.com\/file\/d\/14-Vx2MvTsz90zuLdBCHogJ3rGb5991W4\/view\" target=\"_blank\" rel=\"noopener\">Obavijest o privatnosti i objavljivanju fotografija<\/a><\/li>\n<li><a href=\"https:\/\/drive.google.com\/file\/d\/1MJaxaB20T7RXUsS9Jfr_mq8NJcNApl9b\/view?usp=sharing\" target=\"_blank\" rel=\"noopener noreferrer\" data-wahfont=\"16\">Pristupnica za \u010dlanstvo u Narodnoj knji\u017enici Plo\u010de (stariji od 16 god.)<\/a><\/li>\n<li><a href=\"https:\/\/drive.google.com\/file\/d\/1x-Y23Z6wJ4t1sB6-8uwcgkorQNhI9S_n\/view?usp=sharing\" target=\"_blank\" rel=\"noopener noreferrer\" data-wahfont=\"16\">Pristupnica za \u010dlanstvo u Narodnoj knji\u017enici Plo\u010de (mla\u0111i od 16 god.)<\/a><\/li>\n<\/ul>\n","protected":false},"excerpt":{"rendered":"<p>Obavijest o privatnosti i objavljivanju fotografija Pristupnica za \u010dlanstvo u Narodnoj knji\u017enici Plo\u010de (stariji od 16 god.) Pristupnica za \u010dlanstvo u Narodnoj knji\u017enici Plo\u010de (mla\u0111i od 16 god.)<\/p>\n","protected":false},"author":89,"featured_media":0,"parent":132,"menu_order":0,"comment_status":"closed","ping_status":"closed","template":"","meta":{"ngg_post_thumbnail":0},"yoast_head":"<!-- This site is optimized with the Yoast SEO plugin v16.4 - https:\/\/yoast.com\/wordpress\/plugins\/seo\/ -->\n<meta name=\"robots\" content=\"index, follow, max-snippet:-1, max-image-preview:large, max-video-preview:-1\" \/>\n<link rel=\"canonical\" href=\"https:\/\/knjiznice.nsk.hr\/ploce\/knjiznica\/zastita-osobnih-podataka\/\" \/>\n<meta property=\"og:locale\" content=\"hr_HR\" \/>\n<meta property=\"og:type\" content=\"article\" \/>\n<meta property=\"og:title\" content=\"Za\u0161tita osobnih podataka - Narodna knji\u017enica Plo\u010de\" \/>\n<meta property=\"og:description\" content=\"Obavijest o privatnosti i objavljivanju fotografija Pristupnica za \u010dlanstvo u Narodnoj knji\u017enici Plo\u010de (stariji od 16 god.) Pristupnica za \u010dlanstvo u Narodnoj knji\u017enici Plo\u010de (mla\u0111i od 16 god.)\" \/>\n<meta property=\"og:url\" content=\"https:\/\/knjiznice.nsk.hr\/ploce\/knjiznica\/zastita-osobnih-podataka\/\" \/>\n<meta property=\"og:site_name\" content=\"Narodna knji\u017enica Plo\u010de\" \/>\n<meta property=\"article:publisher\" content=\"https:\/\/www.facebook.com\/narodnaknjiznica.ploce\/\" \/>\n<meta property=\"article:modified_time\" content=\"2023-07-26T12:37:00+00:00\" \/>\n<meta name=\"twitter:label1\" content=\"Procijenjeno vrijeme \u010ditanja\" \/>\n\t<meta name=\"twitter:data1\" content=\"1 minuta\" \/>\n<script type=\"application\/ld+json\" class=\"yoast-schema-graph\">{\"@context\":\"https:\/\/schema.org\",\"@graph\":[{\"@type\":\"Organization\",\"@id\":\"https:\/\/knjiznice.nsk.hr\/ploce\/#organization\",\"name\":\"Narodna knji\\u017enica Plo\\u010de\",\"url\":\"https:\/\/knjiznice.nsk.hr\/ploce\/\",\"sameAs\":[\"https:\/\/www.facebook.com\/narodnaknjiznica.ploce\/\"],\"logo\":{\"@type\":\"ImageObject\",\"@id\":\"https:\/\/knjiznice.nsk.hr\/ploce\/#logo\",\"inLanguage\":\"hr\",\"url\":\"http:\/\/knjiznice.nsk.hr\/ploce\/wp-content\/uploads\/sites\/74\/2015\/09\/logo_1.png\",\"contentUrl\":\"http:\/\/knjiznice.nsk.hr\/ploce\/wp-content\/uploads\/sites\/74\/2015\/09\/logo_1.png\",\"width\":861,\"height\":503,\"caption\":\"Narodna knji\\u017enica Plo\\u010de\"},\"image\":{\"@id\":\"https:\/\/knjiznice.nsk.hr\/ploce\/#logo\"}},{\"@type\":\"WebSite\",\"@id\":\"https:\/\/knjiznice.nsk.hr\/ploce\/#website\",\"url\":\"https:\/\/knjiznice.nsk.hr\/ploce\/\",\"name\":\"Narodna knji\\u017enica Plo\\u010de\",\"description\":\"\",\"publisher\":{\"@id\":\"https:\/\/knjiznice.nsk.hr\/ploce\/#organization\"},\"potentialAction\":[{\"@type\":\"SearchAction\",\"target\":\"https:\/\/knjiznice.nsk.hr\/ploce\/?s={search_term_string}\",\"query-input\":\"required name=search_term_string\"}],\"inLanguage\":\"hr\"},{\"@type\":\"WebPage\",\"@id\":\"https:\/\/knjiznice.nsk.hr\/ploce\/knjiznica\/zastita-osobnih-podataka\/#webpage\",\"url\":\"https:\/\/knjiznice.nsk.hr\/ploce\/knjiznica\/zastita-osobnih-podataka\/\",\"name\":\"Za\\u0161tita osobnih podataka - Narodna knji\\u017enica Plo\\u010de\",\"isPartOf\":{\"@id\":\"https:\/\/knjiznice.nsk.hr\/ploce\/#website\"},\"datePublished\":\"2021-09-13T11:04:17+00:00\",\"dateModified\":\"2023-07-26T12:37:00+00:00\",\"breadcrumb\":{\"@id\":\"https:\/\/knjiznice.nsk.hr\/ploce\/knjiznica\/zastita-osobnih-podataka\/#breadcrumb\"},\"inLanguage\":\"hr\",\"potentialAction\":[{\"@type\":\"ReadAction\",\"target\":[\"https:\/\/knjiznice.nsk.hr\/ploce\/knjiznica\/zastita-osobnih-podataka\/\"]}]},{\"@type\":\"BreadcrumbList\",\"@id\":\"https:\/\/knjiznice.nsk.hr\/ploce\/knjiznica\/zastita-osobnih-podataka\/#breadcrumb\",\"itemListElement\":[{\"@type\":\"ListItem\",\"position\":1,\"item\":{\"@type\":\"WebPage\",\"@id\":\"https:\/\/knjiznice.nsk.hr\/ploce\/\",\"url\":\"https:\/\/knjiznice.nsk.hr\/ploce\/\",\"name\":\"Po\\u010detna stranica\"}},{\"@type\":\"ListItem\",\"position\":2,\"item\":{\"@type\":\"WebPage\",\"@id\":\"http:\/\/knjiznice.nsk.hr\/ploce\/knjiznica\/\",\"url\":\"http:\/\/knjiznice.nsk.hr\/ploce\/knjiznica\/\",\"name\":\"Knji\\u017enica\"}},{\"@type\":\"ListItem\",\"position\":3,\"item\":{\"@id\":\"https:\/\/knjiznice.nsk.hr\/ploce\/knjiznica\/zastita-osobnih-podataka\/#webpage\"}}]}]}<\/script>\n<!-- \/ Yoast SEO plugin. -->","_links":{"self":[{"href":"https:\/\/knjiznice.nsk.hr\/ploce\/wp-json\/wp\/v2\/pages\/6441"}],"collection":[{"href":"https:\/\/knjiznice.nsk.hr\/ploce\/wp-json\/wp\/v2\/pages"}],"about":[{"href":"https:\/\/knjiznice.nsk.hr\/ploce\/wp-json\/wp\/v2\/types\/page"}],"author":[{"embeddable":true,"href":"https:\/\/knjiznice.nsk.hr\/ploce\/wp-json\/wp\/v2\/users\/89"}],"replies":[{"embeddable":true,"href":"https:\/\/knjiznice.nsk.hr\/ploce\/wp-json\/wp\/v2\/comments?post=6441"}],"version-history":[{"count":6,"href":"https:\/\/knjiznice.nsk.hr\/ploce\/wp-json\/wp\/v2\/pages\/6441\/revisions"}],"predecessor-version":[{"id":8440,"href":"https:\/\/knjiznice.nsk.hr\/ploce\/wp-json\/wp\/v2\/pages\/6441\/revisions\/8440"}],"up":[{"embeddable":true,"href":"https:\/\/knjiznice.nsk.hr\/ploce\/wp-json\/wp\/v2\/pages\/132"}],"wp:attachment":[{"href":"https:\/\/knjiznice.nsk.hr\/ploce\/wp-json\/wp\/v2\/media?parent=6441"}],"curies":[{"name":"wp","href":"https:\/\/api.w.org\/{rel}","templated":true}]}}