{"id":6139,"date":"2021-08-25T14:00:02","date_gmt":"2021-08-25T12:00:02","guid":{"rendered":"http:\/\/knjiznice.nsk.hr\/ploce\/?page_id=6139"},"modified":"2021-08-25T14:09:46","modified_gmt":"2021-08-25T12:09:46","slug":"dogadanja-2020","status":"publish","type":"page","link":"https:\/\/knjiznice.nsk.hr\/ploce\/galerija\/dogadanja-2020\/","title":{"rendered":"Doga\u0111anja 2020."},"content":{"rendered":"<p><div class=\"ngg-albumoverview\">\n            <div class=\"ngg-album-compact\">\n            <div class=\"ngg-album-compactbox\">\n                <div class=\"ngg-album-link\">\n                                        <a title='Mjesec hrvatske knjige 2020.'\n                       href='https:\/\/knjiznice.nsk.hr\/ploce\/galerija\/dogadanja-2020\/nggallery\/mjesec-hrvatske-knjige-2020'>\n                        <img class=\"Thumb\"\n                             alt=\"Mjesec hrvatske knjige 2020.\"\n                             src=\"https:\/\/knjiznice.nsk.hr\/ploce\/wp-content\/uploads\/sites\/74\/nggallery\/predstavljanje-knjige-karavana\/cache\/DSC_4169_sm.jpg-nggid041033-ngg0dyn-240x160x100-00f0w010c011r110f110r010t010.jpg\"\/>\n                    <\/a>\n                                    <\/div>\n            <\/div>\n                        <h4>\n                <a class='ngg-album-desc' title='Mjesec hrvatske knjige 2020.'\n                       href='https:\/\/knjiznice.nsk.hr\/ploce\/galerija\/dogadanja-2020\/nggallery\/mjesec-hrvatske-knjige-2020'style=\"max-width: 260px\">Mjesec hrvatske knjige 2020.<\/a>\n            <\/h4>\n            <p class=\"ngg-album-gallery-image-counter\">\n                                    &nbsp;\n                            <\/p>\n        <\/div>\n        <br class=\"ngg-clear\"\/>\n    <div class='ngg-clear'><\/div><\/div>\n<a href=\"http:\/\/knjiznice.nsk.hr\/ploce\/galerija\/\">&lt;&lt; Natrag na GALERIJU<\/a><\/p>\n","protected":false},"excerpt":{"rendered":"<p>&lt;&lt; Natrag na GALERIJU<\/p>\n","protected":false},"author":89,"featured_media":0,"parent":53,"menu_order":7,"comment_status":"closed","ping_status":"closed","template":"","meta":{"ngg_post_thumbnail":0},"yoast_head":"<!-- This site is optimized with the Yoast SEO plugin v16.4 - https:\/\/yoast.com\/wordpress\/plugins\/seo\/ -->\n<meta name=\"robots\" content=\"index, follow, max-snippet:-1, max-image-preview:large, max-video-preview:-1\" \/>\n<link rel=\"canonical\" href=\"https:\/\/knjiznice.nsk.hr\/ploce\/galerija\/dogadanja-2020\/\" \/>\n<meta property=\"og:locale\" content=\"hr_HR\" \/>\n<meta property=\"og:type\" content=\"article\" \/>\n<meta property=\"og:title\" content=\"Doga\u0111anja 2020. - Narodna knji\u017enica Plo\u010de\" \/>\n<meta property=\"og:description\" content=\"&lt;&lt; Natrag na GALERIJU\" \/>\n<meta property=\"og:url\" content=\"https:\/\/knjiznice.nsk.hr\/ploce\/galerija\/dogadanja-2020\/\" \/>\n<meta property=\"og:site_name\" content=\"Narodna knji\u017enica Plo\u010de\" \/>\n<meta property=\"article:publisher\" content=\"https:\/\/www.facebook.com\/narodnaknjiznica.ploce\/\" \/>\n<meta property=\"article:modified_time\" content=\"2021-08-25T12:09:46+00:00\" \/>\n<meta name=\"twitter:label1\" content=\"Procijenjeno vrijeme \u010ditanja\" \/>\n\t<meta name=\"twitter:data1\" content=\"1 minuta\" \/>\n<script type=\"application\/ld+json\" class=\"yoast-schema-graph\">{\"@context\":\"https:\/\/schema.org\",\"@graph\":[{\"@type\":\"Organization\",\"@id\":\"https:\/\/knjiznice.nsk.hr\/ploce\/#organization\",\"name\":\"Narodna knji\\u017enica Plo\\u010de\",\"url\":\"https:\/\/knjiznice.nsk.hr\/ploce\/\",\"sameAs\":[\"https:\/\/www.facebook.com\/narodnaknjiznica.ploce\/\"],\"logo\":{\"@type\":\"ImageObject\",\"@id\":\"https:\/\/knjiznice.nsk.hr\/ploce\/#logo\",\"inLanguage\":\"hr\",\"url\":\"http:\/\/knjiznice.nsk.hr\/ploce\/wp-content\/uploads\/sites\/74\/2015\/09\/logo_1.png\",\"contentUrl\":\"http:\/\/knjiznice.nsk.hr\/ploce\/wp-content\/uploads\/sites\/74\/2015\/09\/logo_1.png\",\"width\":861,\"height\":503,\"caption\":\"Narodna knji\\u017enica Plo\\u010de\"},\"image\":{\"@id\":\"https:\/\/knjiznice.nsk.hr\/ploce\/#logo\"}},{\"@type\":\"WebSite\",\"@id\":\"https:\/\/knjiznice.nsk.hr\/ploce\/#website\",\"url\":\"https:\/\/knjiznice.nsk.hr\/ploce\/\",\"name\":\"Narodna knji\\u017enica Plo\\u010de\",\"description\":\"\",\"publisher\":{\"@id\":\"https:\/\/knjiznice.nsk.hr\/ploce\/#organization\"},\"potentialAction\":[{\"@type\":\"SearchAction\",\"target\":\"https:\/\/knjiznice.nsk.hr\/ploce\/?s={search_term_string}\",\"query-input\":\"required name=search_term_string\"}],\"inLanguage\":\"hr\"},{\"@type\":\"WebPage\",\"@id\":\"https:\/\/knjiznice.nsk.hr\/ploce\/galerija\/dogadanja-2020\/#webpage\",\"url\":\"https:\/\/knjiznice.nsk.hr\/ploce\/galerija\/dogadanja-2020\/\",\"name\":\"Doga\\u0111anja 2020. - Narodna knji\\u017enica Plo\\u010de\",\"isPartOf\":{\"@id\":\"https:\/\/knjiznice.nsk.hr\/ploce\/#website\"},\"datePublished\":\"2021-08-25T12:00:02+00:00\",\"dateModified\":\"2021-08-25T12:09:46+00:00\",\"breadcrumb\":{\"@id\":\"https:\/\/knjiznice.nsk.hr\/ploce\/galerija\/dogadanja-2020\/#breadcrumb\"},\"inLanguage\":\"hr\",\"potentialAction\":[{\"@type\":\"ReadAction\",\"target\":[\"https:\/\/knjiznice.nsk.hr\/ploce\/galerija\/dogadanja-2020\/\"]}]},{\"@type\":\"BreadcrumbList\",\"@id\":\"https:\/\/knjiznice.nsk.hr\/ploce\/galerija\/dogadanja-2020\/#breadcrumb\",\"itemListElement\":[{\"@type\":\"ListItem\",\"position\":1,\"item\":{\"@type\":\"WebPage\",\"@id\":\"https:\/\/knjiznice.nsk.hr\/ploce\/\",\"url\":\"https:\/\/knjiznice.nsk.hr\/ploce\/\",\"name\":\"Po\\u010detna stranica\"}},{\"@type\":\"ListItem\",\"position\":2,\"item\":{\"@type\":\"WebPage\",\"@id\":\"https:\/\/knjiznice.nsk.hr\/ploce\/galerija\/\",\"url\":\"https:\/\/knjiznice.nsk.hr\/ploce\/galerija\/\",\"name\":\"Galerija\"}},{\"@type\":\"ListItem\",\"position\":3,\"item\":{\"@id\":\"https:\/\/knjiznice.nsk.hr\/ploce\/galerija\/dogadanja-2020\/#webpage\"}}]}]}<\/script>\n<!-- \/ Yoast SEO plugin. -->","_links":{"self":[{"href":"https:\/\/knjiznice.nsk.hr\/ploce\/wp-json\/wp\/v2\/pages\/6139"}],"collection":[{"href":"https:\/\/knjiznice.nsk.hr\/ploce\/wp-json\/wp\/v2\/pages"}],"about":[{"href":"https:\/\/knjiznice.nsk.hr\/ploce\/wp-json\/wp\/v2\/types\/page"}],"author":[{"embeddable":true,"href":"https:\/\/knjiznice.nsk.hr\/ploce\/wp-json\/wp\/v2\/users\/89"}],"replies":[{"embeddable":true,"href":"https:\/\/knjiznice.nsk.hr\/ploce\/wp-json\/wp\/v2\/comments?post=6139"}],"version-history":[{"count":2,"href":"https:\/\/knjiznice.nsk.hr\/ploce\/wp-json\/wp\/v2\/pages\/6139\/revisions"}],"predecessor-version":[{"id":6165,"href":"https:\/\/knjiznice.nsk.hr\/ploce\/wp-json\/wp\/v2\/pages\/6139\/revisions\/6165"}],"up":[{"embeddable":true,"href":"https:\/\/knjiznice.nsk.hr\/ploce\/wp-json\/wp\/v2\/pages\/53"}],"wp:attachment":[{"href":"https:\/\/knjiznice.nsk.hr\/ploce\/wp-json\/wp\/v2\/media?parent=6139"}],"curies":[{"name":"wp","href":"https:\/\/api.w.org\/{rel}","templated":true}]}}