{"id":53,"date":"2015-05-14T10:03:03","date_gmt":"2015-05-14T10:03:03","guid":{"rendered":"http:\/\/knjiznice.nsk.hr\/ploce\/?page_id=53"},"modified":"2021-08-26T13:09:35","modified_gmt":"2021-08-26T11:09:35","slug":"galerija","status":"publish","type":"page","link":"https:\/\/knjiznice.nsk.hr\/ploce\/galerija\/","title":{"rendered":"Galerija"},"content":{"rendered":"<!-- index.php -->\n<div\n\tclass=\"ngg-galleryoverview ngg-ajax-pagination-none\"\n\tid=\"ngg-gallery-8dbd8a7e6a9e4c2a73ca2078df4ca557-1\">\n\n    \t<div class=\"slideshowlink\">\n        <a href='https:\/\/knjiznice.nsk.hr\/ploce\/galerija\/nggallery\/slideshow'>&#091;Show slideshow&#093;<\/a>\n\t\t\n\t<\/div>\n\t\t\t<!-- Thumbnails -->\n\t\t\t\t<div id=\"ngg-image-0\" class=\"ngg-gallery-thumbnail-box\" >\n\t\t\t\t        <div class=\"ngg-gallery-thumbnail\">\n            <a href=\"https:\/\/knjiznice.nsk.hr\/ploce\/wp-content\/uploads\/sites\/74\/nggallery\/vridne-ruke-julije-kaleb\/IMG_4980.jpg\"\n               title=\"\"\n               data-src=\"https:\/\/knjiznice.nsk.hr\/ploce\/wp-content\/uploads\/sites\/74\/nggallery\/vridne-ruke-julije-kaleb\/IMG_4980.jpg\"\n               data-thumbnail=\"https:\/\/knjiznice.nsk.hr\/ploce\/wp-content\/uploads\/sites\/74\/nggallery\/vridne-ruke-julije-kaleb\/thumbs\/thumbs_IMG_4980.jpg\"\n               data-image-id=\"51\"\n               data-title=\"IMG_4980\"\n               data-description=\"\"\n               data-image-slug=\"img_4980\"\n               class=\"ngg-fancybox\" rel=\"8dbd8a7e6a9e4c2a73ca2078df4ca557\">\n                <img\n                    title=\"IMG_4980\"\n                    alt=\"IMG_4980\"\n                    src=\"https:\/\/knjiznice.nsk.hr\/ploce\/wp-content\/uploads\/sites\/74\/nggallery\/vridne-ruke-julije-kaleb\/thumbs\/thumbs_IMG_4980.jpg\"\n                    width=\"120\"\n                    height=\"90\"\n                    style=\"max-width:100%;\"\n                \/>\n            <\/a>\n        <\/div>\n\t\t\t\t\t\t\t<\/div> \n\t\t\t\n        \n\t\t\t\t<div id=\"ngg-image-1\" class=\"ngg-gallery-thumbnail-box\" >\n\t\t\t\t        <div class=\"ngg-gallery-thumbnail\">\n            <a href=\"https:\/\/knjiznice.nsk.hr\/ploce\/wp-content\/uploads\/sites\/74\/nggallery\/anita-supe-istine-i-lazi-o-hrani\/DSC_7736_sm.jpg\"\n               title=\"\"\n               data-src=\"https:\/\/knjiznice.nsk.hr\/ploce\/wp-content\/uploads\/sites\/74\/nggallery\/anita-supe-istine-i-lazi-o-hrani\/DSC_7736_sm.jpg\"\n               data-thumbnail=\"https:\/\/knjiznice.nsk.hr\/ploce\/wp-content\/uploads\/sites\/74\/nggallery\/anita-supe-istine-i-lazi-o-hrani\/thumbs\/thumbs_DSC_7736_sm.jpg\"\n               data-image-id=\"100\"\n               data-title=\"DSC_7736_sm\"\n               data-description=\"\"\n               data-image-slug=\"dsc_7736_sm\"\n               class=\"ngg-fancybox\" rel=\"8dbd8a7e6a9e4c2a73ca2078df4ca557\">\n                <img\n                    title=\"DSC_7736_sm\"\n                    alt=\"DSC_7736_sm\"\n                    src=\"https:\/\/knjiznice.nsk.hr\/ploce\/wp-content\/uploads\/sites\/74\/nggallery\/anita-supe-istine-i-lazi-o-hrani\/thumbs\/thumbs_DSC_7736_sm.jpg\"\n                    width=\"120\"\n                    height=\"90\"\n                    style=\"max-width:100%;\"\n                \/>\n            <\/a>\n        <\/div>\n\t\t\t\t\t\t\t<\/div> \n\t\t\t\n        \n\t\t\t\t<div id=\"ngg-image-2\" class=\"ngg-gallery-thumbnail-box\" >\n\t\t\t\t        <div class=\"ngg-gallery-thumbnail\">\n            <a href=\"https:\/\/knjiznice.nsk.hr\/ploce\/wp-content\/uploads\/sites\/74\/nggallery\/svjetlost-u-rijecima-radost-u-srcima\/DSC02167.JPG\"\n               title=\"\"\n               data-src=\"https:\/\/knjiznice.nsk.hr\/ploce\/wp-content\/uploads\/sites\/74\/nggallery\/svjetlost-u-rijecima-radost-u-srcima\/DSC02167.JPG\"\n               data-thumbnail=\"https:\/\/knjiznice.nsk.hr\/ploce\/wp-content\/uploads\/sites\/74\/nggallery\/svjetlost-u-rijecima-radost-u-srcima\/thumbs\/thumbs_DSC02167.JPG\"\n               data-image-id=\"129\"\n               data-title=\"DSC02167\"\n               data-description=\"\"\n               data-image-slug=\"dsc02167\"\n               class=\"ngg-fancybox\" rel=\"8dbd8a7e6a9e4c2a73ca2078df4ca557\">\n                <img\n                    title=\"DSC02167\"\n                    alt=\"DSC02167\"\n                    src=\"https:\/\/knjiznice.nsk.hr\/ploce\/wp-content\/uploads\/sites\/74\/nggallery\/svjetlost-u-rijecima-radost-u-srcima\/thumbs\/thumbs_DSC02167.JPG\"\n                    width=\"120\"\n                    height=\"90\"\n                    style=\"max-width:100%;\"\n                \/>\n            <\/a>\n        <\/div>\n\t\t\t\t\t\t\t<\/div> \n\t\t\t\n        \n\t\t\t\t<div id=\"ngg-image-3\" class=\"ngg-gallery-thumbnail-box\" >\n\t\t\t\t        <div class=\"ngg-gallery-thumbnail\">\n            <a href=\"https:\/\/knjiznice.nsk.hr\/ploce\/wp-content\/uploads\/sites\/74\/nggallery\/radionica-izrade-maski\/DSC02303.JPG\"\n               title=\"\"\n               data-src=\"https:\/\/knjiznice.nsk.hr\/ploce\/wp-content\/uploads\/sites\/74\/nggallery\/radionica-izrade-maski\/DSC02303.JPG\"\n               data-thumbnail=\"https:\/\/knjiznice.nsk.hr\/ploce\/wp-content\/uploads\/sites\/74\/nggallery\/radionica-izrade-maski\/thumbs\/thumbs_DSC02303.JPG\"\n               data-image-id=\"170\"\n               data-title=\"DSC02303\"\n               data-description=\"\"\n               data-image-slug=\"dsc02303\"\n               class=\"ngg-fancybox\" rel=\"8dbd8a7e6a9e4c2a73ca2078df4ca557\">\n                <img\n                    title=\"DSC02303\"\n                    alt=\"DSC02303\"\n                    src=\"https:\/\/knjiznice.nsk.hr\/ploce\/wp-content\/uploads\/sites\/74\/nggallery\/radionica-izrade-maski\/thumbs\/thumbs_DSC02303.JPG\"\n                    width=\"120\"\n                    height=\"90\"\n                    style=\"max-width:100%;\"\n                \/>\n            <\/a>\n        <\/div>\n\t\t\t\t\t\t\t<\/div> \n\t\t\t\n        \n\t\t\t\t<div id=\"ngg-image-4\" class=\"ngg-gallery-thumbnail-box\" >\n\t\t\t\t        <div class=\"ngg-gallery-thumbnail\">\n            <a href=\"https:\/\/knjiznice.nsk.hr\/ploce\/wp-content\/uploads\/sites\/74\/nggallery\/opleti-prema-jugu\/DSC00536.JPG\"\n               title=\"\"\n               data-src=\"https:\/\/knjiznice.nsk.hr\/ploce\/wp-content\/uploads\/sites\/74\/nggallery\/opleti-prema-jugu\/DSC00536.JPG\"\n               data-thumbnail=\"https:\/\/knjiznice.nsk.hr\/ploce\/wp-content\/uploads\/sites\/74\/nggallery\/opleti-prema-jugu\/thumbs\/thumbs_DSC00536.JPG\"\n               data-image-id=\"609\"\n               data-title=\"DSC00536\"\n               data-description=\"\"\n               data-image-slug=\"dsc00536\"\n               class=\"ngg-fancybox\" rel=\"8dbd8a7e6a9e4c2a73ca2078df4ca557\">\n                <img\n                    title=\"DSC00536\"\n                    alt=\"DSC00536\"\n                    src=\"https:\/\/knjiznice.nsk.hr\/ploce\/wp-content\/uploads\/sites\/74\/nggallery\/opleti-prema-jugu\/thumbs\/thumbs_DSC00536.JPG\"\n                    width=\"120\"\n                    height=\"90\"\n                    style=\"max-width:100%;\"\n                \/>\n            <\/a>\n        <\/div>\n\t\t\t\t\t\t\t<\/div> \n\t\t\t\n        \n\t\t\t\t<div id=\"ngg-image-5\" class=\"ngg-gallery-thumbnail-box\" >\n\t\t\t\t        <div class=\"ngg-gallery-thumbnail\">\n            <a href=\"https:\/\/knjiznice.nsk.hr\/ploce\/wp-content\/uploads\/sites\/74\/nggallery\/mini-knjizevni-kviz-1\/IMG_20170412_232636.jpg\"\n               title=\"\"\n               data-src=\"https:\/\/knjiznice.nsk.hr\/ploce\/wp-content\/uploads\/sites\/74\/nggallery\/mini-knjizevni-kviz-1\/IMG_20170412_232636.jpg\"\n               data-thumbnail=\"https:\/\/knjiznice.nsk.hr\/ploce\/wp-content\/uploads\/sites\/74\/nggallery\/mini-knjizevni-kviz-1\/thumbs\/thumbs_IMG_20170412_232636.jpg\"\n               data-image-id=\"679\"\n               data-title=\"IMG_20170412_232636\"\n               data-description=\"\"\n               data-image-slug=\"img_20170412_232636\"\n               class=\"ngg-fancybox\" rel=\"8dbd8a7e6a9e4c2a73ca2078df4ca557\">\n                <img\n                    title=\"IMG_20170412_232636\"\n                    alt=\"IMG_20170412_232636\"\n                    src=\"https:\/\/knjiznice.nsk.hr\/ploce\/wp-content\/uploads\/sites\/74\/nggallery\/mini-knjizevni-kviz-1\/thumbs\/thumbs_IMG_20170412_232636.jpg\"\n                    width=\"120\"\n                    height=\"90\"\n                    style=\"max-width:100%;\"\n                \/>\n            <\/a>\n        <\/div>\n\t\t\t\t\t\t\t<\/div> \n\t\t\t\n        \n\t\t\t\t<div id=\"ngg-image-6\" class=\"ngg-gallery-thumbnail-box\" >\n\t\t\t\t        <div class=\"ngg-gallery-thumbnail\">\n            <a href=\"https:\/\/knjiznice.nsk.hr\/ploce\/wp-content\/uploads\/sites\/74\/nggallery\/promocija-knjige-mamac-za-lignju\/DSC01263.JPG\"\n               title=\"\"\n               data-src=\"https:\/\/knjiznice.nsk.hr\/ploce\/wp-content\/uploads\/sites\/74\/nggallery\/promocija-knjige-mamac-za-lignju\/DSC01263.JPG\"\n               data-thumbnail=\"https:\/\/knjiznice.nsk.hr\/ploce\/wp-content\/uploads\/sites\/74\/nggallery\/promocija-knjige-mamac-za-lignju\/thumbs\/thumbs_DSC01263.JPG\"\n               data-image-id=\"751\"\n               data-title=\"DSC01263\"\n               data-description=\"\"\n               data-image-slug=\"dsc01263\"\n               class=\"ngg-fancybox\" rel=\"8dbd8a7e6a9e4c2a73ca2078df4ca557\">\n                <img\n                    title=\"DSC01263\"\n                    alt=\"DSC01263\"\n                    src=\"https:\/\/knjiznice.nsk.hr\/ploce\/wp-content\/uploads\/sites\/74\/nggallery\/promocija-knjige-mamac-za-lignju\/thumbs\/thumbs_DSC01263.JPG\"\n                    width=\"120\"\n                    height=\"90\"\n                    style=\"max-width:100%;\"\n                \/>\n            <\/a>\n        <\/div>\n\t\t\t\t\t\t\t<\/div> \n\t\t\t\n        \n\t\t\t\t<div id=\"ngg-image-7\" class=\"ngg-gallery-thumbnail-box\" >\n\t\t\t\t        <div class=\"ngg-gallery-thumbnail\">\n            <a href=\"https:\/\/knjiznice.nsk.hr\/ploce\/wp-content\/uploads\/sites\/74\/nggallery\/hvala-ti-za-ljubav\/DSC04744.JPG\"\n               title=\"\"\n               data-src=\"https:\/\/knjiznice.nsk.hr\/ploce\/wp-content\/uploads\/sites\/74\/nggallery\/hvala-ti-za-ljubav\/DSC04744.JPG\"\n               data-thumbnail=\"https:\/\/knjiznice.nsk.hr\/ploce\/wp-content\/uploads\/sites\/74\/nggallery\/hvala-ti-za-ljubav\/thumbs\/thumbs_DSC04744.JPG\"\n               data-image-id=\"873\"\n               data-title=\"DSC04744\"\n               data-description=\"\"\n               data-image-slug=\"dsc04744\"\n               class=\"ngg-fancybox\" rel=\"8dbd8a7e6a9e4c2a73ca2078df4ca557\">\n                <img\n                    title=\"DSC04744\"\n                    alt=\"DSC04744\"\n                    src=\"https:\/\/knjiznice.nsk.hr\/ploce\/wp-content\/uploads\/sites\/74\/nggallery\/hvala-ti-za-ljubav\/thumbs\/thumbs_DSC04744.JPG\"\n                    width=\"120\"\n                    height=\"90\"\n                    style=\"max-width:100%;\"\n                \/>\n            <\/a>\n        <\/div>\n\t\t\t\t\t\t\t<\/div> \n\t\t\t\n        \n\t\t\t\t<div id=\"ngg-image-8\" class=\"ngg-gallery-thumbnail-box\" >\n\t\t\t\t        <div class=\"ngg-gallery-thumbnail\">\n            <a href=\"https:\/\/knjiznice.nsk.hr\/ploce\/wp-content\/uploads\/sites\/74\/nggallery\/keramicki-lampioni-druga-radionica-izrade-gline\/DSC07304_1.jpg\"\n               title=\"\"\n               data-src=\"https:\/\/knjiznice.nsk.hr\/ploce\/wp-content\/uploads\/sites\/74\/nggallery\/keramicki-lampioni-druga-radionica-izrade-gline\/DSC07304_1.jpg\"\n               data-thumbnail=\"https:\/\/knjiznice.nsk.hr\/ploce\/wp-content\/uploads\/sites\/74\/nggallery\/keramicki-lampioni-druga-radionica-izrade-gline\/thumbs\/thumbs_DSC07304_1.jpg\"\n               data-image-id=\"1142\"\n               data-title=\"DSC07304_1\"\n               data-description=\"\"\n               data-image-slug=\"dsc07304_1\"\n               class=\"ngg-fancybox\" rel=\"8dbd8a7e6a9e4c2a73ca2078df4ca557\">\n                <img\n                    title=\"DSC07304_1\"\n                    alt=\"DSC07304_1\"\n                    src=\"https:\/\/knjiznice.nsk.hr\/ploce\/wp-content\/uploads\/sites\/74\/nggallery\/keramicki-lampioni-druga-radionica-izrade-gline\/thumbs\/thumbs_DSC07304_1.jpg\"\n                    width=\"120\"\n                    height=\"90\"\n                    style=\"max-width:100%;\"\n                \/>\n            <\/a>\n        <\/div>\n\t\t\t\t\t\t\t<\/div> \n\t\t\t\n        \n\t\t\t\t<div id=\"ngg-image-9\" class=\"ngg-gallery-thumbnail-box\" >\n\t\t\t\t        <div class=\"ngg-gallery-thumbnail\">\n            <a href=\"https:\/\/knjiznice.nsk.hr\/ploce\/wp-content\/uploads\/sites\/74\/nggallery\/keramicki-lampioni-radionica-izrade-gline\/DSC07116_1.jpg\"\n               title=\"\"\n               data-src=\"https:\/\/knjiznice.nsk.hr\/ploce\/wp-content\/uploads\/sites\/74\/nggallery\/keramicki-lampioni-radionica-izrade-gline\/DSC07116_1.jpg\"\n               data-thumbnail=\"https:\/\/knjiznice.nsk.hr\/ploce\/wp-content\/uploads\/sites\/74\/nggallery\/keramicki-lampioni-radionica-izrade-gline\/thumbs\/thumbs_DSC07116_1.jpg\"\n               data-image-id=\"1093\"\n               data-title=\"DSC07116_1\"\n               data-description=\"\"\n               data-image-slug=\"dsc07116_1\"\n               class=\"ngg-fancybox\" rel=\"8dbd8a7e6a9e4c2a73ca2078df4ca557\">\n                <img\n                    title=\"DSC07116_1\"\n                    alt=\"DSC07116_1\"\n                    src=\"https:\/\/knjiznice.nsk.hr\/ploce\/wp-content\/uploads\/sites\/74\/nggallery\/keramicki-lampioni-radionica-izrade-gline\/thumbs\/thumbs_DSC07116_1.jpg\"\n                    width=\"120\"\n                    height=\"90\"\n                    style=\"max-width:100%;\"\n                \/>\n            <\/a>\n        <\/div>\n\t\t\t\t\t\t\t<\/div> \n\t\t\t\n        \n\t\t\t\t<div id=\"ngg-image-10\" class=\"ngg-gallery-thumbnail-box\" >\n\t\t\t\t        <div class=\"ngg-gallery-thumbnail\">\n            <a href=\"https:\/\/knjiznice.nsk.hr\/ploce\/wp-content\/uploads\/sites\/74\/nggallery\/projekt-trgovina-boson-set\/DSC05106_1.jpg\"\n               title=\"\"\n               data-src=\"https:\/\/knjiznice.nsk.hr\/ploce\/wp-content\/uploads\/sites\/74\/nggallery\/projekt-trgovina-boson-set\/DSC05106_1.jpg\"\n               data-thumbnail=\"https:\/\/knjiznice.nsk.hr\/ploce\/wp-content\/uploads\/sites\/74\/nggallery\/projekt-trgovina-boson-set\/thumbs\/thumbs_DSC05106_1.jpg\"\n               data-image-id=\"1216\"\n               data-title=\"DSC05106_1\"\n               data-description=\"\"\n               data-image-slug=\"dsc05106_1\"\n               class=\"ngg-fancybox\" rel=\"8dbd8a7e6a9e4c2a73ca2078df4ca557\">\n                <img\n                    title=\"DSC05106_1\"\n                    alt=\"DSC05106_1\"\n                    src=\"https:\/\/knjiznice.nsk.hr\/ploce\/wp-content\/uploads\/sites\/74\/nggallery\/projekt-trgovina-boson-set\/thumbs\/thumbs_DSC05106_1.jpg\"\n                    width=\"120\"\n                    height=\"90\"\n                    style=\"max-width:100%;\"\n                \/>\n            <\/a>\n        <\/div>\n\t\t\t\t\t\t\t<\/div> \n\t\t\t\n        \n\t\t\t\t<div id=\"ngg-image-11\" class=\"ngg-gallery-thumbnail-box\" >\n\t\t\t\t        <div class=\"ngg-gallery-thumbnail\">\n            <a href=\"https:\/\/knjiznice.nsk.hr\/ploce\/wp-content\/uploads\/sites\/74\/nggallery\/stem-auto-radionica-s-boson-setom\/DSC07607_1.jpg\"\n               title=\"\"\n               data-src=\"https:\/\/knjiznice.nsk.hr\/ploce\/wp-content\/uploads\/sites\/74\/nggallery\/stem-auto-radionica-s-boson-setom\/DSC07607_1.jpg\"\n               data-thumbnail=\"https:\/\/knjiznice.nsk.hr\/ploce\/wp-content\/uploads\/sites\/74\/nggallery\/stem-auto-radionica-s-boson-setom\/thumbs\/thumbs_DSC07607_1.jpg\"\n               data-image-id=\"1027\"\n               data-title=\"DSC07607_1\"\n               data-description=\"\"\n               data-image-slug=\"dsc07607_1\"\n               class=\"ngg-fancybox\" rel=\"8dbd8a7e6a9e4c2a73ca2078df4ca557\">\n                <img\n                    title=\"DSC07607_1\"\n                    alt=\"DSC07607_1\"\n                    src=\"https:\/\/knjiznice.nsk.hr\/ploce\/wp-content\/uploads\/sites\/74\/nggallery\/stem-auto-radionica-s-boson-setom\/thumbs\/thumbs_DSC07607_1.jpg\"\n                    width=\"120\"\n                    height=\"90\"\n                    style=\"max-width:100%;\"\n                \/>\n            <\/a>\n        <\/div>\n\t\t\t\t\t\t\t<\/div> \n\t\t\t\n        \n\t\t\n\t\t<!-- Pagination -->\n\t<div class='ngg-clear'><\/div>\t<\/div>\n\n<p><strong><a href=\"http:\/\/knjiznice.nsk.hr\/ploce\/galerija\/dogadanja-2021\/\">Doga\u0111anja 2021.<\/a><\/strong><\/p>\n<p><strong><a href=\"http:\/\/knjiznice.nsk.hr\/ploce\/galerija\/dogadanja-2020\/\">Doga\u0111anja 2020.<\/a><\/strong><\/p>\n<p><a href=\"http:\/\/knjiznice.nsk.hr\/ploce\/galerija\/dogadanja-2019\/\"><strong>Doga\u0111anja 2019.<\/strong><\/a><\/p>\n<p>Doga\u0111anja 2018.<\/p>\n<p><a href=\"http:\/\/knjiznice.nsk.hr\/ploce\/dogadanja-2017\/\"><strong>Doga\u0111anja 2017.<\/strong><\/a><\/p>\n<p><strong><a href=\"http:\/\/knjiznice.nsk.hr\/ploce\/dogadanja-2016\/\">Doga\u0111anja 2016.<\/a><\/strong><\/p>\n<p><strong><a href=\"http:\/\/knjiznice.nsk.hr\/ploce\/dogadanja-2015\/\">Doga\u0111anja 2015.<\/a><\/strong><\/p>\n<p><strong><a href=\"http:\/\/knjiznice.nsk.hr\/ploce\/dogadanja-jesen-2014-proljece-2015\/\">Doga\u0111anja: jesen 2014. &#8211; prolje\u0107e 2015.<\/a><\/strong><\/p>\n","protected":false},"excerpt":{"rendered":"<p>&#8221; order_by=&#8221;sortorder&#8221; order_direction=&#8221;ASC&#8221; returns=&#8221;included&#8221; maximum_entity_count=&#8221;12&#8243; variation=&#8221;5&#8243;]&nbsp; Doga\u0111anja 2021. Doga\u0111anja 2020. Doga\u0111anja 2019. Doga\u0111anja 2018. Doga\u0111anja 2017. Doga\u0111anja 2016. Doga\u0111anja 2015. Doga\u0111anja: jesen 2014. &#8211; prolje\u0107e 2015.<\/p>\n","protected":false},"author":89,"featured_media":0,"parent":0,"menu_order":5,"comment_status":"closed","ping_status":"closed","template":"","meta":{"ngg_post_thumbnail":0},"yoast_head":"<!-- This site is optimized with the Yoast SEO plugin v16.4 - https:\/\/yoast.com\/wordpress\/plugins\/seo\/ -->\n<meta name=\"robots\" content=\"index, follow, max-snippet:-1, max-image-preview:large, max-video-preview:-1\" \/>\n<link rel=\"canonical\" href=\"http:\/\/knjiznice.nsk.hr\/ploce\/galerija\/\" \/>\n<meta property=\"og:locale\" content=\"hr_HR\" \/>\n<meta property=\"og:type\" content=\"article\" \/>\n<meta property=\"og:title\" content=\"Galerija - Narodna knji\u017enica Plo\u010de\" \/>\n<meta property=\"og:description\" content=\"&#8221; order_by=&#8221;sortorder&#8221; order_direction=&#8221;ASC&#8221; returns=&#8221;included&#8221; maximum_entity_count=&#8221;12&#8243; variation=&#8221;5&#8243;]&nbsp; Doga\u0111anja 2021. Doga\u0111anja 2020. Doga\u0111anja 2019. Doga\u0111anja 2018. Doga\u0111anja 2017. Doga\u0111anja 2016. Doga\u0111anja 2015. Doga\u0111anja: jesen 2014. &#8211; prolje\u0107e 2015.\" \/>\n<meta property=\"og:url\" content=\"http:\/\/knjiznice.nsk.hr\/ploce\/galerija\/\" \/>\n<meta property=\"og:site_name\" content=\"Narodna knji\u017enica Plo\u010de\" \/>\n<meta property=\"article:publisher\" content=\"https:\/\/www.facebook.com\/narodnaknjiznica.ploce\/\" \/>\n<meta property=\"article:modified_time\" content=\"2021-08-26T11:09:35+00:00\" \/>\n<meta name=\"twitter:label1\" content=\"Procijenjeno vrijeme \u010ditanja\" \/>\n\t<meta name=\"twitter:data1\" content=\"1 minuta\" \/>\n<script type=\"application\/ld+json\" class=\"yoast-schema-graph\">{\"@context\":\"https:\/\/schema.org\",\"@graph\":[{\"@type\":\"Organization\",\"@id\":\"https:\/\/knjiznice.nsk.hr\/ploce\/#organization\",\"name\":\"Narodna knji\\u017enica Plo\\u010de\",\"url\":\"https:\/\/knjiznice.nsk.hr\/ploce\/\",\"sameAs\":[\"https:\/\/www.facebook.com\/narodnaknjiznica.ploce\/\"],\"logo\":{\"@type\":\"ImageObject\",\"@id\":\"https:\/\/knjiznice.nsk.hr\/ploce\/#logo\",\"inLanguage\":\"hr\",\"url\":\"http:\/\/knjiznice.nsk.hr\/ploce\/wp-content\/uploads\/sites\/74\/2015\/09\/logo_1.png\",\"contentUrl\":\"http:\/\/knjiznice.nsk.hr\/ploce\/wp-content\/uploads\/sites\/74\/2015\/09\/logo_1.png\",\"width\":861,\"height\":503,\"caption\":\"Narodna knji\\u017enica Plo\\u010de\"},\"image\":{\"@id\":\"https:\/\/knjiznice.nsk.hr\/ploce\/#logo\"}},{\"@type\":\"WebSite\",\"@id\":\"https:\/\/knjiznice.nsk.hr\/ploce\/#website\",\"url\":\"https:\/\/knjiznice.nsk.hr\/ploce\/\",\"name\":\"Narodna knji\\u017enica Plo\\u010de\",\"description\":\"\",\"publisher\":{\"@id\":\"https:\/\/knjiznice.nsk.hr\/ploce\/#organization\"},\"potentialAction\":[{\"@type\":\"SearchAction\",\"target\":\"https:\/\/knjiznice.nsk.hr\/ploce\/?s={search_term_string}\",\"query-input\":\"required name=search_term_string\"}],\"inLanguage\":\"hr\"},{\"@type\":\"WebPage\",\"@id\":\"http:\/\/knjiznice.nsk.hr\/ploce\/galerija\/#webpage\",\"url\":\"http:\/\/knjiznice.nsk.hr\/ploce\/galerija\/\",\"name\":\"Galerija - Narodna knji\\u017enica Plo\\u010de\",\"isPartOf\":{\"@id\":\"https:\/\/knjiznice.nsk.hr\/ploce\/#website\"},\"datePublished\":\"2015-05-14T10:03:03+00:00\",\"dateModified\":\"2021-08-26T11:09:35+00:00\",\"breadcrumb\":{\"@id\":\"http:\/\/knjiznice.nsk.hr\/ploce\/galerija\/#breadcrumb\"},\"inLanguage\":\"hr\",\"potentialAction\":[{\"@type\":\"ReadAction\",\"target\":[\"http:\/\/knjiznice.nsk.hr\/ploce\/galerija\/\"]}]},{\"@type\":\"BreadcrumbList\",\"@id\":\"http:\/\/knjiznice.nsk.hr\/ploce\/galerija\/#breadcrumb\",\"itemListElement\":[{\"@type\":\"ListItem\",\"position\":1,\"item\":{\"@type\":\"WebPage\",\"@id\":\"https:\/\/knjiznice.nsk.hr\/ploce\/\",\"url\":\"https:\/\/knjiznice.nsk.hr\/ploce\/\",\"name\":\"Po\\u010detna stranica\"}},{\"@type\":\"ListItem\",\"position\":2,\"item\":{\"@id\":\"http:\/\/knjiznice.nsk.hr\/ploce\/galerija\/#webpage\"}}]}]}<\/script>\n<!-- \/ Yoast SEO plugin. -->","_links":{"self":[{"href":"https:\/\/knjiznice.nsk.hr\/ploce\/wp-json\/wp\/v2\/pages\/53"}],"collection":[{"href":"https:\/\/knjiznice.nsk.hr\/ploce\/wp-json\/wp\/v2\/pages"}],"about":[{"href":"https:\/\/knjiznice.nsk.hr\/ploce\/wp-json\/wp\/v2\/types\/page"}],"author":[{"embeddable":true,"href":"https:\/\/knjiznice.nsk.hr\/ploce\/wp-json\/wp\/v2\/users\/89"}],"replies":[{"embeddable":true,"href":"https:\/\/knjiznice.nsk.hr\/ploce\/wp-json\/wp\/v2\/comments?post=53"}],"version-history":[{"count":26,"href":"https:\/\/knjiznice.nsk.hr\/ploce\/wp-json\/wp\/v2\/pages\/53\/revisions"}],"predecessor-version":[{"id":6239,"href":"https:\/\/knjiznice.nsk.hr\/ploce\/wp-json\/wp\/v2\/pages\/53\/revisions\/6239"}],"wp:attachment":[{"href":"https:\/\/knjiznice.nsk.hr\/ploce\/wp-json\/wp\/v2\/media?parent=53"}],"curies":[{"name":"wp","href":"https:\/\/api.w.org\/{rel}","templated":true}]}}