{"id":3038,"date":"2019-01-30T09:44:48","date_gmt":"2019-01-30T08:44:48","guid":{"rendered":"http:\/\/knjiznice.nsk.hr\/ploce\/?page_id=3038"},"modified":"2025-02-04T17:20:20","modified_gmt":"2025-02-04T16:20:20","slug":"zakoni-i-pravilnici","status":"publish","type":"page","link":"https:\/\/knjiznice.nsk.hr\/ploce\/knjiznica\/zakoni-i-pravilnici\/","title":{"rendered":"Zakoni i pravilnici"},"content":{"rendered":"<ul>\n<li><a href=\"https:\/\/narodne-novine.nn.hr\/clanci\/sluzbeni\/2019_02_17_356.html\" target=\"_blank\" rel=\"noopener\">Zakon o knji\u017enicama (NN 17\/21)<\/a><\/li>\n<li><a class=\"outlink\" href=\"https:\/\/narodne-novine.nn.hr\/clanci\/sluzbeni\/full\/2021_09_103_1834.html\" target=\"_blank\" rel=\"noopener\">Standard za narodne knji\u017enice u Republici Hrvatskoj (NN 103\/21)<\/a><\/li>\n<li><a class=\"outlink\" href=\"https:\/\/narodne-novine.nn.hr\/clanci\/sluzbeni\/full\/2021_10_107_1886.html\" target=\"_blank\" rel=\"noopener\">Pravilnik o uvjetima i na\u010dinu stjecanja stru\u010dnih zvanja u knji\u017eni\u010darskoj struci (NN 107\/21)<\/a><\/li>\n<li><a href=\"https:\/\/narodne-novine.nn.hr\/clanci\/sluzbeni\/2023_03_27_452.html\" target=\"_blank\" rel=\"noopener\">Pravilnik o reviziji i otpisu knji\u017eni\u010dne gra\u0111e (NN 27\/2023)<\/a><\/li>\n<li><a href=\"https:\/\/narodne-novine.nn.hr\/clanci\/sluzbeni\/2013_02_25_403.html\" target=\"_blank\" rel=\"noopener\">Zakon o pravu na pristup informacijama (NN 25\/2013)<\/a><\/li>\n<\/ul>\n","protected":false},"excerpt":{"rendered":"<p>Zakon o knji\u017enicama (NN 17\/21) Standard za narodne knji\u017enice u Republici Hrvatskoj (NN 103\/21) Pravilnik o uvjetima i na\u010dinu stjecanja stru\u010dnih zvanja u knji\u017eni\u010darskoj struci (NN 107\/21) Pravilnik o reviziji i otpisu knji\u017eni\u010dne gra\u0111e (NN 27\/2023) Zakon o pravu na pristup informacijama (NN 25\/2013)<\/p>\n","protected":false},"author":89,"featured_media":0,"parent":132,"menu_order":5,"comment_status":"closed","ping_status":"closed","template":"","meta":{"ngg_post_thumbnail":0},"yoast_head":"<!-- This site is optimized with the Yoast SEO plugin v16.4 - https:\/\/yoast.com\/wordpress\/plugins\/seo\/ -->\n<meta name=\"robots\" content=\"index, follow, max-snippet:-1, max-image-preview:large, max-video-preview:-1\" \/>\n<link rel=\"canonical\" href=\"http:\/\/knjiznice.nsk.hr\/ploce\/knjiznica\/zakoni-i-pravilnici\/\" \/>\n<meta property=\"og:locale\" content=\"hr_HR\" \/>\n<meta property=\"og:type\" content=\"article\" \/>\n<meta property=\"og:title\" content=\"Zakoni i pravilnici - Narodna knji\u017enica Plo\u010de\" \/>\n<meta property=\"og:description\" content=\"Zakon o knji\u017enicama (NN 17\/21) Standard za narodne knji\u017enice u Republici Hrvatskoj (NN 103\/21) Pravilnik o uvjetima i na\u010dinu stjecanja stru\u010dnih zvanja u knji\u017eni\u010darskoj struci (NN 107\/21) Pravilnik o reviziji i otpisu knji\u017eni\u010dne gra\u0111e (NN 27\/2023) Zakon o pravu na pristup informacijama (NN 25\/2013)\" \/>\n<meta property=\"og:url\" content=\"http:\/\/knjiznice.nsk.hr\/ploce\/knjiznica\/zakoni-i-pravilnici\/\" \/>\n<meta property=\"og:site_name\" content=\"Narodna knji\u017enica Plo\u010de\" \/>\n<meta property=\"article:publisher\" content=\"https:\/\/www.facebook.com\/narodnaknjiznica.ploce\/\" \/>\n<meta property=\"article:modified_time\" content=\"2025-02-04T16:20:20+00:00\" \/>\n<meta name=\"twitter:label1\" content=\"Procijenjeno vrijeme \u010ditanja\" \/>\n\t<meta name=\"twitter:data1\" content=\"1 minuta\" \/>\n<script type=\"application\/ld+json\" class=\"yoast-schema-graph\">{\"@context\":\"https:\/\/schema.org\",\"@graph\":[{\"@type\":\"Organization\",\"@id\":\"https:\/\/knjiznice.nsk.hr\/ploce\/#organization\",\"name\":\"Narodna knji\\u017enica Plo\\u010de\",\"url\":\"https:\/\/knjiznice.nsk.hr\/ploce\/\",\"sameAs\":[\"https:\/\/www.facebook.com\/narodnaknjiznica.ploce\/\"],\"logo\":{\"@type\":\"ImageObject\",\"@id\":\"https:\/\/knjiznice.nsk.hr\/ploce\/#logo\",\"inLanguage\":\"hr\",\"url\":\"http:\/\/knjiznice.nsk.hr\/ploce\/wp-content\/uploads\/sites\/74\/2015\/09\/logo_1.png\",\"contentUrl\":\"http:\/\/knjiznice.nsk.hr\/ploce\/wp-content\/uploads\/sites\/74\/2015\/09\/logo_1.png\",\"width\":861,\"height\":503,\"caption\":\"Narodna knji\\u017enica Plo\\u010de\"},\"image\":{\"@id\":\"https:\/\/knjiznice.nsk.hr\/ploce\/#logo\"}},{\"@type\":\"WebSite\",\"@id\":\"https:\/\/knjiznice.nsk.hr\/ploce\/#website\",\"url\":\"https:\/\/knjiznice.nsk.hr\/ploce\/\",\"name\":\"Narodna knji\\u017enica Plo\\u010de\",\"description\":\"\",\"publisher\":{\"@id\":\"https:\/\/knjiznice.nsk.hr\/ploce\/#organization\"},\"potentialAction\":[{\"@type\":\"SearchAction\",\"target\":\"https:\/\/knjiznice.nsk.hr\/ploce\/?s={search_term_string}\",\"query-input\":\"required name=search_term_string\"}],\"inLanguage\":\"hr\"},{\"@type\":\"WebPage\",\"@id\":\"http:\/\/knjiznice.nsk.hr\/ploce\/knjiznica\/zakoni-i-pravilnici\/#webpage\",\"url\":\"http:\/\/knjiznice.nsk.hr\/ploce\/knjiznica\/zakoni-i-pravilnici\/\",\"name\":\"Zakoni i pravilnici - Narodna knji\\u017enica Plo\\u010de\",\"isPartOf\":{\"@id\":\"https:\/\/knjiznice.nsk.hr\/ploce\/#website\"},\"datePublished\":\"2019-01-30T08:44:48+00:00\",\"dateModified\":\"2025-02-04T16:20:20+00:00\",\"breadcrumb\":{\"@id\":\"http:\/\/knjiznice.nsk.hr\/ploce\/knjiznica\/zakoni-i-pravilnici\/#breadcrumb\"},\"inLanguage\":\"hr\",\"potentialAction\":[{\"@type\":\"ReadAction\",\"target\":[\"http:\/\/knjiznice.nsk.hr\/ploce\/knjiznica\/zakoni-i-pravilnici\/\"]}]},{\"@type\":\"BreadcrumbList\",\"@id\":\"http:\/\/knjiznice.nsk.hr\/ploce\/knjiznica\/zakoni-i-pravilnici\/#breadcrumb\",\"itemListElement\":[{\"@type\":\"ListItem\",\"position\":1,\"item\":{\"@type\":\"WebPage\",\"@id\":\"https:\/\/knjiznice.nsk.hr\/ploce\/\",\"url\":\"https:\/\/knjiznice.nsk.hr\/ploce\/\",\"name\":\"Po\\u010detna stranica\"}},{\"@type\":\"ListItem\",\"position\":2,\"item\":{\"@type\":\"WebPage\",\"@id\":\"http:\/\/knjiznice.nsk.hr\/ploce\/knjiznica\/\",\"url\":\"http:\/\/knjiznice.nsk.hr\/ploce\/knjiznica\/\",\"name\":\"Knji\\u017enica\"}},{\"@type\":\"ListItem\",\"position\":3,\"item\":{\"@id\":\"http:\/\/knjiznice.nsk.hr\/ploce\/knjiznica\/zakoni-i-pravilnici\/#webpage\"}}]}]}<\/script>\n<!-- \/ Yoast SEO plugin. -->","_links":{"self":[{"href":"https:\/\/knjiznice.nsk.hr\/ploce\/wp-json\/wp\/v2\/pages\/3038"}],"collection":[{"href":"https:\/\/knjiznice.nsk.hr\/ploce\/wp-json\/wp\/v2\/pages"}],"about":[{"href":"https:\/\/knjiznice.nsk.hr\/ploce\/wp-json\/wp\/v2\/types\/page"}],"author":[{"embeddable":true,"href":"https:\/\/knjiznice.nsk.hr\/ploce\/wp-json\/wp\/v2\/users\/89"}],"replies":[{"embeddable":true,"href":"https:\/\/knjiznice.nsk.hr\/ploce\/wp-json\/wp\/v2\/comments?post=3038"}],"version-history":[{"count":11,"href":"https:\/\/knjiznice.nsk.hr\/ploce\/wp-json\/wp\/v2\/pages\/3038\/revisions"}],"predecessor-version":[{"id":9600,"href":"https:\/\/knjiznice.nsk.hr\/ploce\/wp-json\/wp\/v2\/pages\/3038\/revisions\/9600"}],"up":[{"embeddable":true,"href":"https:\/\/knjiznice.nsk.hr\/ploce\/wp-json\/wp\/v2\/pages\/132"}],"wp:attachment":[{"href":"https:\/\/knjiznice.nsk.hr\/ploce\/wp-json\/wp\/v2\/media?parent=3038"}],"curies":[{"name":"wp","href":"https:\/\/api.w.org\/{rel}","templated":true}]}}