{"id":30,"date":"2015-05-14T09:32:21","date_gmt":"2015-05-14T07:32:21","guid":{"rendered":"http:\/\/knjiznice.nsk.hr\/ploce\/?page_id=30"},"modified":"2025-09-26T12:39:11","modified_gmt":"2025-09-26T10:39:11","slug":"akti-knjiznice","status":"publish","type":"page","link":"https:\/\/knjiznice.nsk.hr\/ploce\/knjiznica\/akti-knjiznice\/","title":{"rendered":"Akti knji\u017enice"},"content":{"rendered":"<h4><strong>PRAVILNICI<\/strong><\/h4>\n<ul>\n<li><a href=\"https:\/\/drive.google.com\/file\/d\/1BbfAoRIGRdnGPhIAR8qPWpSe_eO5C4Vd\/view?usp=sharing\" target=\"_blank\" rel=\"noopener\">Statut Narodne knji\u017enice Plo\u010de<\/a><\/li>\n<li><a href=\"https:\/\/drive.google.com\/file\/d\/1QLEZqRZPwmczLecCRZ-cgTmc_cxDME7m\/view?usp=drive_link\" target=\"_blank\" rel=\"noopener\">Pravilnik o radu<\/a><\/li>\n<li><a href=\"https:\/\/drive.google.com\/file\/d\/17dB0XHa_3gx8ujI0BnLmiqmkEXTv-i2r\/view?usp=sharing\" target=\"_blank\" rel=\"noopener noreferrer\">Pravilnik o uvjetima i na\u010dinu kori\u0161tenja knji\u017eni\u010dne gra\u0111e<\/a><\/li>\n<li><a href=\"https:\/\/drive.google.com\/open?id=1D2kQuChJJuXYPdQr-nrUNot1-LoNAhaj\" target=\"_blank\" rel=\"noopener noreferrer\">Pravilnik o za\u0161titi od po\u017eara<\/a><\/li>\n<li><a href=\"https:\/\/drive.google.com\/file\/d\/1OSgRwU2czQ9u1vYMxuLZ0Erpcg8Rpy2T\/view?usp=share_link\">Pravilnik o unutarnjem ustrojstvu i na\u010dinu rada Narodne knji\u017enice Plo\u010de<\/a><\/li>\n<\/ul>\n","protected":false},"excerpt":{"rendered":"<p>PRAVILNICI Statut Narodne knji\u017enice Plo\u010de Pravilnik o radu Pravilnik o uvjetima i na\u010dinu kori\u0161tenja knji\u017eni\u010dne gra\u0111e Pravilnik o za\u0161titi od po\u017eara Pravilnik o unutarnjem ustrojstvu i na\u010dinu rada Narodne knji\u017enice Plo\u010de<\/p>\n","protected":false},"author":89,"featured_media":0,"parent":132,"menu_order":3,"comment_status":"closed","ping_status":"closed","template":"","meta":{"ngg_post_thumbnail":0},"yoast_head":"<!-- This site is optimized with the Yoast SEO plugin v16.4 - https:\/\/yoast.com\/wordpress\/plugins\/seo\/ -->\n<meta name=\"robots\" content=\"index, follow, max-snippet:-1, max-image-preview:large, max-video-preview:-1\" \/>\n<link rel=\"canonical\" href=\"http:\/\/knjiznice.nsk.hr\/ploce\/knjiznica\/akti-knjiznice\/\" \/>\n<meta property=\"og:locale\" content=\"hr_HR\" \/>\n<meta property=\"og:type\" content=\"article\" \/>\n<meta property=\"og:title\" content=\"Akti knji\u017enice - Narodna knji\u017enica Plo\u010de\" \/>\n<meta property=\"og:description\" content=\"PRAVILNICI Statut Narodne knji\u017enice Plo\u010de Pravilnik o radu Pravilnik o uvjetima i na\u010dinu kori\u0161tenja knji\u017eni\u010dne gra\u0111e Pravilnik o za\u0161titi od po\u017eara Pravilnik o unutarnjem ustrojstvu i na\u010dinu rada Narodne knji\u017enice Plo\u010de\" \/>\n<meta property=\"og:url\" content=\"http:\/\/knjiznice.nsk.hr\/ploce\/knjiznica\/akti-knjiznice\/\" \/>\n<meta property=\"og:site_name\" content=\"Narodna knji\u017enica Plo\u010de\" \/>\n<meta property=\"article:publisher\" content=\"https:\/\/www.facebook.com\/narodnaknjiznica.ploce\/\" \/>\n<meta property=\"article:modified_time\" content=\"2025-09-26T10:39:11+00:00\" \/>\n<meta name=\"twitter:label1\" content=\"Procijenjeno vrijeme \u010ditanja\" \/>\n\t<meta name=\"twitter:data1\" content=\"1 minuta\" \/>\n<script type=\"application\/ld+json\" class=\"yoast-schema-graph\">{\"@context\":\"https:\/\/schema.org\",\"@graph\":[{\"@type\":\"Organization\",\"@id\":\"http:\/\/knjiznice.nsk.hr\/ploce\/#organization\",\"name\":\"Narodna knji\\u017enica Plo\\u010de\",\"url\":\"http:\/\/knjiznice.nsk.hr\/ploce\/\",\"sameAs\":[\"https:\/\/www.facebook.com\/narodnaknjiznica.ploce\/\"],\"logo\":{\"@type\":\"ImageObject\",\"@id\":\"http:\/\/knjiznice.nsk.hr\/ploce\/#logo\",\"inLanguage\":\"hr\",\"url\":\"http:\/\/knjiznice.nsk.hr\/ploce\/wp-content\/uploads\/sites\/74\/2015\/09\/logo_1.png\",\"contentUrl\":\"http:\/\/knjiznice.nsk.hr\/ploce\/wp-content\/uploads\/sites\/74\/2015\/09\/logo_1.png\",\"width\":861,\"height\":503,\"caption\":\"Narodna knji\\u017enica Plo\\u010de\"},\"image\":{\"@id\":\"http:\/\/knjiznice.nsk.hr\/ploce\/#logo\"}},{\"@type\":\"WebSite\",\"@id\":\"http:\/\/knjiznice.nsk.hr\/ploce\/#website\",\"url\":\"http:\/\/knjiznice.nsk.hr\/ploce\/\",\"name\":\"Narodna knji\\u017enica Plo\\u010de\",\"description\":\"\",\"publisher\":{\"@id\":\"http:\/\/knjiznice.nsk.hr\/ploce\/#organization\"},\"potentialAction\":[{\"@type\":\"SearchAction\",\"target\":\"http:\/\/knjiznice.nsk.hr\/ploce\/?s={search_term_string}\",\"query-input\":\"required name=search_term_string\"}],\"inLanguage\":\"hr\"},{\"@type\":\"WebPage\",\"@id\":\"http:\/\/knjiznice.nsk.hr\/ploce\/knjiznica\/akti-knjiznice\/#webpage\",\"url\":\"http:\/\/knjiznice.nsk.hr\/ploce\/knjiznica\/akti-knjiznice\/\",\"name\":\"Akti knji\\u017enice - Narodna knji\\u017enica Plo\\u010de\",\"isPartOf\":{\"@id\":\"http:\/\/knjiznice.nsk.hr\/ploce\/#website\"},\"datePublished\":\"2015-05-14T07:32:21+00:00\",\"dateModified\":\"2025-09-26T10:39:11+00:00\",\"breadcrumb\":{\"@id\":\"http:\/\/knjiznice.nsk.hr\/ploce\/knjiznica\/akti-knjiznice\/#breadcrumb\"},\"inLanguage\":\"hr\",\"potentialAction\":[{\"@type\":\"ReadAction\",\"target\":[\"http:\/\/knjiznice.nsk.hr\/ploce\/knjiznica\/akti-knjiznice\/\"]}]},{\"@type\":\"BreadcrumbList\",\"@id\":\"http:\/\/knjiznice.nsk.hr\/ploce\/knjiznica\/akti-knjiznice\/#breadcrumb\",\"itemListElement\":[{\"@type\":\"ListItem\",\"position\":1,\"item\":{\"@type\":\"WebPage\",\"@id\":\"http:\/\/knjiznice.nsk.hr\/ploce\/\",\"url\":\"http:\/\/knjiznice.nsk.hr\/ploce\/\",\"name\":\"Po\\u010detna stranica\"}},{\"@type\":\"ListItem\",\"position\":2,\"item\":{\"@type\":\"WebPage\",\"@id\":\"http:\/\/knjiznice.nsk.hr\/ploce\/knjiznica\/\",\"url\":\"http:\/\/knjiznice.nsk.hr\/ploce\/knjiznica\/\",\"name\":\"Knji\\u017enica\"}},{\"@type\":\"ListItem\",\"position\":3,\"item\":{\"@id\":\"http:\/\/knjiznice.nsk.hr\/ploce\/knjiznica\/akti-knjiznice\/#webpage\"}}]}]}<\/script>\n<!-- \/ Yoast SEO plugin. -->","_links":{"self":[{"href":"https:\/\/knjiznice.nsk.hr\/ploce\/wp-json\/wp\/v2\/pages\/30"}],"collection":[{"href":"https:\/\/knjiznice.nsk.hr\/ploce\/wp-json\/wp\/v2\/pages"}],"about":[{"href":"https:\/\/knjiznice.nsk.hr\/ploce\/wp-json\/wp\/v2\/types\/page"}],"author":[{"embeddable":true,"href":"https:\/\/knjiznice.nsk.hr\/ploce\/wp-json\/wp\/v2\/users\/89"}],"replies":[{"embeddable":true,"href":"https:\/\/knjiznice.nsk.hr\/ploce\/wp-json\/wp\/v2\/comments?post=30"}],"version-history":[{"count":24,"href":"https:\/\/knjiznice.nsk.hr\/ploce\/wp-json\/wp\/v2\/pages\/30\/revisions"}],"predecessor-version":[{"id":10003,"href":"https:\/\/knjiznice.nsk.hr\/ploce\/wp-json\/wp\/v2\/pages\/30\/revisions\/10003"}],"up":[{"embeddable":true,"href":"https:\/\/knjiznice.nsk.hr\/ploce\/wp-json\/wp\/v2\/pages\/132"}],"wp:attachment":[{"href":"https:\/\/knjiznice.nsk.hr\/ploce\/wp-json\/wp\/v2\/media?parent=30"}],"curies":[{"name":"wp","href":"https:\/\/api.w.org\/{rel}","templated":true}]}}