{"id":2991,"date":"2019-01-29T15:15:18","date_gmt":"2019-01-29T14:15:18","guid":{"rendered":"http:\/\/knjiznice.nsk.hr\/ploce\/?page_id=2991"},"modified":"2021-08-25T14:09:15","modified_gmt":"2021-08-25T12:09:15","slug":"dogadanja-2019","status":"publish","type":"page","link":"https:\/\/knjiznice.nsk.hr\/ploce\/galerija\/dogadanja-2019\/","title":{"rendered":"Doga\u0111anja 2019."},"content":{"rendered":"<p><div class=\"ngg-albumoverview\">\n            <div class=\"ngg-album-compact\">\n            <div class=\"ngg-album-compactbox\">\n                <div class=\"ngg-album-link\">\n                                        <a title='Pje\u0161ice od Iloka do Prevlake'\n                       href='https:\/\/knjiznice.nsk.hr\/ploce\/galerija\/dogadanja-2019\/nggallery\/dogadanja-2019\/pjesice-od-iloka-do-prevlake'>\n                        <img class=\"Thumb\"\n                             alt=\"Pje\u0161ice od Iloka do Prevlake\"\n                             src=\"https:\/\/knjiznice.nsk.hr\/ploce\/wp-content\/uploads\/sites\/74\/nggallery\/pjesice-od-iloka-do-prevlake\/cache\/horvat_01.jpg-nggid03835-ngg0dyn-240x160x100-00f0w010c011r110f110r010t010.jpg\"\/>\n                    <\/a>\n                                    <\/div>\n            <\/div>\n                        <h4>\n                <a class='ngg-album-desc' title='Pje\u0161ice od Iloka do Prevlake'\n                       href='https:\/\/knjiznice.nsk.hr\/ploce\/galerija\/dogadanja-2019\/nggallery\/dogadanja-2019\/pjesice-od-iloka-do-prevlake'style=\"max-width: 260px\">Pje\u0161ice od Iloka do Prevlake<\/a>\n            <\/h4>\n            <p class=\"ngg-album-gallery-image-counter\">\n                                    <strong>7<\/strong>&nbsp;Photos                            <\/p>\n        <\/div>\n            <div class=\"ngg-album-compact\">\n            <div class=\"ngg-album-compactbox\">\n                <div class=\"ngg-album-link\">\n                                        <a title='HPD &quot;Grabovica - predstavljanje izleta 2018.'\n                       href='https:\/\/knjiznice.nsk.hr\/ploce\/galerija\/dogadanja-2019\/nggallery\/dogadanja-2019\/hpd-grabovica-predstavljanje-izleta-2018'>\n                        <img class=\"Thumb\"\n                             alt=\"HPD &quot;Grabovica - predstavljanje izleta 2018.\"\n                             src=\"https:\/\/knjiznice.nsk.hr\/ploce\/wp-content\/uploads\/sites\/74\/nggallery\/hpd-grabovica-predstavljanje-izleta-2018\/cache\/planinari-01.jpg-nggid03842-ngg0dyn-240x160x100-00f0w010c011r110f110r010t010.jpg\"\/>\n                    <\/a>\n                                    <\/div>\n            <\/div>\n                        <h4>\n                <a class='ngg-album-desc' title='HPD &quot;Grabovica - predstavljanje izleta 2018.'\n                       href='https:\/\/knjiznice.nsk.hr\/ploce\/galerija\/dogadanja-2019\/nggallery\/dogadanja-2019\/hpd-grabovica-predstavljanje-izleta-2018'style=\"max-width: 260px\">HPD \"Grabovica - predstavljanje izleta 2018.<\/a>\n            <\/h4>\n            <p class=\"ngg-album-gallery-image-counter\">\n                                    <strong>8<\/strong>&nbsp;Photos                            <\/p>\n        <\/div>\n            <div class=\"ngg-album-compact\">\n            <div class=\"ngg-album-compactbox\">\n                <div class=\"ngg-album-link\">\n                                        <a title='Izlet u kazali\u0161te'\n                       href='https:\/\/knjiznice.nsk.hr\/ploce\/galerija\/dogadanja-2019\/nggallery\/dogadanja-2019\/izlet-u-kazaliste'>\n                        <img class=\"Thumb\"\n                             alt=\"Izlet u kazali\u0161te\"\n                             src=\"https:\/\/knjiznice.nsk.hr\/ploce\/wp-content\/uploads\/sites\/74\/nggallery\/izlet-u-kazaliste\/cache\/kazali%C5%A1te-01.jpg-nggid03850-ngg0dyn-240x160x100-00f0w010c011r110f110r010t010.jpg\"\/>\n                    <\/a>\n                                    <\/div>\n            <\/div>\n                        <h4>\n                <a class='ngg-album-desc' title='Izlet u kazali\u0161te'\n                       href='https:\/\/knjiznice.nsk.hr\/ploce\/galerija\/dogadanja-2019\/nggallery\/dogadanja-2019\/izlet-u-kazaliste'style=\"max-width: 260px\">Izlet u kazali\u0161te<\/a>\n            <\/h4>\n            <p class=\"ngg-album-gallery-image-counter\">\n                                    <strong>4<\/strong>&nbsp;Photos                            <\/p>\n        <\/div>\n            <div class=\"ngg-album-compact\">\n            <div class=\"ngg-album-compactbox\">\n                <div class=\"ngg-album-link\">\n                                        <a title='Vinske pri\u010de - Slavonija \/ Dalmacija'\n                       href='https:\/\/knjiznice.nsk.hr\/ploce\/galerija\/dogadanja-2019\/nggallery\/dogadanja-2019\/vinske-price-slavonija-dalmacija'>\n                        <img class=\"Thumb\"\n                             alt=\"Vinske pri\u010de - Slavonija \/ Dalmacija\"\n                             src=\"https:\/\/knjiznice.nsk.hr\/ploce\/wp-content\/uploads\/sites\/74\/nggallery\/vinske-price-slavonija-dalmacija\/cache\/DSC04664.JPG-nggid03854-ngg0dyn-240x160x100-00f0w010c011r110f110r010t010.JPG\"\/>\n                    <\/a>\n                                    <\/div>\n            <\/div>\n                        <h4>\n                <a class='ngg-album-desc' title='Vinske pri\u010de - Slavonija \/ Dalmacija'\n                       href='https:\/\/knjiznice.nsk.hr\/ploce\/galerija\/dogadanja-2019\/nggallery\/dogadanja-2019\/vinske-price-slavonija-dalmacija'style=\"max-width: 260px\">Vinske pri\u010de - Slavonija \/ Dalmacija<\/a>\n            <\/h4>\n            <p class=\"ngg-album-gallery-image-counter\">\n                                    <strong>18<\/strong>&nbsp;Photos                            <\/p>\n        <\/div>\n            <div class=\"ngg-album-compact\">\n            <div class=\"ngg-album-compactbox\">\n                <div class=\"ngg-album-link\">\n                                        <a title='Hvala ti za ljubav'\n                       href='https:\/\/knjiznice.nsk.hr\/ploce\/galerija\/dogadanja-2019\/nggallery\/dogadanja-2019\/Hvala-ti-za-ljubav'>\n                        <img class=\"Thumb\"\n                             alt=\"Hvala ti za ljubav\"\n                             src=\"https:\/\/knjiznice.nsk.hr\/ploce\/wp-content\/uploads\/sites\/74\/nggallery\/hvala-ti-za-ljubav\/cache\/DSC04737.JPG-nggid03872-ngg0dyn-240x160x100-00f0w010c011r110f110r010t010.JPG\"\/>\n                    <\/a>\n                                    <\/div>\n            <\/div>\n                        <h4>\n                <a class='ngg-album-desc' title='Hvala ti za ljubav'\n                       href='https:\/\/knjiznice.nsk.hr\/ploce\/galerija\/dogadanja-2019\/nggallery\/dogadanja-2019\/Hvala-ti-za-ljubav'style=\"max-width: 260px\">Hvala ti za ljubav<\/a>\n            <\/h4>\n            <p class=\"ngg-album-gallery-image-counter\">\n                                    <strong>25<\/strong>&nbsp;Photos                            <\/p>\n        <\/div>\n            <div class=\"ngg-album-compact\">\n            <div class=\"ngg-album-compactbox\">\n                <div class=\"ngg-album-link\">\n                                        <a title='Emocionalna inteligencija'\n                       href='https:\/\/knjiznice.nsk.hr\/ploce\/galerija\/dogadanja-2019\/nggallery\/dogadanja-2019\/Emocionalna-inteligencija'>\n                        <img class=\"Thumb\"\n                             alt=\"Emocionalna inteligencija\"\n                             src=\"https:\/\/knjiznice.nsk.hr\/ploce\/wp-content\/uploads\/sites\/74\/nggallery\/emocionalna-inteligencija\/cache\/DSC04794.JPG-nggid03897-ngg0dyn-240x160x100-00f0w010c011r110f110r010t010.JPG\"\/>\n                    <\/a>\n                                    <\/div>\n            <\/div>\n                        <h4>\n                <a class='ngg-album-desc' title='Emocionalna inteligencija'\n                       href='https:\/\/knjiznice.nsk.hr\/ploce\/galerija\/dogadanja-2019\/nggallery\/dogadanja-2019\/Emocionalna-inteligencija'style=\"max-width: 260px\">Emocionalna inteligencija<\/a>\n            <\/h4>\n            <p class=\"ngg-album-gallery-image-counter\">\n                                    <strong>6<\/strong>&nbsp;Photos                            <\/p>\n        <\/div>\n            <div class=\"ngg-album-compact\">\n            <div class=\"ngg-album-compactbox\">\n                <div class=\"ngg-album-link\">\n                                        <a title='Ma\u0161kare'\n                       href='https:\/\/knjiznice.nsk.hr\/ploce\/galerija\/dogadanja-2019\/nggallery\/dogadanja-2019\/maskare'>\n                        <img class=\"Thumb\"\n                             alt=\"Ma\u0161kare\"\n                             src=\"https:\/\/knjiznice.nsk.hr\/ploce\/wp-content\/uploads\/sites\/74\/nggallery\/maskare\/cache\/DSC04820_1.jpg-nggid03903-ngg0dyn-240x160x100-00f0w010c011r110f110r010t010.jpg\"\/>\n                    <\/a>\n                                    <\/div>\n            <\/div>\n                        <h4>\n                <a class='ngg-album-desc' title='Ma\u0161kare'\n                       href='https:\/\/knjiznice.nsk.hr\/ploce\/galerija\/dogadanja-2019\/nggallery\/dogadanja-2019\/maskare'style=\"max-width: 260px\">Ma\u0161kare<\/a>\n            <\/h4>\n            <p class=\"ngg-album-gallery-image-counter\">\n                                    <strong>7<\/strong>&nbsp;Photos                            <\/p>\n        <\/div>\n            <div class=\"ngg-album-compact\">\n            <div class=\"ngg-album-compactbox\">\n                <div class=\"ngg-album-link\">\n                                        <a title='Energetska aromaterapija'\n                       href='https:\/\/knjiznice.nsk.hr\/ploce\/galerija\/dogadanja-2019\/nggallery\/dogadanja-2019\/Energetska-aromaterapija'>\n                        <img class=\"Thumb\"\n                             alt=\"Energetska aromaterapija\"\n                             src=\"https:\/\/knjiznice.nsk.hr\/ploce\/wp-content\/uploads\/sites\/74\/nggallery\/energetska-aromaterapija\/cache\/DSC_9740_sm.jpg-nggid03910-ngg0dyn-240x160x100-00f0w010c011r110f110r010t010.jpg\"\/>\n                    <\/a>\n                                    <\/div>\n            <\/div>\n                        <h4>\n                <a class='ngg-album-desc' title='Energetska aromaterapija'\n                       href='https:\/\/knjiznice.nsk.hr\/ploce\/galerija\/dogadanja-2019\/nggallery\/dogadanja-2019\/Energetska-aromaterapija'style=\"max-width: 260px\">Energetska aromaterapija<\/a>\n            <\/h4>\n            <p class=\"ngg-album-gallery-image-counter\">\n                                    <strong>15<\/strong>&nbsp;Photos                            <\/p>\n        <\/div>\n            <div class=\"ngg-album-compact\">\n            <div class=\"ngg-album-compactbox\">\n                <div class=\"ngg-album-link\">\n                                        <a title='Gostovanje Maje Alfirevi\u0107'\n                       href='https:\/\/knjiznice.nsk.hr\/ploce\/galerija\/dogadanja-2019\/nggallery\/dogadanja-2019\/gostovanje-maje-alfirevic'>\n                        <img class=\"Thumb\"\n                             alt=\"Gostovanje Maje Alfirevi\u0107\"\n                             src=\"https:\/\/knjiznice.nsk.hr\/ploce\/wp-content\/uploads\/sites\/74\/nggallery\/gostovanje-maje-alfirevic\/cache\/01_maja-alfirevi%C4%87.jpg-nggid03925-ngg0dyn-240x160x100-00f0w010c011r110f110r010t010.jpg\"\/>\n                    <\/a>\n                                    <\/div>\n            <\/div>\n                        <h4>\n                <a class='ngg-album-desc' title='Gostovanje Maje Alfirevi\u0107'\n                       href='https:\/\/knjiznice.nsk.hr\/ploce\/galerija\/dogadanja-2019\/nggallery\/dogadanja-2019\/gostovanje-maje-alfirevic'style=\"max-width: 260px\">Gostovanje Maje Alfirevi\u0107<\/a>\n            <\/h4>\n            <p class=\"ngg-album-gallery-image-counter\">\n                                    <strong>9<\/strong>&nbsp;Photos                            <\/p>\n        <\/div>\n            <div class=\"ngg-album-compact\">\n            <div class=\"ngg-album-compactbox\">\n                <div class=\"ngg-album-link\">\n                                        <a title='Uskrsna decoupage radionica'\n                       href='https:\/\/knjiznice.nsk.hr\/ploce\/galerija\/dogadanja-2019\/nggallery\/dogadanja-2019\/Uskrsna-decoupage-radionica'>\n                        <img class=\"Thumb\"\n                             alt=\"Uskrsna decoupage radionica\"\n                             src=\"https:\/\/knjiznice.nsk.hr\/ploce\/wp-content\/uploads\/sites\/74\/nggallery\/uskrsna-decoupage-radionica\/cache\/01_decoupage-Uskrs.jpg-nggid03934-ngg0dyn-240x160x100-00f0w010c011r110f110r010t010.jpg\"\/>\n                    <\/a>\n                                    <\/div>\n            <\/div>\n                        <h4>\n                <a class='ngg-album-desc' title='Uskrsna decoupage radionica'\n                       href='https:\/\/knjiznice.nsk.hr\/ploce\/galerija\/dogadanja-2019\/nggallery\/dogadanja-2019\/Uskrsna-decoupage-radionica'style=\"max-width: 260px\">Uskrsna decoupage radionica<\/a>\n            <\/h4>\n            <p class=\"ngg-album-gallery-image-counter\">\n                                    <strong>10<\/strong>&nbsp;Photos                            <\/p>\n        <\/div>\n            <div class=\"ngg-album-compact\">\n            <div class=\"ngg-album-compactbox\">\n                <div class=\"ngg-album-link\">\n                                        <a title='No\u0107 knjige 2019.'\n                       href='https:\/\/knjiznice.nsk.hr\/ploce\/galerija\/dogadanja-2019\/nggallery\/dogadanja-2019\/noc-knjige-2019'>\n                        <img class=\"Thumb\"\n                             alt=\"No\u0107 knjige 2019.\"\n                             src=\"https:\/\/knjiznice.nsk.hr\/ploce\/wp-content\/uploads\/sites\/74\/nggallery\/noc-knjige-2019\/cache\/07_bajka-od-papira.jpg-nggid03944-ngg0dyn-240x160x100-00f0w010c011r110f110r010t010.jpg\"\/>\n                    <\/a>\n                                    <\/div>\n            <\/div>\n                        <h4>\n                <a class='ngg-album-desc' title='No\u0107 knjige 2019.'\n                       href='https:\/\/knjiznice.nsk.hr\/ploce\/galerija\/dogadanja-2019\/nggallery\/dogadanja-2019\/noc-knjige-2019'style=\"max-width: 260px\">No\u0107 knjige 2019.<\/a>\n            <\/h4>\n            <p class=\"ngg-album-gallery-image-counter\">\n                                    <strong>7<\/strong>&nbsp;Photos                            <\/p>\n        <\/div>\n            <div class=\"ngg-album-compact\">\n            <div class=\"ngg-album-compactbox\">\n                <div class=\"ngg-album-link\">\n                                        <a title='Knji\u017eevni susret s Kristianom Novakom'\n                       href='https:\/\/knjiznice.nsk.hr\/ploce\/galerija\/dogadanja-2019\/nggallery\/dogadanja-2019\/knjizevni-susret-s-kristianom-novakom'>\n                        <img class=\"Thumb\"\n                             alt=\"Knji\u017eevni susret s Kristianom Novakom\"\n                             src=\"https:\/\/knjiznice.nsk.hr\/ploce\/wp-content\/uploads\/sites\/74\/nggallery\/knjizevni-susret-s-kristianom-novakom\/cache\/DSC05004.JPG-nggid03951-ngg0dyn-240x160x100-00f0w010c011r110f110r010t010.JPG\"\/>\n                    <\/a>\n                                    <\/div>\n            <\/div>\n                        <h4>\n                <a class='ngg-album-desc' title='Knji\u017eevni susret s Kristianom Novakom'\n                       href='https:\/\/knjiznice.nsk.hr\/ploce\/galerija\/dogadanja-2019\/nggallery\/dogadanja-2019\/knjizevni-susret-s-kristianom-novakom'style=\"max-width: 260px\">Knji\u017eevni susret s Kristianom Novakom<\/a>\n            <\/h4>\n            <p class=\"ngg-album-gallery-image-counter\">\n                                    <strong>7<\/strong>&nbsp;Photos                            <\/p>\n        <\/div>\n            <div class=\"ngg-album-compact\">\n            <div class=\"ngg-album-compactbox\">\n                <div class=\"ngg-album-link\">\n                                        <a title='Ljetna EKO radionica'\n                       href='https:\/\/knjiznice.nsk.hr\/ploce\/galerija\/dogadanja-2019\/nggallery\/dogadanja-2019\/Ljetna-EKO-radionica'>\n                        <img class=\"Thumb\"\n                             alt=\"Ljetna EKO radionica\"\n                             src=\"https:\/\/knjiznice.nsk.hr\/ploce\/wp-content\/uploads\/sites\/74\/nggallery\/ljetna-eko-radionica\/cache\/01_ljetna-eko-radionica.jpg-nggid03958-ngg0dyn-240x160x100-00f0w010c011r110f110r010t010.jpg\"\/>\n                    <\/a>\n                                    <\/div>\n            <\/div>\n                        <h4>\n                <a class='ngg-album-desc' title='Ljetna EKO radionica'\n                       href='https:\/\/knjiznice.nsk.hr\/ploce\/galerija\/dogadanja-2019\/nggallery\/dogadanja-2019\/Ljetna-EKO-radionica'style=\"max-width: 260px\">Ljetna EKO radionica<\/a>\n            <\/h4>\n            <p class=\"ngg-album-gallery-image-counter\">\n                                    <strong>2<\/strong>&nbsp;Photos                            <\/p>\n        <\/div>\n            <div class=\"ngg-album-compact\">\n            <div class=\"ngg-album-compactbox\">\n                <div class=\"ngg-album-link\">\n                                        <a title='Krist me\u0111u nama'\n                       href='https:\/\/knjiznice.nsk.hr\/ploce\/galerija\/dogadanja-2019\/nggallery\/dogadanja-2019\/krist-medu-nama'>\n                        <img class=\"Thumb\"\n                             alt=\"Krist me\u0111u nama\"\n                             src=\"https:\/\/knjiznice.nsk.hr\/ploce\/wp-content\/uploads\/sites\/74\/nggallery\/krist-medu-nama\/cache\/DSC05038.JPG-nggid03960-ngg0dyn-240x160x100-00f0w010c011r110f110r010t010.JPG\"\/>\n                    <\/a>\n                                    <\/div>\n            <\/div>\n                        <h4>\n                <a class='ngg-album-desc' title='Krist me\u0111u nama'\n                       href='https:\/\/knjiznice.nsk.hr\/ploce\/galerija\/dogadanja-2019\/nggallery\/dogadanja-2019\/krist-medu-nama'style=\"max-width: 260px\">Krist me\u0111u nama<\/a>\n            <\/h4>\n            <p class=\"ngg-album-gallery-image-counter\">\n                                    <strong>9<\/strong>&nbsp;Photos                            <\/p>\n        <\/div>\n            <div class=\"ngg-album-compact\">\n            <div class=\"ngg-album-compactbox\">\n                <div class=\"ngg-album-link\">\n                                        <a title='BOSON set - projekt &quot;Trgovina&quot;'\n                       href='https:\/\/knjiznice.nsk.hr\/ploce\/galerija\/dogadanja-2019\/nggallery\/dogadanja-2019\/boson-set-projekt-trgovina'>\n                        <img class=\"Thumb\"\n                             alt=\"BOSON set - projekt &quot;Trgovina&quot;\"\n                             src=\"https:\/\/knjiznice.nsk.hr\/ploce\/wp-content\/uploads\/sites\/74\/nggallery\/boson-set-projekt-trgovina\/cache\/IMG_20201205_120414_sm.jpg-nggid041228-ngg0dyn-240x160x100-00f0w010c011r110f110r010t010.jpg\"\/>\n                    <\/a>\n                                    <\/div>\n            <\/div>\n                        <h4>\n                <a class='ngg-album-desc' title='BOSON set - projekt &quot;Trgovina&quot;'\n                       href='https:\/\/knjiznice.nsk.hr\/ploce\/galerija\/dogadanja-2019\/nggallery\/dogadanja-2019\/boson-set-projekt-trgovina'style=\"max-width: 260px\">BOSON set - projekt \"Trgovina\"<\/a>\n            <\/h4>\n            <p class=\"ngg-album-gallery-image-counter\">\n                                    <strong>16<\/strong>&nbsp;Photos                            <\/p>\n        <\/div>\n            <div class=\"ngg-album-compact\">\n            <div class=\"ngg-album-compactbox\">\n                <div class=\"ngg-album-link\">\n                                        <a title='O&#039;pleti by Adriana Meglaj'\n                       href='https:\/\/knjiznice.nsk.hr\/ploce\/galerija\/dogadanja-2019\/'>\n                        <img class=\"Thumb\"\n                             alt=\"O&#039;pleti by Adriana Meglaj\"\n                             src=\"https:\/\/knjiznice.nsk.hr\/ploce\/wp-content\/uploads\/sites\/74\/nggallery\/opleti-prema-jugu-djeca\/cache\/DSC00349.JPG-nggid03645-ngg0dyn-240x160x100-00f0w010c011r110f110r010t010.JPG\"\/>\n                    <\/a>\n                                    <\/div>\n            <\/div>\n                        <h4>\n                <a class='ngg-album-desc' title='O&#039;pleti by Adriana Meglaj'\n                       href='https:\/\/knjiznice.nsk.hr\/ploce\/galerija\/dogadanja-2019\/'style=\"max-width: 260px\">O'pleti by Adriana Meglaj<\/a>\n            <\/h4>\n            <p class=\"ngg-album-gallery-image-counter\">\n                                    &nbsp;\n                            <\/p>\n        <\/div>\n            <div class=\"ngg-album-compact\">\n            <div class=\"ngg-album-compactbox\">\n                <div class=\"ngg-album-link\">\n                                        <a title='Mjesec hrvatske knjige 2019.'\n                       href='https:\/\/knjiznice.nsk.hr\/ploce\/galerija\/dogadanja-2019\/nggallery\/mjesec-hrvatske-knjige-2019'>\n                        <img class=\"Thumb\"\n                             alt=\"Mjesec hrvatske knjige 2019.\"\n                             src=\"https:\/\/knjiznice.nsk.hr\/ploce\/wp-content\/uploads\/sites\/74\/nggallery\/kako-zacijeliti-povrede-iz-djetinjstva\/cache\/DSC05290_sm.jpg-nggid03972-ngg0dyn-240x160x100-00f0w010c011r110f110r010t010.jpg\"\/>\n                    <\/a>\n                                    <\/div>\n            <\/div>\n                        <h4>\n                <a class='ngg-album-desc' title='Mjesec hrvatske knjige 2019.'\n                       href='https:\/\/knjiznice.nsk.hr\/ploce\/galerija\/dogadanja-2019\/nggallery\/mjesec-hrvatske-knjige-2019'style=\"max-width: 260px\">Mjesec hrvatske knjige 2019.<\/a>\n            <\/h4>\n            <p class=\"ngg-album-gallery-image-counter\">\n                                    &nbsp;\n                            <\/p>\n        <\/div>\n        <br class=\"ngg-clear\"\/>\n    <div class='ngg-clear'><\/div><\/div>\n<a href=\"http:\/\/knjiznice.nsk.hr\/ploce\/galerija\/\">&lt;&lt; Natrag na GALERIJU<\/a><\/p>\n","protected":false},"excerpt":{"rendered":"<p>&lt;&lt; Natrag na GALERIJU<\/p>\n","protected":false},"author":89,"featured_media":0,"parent":53,"menu_order":6,"comment_status":"closed","ping_status":"closed","template":"","meta":{"ngg_post_thumbnail":0},"yoast_head":"<!-- This site is optimized with the Yoast SEO plugin v16.4 - https:\/\/yoast.com\/wordpress\/plugins\/seo\/ -->\n<meta name=\"robots\" content=\"index, follow, max-snippet:-1, max-image-preview:large, max-video-preview:-1\" \/>\n<link rel=\"canonical\" href=\"https:\/\/knjiznice.nsk.hr\/ploce\/galerija\/dogadanja-2019\/\" \/>\n<meta property=\"og:locale\" content=\"hr_HR\" \/>\n<meta property=\"og:type\" content=\"article\" \/>\n<meta property=\"og:title\" content=\"Doga\u0111anja 2019. - Narodna knji\u017enica Plo\u010de\" \/>\n<meta property=\"og:description\" content=\"&lt;&lt; Natrag na GALERIJU\" \/>\n<meta property=\"og:url\" content=\"https:\/\/knjiznice.nsk.hr\/ploce\/galerija\/dogadanja-2019\/\" \/>\n<meta property=\"og:site_name\" content=\"Narodna knji\u017enica Plo\u010de\" \/>\n<meta property=\"article:publisher\" content=\"https:\/\/www.facebook.com\/narodnaknjiznica.ploce\/\" \/>\n<meta property=\"article:modified_time\" content=\"2021-08-25T12:09:15+00:00\" \/>\n<script type=\"application\/ld+json\" class=\"yoast-schema-graph\">{\"@context\":\"https:\/\/schema.org\",\"@graph\":[{\"@type\":\"Organization\",\"@id\":\"http:\/\/knjiznice.nsk.hr\/ploce\/#organization\",\"name\":\"Narodna knji\\u017enica Plo\\u010de\",\"url\":\"http:\/\/knjiznice.nsk.hr\/ploce\/\",\"sameAs\":[\"https:\/\/www.facebook.com\/narodnaknjiznica.ploce\/\"],\"logo\":{\"@type\":\"ImageObject\",\"@id\":\"http:\/\/knjiznice.nsk.hr\/ploce\/#logo\",\"inLanguage\":\"hr\",\"url\":\"http:\/\/knjiznice.nsk.hr\/ploce\/wp-content\/uploads\/sites\/74\/2015\/09\/logo_1.png\",\"contentUrl\":\"http:\/\/knjiznice.nsk.hr\/ploce\/wp-content\/uploads\/sites\/74\/2015\/09\/logo_1.png\",\"width\":861,\"height\":503,\"caption\":\"Narodna knji\\u017enica Plo\\u010de\"},\"image\":{\"@id\":\"http:\/\/knjiznice.nsk.hr\/ploce\/#logo\"}},{\"@type\":\"WebSite\",\"@id\":\"http:\/\/knjiznice.nsk.hr\/ploce\/#website\",\"url\":\"http:\/\/knjiznice.nsk.hr\/ploce\/\",\"name\":\"Narodna knji\\u017enica Plo\\u010de\",\"description\":\"\",\"publisher\":{\"@id\":\"http:\/\/knjiznice.nsk.hr\/ploce\/#organization\"},\"potentialAction\":[{\"@type\":\"SearchAction\",\"target\":\"http:\/\/knjiznice.nsk.hr\/ploce\/?s={search_term_string}\",\"query-input\":\"required name=search_term_string\"}],\"inLanguage\":\"hr\"},{\"@type\":\"WebPage\",\"@id\":\"https:\/\/knjiznice.nsk.hr\/ploce\/galerija\/dogadanja-2019\/#webpage\",\"url\":\"https:\/\/knjiznice.nsk.hr\/ploce\/galerija\/dogadanja-2019\/\",\"name\":\"Doga\\u0111anja 2019. - Narodna knji\\u017enica Plo\\u010de\",\"isPartOf\":{\"@id\":\"http:\/\/knjiznice.nsk.hr\/ploce\/#website\"},\"datePublished\":\"2019-01-29T14:15:18+00:00\",\"dateModified\":\"2021-08-25T12:09:15+00:00\",\"breadcrumb\":{\"@id\":\"https:\/\/knjiznice.nsk.hr\/ploce\/galerija\/dogadanja-2019\/#breadcrumb\"},\"inLanguage\":\"hr\",\"potentialAction\":[{\"@type\":\"ReadAction\",\"target\":[\"https:\/\/knjiznice.nsk.hr\/ploce\/galerija\/dogadanja-2019\/\"]}]},{\"@type\":\"BreadcrumbList\",\"@id\":\"https:\/\/knjiznice.nsk.hr\/ploce\/galerija\/dogadanja-2019\/#breadcrumb\",\"itemListElement\":[{\"@type\":\"ListItem\",\"position\":1,\"item\":{\"@type\":\"WebPage\",\"@id\":\"http:\/\/knjiznice.nsk.hr\/ploce\/\",\"url\":\"http:\/\/knjiznice.nsk.hr\/ploce\/\",\"name\":\"Po\\u010detna stranica\"}},{\"@type\":\"ListItem\",\"position\":2,\"item\":{\"@type\":\"WebPage\",\"@id\":\"http:\/\/knjiznice.nsk.hr\/ploce\/galerija\/\",\"url\":\"http:\/\/knjiznice.nsk.hr\/ploce\/galerija\/\",\"name\":\"Galerija\"}},{\"@type\":\"ListItem\",\"position\":3,\"item\":{\"@id\":\"https:\/\/knjiznice.nsk.hr\/ploce\/galerija\/dogadanja-2019\/#webpage\"}}]}]}<\/script>\n<!-- \/ Yoast SEO plugin. -->","_links":{"self":[{"href":"https:\/\/knjiznice.nsk.hr\/ploce\/wp-json\/wp\/v2\/pages\/2991"}],"collection":[{"href":"https:\/\/knjiznice.nsk.hr\/ploce\/wp-json\/wp\/v2\/pages"}],"about":[{"href":"https:\/\/knjiznice.nsk.hr\/ploce\/wp-json\/wp\/v2\/types\/page"}],"author":[{"embeddable":true,"href":"https:\/\/knjiznice.nsk.hr\/ploce\/wp-json\/wp\/v2\/users\/89"}],"replies":[{"embeddable":true,"href":"https:\/\/knjiznice.nsk.hr\/ploce\/wp-json\/wp\/v2\/comments?post=2991"}],"version-history":[{"count":1,"href":"https:\/\/knjiznice.nsk.hr\/ploce\/wp-json\/wp\/v2\/pages\/2991\/revisions"}],"predecessor-version":[{"id":2992,"href":"https:\/\/knjiznice.nsk.hr\/ploce\/wp-json\/wp\/v2\/pages\/2991\/revisions\/2992"}],"up":[{"embeddable":true,"href":"https:\/\/knjiznice.nsk.hr\/ploce\/wp-json\/wp\/v2\/pages\/53"}],"wp:attachment":[{"href":"https:\/\/knjiznice.nsk.hr\/ploce\/wp-json\/wp\/v2\/media?parent=2991"}],"curies":[{"name":"wp","href":"https:\/\/api.w.org\/{rel}","templated":true}]}}