{"id":260,"date":"2015-09-18T19:18:08","date_gmt":"2015-09-18T17:18:08","guid":{"rendered":"http:\/\/knjiznice.nsk.hr\/ploce\/dogadanja-jesen-2014-proljece-2015\/"},"modified":"2017-03-21T20:25:19","modified_gmt":"2017-03-21T19:25:19","slug":"dogadanja-jesen-2014-proljece-2015","status":"publish","type":"page","link":"https:\/\/knjiznice.nsk.hr\/ploce\/galerija\/dogadanja-jesen-2014-proljece-2015\/","title":{"rendered":"Doga\u0111anja: jesen 2014. &#8211; prolje\u0107e 2015."},"content":{"rendered":"<!-- index.php -->\n<div\n\tclass=\"ngg-galleryoverview ngg-ajax-pagination-none\"\n\tid=\"ngg-gallery-34cf9ad72bef8f574a6497ca8dd3702a-1\">\n\n    \t<div class=\"slideshowlink\">\n        <a href='https:\/\/knjiznice.nsk.hr\/ploce\/galerija\/dogadanja-jesen-2014-proljece-2015\/nggallery\/slideshow'>[Show slideshow]<\/a>\n\t\t\n\t<\/div>\n\t\t\t<!-- Thumbnails -->\n\t\t\t\t<div id=\"ngg-image-0\" class=\"ngg-gallery-thumbnail-box\" >\n\t\t\t\t        <div class=\"ngg-gallery-thumbnail\">\n            <a href=\"https:\/\/knjiznice.nsk.hr\/ploce\/wp-content\/uploads\/sites\/74\/nggallery\/dogadanja-u-knjiznici\/01_teatar-naran%C4%8Da_1.jpg\"\n               title=\"Teatar Naran\u010da\"\n               data-src=\"https:\/\/knjiznice.nsk.hr\/ploce\/wp-content\/uploads\/sites\/74\/nggallery\/dogadanja-u-knjiznici\/01_teatar-naran%C4%8Da_1.jpg\"\n               data-thumbnail=\"https:\/\/knjiznice.nsk.hr\/ploce\/wp-content\/uploads\/sites\/74\/nggallery\/dogadanja-u-knjiznici\/thumbs\/thumbs_01_teatar-naran%C4%8Da_1.jpg\"\n               data-image-id=\"1\"\n               data-title=\"01_teatar-naran\u010da_1\"\n               data-description=\"Teatar Naran\u010da\"\n               data-image-slug=\"01_teatar-naran%c4%8da_1-1\"\n               class=\"ngg-fancybox\" rel=\"34cf9ad72bef8f574a6497ca8dd3702a\">\n                <img\n                    title=\"01_teatar-naran\u010da_1\"\n                    alt=\"01_teatar-naran\u010da_1\"\n                    src=\"https:\/\/knjiznice.nsk.hr\/ploce\/wp-content\/uploads\/sites\/74\/nggallery\/dogadanja-u-knjiznici\/thumbs\/thumbs_01_teatar-naran%C4%8Da_1.jpg\"\n                    width=\"120\"\n                    height=\"90\"\n                    style=\"max-width:100%;\"\n                \/>\n            <\/a>\n        <\/div>\n\t\t\t\t\t\t\t<\/div> \n\t\t\t\n        \n\t\t\t\t<div id=\"ngg-image-1\" class=\"ngg-gallery-thumbnail-box\" >\n\t\t\t\t        <div class=\"ngg-gallery-thumbnail\">\n            <a href=\"https:\/\/knjiznice.nsk.hr\/ploce\/wp-content\/uploads\/sites\/74\/nggallery\/dogadanja-u-knjiznici\/02_otvorenje-MHK_1.jpg\"\n               title=\"Otvorenje Mjeseca hrvatske knjige\"\n               data-src=\"https:\/\/knjiznice.nsk.hr\/ploce\/wp-content\/uploads\/sites\/74\/nggallery\/dogadanja-u-knjiznici\/02_otvorenje-MHK_1.jpg\"\n               data-thumbnail=\"https:\/\/knjiznice.nsk.hr\/ploce\/wp-content\/uploads\/sites\/74\/nggallery\/dogadanja-u-knjiznici\/thumbs\/thumbs_02_otvorenje-MHK_1.jpg\"\n               data-image-id=\"2\"\n               data-title=\"02_otvorenje-MHK_1\"\n               data-description=\"Otvorenje Mjeseca hrvatske knjige\"\n               data-image-slug=\"02_otvorenje-mhk_1\"\n               class=\"ngg-fancybox\" rel=\"34cf9ad72bef8f574a6497ca8dd3702a\">\n                <img\n                    title=\"02_otvorenje-MHK_1\"\n                    alt=\"02_otvorenje-MHK_1\"\n                    src=\"https:\/\/knjiznice.nsk.hr\/ploce\/wp-content\/uploads\/sites\/74\/nggallery\/dogadanja-u-knjiznici\/thumbs\/thumbs_02_otvorenje-MHK_1.jpg\"\n                    width=\"120\"\n                    height=\"90\"\n                    style=\"max-width:100%;\"\n                \/>\n            <\/a>\n        <\/div>\n\t\t\t\t\t\t\t<\/div> \n\t\t\t\n        \n\t\t\t\t<div id=\"ngg-image-2\" class=\"ngg-gallery-thumbnail-box\" >\n\t\t\t\t        <div class=\"ngg-gallery-thumbnail\">\n            <a href=\"https:\/\/knjiznice.nsk.hr\/ploce\/wp-content\/uploads\/sites\/74\/nggallery\/dogadanja-u-knjiznici\/03_otvorenje-MHK_2.jpg\"\n               title=\"Otvorenje Mjeseca hrvatske knjige\"\n               data-src=\"https:\/\/knjiznice.nsk.hr\/ploce\/wp-content\/uploads\/sites\/74\/nggallery\/dogadanja-u-knjiznici\/03_otvorenje-MHK_2.jpg\"\n               data-thumbnail=\"https:\/\/knjiznice.nsk.hr\/ploce\/wp-content\/uploads\/sites\/74\/nggallery\/dogadanja-u-knjiznici\/thumbs\/thumbs_03_otvorenje-MHK_2.jpg\"\n               data-image-id=\"3\"\n               data-title=\"03_otvorenje-MHK_2\"\n               data-description=\"Otvorenje Mjeseca hrvatske knjige\"\n               data-image-slug=\"03_otvorenje-mhk_2\"\n               class=\"ngg-fancybox\" rel=\"34cf9ad72bef8f574a6497ca8dd3702a\">\n                <img\n                    title=\"03_otvorenje-MHK_2\"\n                    alt=\"03_otvorenje-MHK_2\"\n                    src=\"https:\/\/knjiznice.nsk.hr\/ploce\/wp-content\/uploads\/sites\/74\/nggallery\/dogadanja-u-knjiznici\/thumbs\/thumbs_03_otvorenje-MHK_2.jpg\"\n                    width=\"120\"\n                    height=\"90\"\n                    style=\"max-width:100%;\"\n                \/>\n            <\/a>\n        <\/div>\n\t\t\t\t\t\t\t<\/div> \n\t\t\t\n        \n\t\t\t\t<div id=\"ngg-image-3\" class=\"ngg-gallery-thumbnail-box\" >\n\t\t\t\t        <div class=\"ngg-gallery-thumbnail\">\n            <a href=\"https:\/\/knjiznice.nsk.hr\/ploce\/wp-content\/uploads\/sites\/74\/nggallery\/dogadanja-u-knjiznici\/04_uspavanka-ljubavi.JPG\"\n               title=\"Uspavanka ljubavi - ve\u010der poezije\"\n               data-src=\"https:\/\/knjiznice.nsk.hr\/ploce\/wp-content\/uploads\/sites\/74\/nggallery\/dogadanja-u-knjiznici\/04_uspavanka-ljubavi.JPG\"\n               data-thumbnail=\"https:\/\/knjiznice.nsk.hr\/ploce\/wp-content\/uploads\/sites\/74\/nggallery\/dogadanja-u-knjiznici\/thumbs\/thumbs_04_uspavanka-ljubavi.JPG\"\n               data-image-id=\"4\"\n               data-title=\"04_uspavanka-ljubavi\"\n               data-description=\"Uspavanka ljubavi - ve\u010der poezije\"\n               data-image-slug=\"04_uspavanka-ljubavi\"\n               class=\"ngg-fancybox\" rel=\"34cf9ad72bef8f574a6497ca8dd3702a\">\n                <img\n                    title=\"04_uspavanka-ljubavi\"\n                    alt=\"04_uspavanka-ljubavi\"\n                    src=\"https:\/\/knjiznice.nsk.hr\/ploce\/wp-content\/uploads\/sites\/74\/nggallery\/dogadanja-u-knjiznici\/thumbs\/thumbs_04_uspavanka-ljubavi.JPG\"\n                    width=\"120\"\n                    height=\"90\"\n                    style=\"max-width:100%;\"\n                \/>\n            <\/a>\n        <\/div>\n\t\t\t\t\t\t\t<\/div> \n\t\t\t\n        \n\t\t\t\t<div id=\"ngg-image-4\" class=\"ngg-gallery-thumbnail-box\" >\n\t\t\t\t        <div class=\"ngg-gallery-thumbnail\">\n            <a href=\"https:\/\/knjiznice.nsk.hr\/ploce\/wp-content\/uploads\/sites\/74\/nggallery\/dogadanja-u-knjiznici\/05_uvodi%C4%87-vrani%C4%87.jpg\"\n               title=\"Dru\u017eenje s Ljubicom Uvodi\u0107 Vrani\u0107\"\n               data-src=\"https:\/\/knjiznice.nsk.hr\/ploce\/wp-content\/uploads\/sites\/74\/nggallery\/dogadanja-u-knjiznici\/05_uvodi%C4%87-vrani%C4%87.jpg\"\n               data-thumbnail=\"https:\/\/knjiznice.nsk.hr\/ploce\/wp-content\/uploads\/sites\/74\/nggallery\/dogadanja-u-knjiznici\/thumbs\/thumbs_05_uvodi%C4%87-vrani%C4%87.jpg\"\n               data-image-id=\"5\"\n               data-title=\"05_uvodi\u0107-vrani\u0107\"\n               data-description=\"Dru\u017eenje s Ljubicom Uvodi\u0107 Vrani\u0107\"\n               data-image-slug=\"05_uvodi%c4%87-vrani%c4%87-1\"\n               class=\"ngg-fancybox\" rel=\"34cf9ad72bef8f574a6497ca8dd3702a\">\n                <img\n                    title=\"05_uvodi\u0107-vrani\u0107\"\n                    alt=\"05_uvodi\u0107-vrani\u0107\"\n                    src=\"https:\/\/knjiznice.nsk.hr\/ploce\/wp-content\/uploads\/sites\/74\/nggallery\/dogadanja-u-knjiznici\/thumbs\/thumbs_05_uvodi%C4%87-vrani%C4%87.jpg\"\n                    width=\"120\"\n                    height=\"90\"\n                    style=\"max-width:100%;\"\n                \/>\n            <\/a>\n        <\/div>\n\t\t\t\t\t\t\t<\/div> \n\t\t\t\n        \n\t\t\t\t<div id=\"ngg-image-5\" class=\"ngg-gallery-thumbnail-box\" >\n\t\t\t\t        <div class=\"ngg-gallery-thumbnail\">\n            <a href=\"https:\/\/knjiznice.nsk.hr\/ploce\/wp-content\/uploads\/sites\/74\/nggallery\/dogadanja-u-knjiznici\/06_mali-planinari_1.JPG\"\n               title=\"Radionica &quot;Mali planinari&quot;\"\n               data-src=\"https:\/\/knjiznice.nsk.hr\/ploce\/wp-content\/uploads\/sites\/74\/nggallery\/dogadanja-u-knjiznici\/06_mali-planinari_1.JPG\"\n               data-thumbnail=\"https:\/\/knjiznice.nsk.hr\/ploce\/wp-content\/uploads\/sites\/74\/nggallery\/dogadanja-u-knjiznici\/thumbs\/thumbs_06_mali-planinari_1.JPG\"\n               data-image-id=\"6\"\n               data-title=\"06_mali-planinari_1\"\n               data-description=\"Radionica &quot;Mali planinari&quot;\"\n               data-image-slug=\"06_mali-planinari_1\"\n               class=\"ngg-fancybox\" rel=\"34cf9ad72bef8f574a6497ca8dd3702a\">\n                <img\n                    title=\"06_mali-planinari_1\"\n                    alt=\"06_mali-planinari_1\"\n                    src=\"https:\/\/knjiznice.nsk.hr\/ploce\/wp-content\/uploads\/sites\/74\/nggallery\/dogadanja-u-knjiznici\/thumbs\/thumbs_06_mali-planinari_1.JPG\"\n                    width=\"120\"\n                    height=\"90\"\n                    style=\"max-width:100%;\"\n                \/>\n            <\/a>\n        <\/div>\n\t\t\t\t\t\t\t<\/div> \n\t\t\t\n        \n\t\t\t\t<div id=\"ngg-image-6\" class=\"ngg-gallery-thumbnail-box\" >\n\t\t\t\t        <div class=\"ngg-gallery-thumbnail\">\n            <a href=\"https:\/\/knjiznice.nsk.hr\/ploce\/wp-content\/uploads\/sites\/74\/nggallery\/dogadanja-u-knjiznici\/07_mali-planinari_2.JPG\"\n               title=\"Radionica &quot;Mali planinari&quot;\"\n               data-src=\"https:\/\/knjiznice.nsk.hr\/ploce\/wp-content\/uploads\/sites\/74\/nggallery\/dogadanja-u-knjiznici\/07_mali-planinari_2.JPG\"\n               data-thumbnail=\"https:\/\/knjiznice.nsk.hr\/ploce\/wp-content\/uploads\/sites\/74\/nggallery\/dogadanja-u-knjiznici\/thumbs\/thumbs_07_mali-planinari_2.JPG\"\n               data-image-id=\"7\"\n               data-title=\"07_mali-planinari_2\"\n               data-description=\"Radionica &quot;Mali planinari&quot;\"\n               data-image-slug=\"07_mali-planinari_2\"\n               class=\"ngg-fancybox\" rel=\"34cf9ad72bef8f574a6497ca8dd3702a\">\n                <img\n                    title=\"07_mali-planinari_2\"\n                    alt=\"07_mali-planinari_2\"\n                    src=\"https:\/\/knjiznice.nsk.hr\/ploce\/wp-content\/uploads\/sites\/74\/nggallery\/dogadanja-u-knjiznici\/thumbs\/thumbs_07_mali-planinari_2.JPG\"\n                    width=\"120\"\n                    height=\"90\"\n                    style=\"max-width:100%;\"\n                \/>\n            <\/a>\n        <\/div>\n\t\t\t\t\t\t\t<\/div> \n\t\t\t\n        \n\t\t\t\t<div id=\"ngg-image-7\" class=\"ngg-gallery-thumbnail-box\" >\n\t\t\t\t        <div class=\"ngg-gallery-thumbnail\">\n            <a href=\"https:\/\/knjiznice.nsk.hr\/ploce\/wp-content\/uploads\/sites\/74\/nggallery\/dogadanja-u-knjiznici\/08_bo%C5%BEi%C4%87ne-radionice.JPG\"\n               title=\"Bo\u017ei\u0107ne radionice\"\n               data-src=\"https:\/\/knjiznice.nsk.hr\/ploce\/wp-content\/uploads\/sites\/74\/nggallery\/dogadanja-u-knjiznici\/08_bo%C5%BEi%C4%87ne-radionice.JPG\"\n               data-thumbnail=\"https:\/\/knjiznice.nsk.hr\/ploce\/wp-content\/uploads\/sites\/74\/nggallery\/dogadanja-u-knjiznici\/thumbs\/thumbs_08_bo%C5%BEi%C4%87ne-radionice.JPG\"\n               data-image-id=\"8\"\n               data-title=\"08_bo\u017ei\u0107ne-radionice\"\n               data-description=\"Bo\u017ei\u0107ne radionice\"\n               data-image-slug=\"08_bo%c5%bei%c4%87ne-radionice-1\"\n               class=\"ngg-fancybox\" rel=\"34cf9ad72bef8f574a6497ca8dd3702a\">\n                <img\n                    title=\"08_bo\u017ei\u0107ne-radionice\"\n                    alt=\"08_bo\u017ei\u0107ne-radionice\"\n                    src=\"https:\/\/knjiznice.nsk.hr\/ploce\/wp-content\/uploads\/sites\/74\/nggallery\/dogadanja-u-knjiznici\/thumbs\/thumbs_08_bo%C5%BEi%C4%87ne-radionice.JPG\"\n                    width=\"120\"\n                    height=\"90\"\n                    style=\"max-width:100%;\"\n                \/>\n            <\/a>\n        <\/div>\n\t\t\t\t\t\t\t<\/div> \n\t\t\t\n        \n\t\t\t\t<div id=\"ngg-image-8\" class=\"ngg-gallery-thumbnail-box\" >\n\t\t\t\t        <div class=\"ngg-gallery-thumbnail\">\n            <a href=\"https:\/\/knjiznice.nsk.hr\/ploce\/wp-content\/uploads\/sites\/74\/nggallery\/dogadanja-u-knjiznici\/09_maja-klari%C4%87.jpg\"\n               title=\"Putopjesni\u010dko dru\u017eenje s Majom Klari\u0107\"\n               data-src=\"https:\/\/knjiznice.nsk.hr\/ploce\/wp-content\/uploads\/sites\/74\/nggallery\/dogadanja-u-knjiznici\/09_maja-klari%C4%87.jpg\"\n               data-thumbnail=\"https:\/\/knjiznice.nsk.hr\/ploce\/wp-content\/uploads\/sites\/74\/nggallery\/dogadanja-u-knjiznici\/thumbs\/thumbs_09_maja-klari%C4%87.jpg\"\n               data-image-id=\"9\"\n               data-title=\"09_maja-klari\u0107\"\n               data-description=\"Putopjesni\u010dko dru\u017eenje s Majom Klari\u0107\"\n               data-image-slug=\"09_maja-klari%c4%87-1\"\n               class=\"ngg-fancybox\" rel=\"34cf9ad72bef8f574a6497ca8dd3702a\">\n                <img\n                    title=\"09_maja-klari\u0107\"\n                    alt=\"09_maja-klari\u0107\"\n                    src=\"https:\/\/knjiznice.nsk.hr\/ploce\/wp-content\/uploads\/sites\/74\/nggallery\/dogadanja-u-knjiznici\/thumbs\/thumbs_09_maja-klari%C4%87.jpg\"\n                    width=\"120\"\n                    height=\"90\"\n                    style=\"max-width:100%;\"\n                \/>\n            <\/a>\n        <\/div>\n\t\t\t\t\t\t\t<\/div> \n\t\t\t\n        \n\t\t\t\t<div id=\"ngg-image-9\" class=\"ngg-gallery-thumbnail-box\" >\n\t\t\t\t        <div class=\"ngg-gallery-thumbnail\">\n            <a href=\"https:\/\/knjiznice.nsk.hr\/ploce\/wp-content\/uploads\/sites\/74\/nggallery\/dogadanja-u-knjiznici\/10_rostuhar.jpg\"\n               title=\"U zemlji zmaja - predstavljanje nove knjige Davora Rostuhara\"\n               data-src=\"https:\/\/knjiznice.nsk.hr\/ploce\/wp-content\/uploads\/sites\/74\/nggallery\/dogadanja-u-knjiznici\/10_rostuhar.jpg\"\n               data-thumbnail=\"https:\/\/knjiznice.nsk.hr\/ploce\/wp-content\/uploads\/sites\/74\/nggallery\/dogadanja-u-knjiznici\/thumbs\/thumbs_10_rostuhar.jpg\"\n               data-image-id=\"10\"\n               data-title=\"10_rostuhar\"\n               data-description=\"U zemlji zmaja - predstavljanje nove knjige Davora Rostuhara\"\n               data-image-slug=\"10_rostuhar\"\n               class=\"ngg-fancybox\" rel=\"34cf9ad72bef8f574a6497ca8dd3702a\">\n                <img\n                    title=\"10_rostuhar\"\n                    alt=\"10_rostuhar\"\n                    src=\"https:\/\/knjiznice.nsk.hr\/ploce\/wp-content\/uploads\/sites\/74\/nggallery\/dogadanja-u-knjiznici\/thumbs\/thumbs_10_rostuhar.jpg\"\n                    width=\"120\"\n                    height=\"90\"\n                    style=\"max-width:100%;\"\n                \/>\n            <\/a>\n        <\/div>\n\t\t\t\t\t\t\t<\/div> \n\t\t\t\n        \n\t\t\n\t\t<!-- Pagination -->\n\t<div class='ngg-clear'><\/div>\t<\/div>\n\n<p><a href=\"http:\/\/knjiznice.nsk.hr\/ploce\/galerija\/\">&lt;&lt; Natrag na GALERIJU<\/a><\/p>\n","protected":false},"excerpt":{"rendered":"<p>&lt;&lt; Natrag na GALERIJU<\/p>\n","protected":false},"author":89,"featured_media":0,"parent":53,"menu_order":1,"comment_status":"closed","ping_status":"closed","template":"","meta":{"ngg_post_thumbnail":0},"yoast_head":"<!-- This site is optimized with the Yoast SEO plugin v16.4 - https:\/\/yoast.com\/wordpress\/plugins\/seo\/ -->\n<meta name=\"robots\" content=\"index, follow, max-snippet:-1, max-image-preview:large, max-video-preview:-1\" \/>\n<link rel=\"canonical\" href=\"http:\/\/knjiznice.nsk.hr\/ploce\/galerija\/dogadanja-jesen-2014-proljece-2015\/\" \/>\n<meta property=\"og:locale\" content=\"hr_HR\" \/>\n<meta property=\"og:type\" content=\"article\" \/>\n<meta property=\"og:title\" content=\"Doga\u0111anja: jesen 2014. - prolje\u0107e 2015. - Narodna knji\u017enica Plo\u010de\" \/>\n<meta property=\"og:description\" content=\"&lt;&lt; Natrag na GALERIJU\" \/>\n<meta property=\"og:url\" content=\"http:\/\/knjiznice.nsk.hr\/ploce\/galerija\/dogadanja-jesen-2014-proljece-2015\/\" \/>\n<meta property=\"og:site_name\" content=\"Narodna knji\u017enica Plo\u010de\" \/>\n<meta property=\"article:publisher\" content=\"https:\/\/www.facebook.com\/narodnaknjiznica.ploce\/\" \/>\n<meta property=\"article:modified_time\" content=\"2017-03-21T19:25:19+00:00\" \/>\n<script type=\"application\/ld+json\" class=\"yoast-schema-graph\">{\"@context\":\"https:\/\/schema.org\",\"@graph\":[{\"@type\":\"Organization\",\"@id\":\"http:\/\/knjiznice.nsk.hr\/ploce\/#organization\",\"name\":\"Narodna knji\\u017enica Plo\\u010de\",\"url\":\"http:\/\/knjiznice.nsk.hr\/ploce\/\",\"sameAs\":[\"https:\/\/www.facebook.com\/narodnaknjiznica.ploce\/\"],\"logo\":{\"@type\":\"ImageObject\",\"@id\":\"http:\/\/knjiznice.nsk.hr\/ploce\/#logo\",\"inLanguage\":\"hr\",\"url\":\"http:\/\/knjiznice.nsk.hr\/ploce\/wp-content\/uploads\/sites\/74\/2015\/09\/logo_1.png\",\"contentUrl\":\"http:\/\/knjiznice.nsk.hr\/ploce\/wp-content\/uploads\/sites\/74\/2015\/09\/logo_1.png\",\"width\":861,\"height\":503,\"caption\":\"Narodna knji\\u017enica Plo\\u010de\"},\"image\":{\"@id\":\"http:\/\/knjiznice.nsk.hr\/ploce\/#logo\"}},{\"@type\":\"WebSite\",\"@id\":\"http:\/\/knjiznice.nsk.hr\/ploce\/#website\",\"url\":\"http:\/\/knjiznice.nsk.hr\/ploce\/\",\"name\":\"Narodna knji\\u017enica Plo\\u010de\",\"description\":\"\",\"publisher\":{\"@id\":\"http:\/\/knjiznice.nsk.hr\/ploce\/#organization\"},\"potentialAction\":[{\"@type\":\"SearchAction\",\"target\":\"http:\/\/knjiznice.nsk.hr\/ploce\/?s={search_term_string}\",\"query-input\":\"required name=search_term_string\"}],\"inLanguage\":\"hr\"},{\"@type\":\"WebPage\",\"@id\":\"http:\/\/knjiznice.nsk.hr\/ploce\/galerija\/dogadanja-jesen-2014-proljece-2015\/#webpage\",\"url\":\"http:\/\/knjiznice.nsk.hr\/ploce\/galerija\/dogadanja-jesen-2014-proljece-2015\/\",\"name\":\"Doga\\u0111anja: jesen 2014. - prolje\\u0107e 2015. - Narodna knji\\u017enica Plo\\u010de\",\"isPartOf\":{\"@id\":\"http:\/\/knjiznice.nsk.hr\/ploce\/#website\"},\"datePublished\":\"2015-09-18T17:18:08+00:00\",\"dateModified\":\"2017-03-21T19:25:19+00:00\",\"breadcrumb\":{\"@id\":\"http:\/\/knjiznice.nsk.hr\/ploce\/galerija\/dogadanja-jesen-2014-proljece-2015\/#breadcrumb\"},\"inLanguage\":\"hr\",\"potentialAction\":[{\"@type\":\"ReadAction\",\"target\":[\"http:\/\/knjiznice.nsk.hr\/ploce\/galerija\/dogadanja-jesen-2014-proljece-2015\/\"]}]},{\"@type\":\"BreadcrumbList\",\"@id\":\"http:\/\/knjiznice.nsk.hr\/ploce\/galerija\/dogadanja-jesen-2014-proljece-2015\/#breadcrumb\",\"itemListElement\":[{\"@type\":\"ListItem\",\"position\":1,\"item\":{\"@type\":\"WebPage\",\"@id\":\"http:\/\/knjiznice.nsk.hr\/ploce\/\",\"url\":\"http:\/\/knjiznice.nsk.hr\/ploce\/\",\"name\":\"Po\\u010detna stranica\"}},{\"@type\":\"ListItem\",\"position\":2,\"item\":{\"@type\":\"WebPage\",\"@id\":\"http:\/\/knjiznice.nsk.hr\/ploce\/galerija\/\",\"url\":\"http:\/\/knjiznice.nsk.hr\/ploce\/galerija\/\",\"name\":\"Galerija\"}},{\"@type\":\"ListItem\",\"position\":3,\"item\":{\"@id\":\"http:\/\/knjiznice.nsk.hr\/ploce\/galerija\/dogadanja-jesen-2014-proljece-2015\/#webpage\"}}]}]}<\/script>\n<!-- \/ Yoast SEO plugin. -->","_links":{"self":[{"href":"https:\/\/knjiznice.nsk.hr\/ploce\/wp-json\/wp\/v2\/pages\/260"}],"collection":[{"href":"https:\/\/knjiznice.nsk.hr\/ploce\/wp-json\/wp\/v2\/pages"}],"about":[{"href":"https:\/\/knjiznice.nsk.hr\/ploce\/wp-json\/wp\/v2\/types\/page"}],"author":[{"embeddable":true,"href":"https:\/\/knjiznice.nsk.hr\/ploce\/wp-json\/wp\/v2\/users\/89"}],"replies":[{"embeddable":true,"href":"https:\/\/knjiznice.nsk.hr\/ploce\/wp-json\/wp\/v2\/comments?post=260"}],"version-history":[{"count":2,"href":"https:\/\/knjiznice.nsk.hr\/ploce\/wp-json\/wp\/v2\/pages\/260\/revisions"}],"predecessor-version":[{"id":413,"href":"https:\/\/knjiznice.nsk.hr\/ploce\/wp-json\/wp\/v2\/pages\/260\/revisions\/413"}],"up":[{"embeddable":true,"href":"https:\/\/knjiznice.nsk.hr\/ploce\/wp-json\/wp\/v2\/pages\/53"}],"wp:attachment":[{"href":"https:\/\/knjiznice.nsk.hr\/ploce\/wp-json\/wp\/v2\/media?parent=260"}],"curies":[{"name":"wp","href":"https:\/\/api.w.org\/{rel}","templated":true}]}}