{"id":132,"date":"2015-05-22T09:54:39","date_gmt":"2015-05-22T07:54:39","guid":{"rendered":"http:\/\/knjiznice.nsk.hr\/ploce\/?page_id=132"},"modified":"2024-07-10T13:03:09","modified_gmt":"2024-07-10T11:03:09","slug":"knjiznica","status":"publish","type":"page","link":"https:\/\/knjiznice.nsk.hr\/ploce\/knjiznica\/","title":{"rendered":"Knji\u017enica"},"content":{"rendered":"<ul>\n<li><a href=\"http:\/\/knjiznice.nsk.hr\/ploce\/o-knjiznici\/\">O knji\u017enici<\/a><\/li>\n<li><a href=\"http:\/\/knjiznice.nsk.hr\/ploce\/knjiznica\/logo-2\/\">Logo knji\u017enice<\/a><\/li>\n<li><a href=\"http:\/\/knjiznice.nsk.hr\/ploce\/akti-knjiznice\/\">Akti knji\u017enice<\/a><\/li>\n<li><a href=\"http:\/\/knjiznice.nsk.hr\/ploce\/dokumenti\/\">Dokumenti i izvje\u0161\u0107a<\/a><\/li>\n<li><a href=\"http:\/\/knjiznice.nsk.hr\/ploce\/knjiznica\/zakoni-i-pravilnici\/\">Zakoni i pravilnici<\/a><\/li>\n<li><a href=\"http:\/\/knjiznice.nsk.hr\/ploce\/knjiznica\/zastita-osobnih-podataka\/\"><span class=\"sppb-panel-title\" aria-label=\"Za\u0161tita osobnih podataka\">Za\u0161tita osobnih podataka<\/span><\/a><\/li>\n<li><a href=\"http:\/\/knjiznice.nsk.hr\/ploce\/knjiznica\/izjava-o-pristupacnosti\/\">Izjava o pristupa\u010dnosti<\/a><\/li>\n<li><a href=\"http:\/\/knjiznice.nsk.hr\/ploce\/knjiznica\/natjecaji\/\">Natje\u010daji<\/a><\/li>\n<\/ul>\n","protected":false},"excerpt":{"rendered":"<p>O knji\u017enici Logo knji\u017enice Akti knji\u017enice Dokumenti i izvje\u0161\u0107a Zakoni i pravilnici Za\u0161tita osobnih podataka Izjava o pristupa\u010dnosti Natje\u010daji<\/p>\n","protected":false},"author":89,"featured_media":0,"parent":0,"menu_order":0,"comment_status":"closed","ping_status":"closed","template":"","meta":{"ngg_post_thumbnail":0},"yoast_head":"<!-- This site is optimized with the Yoast SEO plugin v16.4 - https:\/\/yoast.com\/wordpress\/plugins\/seo\/ -->\n<meta name=\"robots\" content=\"index, follow, max-snippet:-1, max-image-preview:large, max-video-preview:-1\" \/>\n<link rel=\"canonical\" href=\"https:\/\/knjiznice.nsk.hr\/ploce\/knjiznica\/\" \/>\n<meta property=\"og:locale\" content=\"hr_HR\" \/>\n<meta property=\"og:type\" content=\"article\" \/>\n<meta property=\"og:title\" content=\"Knji\u017enica - Narodna knji\u017enica Plo\u010de\" \/>\n<meta property=\"og:description\" content=\"O knji\u017enici Logo knji\u017enice Akti knji\u017enice Dokumenti i izvje\u0161\u0107a Zakoni i pravilnici Za\u0161tita osobnih podataka Izjava o pristupa\u010dnosti Natje\u010daji\" \/>\n<meta property=\"og:url\" content=\"https:\/\/knjiznice.nsk.hr\/ploce\/knjiznica\/\" \/>\n<meta property=\"og:site_name\" content=\"Narodna knji\u017enica Plo\u010de\" \/>\n<meta property=\"article:publisher\" content=\"https:\/\/www.facebook.com\/narodnaknjiznica.ploce\/\" \/>\n<meta property=\"article:modified_time\" content=\"2024-07-10T11:03:09+00:00\" \/>\n<meta name=\"twitter:label1\" content=\"Procijenjeno vrijeme \u010ditanja\" \/>\n\t<meta name=\"twitter:data1\" content=\"1 minuta\" \/>\n<script type=\"application\/ld+json\" class=\"yoast-schema-graph\">{\"@context\":\"https:\/\/schema.org\",\"@graph\":[{\"@type\":\"Organization\",\"@id\":\"http:\/\/knjiznice.nsk.hr\/ploce\/#organization\",\"name\":\"Narodna knji\\u017enica Plo\\u010de\",\"url\":\"http:\/\/knjiznice.nsk.hr\/ploce\/\",\"sameAs\":[\"https:\/\/www.facebook.com\/narodnaknjiznica.ploce\/\"],\"logo\":{\"@type\":\"ImageObject\",\"@id\":\"http:\/\/knjiznice.nsk.hr\/ploce\/#logo\",\"inLanguage\":\"hr\",\"url\":\"http:\/\/knjiznice.nsk.hr\/ploce\/wp-content\/uploads\/sites\/74\/2015\/09\/logo_1.png\",\"contentUrl\":\"http:\/\/knjiznice.nsk.hr\/ploce\/wp-content\/uploads\/sites\/74\/2015\/09\/logo_1.png\",\"width\":861,\"height\":503,\"caption\":\"Narodna knji\\u017enica Plo\\u010de\"},\"image\":{\"@id\":\"http:\/\/knjiznice.nsk.hr\/ploce\/#logo\"}},{\"@type\":\"WebSite\",\"@id\":\"http:\/\/knjiznice.nsk.hr\/ploce\/#website\",\"url\":\"http:\/\/knjiznice.nsk.hr\/ploce\/\",\"name\":\"Narodna knji\\u017enica Plo\\u010de\",\"description\":\"\",\"publisher\":{\"@id\":\"http:\/\/knjiznice.nsk.hr\/ploce\/#organization\"},\"potentialAction\":[{\"@type\":\"SearchAction\",\"target\":\"http:\/\/knjiznice.nsk.hr\/ploce\/?s={search_term_string}\",\"query-input\":\"required name=search_term_string\"}],\"inLanguage\":\"hr\"},{\"@type\":\"WebPage\",\"@id\":\"https:\/\/knjiznice.nsk.hr\/ploce\/knjiznica\/#webpage\",\"url\":\"https:\/\/knjiznice.nsk.hr\/ploce\/knjiznica\/\",\"name\":\"Knji\\u017enica - Narodna knji\\u017enica Plo\\u010de\",\"isPartOf\":{\"@id\":\"http:\/\/knjiznice.nsk.hr\/ploce\/#website\"},\"datePublished\":\"2015-05-22T07:54:39+00:00\",\"dateModified\":\"2024-07-10T11:03:09+00:00\",\"breadcrumb\":{\"@id\":\"https:\/\/knjiznice.nsk.hr\/ploce\/knjiznica\/#breadcrumb\"},\"inLanguage\":\"hr\",\"potentialAction\":[{\"@type\":\"ReadAction\",\"target\":[\"https:\/\/knjiznice.nsk.hr\/ploce\/knjiznica\/\"]}]},{\"@type\":\"BreadcrumbList\",\"@id\":\"https:\/\/knjiznice.nsk.hr\/ploce\/knjiznica\/#breadcrumb\",\"itemListElement\":[{\"@type\":\"ListItem\",\"position\":1,\"item\":{\"@type\":\"WebPage\",\"@id\":\"http:\/\/knjiznice.nsk.hr\/ploce\/\",\"url\":\"http:\/\/knjiznice.nsk.hr\/ploce\/\",\"name\":\"Po\\u010detna stranica\"}},{\"@type\":\"ListItem\",\"position\":2,\"item\":{\"@id\":\"https:\/\/knjiznice.nsk.hr\/ploce\/knjiznica\/#webpage\"}}]}]}<\/script>\n<!-- \/ Yoast SEO plugin. -->","_links":{"self":[{"href":"https:\/\/knjiznice.nsk.hr\/ploce\/wp-json\/wp\/v2\/pages\/132"}],"collection":[{"href":"https:\/\/knjiznice.nsk.hr\/ploce\/wp-json\/wp\/v2\/pages"}],"about":[{"href":"https:\/\/knjiznice.nsk.hr\/ploce\/wp-json\/wp\/v2\/types\/page"}],"author":[{"embeddable":true,"href":"https:\/\/knjiznice.nsk.hr\/ploce\/wp-json\/wp\/v2\/users\/89"}],"replies":[{"embeddable":true,"href":"https:\/\/knjiznice.nsk.hr\/ploce\/wp-json\/wp\/v2\/comments?post=132"}],"version-history":[{"count":19,"href":"https:\/\/knjiznice.nsk.hr\/ploce\/wp-json\/wp\/v2\/pages\/132\/revisions"}],"predecessor-version":[{"id":9343,"href":"https:\/\/knjiznice.nsk.hr\/ploce\/wp-json\/wp\/v2\/pages\/132\/revisions\/9343"}],"wp:attachment":[{"href":"https:\/\/knjiznice.nsk.hr\/ploce\/wp-json\/wp\/v2\/media?parent=132"}],"curies":[{"name":"wp","href":"https:\/\/api.w.org\/{rel}","templated":true}]}}