{"id":680,"date":"2025-09-25T10:59:06","date_gmt":"2025-09-25T08:59:06","guid":{"rendered":"http:\/\/knjiznice.nsk.hr\/orahovica\/?page_id=680"},"modified":"2025-09-25T11:19:03","modified_gmt":"2025-09-25T09:19:03","slug":"adaptacija-i-uredenje-gradske-knjiznice-orahovica-postupak-javne-nabave","status":"publish","type":"page","link":"https:\/\/knjiznice.nsk.hr\/orahovica\/adaptacija-i-uredenje-gradske-knjiznice-orahovica-postupak-javne-nabave\/","title":{"rendered":"Adaptacija i ure\u0111enje Gradske knji\u017enice Orahovica &#8211; postupak javne nabave"},"content":{"rendered":"<p><a href=\"http:\/\/knjiznice.nsk.hr\/orahovica\/wp-content\/uploads\/sites\/113\/2025\/09\/Dokumentacija-o-nabavi-1.pdf\">Dokumentacija o nabavi<\/a><\/p>\n<p><a href=\"http:\/\/knjiznice.nsk.hr\/orahovica\/wp-content\/uploads\/sites\/113\/2025\/09\/Izjava-gospodarskog-subjekta-o-nepostojanju-okolnosti-Odluka-Vijeca-EU-5.docx\">Izjava gospodarskog subjekta o nepostojanju okolnosti &#8211; Odluka Vije\u0107a EU<\/a><\/p>\n<p><a href=\"http:\/\/knjiznice.nsk.hr\/orahovica\/wp-content\/uploads\/sites\/113\/2025\/09\/Izjava-o-trajanju-jamstvenog-roka-4.docx\">Izjava o trajanju jamstvenog roka<\/a><\/p>\n<p><a href=\"http:\/\/knjiznice.nsk.hr\/orahovica\/wp-content\/uploads\/sites\/113\/2025\/09\/Kriterij-za-odabir-ponude-4.docx\">Kriterij za odabir ponude<\/a><\/p>\n<p><a href=\"http:\/\/knjiznice.nsk.hr\/orahovica\/wp-content\/uploads\/sites\/113\/2025\/09\/OBRAZAC-A-4.docx\">OBRAZAC A<\/a><\/p>\n<p><a href=\"http:\/\/knjiznice.nsk.hr\/orahovica\/wp-content\/uploads\/sites\/113\/2025\/09\/OBRAZAC-B-4.docx\">OBRAZAC B<\/a><\/p>\n<p><a href=\"http:\/\/knjiznice.nsk.hr\/orahovica\/wp-content\/uploads\/sites\/113\/2025\/09\/OBRAZAC-C-4.docx\">OBRAZAC C<\/a><\/p>\n<p><a href=\"http:\/\/knjiznice.nsk.hr\/orahovica\/wp-content\/uploads\/sites\/113\/2025\/09\/Ostali-uvjeti-II-4.docx\">Ostali uvjeti II<\/a><\/p>\n<p><a href=\"http:\/\/knjiznice.nsk.hr\/orahovica\/wp-content\/uploads\/sites\/113\/2025\/09\/Tehnicke-specifikacije-4.docx\">Tehni\u010dke specifikacije<\/a><\/p>\n<p><a href=\"http:\/\/knjiznice.nsk.hr\/orahovica\/wp-content\/uploads\/sites\/113\/2025\/09\/ZAKLJUCAN-Knjiznica-Orahovica-troskovnik-4.pdf\">ZAKLJUCAN Knji\u017enica Orahovica tro\u0161kovnik<\/a><\/p>\n","protected":false},"excerpt":{"rendered":"<p>Dokumentacija o nabavi Izjava gospodarskog subjekta o nepostojanju okolnosti &#8211; Odluka Vije\u0107a EU Izjava o trajanju jamstvenog roka Kriterij za odabir ponude OBRAZAC A OBRAZAC B OBRAZAC C Ostali uvjeti [&hellip;]<\/p>\n","protected":false},"author":187,"featured_media":0,"parent":0,"menu_order":0,"comment_status":"closed","ping_status":"closed","template":"","meta":{"ngg_post_thumbnail":0},"yoast_head":"<!-- This site is optimized with the Yoast SEO plugin v16.4 - https:\/\/yoast.com\/wordpress\/plugins\/seo\/ -->\n<meta name=\"robots\" content=\"index, follow, max-snippet:-1, max-image-preview:large, max-video-preview:-1\" \/>\n<link rel=\"canonical\" href=\"https:\/\/knjiznice.nsk.hr\/orahovica\/adaptacija-i-uredenje-gradske-knjiznice-orahovica-postupak-javne-nabave\/\" \/>\n<meta property=\"og:locale\" content=\"hr_HR\" \/>\n<meta property=\"og:type\" content=\"article\" \/>\n<meta property=\"og:title\" content=\"Adaptacija i ure\u0111enje Gradske knji\u017enice Orahovica - postupak javne nabave - Gradska knji\u017enica Orahovica\" \/>\n<meta property=\"og:description\" content=\"Dokumentacija o nabavi Izjava gospodarskog subjekta o nepostojanju okolnosti &#8211; Odluka Vije\u0107a EU Izjava o trajanju jamstvenog roka Kriterij za odabir ponude OBRAZAC A OBRAZAC B OBRAZAC C Ostali uvjeti [&hellip;]\" \/>\n<meta property=\"og:url\" content=\"https:\/\/knjiznice.nsk.hr\/orahovica\/adaptacija-i-uredenje-gradske-knjiznice-orahovica-postupak-javne-nabave\/\" \/>\n<meta property=\"og:site_name\" content=\"Gradska knji\u017enica Orahovica\" \/>\n<meta property=\"article:modified_time\" content=\"2025-09-25T09:19:03+00:00\" \/>\n<meta name=\"twitter:card\" content=\"summary_large_image\" \/>\n<meta name=\"twitter:label1\" content=\"Procijenjeno vrijeme \u010ditanja\" \/>\n\t<meta name=\"twitter:data1\" content=\"1 minuta\" \/>\n<script type=\"application\/ld+json\" class=\"yoast-schema-graph\">{\"@context\":\"https:\/\/schema.org\",\"@graph\":[{\"@type\":\"WebSite\",\"@id\":\"http:\/\/knjiznice.nsk.hr\/orahovica\/#website\",\"url\":\"http:\/\/knjiznice.nsk.hr\/orahovica\/\",\"name\":\"Gradska knji\\u017enica Orahovica\",\"description\":\"\\u010citamo s vama od 1877. godine\",\"potentialAction\":[{\"@type\":\"SearchAction\",\"target\":\"http:\/\/knjiznice.nsk.hr\/orahovica\/?s={search_term_string}\",\"query-input\":\"required name=search_term_string\"}],\"inLanguage\":\"hr\"},{\"@type\":\"WebPage\",\"@id\":\"https:\/\/knjiznice.nsk.hr\/orahovica\/adaptacija-i-uredenje-gradske-knjiznice-orahovica-postupak-javne-nabave\/#webpage\",\"url\":\"https:\/\/knjiznice.nsk.hr\/orahovica\/adaptacija-i-uredenje-gradske-knjiznice-orahovica-postupak-javne-nabave\/\",\"name\":\"Adaptacija i ure\\u0111enje Gradske knji\\u017enice Orahovica - postupak javne nabave - Gradska knji\\u017enica Orahovica\",\"isPartOf\":{\"@id\":\"http:\/\/knjiznice.nsk.hr\/orahovica\/#website\"},\"datePublished\":\"2025-09-25T08:59:06+00:00\",\"dateModified\":\"2025-09-25T09:19:03+00:00\",\"breadcrumb\":{\"@id\":\"https:\/\/knjiznice.nsk.hr\/orahovica\/adaptacija-i-uredenje-gradske-knjiznice-orahovica-postupak-javne-nabave\/#breadcrumb\"},\"inLanguage\":\"hr\",\"potentialAction\":[{\"@type\":\"ReadAction\",\"target\":[\"https:\/\/knjiznice.nsk.hr\/orahovica\/adaptacija-i-uredenje-gradske-knjiznice-orahovica-postupak-javne-nabave\/\"]}]},{\"@type\":\"BreadcrumbList\",\"@id\":\"https:\/\/knjiznice.nsk.hr\/orahovica\/adaptacija-i-uredenje-gradske-knjiznice-orahovica-postupak-javne-nabave\/#breadcrumb\",\"itemListElement\":[{\"@type\":\"ListItem\",\"position\":1,\"item\":{\"@type\":\"WebPage\",\"@id\":\"http:\/\/knjiznice.nsk.hr\/orahovica\/\",\"url\":\"http:\/\/knjiznice.nsk.hr\/orahovica\/\",\"name\":\"Po\\u010detna stranica\"}},{\"@type\":\"ListItem\",\"position\":2,\"item\":{\"@id\":\"https:\/\/knjiznice.nsk.hr\/orahovica\/adaptacija-i-uredenje-gradske-knjiznice-orahovica-postupak-javne-nabave\/#webpage\"}}]}]}<\/script>\n<!-- \/ Yoast SEO plugin. -->","_links":{"self":[{"href":"https:\/\/knjiznice.nsk.hr\/orahovica\/wp-json\/wp\/v2\/pages\/680"}],"collection":[{"href":"https:\/\/knjiznice.nsk.hr\/orahovica\/wp-json\/wp\/v2\/pages"}],"about":[{"href":"https:\/\/knjiznice.nsk.hr\/orahovica\/wp-json\/wp\/v2\/types\/page"}],"author":[{"embeddable":true,"href":"https:\/\/knjiznice.nsk.hr\/orahovica\/wp-json\/wp\/v2\/users\/187"}],"replies":[{"embeddable":true,"href":"https:\/\/knjiznice.nsk.hr\/orahovica\/wp-json\/wp\/v2\/comments?post=680"}],"version-history":[{"count":4,"href":"https:\/\/knjiznice.nsk.hr\/orahovica\/wp-json\/wp\/v2\/pages\/680\/revisions"}],"predecessor-version":[{"id":705,"href":"https:\/\/knjiznice.nsk.hr\/orahovica\/wp-json\/wp\/v2\/pages\/680\/revisions\/705"}],"wp:attachment":[{"href":"https:\/\/knjiznice.nsk.hr\/orahovica\/wp-json\/wp\/v2\/media?parent=680"}],"curies":[{"name":"wp","href":"https:\/\/api.w.org\/{rel}","templated":true}]}}