{"id":609,"date":"2025-09-18T11:48:25","date_gmt":"2025-09-18T09:48:25","guid":{"rendered":"http:\/\/knjiznice.nsk.hr\/orahovica\/?page_id=609"},"modified":"2025-09-25T10:46:41","modified_gmt":"2025-09-25T08:46:41","slug":"adaptacija-i-uredenje-gradske-knjiznice-orahovica-javna-nabava","status":"publish","type":"page","link":"https:\/\/knjiznice.nsk.hr\/orahovica\/adaptacija-i-uredenje-gradske-knjiznice-orahovica-javna-nabava\/","title":{"rendered":"Adaptacija i ure\u0111enje Gradske knji\u017enice Orahovica"},"content":{"rendered":"<p>Adaptacija i ure\u0111enje Gradske knji\u017enice Orahovica &#8211; prethodno savjetovanje:<\/p>\n<p><a href=\"http:\/\/knjiznice.nsk.hr\/orahovica\/wp-content\/uploads\/sites\/113\/2025\/09\/Dokumentacija-o-nabavi.pdf\">Dokumentacija o nabavi<\/a><\/p>\n<p><a href=\"http:\/\/knjiznice.nsk.hr\/orahovica\/wp-content\/uploads\/sites\/113\/2025\/09\/Informacija-o-prethodnom-savjetovanju.pdf\">Informacija o prethodnom savjetovanju<\/a><\/p>\n<p><a href=\"http:\/\/knjiznice.nsk.hr\/orahovica\/wp-content\/uploads\/sites\/113\/2025\/09\/Izjava-gospodarskog-subjekta-o-nepostojanju-okolnosti-Odluka-Vijeca-EU.docx\">Izjava gospodarskog subjekta o nepostojanju okolnosti &#8211; Odluka Vije\u0107a EU<\/a><\/p>\n<p><a href=\"http:\/\/knjiznice.nsk.hr\/orahovica\/wp-content\/uploads\/sites\/113\/2025\/09\/Izjava-o-trajanju-jamstvenog-roka.docx\">Izjava o trajanju jamstvenog roka<\/a><\/p>\n<p><a href=\"http:\/\/knjiznice.nsk.hr\/orahovica\/wp-content\/uploads\/sites\/113\/2025\/09\/Kriterij-za-odabir-ponude.docx\">Kriterij za odabir ponude<\/a><\/p>\n<p><a href=\"http:\/\/knjiznice.nsk.hr\/orahovica\/wp-content\/uploads\/sites\/113\/2025\/09\/OBRAZAC-A.docx\">OBRAZAC A<\/a><\/p>\n<p><a href=\"http:\/\/knjiznice.nsk.hr\/orahovica\/wp-content\/uploads\/sites\/113\/2025\/09\/OBRAZAC-B.docx\">OBRAZAC B<\/a><\/p>\n<p><a href=\"http:\/\/knjiznice.nsk.hr\/orahovica\/wp-content\/uploads\/sites\/113\/2025\/09\/OBRAZAC-C.docx\">OBRAZAC C<\/a><\/p>\n<p><a href=\"http:\/\/knjiznice.nsk.hr\/orahovica\/wp-content\/uploads\/sites\/113\/2025\/09\/Ostali-uvjeti-II.docx\">Ostali uvjeti II<\/a><\/p>\n<p><a href=\"http:\/\/knjiznice.nsk.hr\/orahovica\/wp-content\/uploads\/sites\/113\/2025\/09\/ZAKLJUCAN-Knjiznica-Orahovica-troskovnik.pdf\">ZAKLJUCAN Knji\u017enica Orahovica tro\u0161kovnik<\/a><\/p>\n<p><a href=\"http:\/\/knjiznice.nsk.hr\/orahovica\/wp-content\/uploads\/sites\/113\/2025\/09\/Izvjesce-o-provedenom-prethodnom-savjetovanju.pdf\">Izvje\u0161\u0107e o provedenom prethodnom savjetovanju<\/a><\/p>\n","protected":false},"excerpt":{"rendered":"<p>Adaptacija i ure\u0111enje Gradske knji\u017enice Orahovica &#8211; prethodno savjetovanje: Dokumentacija o nabavi Informacija o prethodnom savjetovanju Izjava gospodarskog subjekta o nepostojanju okolnosti &#8211; Odluka Vije\u0107a EU Izjava o trajanju jamstvenog [&hellip;]<\/p>\n","protected":false},"author":187,"featured_media":0,"parent":0,"menu_order":0,"comment_status":"closed","ping_status":"closed","template":"","meta":{"ngg_post_thumbnail":0},"yoast_head":"<!-- This site is optimized with the Yoast SEO plugin v16.4 - https:\/\/yoast.com\/wordpress\/plugins\/seo\/ -->\n<meta name=\"robots\" content=\"index, follow, max-snippet:-1, max-image-preview:large, max-video-preview:-1\" \/>\n<link rel=\"canonical\" href=\"https:\/\/knjiznice.nsk.hr\/orahovica\/adaptacija-i-uredenje-gradske-knjiznice-orahovica-javna-nabava\/\" \/>\n<meta property=\"og:locale\" content=\"hr_HR\" \/>\n<meta property=\"og:type\" content=\"article\" \/>\n<meta property=\"og:title\" content=\"Adaptacija i ure\u0111enje Gradske knji\u017enice Orahovica - Gradska knji\u017enica Orahovica\" \/>\n<meta property=\"og:description\" content=\"Adaptacija i ure\u0111enje Gradske knji\u017enice Orahovica &#8211; prethodno savjetovanje: Dokumentacija o nabavi Informacija o prethodnom savjetovanju Izjava gospodarskog subjekta o nepostojanju okolnosti &#8211; Odluka Vije\u0107a EU Izjava o trajanju jamstvenog [&hellip;]\" \/>\n<meta property=\"og:url\" content=\"https:\/\/knjiznice.nsk.hr\/orahovica\/adaptacija-i-uredenje-gradske-knjiznice-orahovica-javna-nabava\/\" \/>\n<meta property=\"og:site_name\" content=\"Gradska knji\u017enica Orahovica\" \/>\n<meta property=\"article:modified_time\" content=\"2025-09-25T08:46:41+00:00\" \/>\n<meta name=\"twitter:card\" content=\"summary_large_image\" \/>\n<meta name=\"twitter:label1\" content=\"Procijenjeno vrijeme \u010ditanja\" \/>\n\t<meta name=\"twitter:data1\" content=\"1 minuta\" \/>\n<script type=\"application\/ld+json\" class=\"yoast-schema-graph\">{\"@context\":\"https:\/\/schema.org\",\"@graph\":[{\"@type\":\"WebSite\",\"@id\":\"https:\/\/knjiznice.nsk.hr\/orahovica\/#website\",\"url\":\"https:\/\/knjiznice.nsk.hr\/orahovica\/\",\"name\":\"Gradska knji\\u017enica Orahovica\",\"description\":\"\\u010citamo s vama od 1877. godine\",\"potentialAction\":[{\"@type\":\"SearchAction\",\"target\":\"https:\/\/knjiznice.nsk.hr\/orahovica\/?s={search_term_string}\",\"query-input\":\"required name=search_term_string\"}],\"inLanguage\":\"hr\"},{\"@type\":\"WebPage\",\"@id\":\"https:\/\/knjiznice.nsk.hr\/orahovica\/adaptacija-i-uredenje-gradske-knjiznice-orahovica-javna-nabava\/#webpage\",\"url\":\"https:\/\/knjiznice.nsk.hr\/orahovica\/adaptacija-i-uredenje-gradske-knjiznice-orahovica-javna-nabava\/\",\"name\":\"Adaptacija i ure\\u0111enje Gradske knji\\u017enice Orahovica - Gradska knji\\u017enica Orahovica\",\"isPartOf\":{\"@id\":\"https:\/\/knjiznice.nsk.hr\/orahovica\/#website\"},\"datePublished\":\"2025-09-18T09:48:25+00:00\",\"dateModified\":\"2025-09-25T08:46:41+00:00\",\"breadcrumb\":{\"@id\":\"https:\/\/knjiznice.nsk.hr\/orahovica\/adaptacija-i-uredenje-gradske-knjiznice-orahovica-javna-nabava\/#breadcrumb\"},\"inLanguage\":\"hr\",\"potentialAction\":[{\"@type\":\"ReadAction\",\"target\":[\"https:\/\/knjiznice.nsk.hr\/orahovica\/adaptacija-i-uredenje-gradske-knjiznice-orahovica-javna-nabava\/\"]}]},{\"@type\":\"BreadcrumbList\",\"@id\":\"https:\/\/knjiznice.nsk.hr\/orahovica\/adaptacija-i-uredenje-gradske-knjiznice-orahovica-javna-nabava\/#breadcrumb\",\"itemListElement\":[{\"@type\":\"ListItem\",\"position\":1,\"item\":{\"@type\":\"WebPage\",\"@id\":\"https:\/\/knjiznice.nsk.hr\/orahovica\/\",\"url\":\"https:\/\/knjiznice.nsk.hr\/orahovica\/\",\"name\":\"Po\\u010detna stranica\"}},{\"@type\":\"ListItem\",\"position\":2,\"item\":{\"@id\":\"https:\/\/knjiznice.nsk.hr\/orahovica\/adaptacija-i-uredenje-gradske-knjiznice-orahovica-javna-nabava\/#webpage\"}}]}]}<\/script>\n<!-- \/ Yoast SEO plugin. -->","_links":{"self":[{"href":"https:\/\/knjiznice.nsk.hr\/orahovica\/wp-json\/wp\/v2\/pages\/609"}],"collection":[{"href":"https:\/\/knjiznice.nsk.hr\/orahovica\/wp-json\/wp\/v2\/pages"}],"about":[{"href":"https:\/\/knjiznice.nsk.hr\/orahovica\/wp-json\/wp\/v2\/types\/page"}],"author":[{"embeddable":true,"href":"https:\/\/knjiznice.nsk.hr\/orahovica\/wp-json\/wp\/v2\/users\/187"}],"replies":[{"embeddable":true,"href":"https:\/\/knjiznice.nsk.hr\/orahovica\/wp-json\/wp\/v2\/comments?post=609"}],"version-history":[{"count":10,"href":"https:\/\/knjiznice.nsk.hr\/orahovica\/wp-json\/wp\/v2\/pages\/609\/revisions"}],"predecessor-version":[{"id":666,"href":"https:\/\/knjiznice.nsk.hr\/orahovica\/wp-json\/wp\/v2\/pages\/609\/revisions\/666"}],"wp:attachment":[{"href":"https:\/\/knjiznice.nsk.hr\/orahovica\/wp-json\/wp\/v2\/media?parent=609"}],"curies":[{"name":"wp","href":"https:\/\/api.w.org\/{rel}","templated":true}]}}