{"id":594,"date":"2025-09-05T11:46:36","date_gmt":"2025-09-05T09:46:36","guid":{"rendered":"http:\/\/knjiznice.nsk.hr\/orahovica\/?page_id=594"},"modified":"2026-02-06T12:18:34","modified_gmt":"2026-02-06T11:18:34","slug":"transparentnost","status":"publish","type":"page","link":"https:\/\/knjiznice.nsk.hr\/orahovica\/transparentnost\/","title":{"rendered":"Transparentnost"},"content":{"rendered":"<p><a href=\"http:\/\/knjiznice.nsk.hr\/orahovica\/wp-content\/uploads\/sites\/113\/2025\/09\/1.-Transparentnost-sijecanj-2025..pdf\">1. Transparentnost &#8211; sije\u010danj 2025.<\/a><\/p>\n<p><a href=\"http:\/\/knjiznice.nsk.hr\/orahovica\/wp-content\/uploads\/sites\/113\/2025\/09\/2.-Transparentnost-veljaca-2025..pdf\">2. Transparentnost &#8211; velja\u010da 2025.<\/a><\/p>\n<p><a href=\"http:\/\/knjiznice.nsk.hr\/orahovica\/wp-content\/uploads\/sites\/113\/2025\/09\/3.-Transparentnost-ozujak-2025..pdf\">3. Transparentnost &#8211; o\u017eujak 2025.<\/a><\/p>\n<p><a href=\"http:\/\/knjiznice.nsk.hr\/orahovica\/wp-content\/uploads\/sites\/113\/2025\/09\/4.-Transparentnost-travanj-2025..pdf\">4. Transparentnost &#8211; travanj 2025.<\/a><\/p>\n<p><a href=\"http:\/\/knjiznice.nsk.hr\/orahovica\/wp-content\/uploads\/sites\/113\/2025\/09\/5.-Transparentnost-svibanj-2025..pdf\">5. Transparentnost &#8211; svibanj 2025.<\/a><\/p>\n<p><a href=\"http:\/\/knjiznice.nsk.hr\/orahovica\/wp-content\/uploads\/sites\/113\/2025\/09\/6.-Transparentnost-lipanj-2025..pdf\">6. Transparentnost &#8211; lipanj 2025.<\/a><\/p>\n<p><a href=\"http:\/\/knjiznice.nsk.hr\/orahovica\/wp-content\/uploads\/sites\/113\/2025\/09\/7.-Transparentnost-srpanj-2025..pdf\">7. Transparentnost &#8211; srpanj 2025.<\/a><\/p>\n<p><a href=\"http:\/\/knjiznice.nsk.hr\/orahovica\/wp-content\/uploads\/sites\/113\/2025\/09\/8.-Transparentnost-kolovoz-2025.g..pdf\">8. Transparentnost &#8211; kolovoz 2025.g.<\/a><\/p>\n<p><a href=\"http:\/\/knjiznice.nsk.hr\/orahovica\/wp-content\/uploads\/sites\/113\/2025\/10\/Transparentnost-rujan-2025.-g..pdf\">9. Transparentnost &#8211; rujan 2025. g.<\/a><\/p>\n<p><a href=\"http:\/\/knjiznice.nsk.hr\/orahovica\/wp-content\/uploads\/sites\/113\/2025\/11\/10.-Transparentnost-listopad-2025.-g..pdf\">10. Transparentnost &#8211; listopad 2025. g.<\/a><\/p>\n<p><a href=\"http:\/\/knjiznice.nsk.hr\/orahovica\/wp-content\/uploads\/sites\/113\/2026\/01\/11.-Transparentnost-studeni-2025.g..pdf\">11. Transparentnost &#8211; studeni 2025.g.<\/a><\/p>\n<p><a href=\"http:\/\/knjiznice.nsk.hr\/orahovica\/wp-content\/uploads\/sites\/113\/2026\/02\/12.-Transparentnost-prosinac-2025.g..pdf\">12. Transparentnost &#8211; prosinac 2025.g.<\/a><\/p>\n","protected":false},"excerpt":{"rendered":"<p>1. Transparentnost &#8211; sije\u010danj 2025. 2. Transparentnost &#8211; velja\u010da 2025. 3. Transparentnost &#8211; o\u017eujak 2025. 4. Transparentnost &#8211; travanj 2025. 5. Transparentnost &#8211; svibanj 2025. 6. Transparentnost &#8211; lipanj 2025. [&hellip;]<\/p>\n","protected":false},"author":187,"featured_media":0,"parent":0,"menu_order":0,"comment_status":"closed","ping_status":"closed","template":"","meta":{"ngg_post_thumbnail":0},"yoast_head":"<!-- This site is optimized with the Yoast SEO plugin v16.4 - https:\/\/yoast.com\/wordpress\/plugins\/seo\/ -->\n<meta name=\"robots\" content=\"index, follow, max-snippet:-1, max-image-preview:large, max-video-preview:-1\" \/>\n<link rel=\"canonical\" href=\"http:\/\/knjiznice.nsk.hr\/orahovica\/transparentnost\/\" \/>\n<meta property=\"og:locale\" content=\"hr_HR\" \/>\n<meta property=\"og:type\" content=\"article\" \/>\n<meta property=\"og:title\" content=\"Transparentnost - Gradska knji\u017enica Orahovica\" \/>\n<meta property=\"og:description\" content=\"1. Transparentnost &#8211; sije\u010danj 2025. 2. Transparentnost &#8211; velja\u010da 2025. 3. Transparentnost &#8211; o\u017eujak 2025. 4. Transparentnost &#8211; travanj 2025. 5. Transparentnost &#8211; svibanj 2025. 6. Transparentnost &#8211; lipanj 2025. [&hellip;]\" \/>\n<meta property=\"og:url\" content=\"http:\/\/knjiznice.nsk.hr\/orahovica\/transparentnost\/\" \/>\n<meta property=\"og:site_name\" content=\"Gradska knji\u017enica Orahovica\" \/>\n<meta property=\"article:modified_time\" content=\"2026-02-06T11:18:34+00:00\" \/>\n<meta name=\"twitter:card\" content=\"summary_large_image\" \/>\n<meta name=\"twitter:label1\" content=\"Procijenjeno vrijeme \u010ditanja\" \/>\n\t<meta name=\"twitter:data1\" content=\"1 minuta\" \/>\n<script type=\"application\/ld+json\" class=\"yoast-schema-graph\">{\"@context\":\"https:\/\/schema.org\",\"@graph\":[{\"@type\":\"WebSite\",\"@id\":\"https:\/\/knjiznice.nsk.hr\/orahovica\/#website\",\"url\":\"https:\/\/knjiznice.nsk.hr\/orahovica\/\",\"name\":\"Gradska knji\\u017enica Orahovica\",\"description\":\"\\u010citamo s vama od 1877. godine\",\"potentialAction\":[{\"@type\":\"SearchAction\",\"target\":\"https:\/\/knjiznice.nsk.hr\/orahovica\/?s={search_term_string}\",\"query-input\":\"required name=search_term_string\"}],\"inLanguage\":\"hr\"},{\"@type\":\"WebPage\",\"@id\":\"http:\/\/knjiznice.nsk.hr\/orahovica\/transparentnost\/#webpage\",\"url\":\"http:\/\/knjiznice.nsk.hr\/orahovica\/transparentnost\/\",\"name\":\"Transparentnost - Gradska knji\\u017enica Orahovica\",\"isPartOf\":{\"@id\":\"https:\/\/knjiznice.nsk.hr\/orahovica\/#website\"},\"datePublished\":\"2025-09-05T09:46:36+00:00\",\"dateModified\":\"2026-02-06T11:18:34+00:00\",\"breadcrumb\":{\"@id\":\"http:\/\/knjiznice.nsk.hr\/orahovica\/transparentnost\/#breadcrumb\"},\"inLanguage\":\"hr\",\"potentialAction\":[{\"@type\":\"ReadAction\",\"target\":[\"http:\/\/knjiznice.nsk.hr\/orahovica\/transparentnost\/\"]}]},{\"@type\":\"BreadcrumbList\",\"@id\":\"http:\/\/knjiznice.nsk.hr\/orahovica\/transparentnost\/#breadcrumb\",\"itemListElement\":[{\"@type\":\"ListItem\",\"position\":1,\"item\":{\"@type\":\"WebPage\",\"@id\":\"https:\/\/knjiznice.nsk.hr\/orahovica\/\",\"url\":\"https:\/\/knjiznice.nsk.hr\/orahovica\/\",\"name\":\"Po\\u010detna stranica\"}},{\"@type\":\"ListItem\",\"position\":2,\"item\":{\"@id\":\"http:\/\/knjiznice.nsk.hr\/orahovica\/transparentnost\/#webpage\"}}]}]}<\/script>\n<!-- \/ Yoast SEO plugin. -->","_links":{"self":[{"href":"https:\/\/knjiznice.nsk.hr\/orahovica\/wp-json\/wp\/v2\/pages\/594"}],"collection":[{"href":"https:\/\/knjiznice.nsk.hr\/orahovica\/wp-json\/wp\/v2\/pages"}],"about":[{"href":"https:\/\/knjiznice.nsk.hr\/orahovica\/wp-json\/wp\/v2\/types\/page"}],"author":[{"embeddable":true,"href":"https:\/\/knjiznice.nsk.hr\/orahovica\/wp-json\/wp\/v2\/users\/187"}],"replies":[{"embeddable":true,"href":"https:\/\/knjiznice.nsk.hr\/orahovica\/wp-json\/wp\/v2\/comments?post=594"}],"version-history":[{"count":7,"href":"https:\/\/knjiznice.nsk.hr\/orahovica\/wp-json\/wp\/v2\/pages\/594\/revisions"}],"predecessor-version":[{"id":778,"href":"https:\/\/knjiznice.nsk.hr\/orahovica\/wp-json\/wp\/v2\/pages\/594\/revisions\/778"}],"wp:attachment":[{"href":"https:\/\/knjiznice.nsk.hr\/orahovica\/wp-json\/wp\/v2\/media?parent=594"}],"curies":[{"name":"wp","href":"https:\/\/api.w.org\/{rel}","templated":true}]}}