{"id":52,"date":"2020-04-29T15:37:07","date_gmt":"2020-04-29T13:37:07","guid":{"rendered":"http:\/\/knjiznice.nsk.hr\/orahovica\/?page_id=52"},"modified":"2021-08-03T13:18:34","modified_gmt":"2021-08-03T11:18:34","slug":"izvjesce-o-radu","status":"publish","type":"page","link":"https:\/\/knjiznice.nsk.hr\/orahovica\/izvjesce-o-radu\/","title":{"rendered":"Izvje\u0161taji o radu"},"content":{"rendered":"<p><a href=\"http:\/\/knjiznice.nsk.hr\/orahovica\/izvjesce-o-radu\/izvjestaj-o-radu-1986-g\/\" rel=\"attachment wp-att-161\">Izvje\u0161taj o radu &#8211; 1986. g.<\/a><\/p>\n<p><a href=\"http:\/\/knjiznice.nsk.hr\/orahovica\/wp-content\/uploads\/sites\/113\/2021\/08\/Izvjestaj-o-radu-1987.-g..pdf\">Izvje\u0161taj o radu &#8211; 1987. g.<\/a><\/p>\n<p><a href=\"http:\/\/knjiznice.nsk.hr\/orahovica\/wp-content\/uploads\/sites\/113\/2021\/08\/Izvjestaj-o-radu-1988.-g..pdf\">Izvje\u0161taj o radu &#8211; 1988. g.<\/a><\/p>\n<p><a href=\"http:\/\/knjiznice.nsk.hr\/orahovica\/wp-content\/uploads\/sites\/113\/2021\/08\/Izvjestaj-o-radu-1989.-g..pdf\">Izvje\u0161taj o radu &#8211; 1989. g.<\/a><\/p>\n<p><a href=\"http:\/\/knjiznice.nsk.hr\/orahovica\/wp-content\/uploads\/sites\/113\/2021\/08\/Izvjestaj-o-radu-1990.-g..pdf\">Izvje\u0161taj o radu &#8211; 1990. g.<\/a><\/p>\n<p><a href=\"http:\/\/knjiznice.nsk.hr\/orahovica\/wp-content\/uploads\/sites\/113\/2021\/08\/Izvjestaj-o-radu-1991.-g..pdf\">Izvje\u0161taj o radu &#8211; 1991. g.<\/a><\/p>\n<p><a href=\"http:\/\/knjiznice.nsk.hr\/orahovica\/wp-content\/uploads\/sites\/113\/2021\/08\/Izvjestaj-o-radu-1992.-g..pdf\">Izvje\u0161taj o radu &#8211; 1992. g.<\/a><\/p>\n<p><a href=\"http:\/\/knjiznice.nsk.hr\/orahovica\/wp-content\/uploads\/sites\/113\/2021\/08\/Izvjestaj-o-radu-1993.-g..pdf\">Izvje\u0161taj o radu &#8211; 1993. g.<\/a><\/p>\n<p><a href=\"http:\/\/knjiznice.nsk.hr\/orahovica\/wp-content\/uploads\/sites\/113\/2021\/08\/Izvjestaj-o-radu-1994.-g..pdf\">Izvje\u0161taj o radu &#8211; 1994. g.<\/a><\/p>\n<p><a href=\"http:\/\/knjiznice.nsk.hr\/orahovica\/wp-content\/uploads\/sites\/113\/2021\/08\/Izvjestaj-o-radu-1995.-g..pdf\">Izvje\u0161taj o radu &#8211; 1995. g.<\/a><\/p>\n<p><a href=\"http:\/\/knjiznice.nsk.hr\/orahovica\/wp-content\/uploads\/sites\/113\/2021\/08\/Izvjestaj-o-radu-1996.-g..pdf\">Izvje\u0161taj o radu &#8211; 1996. g.<\/a><\/p>\n<p><a href=\"http:\/\/knjiznice.nsk.hr\/orahovica\/wp-content\/uploads\/sites\/113\/2021\/08\/Izvjestaj-o-radu-1997.-g..pdf\">Izvje\u0161taj o radu &#8211; 1997. g.<\/a><\/p>\n<p><a href=\"http:\/\/knjiznice.nsk.hr\/orahovica\/wp-content\/uploads\/sites\/113\/2021\/08\/Izvjestaj-o-radu-1998.-g..pdf\">Izvje\u0161taj o radu &#8211; 1998. g.<\/a><\/p>\n<p><a href=\"http:\/\/knjiznice.nsk.hr\/orahovica\/wp-content\/uploads\/sites\/113\/2021\/08\/Izvjestaj-o-radu-1999.-g..pdf\">Izvje\u0161taj o radu &#8211; 1999. g.<\/a><\/p>\n<p><a href=\"http:\/\/knjiznice.nsk.hr\/orahovica\/wp-content\/uploads\/sites\/113\/2021\/08\/Izvjestaj-o-radu-2000.-g..pdf\">Izvje\u0161taj o radu &#8211; 2000. g.<\/a><\/p>\n<p><a href=\"http:\/\/knjiznice.nsk.hr\/orahovica\/wp-content\/uploads\/sites\/113\/2021\/08\/Izvjestaj-o-radu-2001.-g..pdf\">Izvje\u0161taj o radu &#8211; 2001. g.<\/a><\/p>\n<p><a href=\"http:\/\/knjiznice.nsk.hr\/orahovica\/wp-content\/uploads\/sites\/113\/2021\/08\/Izvjestaj-o-radu-2002.-g..pdf\">Izvje\u0161taj o radu &#8211; 2002. g.<\/a><\/p>\n<p><a href=\"http:\/\/knjiznice.nsk.hr\/orahovica\/wp-content\/uploads\/sites\/113\/2021\/08\/Izvjestaj-o-radu-2003.-g..pdf\">Izvje\u0161taj o radu &#8211; 2003. g.<\/a><\/p>\n<p><a href=\"http:\/\/knjiznice.nsk.hr\/orahovica\/wp-content\/uploads\/sites\/113\/2021\/08\/Izvjestaj-o-radu-2004.-g..pdf\">Izvje\u0161taj o radu &#8211; 2004. g.<\/a><\/p>\n<p><a href=\"http:\/\/knjiznice.nsk.hr\/orahovica\/wp-content\/uploads\/sites\/113\/2021\/08\/Izvjestaj-o-radu-2005.-g..pdf\">Izvje\u0161taj o radu &#8211; 2005. g.<\/a><\/p>\n<p><a href=\"http:\/\/knjiznice.nsk.hr\/orahovica\/wp-content\/uploads\/sites\/113\/2021\/08\/Izvjestaj-o-radu-2006.-g..pdf\">Izvje\u0161taj o radu &#8211; 2006. g.<\/a><\/p>\n<p><a href=\"http:\/\/knjiznice.nsk.hr\/orahovica\/wp-content\/uploads\/sites\/113\/2021\/08\/Izvjestaj-o-radu-2007.-g..pdf\">Izvje\u0161taj o radu &#8211; 2007. g.<\/a><\/p>\n<p><a href=\"http:\/\/knjiznice.nsk.hr\/orahovica\/wp-content\/uploads\/sites\/113\/2021\/08\/Izvjestaj-o-radu-2008.-g..pdf\">Izvje\u0161taj o radu &#8211; 2008. g.<\/a><\/p>\n<p><a href=\"http:\/\/knjiznice.nsk.hr\/orahovica\/wp-content\/uploads\/sites\/113\/2021\/08\/Izvjestaj-o-radu-2009.-g..pdf\">Izvje\u0161taj o radu &#8211; 2009. g.<\/a><\/p>\n<p><a href=\"http:\/\/knjiznice.nsk.hr\/orahovica\/wp-content\/uploads\/sites\/113\/2021\/08\/Izvjestaj-o-radu-2010.-g..pdf\">Izvje\u0161taj o radu &#8211; 2010. g.<\/a><\/p>\n<p><a href=\"http:\/\/knjiznice.nsk.hr\/orahovica\/wp-content\/uploads\/sites\/113\/2021\/08\/Izvjestaj-o-radu-2011.-g..pdf\">Izvje\u0161taj o radu &#8211; 2011. g.<\/a><\/p>\n<p><a href=\"http:\/\/knjiznice.nsk.hr\/orahovica\/wp-content\/uploads\/sites\/113\/2021\/08\/Izvjestaj-o-radu-2013.-g..pdf\">Izvje\u0161taj o radu &#8211; 2013. g.<\/a><\/p>\n<p><a href=\"http:\/\/knjiznice.nsk.hr\/orahovica\/wp-content\/uploads\/sites\/113\/2021\/08\/Izvjestaj-o-radu-2014.-g..pdf\">Izvje\u0161taj o radu &#8211; 2014. g.<\/a><\/p>\n<p><a href=\"http:\/\/knjiznice.nsk.hr\/orahovica\/wp-content\/uploads\/sites\/113\/2021\/08\/Izvjestaj-o-radu-2015.-g..pdf\">Izvje\u0161taj o radu &#8211; 2015. g.<\/a><\/p>\n<p><a href=\"http:\/\/knjiznice.nsk.hr\/orahovica\/wp-content\/uploads\/sites\/113\/2021\/08\/Izvjestaj-o-radu-2016.-g..pdf\">Izvje\u0161taj o radu &#8211; 2016. g.<\/a><\/p>\n<p><a href=\"http:\/\/knjiznice.nsk.hr\/orahovica\/wp-content\/uploads\/sites\/113\/2021\/08\/Izvjestaj-o-radu-2017.-g..pdf\">Izvje\u0161taj o radu &#8211; 2017. g.<\/a><\/p>\n<p><a href=\"http:\/\/knjiznice.nsk.hr\/orahovica\/wp-content\/uploads\/sites\/113\/2021\/08\/Izvjestaj-o-radu-2018.-g..pdf\">Izvje\u0161taj o radu &#8211; 2018. g.<\/a><\/p>\n<p><a href=\"http:\/\/knjiznice.nsk.hr\/orahovica\/wp-content\/uploads\/sites\/113\/2021\/08\/Izvjestaj-o-radu-2019.-g..pdf\">Izvje\u0161taj o radu &#8211; 2019. g.<\/a><\/p>\n<p><a href=\"http:\/\/knjiznice.nsk.hr\/orahovica\/izvjesce-o-radu\/izvjestaj-o-radu-2020-g\/\" rel=\"attachment wp-att-195\">Izvje\u0161taj o radu 2020. g.<\/a><\/p>\n<p><a href=\"http:\/\/knjiznice.nsk.hr\/orahovica\/wp-content\/uploads\/sites\/113\/2021\/08\/Izvjestaj-o-radu-Cacinci-1962.-g..pdf\">Izvje\u0161taj o radu &#8211; \u010ca\u010dinci &#8211; 1962. g.<\/a><\/p>\n","protected":false},"excerpt":{"rendered":"<p>Izvje\u0161taj o radu &#8211; 1986. g. Izvje\u0161taj o radu &#8211; 1987. g. Izvje\u0161taj o radu &#8211; 1988. g. Izvje\u0161taj o radu &#8211; 1989. g. Izvje\u0161taj o radu &#8211; 1990. g. [&hellip;]<\/p>\n","protected":false},"author":187,"featured_media":0,"parent":0,"menu_order":1,"comment_status":"closed","ping_status":"closed","template":"","meta":{"ngg_post_thumbnail":0},"yoast_head":"<!-- This site is optimized with the Yoast SEO plugin v16.4 - https:\/\/yoast.com\/wordpress\/plugins\/seo\/ -->\n<meta name=\"robots\" content=\"index, follow, max-snippet:-1, max-image-preview:large, max-video-preview:-1\" \/>\n<link rel=\"canonical\" href=\"http:\/\/knjiznice.nsk.hr\/orahovica\/izvjesce-o-radu\/\" \/>\n<meta property=\"og:locale\" content=\"hr_HR\" \/>\n<meta property=\"og:type\" content=\"article\" \/>\n<meta property=\"og:title\" content=\"Izvje\u0161taji o radu - Gradska knji\u017enica Orahovica\" \/>\n<meta property=\"og:description\" content=\"Izvje\u0161taj o radu &#8211; 1986. g. Izvje\u0161taj o radu &#8211; 1987. g. Izvje\u0161taj o radu &#8211; 1988. g. Izvje\u0161taj o radu &#8211; 1989. g. Izvje\u0161taj o radu &#8211; 1990. g. [&hellip;]\" \/>\n<meta property=\"og:url\" content=\"http:\/\/knjiznice.nsk.hr\/orahovica\/izvjesce-o-radu\/\" \/>\n<meta property=\"og:site_name\" content=\"Gradska knji\u017enica Orahovica\" \/>\n<meta property=\"article:modified_time\" content=\"2021-08-03T11:18:34+00:00\" \/>\n<meta name=\"twitter:card\" content=\"summary_large_image\" \/>\n<meta name=\"twitter:label1\" content=\"Procijenjeno vrijeme \u010ditanja\" \/>\n\t<meta name=\"twitter:data1\" content=\"1 minuta\" \/>\n<script type=\"application\/ld+json\" class=\"yoast-schema-graph\">{\"@context\":\"https:\/\/schema.org\",\"@graph\":[{\"@type\":\"WebSite\",\"@id\":\"https:\/\/knjiznice.nsk.hr\/orahovica\/#website\",\"url\":\"https:\/\/knjiznice.nsk.hr\/orahovica\/\",\"name\":\"Gradska knji\\u017enica Orahovica\",\"description\":\"\\u010citamo s vama od 1877. godine\",\"potentialAction\":[{\"@type\":\"SearchAction\",\"target\":\"https:\/\/knjiznice.nsk.hr\/orahovica\/?s={search_term_string}\",\"query-input\":\"required name=search_term_string\"}],\"inLanguage\":\"hr\"},{\"@type\":\"WebPage\",\"@id\":\"http:\/\/knjiznice.nsk.hr\/orahovica\/izvjesce-o-radu\/#webpage\",\"url\":\"http:\/\/knjiznice.nsk.hr\/orahovica\/izvjesce-o-radu\/\",\"name\":\"Izvje\\u0161taji o radu - Gradska knji\\u017enica Orahovica\",\"isPartOf\":{\"@id\":\"https:\/\/knjiznice.nsk.hr\/orahovica\/#website\"},\"datePublished\":\"2020-04-29T13:37:07+00:00\",\"dateModified\":\"2021-08-03T11:18:34+00:00\",\"breadcrumb\":{\"@id\":\"http:\/\/knjiznice.nsk.hr\/orahovica\/izvjesce-o-radu\/#breadcrumb\"},\"inLanguage\":\"hr\",\"potentialAction\":[{\"@type\":\"ReadAction\",\"target\":[\"http:\/\/knjiznice.nsk.hr\/orahovica\/izvjesce-o-radu\/\"]}]},{\"@type\":\"BreadcrumbList\",\"@id\":\"http:\/\/knjiznice.nsk.hr\/orahovica\/izvjesce-o-radu\/#breadcrumb\",\"itemListElement\":[{\"@type\":\"ListItem\",\"position\":1,\"item\":{\"@type\":\"WebPage\",\"@id\":\"https:\/\/knjiznice.nsk.hr\/orahovica\/\",\"url\":\"https:\/\/knjiznice.nsk.hr\/orahovica\/\",\"name\":\"Po\\u010detna stranica\"}},{\"@type\":\"ListItem\",\"position\":2,\"item\":{\"@id\":\"http:\/\/knjiznice.nsk.hr\/orahovica\/izvjesce-o-radu\/#webpage\"}}]}]}<\/script>\n<!-- \/ Yoast SEO plugin. -->","_links":{"self":[{"href":"https:\/\/knjiznice.nsk.hr\/orahovica\/wp-json\/wp\/v2\/pages\/52"}],"collection":[{"href":"https:\/\/knjiznice.nsk.hr\/orahovica\/wp-json\/wp\/v2\/pages"}],"about":[{"href":"https:\/\/knjiznice.nsk.hr\/orahovica\/wp-json\/wp\/v2\/types\/page"}],"author":[{"embeddable":true,"href":"https:\/\/knjiznice.nsk.hr\/orahovica\/wp-json\/wp\/v2\/users\/187"}],"replies":[{"embeddable":true,"href":"https:\/\/knjiznice.nsk.hr\/orahovica\/wp-json\/wp\/v2\/comments?post=52"}],"version-history":[{"count":6,"href":"https:\/\/knjiznice.nsk.hr\/orahovica\/wp-json\/wp\/v2\/pages\/52\/revisions"}],"predecessor-version":[{"id":196,"href":"https:\/\/knjiznice.nsk.hr\/orahovica\/wp-json\/wp\/v2\/pages\/52\/revisions\/196"}],"wp:attachment":[{"href":"https:\/\/knjiznice.nsk.hr\/orahovica\/wp-json\/wp\/v2\/media?parent=52"}],"curies":[{"name":"wp","href":"https:\/\/api.w.org\/{rel}","templated":true}]}}